{"id":2222,"date":"2025-02-04T23:01:16","date_gmt":"2025-02-04T22:01:16","guid":{"rendered":"https:\/\/krets.jagareforbundet.se\/motala\/?page_id=2222"},"modified":"2025-02-04T23:01:16","modified_gmt":"2025-02-04T22:01:16","slug":"normahylsan-2024","status":"publish","type":"page","link":"https:\/\/krets.jagareforbundet.se\/motala\/skytte\/normahylsan-2024\/","title":{"rendered":"Normahylsan 2024"},"content":{"rendered":"<p>S\u00f6ndag den 11 augusti gick \u00e5rets Normahylsa av stapeln p\u00e5 Jaktskyttebanan Danmark uppe i Kvarn.<\/p>\n<p>Grattis Andreas Karlsson, \u00e5rets vinnare.<\/p>\n<p><a href=\"https:\/\/krets.jagareforbundet.se\/motala\/files\/2025\/02\/Normahylsan_2024_1-scaled.jpg\"><img loading=\"lazy\" decoding=\"async\" class=\"alignnone size-large wp-image-2220\" src=\"https:\/\/krets.jagareforbundet.se\/motala\/files\/2025\/02\/Normahylsan_2024_1-685x1024.jpg\" alt=\"\" width=\"685\" height=\"1024\" srcset=\"https:\/\/krets.jagareforbundet.se\/motala\/files\/2025\/02\/Normahylsan_2024_1-685x1024.jpg 685w, https:\/\/krets.jagareforbundet.se\/motala\/files\/2025\/02\/Normahylsan_2024_1-201x300.jpg 201w, https:\/\/krets.jagareforbundet.se\/motala\/files\/2025\/02\/Normahylsan_2024_1-768x1147.jpg 768w, https:\/\/krets.jagareforbundet.se\/motala\/files\/2025\/02\/Normahylsan_2024_1-1028x1536.jpg 1028w, https:\/\/krets.jagareforbundet.se\/motala\/files\/2025\/02\/Normahylsan_2024_1-1371x2048.jpg 1371w, https:\/\/krets.jagareforbundet.se\/motala\/files\/2025\/02\/Normahylsan_2024_1-scaled.jpg 1714w\" sizes=\"auto, (max-width: 685px) 100vw, 685px\" \/><\/a><\/p>\n","protected":false},"excerpt":{"rendered":"<p>S\u00f6ndag den 11 augusti gick \u00e5rets Normahylsa av stapeln p\u00e5 Jaktskyttebanan Danmark uppe i Kvarn. Grattis Andreas Karlsson, \u00e5rets vinnare.<\/p>\n","protected":false},"author":109,"featured_media":2221,"parent":310,"menu_order":49,"comment_status":"closed","ping_status":"closed","template":"","meta":{"footnotes":""},"class_list":["post-2222","page","type-page","status-publish","has-post-thumbnail","hentry"],"_links":{"self":[{"href":"https:\/\/krets.jagareforbundet.se\/motala\/wp-json\/wp\/v2\/pages\/2222","targetHints":{"allow":["GET"]}}],"collection":[{"href":"https:\/\/krets.jagareforbundet.se\/motala\/wp-json\/wp\/v2\/pages"}],"about":[{"href":"https:\/\/krets.jagareforbundet.se\/motala\/wp-json\/wp\/v2\/types\/page"}],"author":[{"embeddable":true,"href":"https:\/\/krets.jagareforbundet.se\/motala\/wp-json\/wp\/v2\/users\/109"}],"replies":[{"embeddable":true,"href":"https:\/\/krets.jagareforbundet.se\/motala\/wp-json\/wp\/v2\/comments?post=2222"}],"version-history":[{"count":1,"href":"https:\/\/krets.jagareforbundet.se\/motala\/wp-json\/wp\/v2\/pages\/2222\/revisions"}],"predecessor-version":[{"id":2223,"href":"https:\/\/krets.jagareforbundet.se\/motala\/wp-json\/wp\/v2\/pages\/2222\/revisions\/2223"}],"up":[{"embeddable":true,"href":"https:\/\/krets.jagareforbundet.se\/motala\/wp-json\/wp\/v2\/pages\/310"}],"wp:featuredmedia":[{"embeddable":true,"href":"https:\/\/krets.jagareforbundet.se\/motala\/wp-json\/wp\/v2\/media\/2221"}],"wp:attachment":[{"href":"https:\/\/krets.jagareforbundet.se\/motala\/wp-json\/wp\/v2\/media?parent=2222"}],"curies":[{"name":"wp","href":"https:\/\/api.w.org\/{rel}","templated":true}]}}