{"id":2277,"date":"2025-08-02T09:34:40","date_gmt":"2025-08-02T07:34:40","guid":{"rendered":"https:\/\/krets.jagareforbundet.se\/motala\/?page_id=2277"},"modified":"2026-02-08T19:55:27","modified_gmt":"2026-02-08T18:55:27","slug":"bidrag-2025","status":"publish","type":"page","link":"https:\/\/krets.jagareforbundet.se\/motala\/ravjakten\/bidrag-2025\/","title":{"rendered":"Bidrag 2025"},"content":{"rendered":"<table border=\"1\" width=\"598\" cellspacing=\"0\" cellpadding=\"0\">\n<tbody>\n<tr>\n<td valign=\"top\" width=\"55\">\u00a0Bidrag<\/td>\n<td valign=\"top\" width=\"338\">\u00a0Namn<\/td>\n<td valign=\"top\" width=\"197\">\u00a0Datum<\/td>\n<\/tr>\n<tr>\n<td valign=\"top\" width=\"55\">\u00a01<\/td>\n<td valign=\"top\" width=\"338\">\u00a0Norton Forsman<\/td>\n<td valign=\"top\" width=\"197\">\u00a02025-08-02<\/td>\n<\/tr>\n<tr>\n<td valign=\"top\" width=\"55\">\u00a02<\/td>\n<td valign=\"top\" width=\"338\">\u00a0Cecilia Forsman<\/td>\n<td valign=\"top\" width=\"197\">\u00a02025-08-18<\/td>\n<\/tr>\n<tr>\n<td valign=\"top\" width=\"55\">\u00a03<\/td>\n<td valign=\"top\" width=\"338\">\u00a0Tomas Strandhag<\/td>\n<td valign=\"top\" width=\"197\">\u00a02025-08-21<\/td>\n<\/tr>\n<tr>\n<td valign=\"top\" width=\"55\">\u00a04<\/td>\n<td valign=\"top\" width=\"338\">\u00a0Norton Forsman<\/td>\n<td valign=\"top\" width=\"197\">\u00a02025-09-01<\/td>\n<\/tr>\n<tr>\n<td valign=\"top\" width=\"55\">\u00a05<\/td>\n<td valign=\"top\" width=\"338\">\u00a0Norton Forsman<\/td>\n<td valign=\"top\" width=\"197\">\u00a02025-09-01<\/td>\n<\/tr>\n<tr>\n<td valign=\"top\" width=\"55\">\u00a06<\/td>\n<td valign=\"top\" width=\"338\">\u00a0Martin Granath<\/td>\n<td valign=\"top\" width=\"197\">\u00a02025-10-05<\/td>\n<\/tr>\n<tr>\n<td valign=\"top\" width=\"55\">\u00a07<\/td>\n<td valign=\"top\" width=\"338\">\u00a0Norton Forsman<\/td>\n<td valign=\"top\" width=\"197\">\u00a02025-11-16<\/td>\n<\/tr>\n<tr>\n<td valign=\"top\" width=\"55\">\u00a08<\/td>\n<td valign=\"top\" width=\"338\">\u00a0Albin Gunnarsson<\/td>\n<td valign=\"top\" width=\"197\">\u00a02025-08-21<\/td>\n<\/tr>\n<tr>\n<td valign=\"top\" width=\"55\">\u00a09<\/td>\n<td valign=\"top\" width=\"338\">\u00a0Anton Linder<\/td>\n<td valign=\"top\" width=\"197\">\u00a02025-09-20<\/td>\n<\/tr>\n<tr>\n<td valign=\"top\" width=\"55\">\u00a010<\/td>\n<td valign=\"top\" width=\"338\">\u00a0Anton Linder<\/td>\n<td valign=\"top\" width=\"197\">\u00a02025-10-04<\/td>\n<\/tr>\n<tr>\n<td valign=\"top\" width=\"55\">\u00a011<\/td>\n<td valign=\"top\" width=\"338\">\u00a0Ludvig Forsman<\/td>\n<td valign=\"top\" width=\"197\">\u00a02026-01-31<\/td>\n<\/tr>\n<tr>\n<td valign=\"top\" width=\"55\">\u00a012<\/td>\n<td valign=\"top\" width=\"338\"><\/td>\n<td valign=\"top\" width=\"197\"><\/td>\n<\/tr>\n<tr>\n<td valign=\"top\" width=\"55\">\u00a013<\/td>\n<td valign=\"top\" width=\"338\"><\/td>\n<td valign=\"top\" width=\"197\"><\/td>\n<\/tr>\n<tr>\n<td valign=\"top\" width=\"55\">\u00a014<\/td>\n<td valign=\"top\" width=\"338\"><\/td>\n<td valign=\"top\" width=\"197\"><\/td>\n<\/tr>\n<tr>\n<td valign=\"top\" width=\"55\">\u00a015<\/td>\n<td valign=\"top\" width=\"338\"><\/td>\n<td valign=\"top\" width=\"197\"><\/td>\n<\/tr>\n<\/tbody>\n<\/table>\n<p>Bilder p\u00e5 r\u00e4varna finns p\u00e5 <a href=\"https:\/\/krets.jagareforbundet.se\/motala\/ravjakten\/bidrag-2025\/ravbilder-2025\/\">denna l\u00e4nk<\/a>.<\/p>\n","protected":false},"excerpt":{"rendered":"<p>\u00a0Bidrag \u00a0Namn \u00a0Datum \u00a01 \u00a0Norton Forsman \u00a02025-08-02 \u00a02 \u00a0Cecilia Forsman \u00a02025-08-18 \u00a03 \u00a0Tomas Strandhag \u00a02025-08-21 \u00a04 \u00a0Norton Forsman \u00a02025-09-01 \u00a05 \u00a0Norton Forsman \u00a02025-09-01 \u00a06 \u00a0Martin Granath \u00a02025-10-05 \u00a07 \u00a0Norton Forsman \u00a02025-11-16 \u00a08 \u00a0Albin Gunnarsson \u00a02025-08-21 \u00a09 \u00a0Anton Linder \u00a02025-09-20 \u00a010 \u00a0Anton Linder \u00a02025-10-04 \u00a011 \u00a0Ludvig Forsman \u00a02026-01-31 \u00a012 \u00a013 \u00a014 \u00a015 Bilder p\u00e5 r\u00e4varna finns [&hellip;]<\/p>\n","protected":false},"author":109,"featured_media":0,"parent":133,"menu_order":28,"comment_status":"closed","ping_status":"closed","template":"","meta":{"footnotes":""},"class_list":["post-2277","page","type-page","status-publish","hentry"],"_links":{"self":[{"href":"https:\/\/krets.jagareforbundet.se\/motala\/wp-json\/wp\/v2\/pages\/2277","targetHints":{"allow":["GET"]}}],"collection":[{"href":"https:\/\/krets.jagareforbundet.se\/motala\/wp-json\/wp\/v2\/pages"}],"about":[{"href":"https:\/\/krets.jagareforbundet.se\/motala\/wp-json\/wp\/v2\/types\/page"}],"author":[{"embeddable":true,"href":"https:\/\/krets.jagareforbundet.se\/motala\/wp-json\/wp\/v2\/users\/109"}],"replies":[{"embeddable":true,"href":"https:\/\/krets.jagareforbundet.se\/motala\/wp-json\/wp\/v2\/comments?post=2277"}],"version-history":[{"count":4,"href":"https:\/\/krets.jagareforbundet.se\/motala\/wp-json\/wp\/v2\/pages\/2277\/revisions"}],"predecessor-version":[{"id":2371,"href":"https:\/\/krets.jagareforbundet.se\/motala\/wp-json\/wp\/v2\/pages\/2277\/revisions\/2371"}],"up":[{"embeddable":true,"href":"https:\/\/krets.jagareforbundet.se\/motala\/wp-json\/wp\/v2\/pages\/133"}],"wp:attachment":[{"href":"https:\/\/krets.jagareforbundet.se\/motala\/wp-json\/wp\/v2\/media?parent=2277"}],"curies":[{"name":"wp","href":"https:\/\/api.w.org\/{rel}","templated":true}]}}