{"id":2373,"date":"2026-02-08T21:12:21","date_gmt":"2026-02-08T20:12:21","guid":{"rendered":"https:\/\/krets.jagareforbundet.se\/motala\/?page_id=2373"},"modified":"2026-02-08T21:12:21","modified_gmt":"2026-02-08T20:12:21","slug":"km-eftersok-2025","status":"publish","type":"page","link":"https:\/\/krets.jagareforbundet.se\/motala\/hundar\/km-eftersok-2025\/","title":{"rendered":"KM Efters\u00f6k 2025"},"content":{"rendered":"<p>S\u00f6ndagen den 11 maj 2025 anordnades KM i Efters\u00f6k. Liksom de senaste 3 \u00e5ren var vi ocks\u00e5 detta \u00e5r p\u00e5 Bona jaktlags marker.<\/p>\n<p>Detta \u00e5r kom 6 ekipage till start, och n\u00e4r alla moment summerats stod som s\u00e5 m\u00e5nga g\u00e5nger f\u00f6rr tyskterriern Ester som segrare med Tomas Strandhag som hundf\u00f6rare.<\/p>\n<p>Nedan n\u00e5gra bilder fr\u00e5n dagen.<\/p>\n\n\t\t<style type=\"text\/css\">\n\t\t\t#gallery-1 {\n\t\t\t\tmargin: auto;\n\t\t\t}\n\t\t\t#gallery-1 .gallery-item {\n\t\t\t\tfloat: left;\n\t\t\t\tmargin-top: 10px;\n\t\t\t\ttext-align: center;\n\t\t\t\twidth: 50%;\n\t\t\t}\n\t\t\t#gallery-1 img {\n\t\t\t\tborder: 2px solid #cfcfcf;\n\t\t\t}\n\t\t\t#gallery-1 .gallery-caption {\n\t\t\t\tmargin-left: 0;\n\t\t\t}\n\t\t\t\/* see gallery_shortcode() in wp-includes\/media.php *\/\n\t\t<\/style>\n\t\t<div id='gallery-1' class='gallery galleryid-2373 gallery-columns-2 gallery-size-medium'><dl class='gallery-item'>\n\t\t\t<dt class='gallery-icon landscape'>\n\t\t\t\t<a href='https:\/\/krets.jagareforbundet.se\/motala\/eftersok_2025-01\/'><img loading=\"lazy\" decoding=\"async\" width=\"300\" height=\"225\" src=\"https:\/\/krets.jagareforbundet.se\/motala\/files\/2026\/02\/Eftersok_2025-01-300x225.jpg\" class=\"attachment-medium size-medium\" alt=\"\" srcset=\"https:\/\/krets.jagareforbundet.se\/motala\/files\/2026\/02\/Eftersok_2025-01-300x225.jpg 300w, https:\/\/krets.jagareforbundet.se\/motala\/files\/2026\/02\/Eftersok_2025-01-1024x768.jpg 1024w, https:\/\/krets.jagareforbundet.se\/motala\/files\/2026\/02\/Eftersok_2025-01-768x576.jpg 768w, https:\/\/krets.jagareforbundet.se\/motala\/files\/2026\/02\/Eftersok_2025-01-1536x1152.jpg 1536w, https:\/\/krets.jagareforbundet.se\/motala\/files\/2026\/02\/Eftersok_2025-01-2048x1536.jpg 2048w\" sizes=\"auto, (max-width: 300px) 100vw, 300px\" \/><\/a>\n\t\t\t<\/dt><\/dl><dl class='gallery-item'>\n\t\t\t<dt class='gallery-icon landscape'>\n\t\t\t\t<a href='https:\/\/krets.jagareforbundet.se\/motala\/eftersok_2025-03\/'><img loading=\"lazy\" decoding=\"async\" width=\"300\" height=\"225\" src=\"https:\/\/krets.jagareforbundet.se\/motala\/files\/2026\/02\/Eftersok_2025-03-300x225.jpg\" class=\"attachment-medium size-medium\" alt=\"\" srcset=\"https:\/\/krets.jagareforbundet.se\/motala\/files\/2026\/02\/Eftersok_2025-03-300x225.jpg 300w, https:\/\/krets.jagareforbundet.se\/motala\/files\/2026\/02\/Eftersok_2025-03-1024x768.jpg 1024w, https:\/\/krets.jagareforbundet.se\/motala\/files\/2026\/02\/Eftersok_2025-03-768x576.jpg 768w, https:\/\/krets.jagareforbundet.se\/motala\/files\/2026\/02\/Eftersok_2025-03-1536x1152.jpg 1536w, https:\/\/krets.jagareforbundet.se\/motala\/files\/2026\/02\/Eftersok_2025-03-2048x1536.jpg 2048w\" sizes=\"auto, (max-width: 300px) 100vw, 300px\" \/><\/a>\n\t\t\t<\/dt><\/dl><br style=\"clear: both\" \/><dl class='gallery-item'>\n\t\t\t<dt class='gallery-icon landscape'>\n\t\t\t\t<a href='https:\/\/krets.jagareforbundet.se\/motala\/eftersok_2025-05\/'><img loading=\"lazy\" decoding=\"async\" width=\"300\" height=\"225\" src=\"https:\/\/krets.jagareforbundet.se\/motala\/files\/2026\/02\/Eftersok_2025-05-300x225.jpg\" class=\"attachment-medium size-medium\" alt=\"\" srcset=\"https:\/\/krets.jagareforbundet.se\/motala\/files\/2026\/02\/Eftersok_2025-05-300x225.jpg 300w, https:\/\/krets.jagareforbundet.se\/motala\/files\/2026\/02\/Eftersok_2025-05-1024x768.jpg 1024w, https:\/\/krets.jagareforbundet.se\/motala\/files\/2026\/02\/Eftersok_2025-05-768x576.jpg 768w, https:\/\/krets.jagareforbundet.se\/motala\/files\/2026\/02\/Eftersok_2025-05-1536x1152.jpg 1536w, https:\/\/krets.jagareforbundet.se\/motala\/files\/2026\/02\/Eftersok_2025-05-2048x1536.jpg 2048w\" sizes=\"auto, (max-width: 300px) 100vw, 300px\" \/><\/a>\n\t\t\t<\/dt><\/dl><dl class='gallery-item'>\n\t\t\t<dt class='gallery-icon landscape'>\n\t\t\t\t<a href='https:\/\/krets.jagareforbundet.se\/motala\/eftersok_2025-06\/'><img loading=\"lazy\" decoding=\"async\" width=\"300\" height=\"225\" src=\"https:\/\/krets.jagareforbundet.se\/motala\/files\/2026\/02\/Eftersok_2025-06-300x225.jpg\" class=\"attachment-medium size-medium\" alt=\"\" srcset=\"https:\/\/krets.jagareforbundet.se\/motala\/files\/2026\/02\/Eftersok_2025-06-300x225.jpg 300w, https:\/\/krets.jagareforbundet.se\/motala\/files\/2026\/02\/Eftersok_2025-06-1024x768.jpg 1024w, https:\/\/krets.jagareforbundet.se\/motala\/files\/2026\/02\/Eftersok_2025-06-768x576.jpg 768w, https:\/\/krets.jagareforbundet.se\/motala\/files\/2026\/02\/Eftersok_2025-06-1536x1152.jpg 1536w, https:\/\/krets.jagareforbundet.se\/motala\/files\/2026\/02\/Eftersok_2025-06-2048x1536.jpg 2048w\" sizes=\"auto, (max-width: 300px) 100vw, 300px\" \/><\/a>\n\t\t\t<\/dt><\/dl><br style=\"clear: both\" \/><dl class='gallery-item'>\n\t\t\t<dt class='gallery-icon landscape'>\n\t\t\t\t<a href='https:\/\/krets.jagareforbundet.se\/motala\/eftersok_2025-08\/'><img loading=\"lazy\" decoding=\"async\" width=\"300\" height=\"225\" src=\"https:\/\/krets.jagareforbundet.se\/motala\/files\/2026\/02\/Eftersok_2025-08-300x225.jpg\" class=\"attachment-medium size-medium\" alt=\"\" srcset=\"https:\/\/krets.jagareforbundet.se\/motala\/files\/2026\/02\/Eftersok_2025-08-300x225.jpg 300w, https:\/\/krets.jagareforbundet.se\/motala\/files\/2026\/02\/Eftersok_2025-08-1024x768.jpg 1024w, https:\/\/krets.jagareforbundet.se\/motala\/files\/2026\/02\/Eftersok_2025-08-768x576.jpg 768w, https:\/\/krets.jagareforbundet.se\/motala\/files\/2026\/02\/Eftersok_2025-08-1536x1152.jpg 1536w, https:\/\/krets.jagareforbundet.se\/motala\/files\/2026\/02\/Eftersok_2025-08-2048x1536.jpg 2048w\" sizes=\"auto, (max-width: 300px) 100vw, 300px\" \/><\/a>\n\t\t\t<\/dt><\/dl><dl class='gallery-item'>\n\t\t\t<dt class='gallery-icon landscape'>\n\t\t\t\t<a href='https:\/\/krets.jagareforbundet.se\/motala\/eftersok_2025-09\/'><img loading=\"lazy\" decoding=\"async\" width=\"300\" height=\"225\" src=\"https:\/\/krets.jagareforbundet.se\/motala\/files\/2026\/02\/Eftersok_2025-09-300x225.jpg\" class=\"attachment-medium size-medium\" alt=\"\" srcset=\"https:\/\/krets.jagareforbundet.se\/motala\/files\/2026\/02\/Eftersok_2025-09-300x225.jpg 300w, https:\/\/krets.jagareforbundet.se\/motala\/files\/2026\/02\/Eftersok_2025-09-1024x768.jpg 1024w, https:\/\/krets.jagareforbundet.se\/motala\/files\/2026\/02\/Eftersok_2025-09-768x576.jpg 768w, https:\/\/krets.jagareforbundet.se\/motala\/files\/2026\/02\/Eftersok_2025-09-1536x1152.jpg 1536w, https:\/\/krets.jagareforbundet.se\/motala\/files\/2026\/02\/Eftersok_2025-09-2048x1536.jpg 2048w\" sizes=\"auto, (max-width: 300px) 100vw, 300px\" \/><\/a>\n\t\t\t<\/dt><\/dl><br style=\"clear: both\" \/><dl class='gallery-item'>\n\t\t\t<dt class='gallery-icon portrait'>\n\t\t\t\t<a href='https:\/\/krets.jagareforbundet.se\/motala\/eftersok_2025-20\/'><img loading=\"lazy\" decoding=\"async\" width=\"225\" height=\"300\" src=\"https:\/\/krets.jagareforbundet.se\/motala\/files\/2026\/02\/Eftersok_2025-20-225x300.jpg\" class=\"attachment-medium size-medium\" alt=\"\" srcset=\"https:\/\/krets.jagareforbundet.se\/motala\/files\/2026\/02\/Eftersok_2025-20-225x300.jpg 225w, https:\/\/krets.jagareforbundet.se\/motala\/files\/2026\/02\/Eftersok_2025-20-768x1024.jpg 768w, https:\/\/krets.jagareforbundet.se\/motala\/files\/2026\/02\/Eftersok_2025-20-1152x1536.jpg 1152w, https:\/\/krets.jagareforbundet.se\/motala\/files\/2026\/02\/Eftersok_2025-20-1536x2048.jpg 1536w, https:\/\/krets.jagareforbundet.se\/motala\/files\/2026\/02\/Eftersok_2025-20-scaled.jpg 1920w\" sizes=\"auto, (max-width: 225px) 100vw, 225px\" \/><\/a>\n\t\t\t<\/dt><\/dl><dl class='gallery-item'>\n\t\t\t<dt class='gallery-icon landscape'>\n\t\t\t\t<a href='https:\/\/krets.jagareforbundet.se\/motala\/eftersok_2025-14\/'><img loading=\"lazy\" decoding=\"async\" width=\"300\" height=\"225\" src=\"https:\/\/krets.jagareforbundet.se\/motala\/files\/2026\/02\/Eftersok_2025-14-300x225.jpg\" class=\"attachment-medium size-medium\" alt=\"\" srcset=\"https:\/\/krets.jagareforbundet.se\/motala\/files\/2026\/02\/Eftersok_2025-14-300x225.jpg 300w, https:\/\/krets.jagareforbundet.se\/motala\/files\/2026\/02\/Eftersok_2025-14-1024x768.jpg 1024w, https:\/\/krets.jagareforbundet.se\/motala\/files\/2026\/02\/Eftersok_2025-14-768x576.jpg 768w, https:\/\/krets.jagareforbundet.se\/motala\/files\/2026\/02\/Eftersok_2025-14-1536x1152.jpg 1536w, https:\/\/krets.jagareforbundet.se\/motala\/files\/2026\/02\/Eftersok_2025-14-2048x1536.jpg 2048w\" sizes=\"auto, (max-width: 300px) 100vw, 300px\" \/><\/a>\n\t\t\t<\/dt><\/dl><br style=\"clear: both\" \/>\n\t\t<\/div>\n\n<p>Tack Bona jaktlag f\u00f6r att vi \u00e4n en g\u00e5ng fick vara p\u00e5 er marker. Ocks\u00e5 tack till alla funktion\u00e4rer och t\u00e4vlande f\u00f6r en fin v\u00e5rdag tillsammans!<\/p>\n","protected":false},"excerpt":{"rendered":"<p>S\u00f6ndagen den 11 maj 2025 anordnades KM i Efters\u00f6k. Liksom de senaste 3 \u00e5ren var vi ocks\u00e5 detta \u00e5r p\u00e5 Bona jaktlags marker. Detta \u00e5r kom 6 ekipage till start, och n\u00e4r alla moment summerats stod som s\u00e5 m\u00e5nga g\u00e5nger f\u00f6rr tyskterriern Ester som segrare med Tomas Strandhag som hundf\u00f6rare. Nedan n\u00e5gra bilder fr\u00e5n dagen. [&hellip;]<\/p>\n","protected":false},"author":109,"featured_media":2375,"parent":355,"menu_order":55,"comment_status":"closed","ping_status":"closed","template":"","meta":{"footnotes":""},"class_list":["post-2373","page","type-page","status-publish","has-post-thumbnail","hentry"],"_links":{"self":[{"href":"https:\/\/krets.jagareforbundet.se\/motala\/wp-json\/wp\/v2\/pages\/2373","targetHints":{"allow":["GET"]}}],"collection":[{"href":"https:\/\/krets.jagareforbundet.se\/motala\/wp-json\/wp\/v2\/pages"}],"about":[{"href":"https:\/\/krets.jagareforbundet.se\/motala\/wp-json\/wp\/v2\/types\/page"}],"author":[{"embeddable":true,"href":"https:\/\/krets.jagareforbundet.se\/motala\/wp-json\/wp\/v2\/users\/109"}],"replies":[{"embeddable":true,"href":"https:\/\/krets.jagareforbundet.se\/motala\/wp-json\/wp\/v2\/comments?post=2373"}],"version-history":[{"count":2,"href":"https:\/\/krets.jagareforbundet.se\/motala\/wp-json\/wp\/v2\/pages\/2373\/revisions"}],"predecessor-version":[{"id":2384,"href":"https:\/\/krets.jagareforbundet.se\/motala\/wp-json\/wp\/v2\/pages\/2373\/revisions\/2384"}],"up":[{"embeddable":true,"href":"https:\/\/krets.jagareforbundet.se\/motala\/wp-json\/wp\/v2\/pages\/355"}],"wp:featuredmedia":[{"embeddable":true,"href":"https:\/\/krets.jagareforbundet.se\/motala\/wp-json\/wp\/v2\/media\/2375"}],"wp:attachment":[{"href":"https:\/\/krets.jagareforbundet.se\/motala\/wp-json\/wp\/v2\/media?parent=2373"}],"curies":[{"name":"wp","href":"https:\/\/api.w.org\/{rel}","templated":true}]}}