{"id":2387,"date":"2026-02-09T20:30:47","date_gmt":"2026-02-09T19:30:47","guid":{"rendered":"https:\/\/krets.jagareforbundet.se\/motala\/?page_id=2387"},"modified":"2026-02-09T20:30:47","modified_gmt":"2026-02-09T19:30:47","slug":"jakthundslydnad-hosten-2025","status":"publish","type":"page","link":"https:\/\/krets.jagareforbundet.se\/motala\/hundar\/jakthundslydnad-hosten-2025\/","title":{"rendered":"Jakthundslydnad h\u00f6sten 2025"},"content":{"rendered":"<p><a href=\"https:\/\/krets.jagareforbundet.se\/motala\/files\/2026\/02\/Lydnadskurs_2025-scaled.jpeg\"><img loading=\"lazy\" decoding=\"async\" class=\"alignnone size-large wp-image-2389\" src=\"https:\/\/krets.jagareforbundet.se\/motala\/files\/2026\/02\/Lydnadskurs_2025-768x1024.jpeg\" alt=\"\" width=\"768\" height=\"1024\" srcset=\"https:\/\/krets.jagareforbundet.se\/motala\/files\/2026\/02\/Lydnadskurs_2025-768x1024.jpeg 768w, https:\/\/krets.jagareforbundet.se\/motala\/files\/2026\/02\/Lydnadskurs_2025-225x300.jpeg 225w, https:\/\/krets.jagareforbundet.se\/motala\/files\/2026\/02\/Lydnadskurs_2025-1152x1536.jpeg 1152w, https:\/\/krets.jagareforbundet.se\/motala\/files\/2026\/02\/Lydnadskurs_2025-1536x2048.jpeg 1536w, https:\/\/krets.jagareforbundet.se\/motala\/files\/2026\/02\/Lydnadskurs_2025-scaled.jpeg 1920w\" sizes=\"auto, (max-width: 768px) 100vw, 768px\" \/><\/a><\/p>\n<p>Under h\u00f6sten 2025 h\u00f6lls en kurs f\u00f6r yngre hundar och deras f\u00f6rare. M\u00e5let med kursen var att st\u00e4rka kontakten mellan f\u00f6rare och hund samt att f\u00e5 till en bra disciplin inom det mest basala n\u00e4r det g\u00e4ller hunddressyr s\u00e5 som: sitt, stanna och inkallning.<\/p>\n<p>Vi jobbade mycket med att f\u00e5 hunden att tycka det var roligt att vara med sin f\u00f6rare genom lek och avslappnings\u00f6vningar. I takt med att hund ekipagen l\u00e4rde sig s\u00e5 stegrades sv\u00e5righeterna p\u00e5 \u00f6vningarna. Vid sista tr\u00e4ffen s\u00e5 klarade alla hundarna att fokusera p\u00e5 sin f\u00f6rare s\u00e5 bra att de utan koppel lyckades g\u00e5 inom en sn\u00e4v fyrkantig yta utan att sk\u00e4lla eller hoppa p\u00e5 varandra och att komma p\u00e5 inkallning n\u00e4r de var l\u00e5ngt fr\u00e5n sin f\u00f6rare.<\/p>\n<p>N\u00e4r gruppen skildes s\u00e5 var alla \u00f6verens om att de hade f\u00e5tt mycket b\u00e4ttre &#8221;ordning p\u00e5&#8221; och kontakt med sin hund. D\u00e5 blir ocks\u00e5 jakten enklare, t\u00e4nk vad sk\u00f6nt att kunna kalla in sin hund i skogen.<\/p>\n<p>\u00c4r du ocks\u00e5 sugen p\u00e5 att l\u00e4ra dig och din hund dessa f\u00e4rdigheter? H\u00e5ll d\u00e5 utkik efter v\u00e5rens kurs ( annonseras p\u00e5 v\u00e5r hemsida) eller\u00a0 kontakta Motala Jaktv\u00e5rdkrets f\u00f6r mer information.<\/p>\n","protected":false},"excerpt":{"rendered":"<p>Under h\u00f6sten 2025 h\u00f6lls en kurs f\u00f6r yngre hundar och deras f\u00f6rare. M\u00e5let med kursen var att st\u00e4rka kontakten mellan f\u00f6rare och hund samt att f\u00e5 till en bra disciplin inom det mest basala n\u00e4r det g\u00e4ller hunddressyr s\u00e5 som: sitt, stanna och inkallning. Vi jobbade mycket med att f\u00e5 hunden att tycka det var [&hellip;]<\/p>\n","protected":false},"author":109,"featured_media":0,"parent":355,"menu_order":70,"comment_status":"closed","ping_status":"closed","template":"","meta":{"footnotes":""},"class_list":["post-2387","page","type-page","status-publish","hentry"],"_links":{"self":[{"href":"https:\/\/krets.jagareforbundet.se\/motala\/wp-json\/wp\/v2\/pages\/2387","targetHints":{"allow":["GET"]}}],"collection":[{"href":"https:\/\/krets.jagareforbundet.se\/motala\/wp-json\/wp\/v2\/pages"}],"about":[{"href":"https:\/\/krets.jagareforbundet.se\/motala\/wp-json\/wp\/v2\/types\/page"}],"author":[{"embeddable":true,"href":"https:\/\/krets.jagareforbundet.se\/motala\/wp-json\/wp\/v2\/users\/109"}],"replies":[{"embeddable":true,"href":"https:\/\/krets.jagareforbundet.se\/motala\/wp-json\/wp\/v2\/comments?post=2387"}],"version-history":[{"count":2,"href":"https:\/\/krets.jagareforbundet.se\/motala\/wp-json\/wp\/v2\/pages\/2387\/revisions"}],"predecessor-version":[{"id":2390,"href":"https:\/\/krets.jagareforbundet.se\/motala\/wp-json\/wp\/v2\/pages\/2387\/revisions\/2390"}],"up":[{"embeddable":true,"href":"https:\/\/krets.jagareforbundet.se\/motala\/wp-json\/wp\/v2\/pages\/355"}],"wp:attachment":[{"href":"https:\/\/krets.jagareforbundet.se\/motala\/wp-json\/wp\/v2\/media?parent=2387"}],"curies":[{"name":"wp","href":"https:\/\/api.w.org\/{rel}","templated":true}]}}