{"id":241,"date":"2013-12-01T17:21:14","date_gmt":"2013-12-01T16:21:14","guid":{"rendered":"https:\/\/krets.jagareforbundet.se\/motala\/?page_id=241"},"modified":"2014-03-11T22:36:50","modified_gmt":"2014-03-11T21:36:50","slug":"unga-jagare-med-pa-jakten","status":"publish","type":"page","link":"https:\/\/krets.jagareforbundet.se\/motala\/unga-jagare-med-pa-jakten\/","title":{"rendered":"Unga j\u00e4gare med p\u00e5 jakten?"},"content":{"rendered":"<p>Det \u00e4r alltid roligt n\u00e4r barn och unga \u00e4r med ut i skogen p\u00e5 jakt.<\/p>\n<p>Ett s\u00e4tt att lite extra uppm\u00e4rksamma s\u00e5dant deltagande, och samtidigt ge den unge j\u00e4garen ett minne att ta med hem eller till skolan kan vara att f\u00f6rfatta ett enkelt intyg, ett deltagarbevis.<\/p>\n<p>Ett grovt utkast till s\u00e5dant\u00a0deltagarbevis finns att ladda hem\u00a0via l\u00e4nken\u00a0<a href=\"https:\/\/krets.jagareforbundet.se\/motala\/files\/2013\/12\/Mall_deltagarbevis_unga_j\u00e4gare.doc\">Mall_deltagarbevis_unga_j\u00e4gare<\/a>.<\/p>\n<p>Genom att en g\u00e5ng g\u00e5 igenom dokumentet och anpassa det till just ditt\/erat jaktlag,\u00a0blir det sedan enkelt att allteftersom unga j\u00e4gare varit med p\u00e5 jakter kunna f\u00f6rse dem med ett minne fr\u00e5n jakten.<\/p>\n<p>Tack till PG Axelsson f\u00f6r din eminenta f\u00f6rlaga!<\/p>\n","protected":false},"excerpt":{"rendered":"<p>Det \u00e4r alltid roligt n\u00e4r barn och unga \u00e4r med ut i skogen p\u00e5 jakt. Ett s\u00e4tt att lite extra uppm\u00e4rksamma s\u00e5dant deltagande, och samtidigt ge den unge j\u00e4garen ett minne att ta med hem eller till skolan kan vara att f\u00f6rfatta ett enkelt intyg, ett deltagarbevis. Ett grovt utkast till s\u00e5dant\u00a0deltagarbevis finns att ladda [&hellip;]<\/p>\n","protected":false},"author":109,"featured_media":0,"parent":0,"menu_order":90,"comment_status":"open","ping_status":"closed","template":"","meta":{"footnotes":""},"class_list":["post-241","page","type-page","status-publish","hentry"],"_links":{"self":[{"href":"https:\/\/krets.jagareforbundet.se\/motala\/wp-json\/wp\/v2\/pages\/241","targetHints":{"allow":["GET"]}}],"collection":[{"href":"https:\/\/krets.jagareforbundet.se\/motala\/wp-json\/wp\/v2\/pages"}],"about":[{"href":"https:\/\/krets.jagareforbundet.se\/motala\/wp-json\/wp\/v2\/types\/page"}],"author":[{"embeddable":true,"href":"https:\/\/krets.jagareforbundet.se\/motala\/wp-json\/wp\/v2\/users\/109"}],"replies":[{"embeddable":true,"href":"https:\/\/krets.jagareforbundet.se\/motala\/wp-json\/wp\/v2\/comments?post=241"}],"version-history":[{"count":0,"href":"https:\/\/krets.jagareforbundet.se\/motala\/wp-json\/wp\/v2\/pages\/241\/revisions"}],"wp:attachment":[{"href":"https:\/\/krets.jagareforbundet.se\/motala\/wp-json\/wp\/v2\/media?parent=241"}],"curies":[{"name":"wp","href":"https:\/\/api.w.org\/{rel}","templated":true}]}}