{"id":2428,"date":"2026-03-25T20:56:41","date_gmt":"2026-03-25T19:56:41","guid":{"rendered":"https:\/\/krets.jagareforbundet.se\/motala\/?page_id=2428"},"modified":"2026-03-29T14:41:18","modified_gmt":"2026-03-29T12:41:18","slug":"hunddag-i-tiveden-2026","status":"publish","type":"page","link":"https:\/\/krets.jagareforbundet.se\/motala\/hundar\/hunddag-i-tiveden-2026\/","title":{"rendered":"Hunddag i Tiveden 2026"},"content":{"rendered":"<p>L\u00f6rdag den 21\/3 bes\u00f6kte Motalakretsen Tiveds jakt tillsammans med n\u00e4rmre 25 intresserade j\u00e4gare\/hussar\/mattar och ca 15 hundar. Tiveds jakt \u00e4r en anl\u00e4ggning f\u00f6r tr\u00e4ning av hundar med tre vildsvinsh\u00e4gn och en konstgjord grytanl\u00e4ggning. F\u00f6r v\u00e5r del var det denna dag h\u00e4gnen med vildsvin som g\u00e4llde, \u00e4ven om vi ut\u00f6ver det hade ocks\u00e5 hade preparerat n\u00e5gra efters\u00f6ksslingor med blod+kl\u00f6v.<\/p>\n<p>Emellan sl\u00e4ppen i vildsvinsh\u00e4gnen fanns representanter fr\u00e5n Evidensia \u00d6rebro och foderleverant\u00f6ren Monster med varsina &#8221;montrar&#8221;. H\u00e4r gavs tillf\u00e4lle att f\u00e5 tips p\u00e5 hur man p\u00e5 b\u00e4sta s\u00e4tt tar hand om sin hund och jaktkamrat. Dessutom s\u00e5klart ett utm\u00e4rkt tillf\u00e4lle att ge sin hund chans att mingla med andra hundar och hund\u00e4gare.<\/p>\n<p>V\u00e4dret visade sig dessutom fr\u00e5n sin allra b\u00e4sta sida med sol och mycket behaglig v\u00e5rtemperatur.<\/p>\n<p>Stort TACK till Tiveds jakt och representanterna fr\u00e5n Evidensia och Monster. Tack ocks\u00e5 till alla er som kom och gjorde detta till en fin dag! Ifr\u00e5n Motalakretsen hoppas vi att detta kan bli ett \u00e5terkommande evenemang. Mejla d\u00e4rf\u00f6r g\u00e4rna ert intresse till n\u00e5gon av kretsens hundansvariga Tomas Strandhag (thomas.strandhag@jagareforbundetostergotland.se) och Anders Berglund (anders.berglund@jagareforbundetostergotland.se).<\/p>\n<p>Nedan n\u00e5gra bilder fr\u00e5n dagen.<\/p>\n\n\t\t<style type=\"text\/css\">\n\t\t\t#gallery-1 {\n\t\t\t\tmargin: auto;\n\t\t\t}\n\t\t\t#gallery-1 .gallery-item {\n\t\t\t\tfloat: left;\n\t\t\t\tmargin-top: 10px;\n\t\t\t\ttext-align: center;\n\t\t\t\twidth: 33%;\n\t\t\t}\n\t\t\t#gallery-1 img {\n\t\t\t\tborder: 2px solid #cfcfcf;\n\t\t\t}\n\t\t\t#gallery-1 .gallery-caption {\n\t\t\t\tmargin-left: 0;\n\t\t\t}\n\t\t\t\/* see gallery_shortcode() in wp-includes\/media.php *\/\n\t\t<\/style>\n\t\t<div id='gallery-1' class='gallery galleryid-2428 gallery-columns-3 gallery-size-medium'><dl class='gallery-item'>\n\t\t\t<dt class='gallery-icon landscape'>\n\t\t\t\t<a href='https:\/\/krets.jagareforbundet.se\/motala\/hunddag-tiveden-2026-01\/'><img loading=\"lazy\" decoding=\"async\" width=\"300\" height=\"225\" src=\"https:\/\/krets.jagareforbundet.se\/motala\/files\/2026\/03\/Hunddag-Tiveden-2026-01-300x225.jpg\" class=\"attachment-medium size-medium\" alt=\"\" aria-describedby=\"gallery-1-2412\" srcset=\"https:\/\/krets.jagareforbundet.se\/motala\/files\/2026\/03\/Hunddag-Tiveden-2026-01-300x225.jpg 300w, https:\/\/krets.jagareforbundet.se\/motala\/files\/2026\/03\/Hunddag-Tiveden-2026-01-1024x768.jpg 1024w, https:\/\/krets.jagareforbundet.se\/motala\/files\/2026\/03\/Hunddag-Tiveden-2026-01-768x576.jpg 768w, https:\/\/krets.jagareforbundet.se\/motala\/files\/2026\/03\/Hunddag-Tiveden-2026-01-1536x1152.jpg 1536w, https:\/\/krets.jagareforbundet.se\/motala\/files\/2026\/03\/Hunddag-Tiveden-2026-01-2048x1536.jpg 2048w\" sizes=\"auto, (max-width: 300px) 100vw, 300px\" \/><\/a>\n\t\t\t<\/dt>\n\t\t\t\t<dd class='wp-caption-text gallery-caption' id='gallery-1-2412'>\n\t\t\t\tFunktion\u00e4rssamling\n\t\t\t\t<\/dd><\/dl><dl class='gallery-item'>\n\t\t\t<dt class='gallery-icon landscape'>\n\t\t\t\t<a href='https:\/\/krets.jagareforbundet.se\/motala\/hunddag-tiveden-2026-03\/'><img loading=\"lazy\" decoding=\"async\" width=\"300\" height=\"225\" src=\"https:\/\/krets.jagareforbundet.se\/motala\/files\/2026\/03\/Hunddag-Tiveden-2026-03-300x225.jpg\" class=\"attachment-medium size-medium\" alt=\"\" aria-describedby=\"gallery-1-2413\" srcset=\"https:\/\/krets.jagareforbundet.se\/motala\/files\/2026\/03\/Hunddag-Tiveden-2026-03-300x225.jpg 300w, https:\/\/krets.jagareforbundet.se\/motala\/files\/2026\/03\/Hunddag-Tiveden-2026-03-1024x768.jpg 1024w, https:\/\/krets.jagareforbundet.se\/motala\/files\/2026\/03\/Hunddag-Tiveden-2026-03-768x576.jpg 768w, https:\/\/krets.jagareforbundet.se\/motala\/files\/2026\/03\/Hunddag-Tiveden-2026-03-1536x1152.jpg 1536w, https:\/\/krets.jagareforbundet.se\/motala\/files\/2026\/03\/Hunddag-Tiveden-2026-03-2048x1536.jpg 2048w\" sizes=\"auto, (max-width: 300px) 100vw, 300px\" \/><\/a>\n\t\t\t<\/dt>\n\t\t\t\t<dd class='wp-caption-text gallery-caption' id='gallery-1-2413'>\n\t\t\t\tUpprop och uppstart\n\t\t\t\t<\/dd><\/dl><dl class='gallery-item'>\n\t\t\t<dt class='gallery-icon landscape'>\n\t\t\t\t<a href='https:\/\/krets.jagareforbundet.se\/motala\/hunddag-tiveden-2026-11\/'><img loading=\"lazy\" decoding=\"async\" width=\"300\" height=\"225\" src=\"https:\/\/krets.jagareforbundet.se\/motala\/files\/2026\/03\/Hunddag-Tiveden-2026-11-300x225.jpg\" class=\"attachment-medium size-medium\" alt=\"\" aria-describedby=\"gallery-1-2419\" srcset=\"https:\/\/krets.jagareforbundet.se\/motala\/files\/2026\/03\/Hunddag-Tiveden-2026-11-300x225.jpg 300w, https:\/\/krets.jagareforbundet.se\/motala\/files\/2026\/03\/Hunddag-Tiveden-2026-11-1024x768.jpg 1024w, https:\/\/krets.jagareforbundet.se\/motala\/files\/2026\/03\/Hunddag-Tiveden-2026-11-768x576.jpg 768w, https:\/\/krets.jagareforbundet.se\/motala\/files\/2026\/03\/Hunddag-Tiveden-2026-11-1536x1152.jpg 1536w, https:\/\/krets.jagareforbundet.se\/motala\/files\/2026\/03\/Hunddag-Tiveden-2026-11-2048x1536.jpg 2048w\" sizes=\"auto, (max-width: 300px) 100vw, 300px\" \/><\/a>\n\t\t\t<\/dt>\n\t\t\t\t<dd class='wp-caption-text gallery-caption' id='gallery-1-2419'>\n\t\t\t\tTv\u00e5 av vildsvinen i h\u00e4gn\n\t\t\t\t<\/dd><\/dl><br style=\"clear: both\" \/><dl class='gallery-item'>\n\t\t\t<dt class='gallery-icon landscape'>\n\t\t\t\t<a href='https:\/\/krets.jagareforbundet.se\/motala\/hunddag-tiveden-2026-12\/'><img loading=\"lazy\" decoding=\"async\" width=\"300\" height=\"225\" src=\"https:\/\/krets.jagareforbundet.se\/motala\/files\/2026\/03\/Hunddag-Tiveden-2026-12-300x225.jpg\" class=\"attachment-medium size-medium\" alt=\"\" aria-describedby=\"gallery-1-2420\" srcset=\"https:\/\/krets.jagareforbundet.se\/motala\/files\/2026\/03\/Hunddag-Tiveden-2026-12-300x225.jpg 300w, https:\/\/krets.jagareforbundet.se\/motala\/files\/2026\/03\/Hunddag-Tiveden-2026-12-1024x768.jpg 1024w, https:\/\/krets.jagareforbundet.se\/motala\/files\/2026\/03\/Hunddag-Tiveden-2026-12-768x576.jpg 768w, https:\/\/krets.jagareforbundet.se\/motala\/files\/2026\/03\/Hunddag-Tiveden-2026-12-1536x1152.jpg 1536w, https:\/\/krets.jagareforbundet.se\/motala\/files\/2026\/03\/Hunddag-Tiveden-2026-12-2048x1536.jpg 2048w\" sizes=\"auto, (max-width: 300px) 100vw, 300px\" \/><\/a>\n\t\t\t<\/dt>\n\t\t\t\t<dd class='wp-caption-text gallery-caption' id='gallery-1-2420'>\n\t\t\t\tHundarbete 1\n\t\t\t\t<\/dd><\/dl><dl class='gallery-item'>\n\t\t\t<dt class='gallery-icon landscape'>\n\t\t\t\t<a href='https:\/\/krets.jagareforbundet.se\/motala\/hunddag-tiveden-2026-15\/'><img loading=\"lazy\" decoding=\"async\" width=\"300\" height=\"225\" src=\"https:\/\/krets.jagareforbundet.se\/motala\/files\/2026\/03\/Hunddag-Tiveden-2026-15-300x225.jpg\" class=\"attachment-medium size-medium\" alt=\"\" aria-describedby=\"gallery-1-2422\" srcset=\"https:\/\/krets.jagareforbundet.se\/motala\/files\/2026\/03\/Hunddag-Tiveden-2026-15-300x225.jpg 300w, https:\/\/krets.jagareforbundet.se\/motala\/files\/2026\/03\/Hunddag-Tiveden-2026-15-1024x768.jpg 1024w, https:\/\/krets.jagareforbundet.se\/motala\/files\/2026\/03\/Hunddag-Tiveden-2026-15-768x576.jpg 768w, https:\/\/krets.jagareforbundet.se\/motala\/files\/2026\/03\/Hunddag-Tiveden-2026-15-1536x1152.jpg 1536w, https:\/\/krets.jagareforbundet.se\/motala\/files\/2026\/03\/Hunddag-Tiveden-2026-15-2048x1536.jpg 2048w\" sizes=\"auto, (max-width: 300px) 100vw, 300px\" \/><\/a>\n\t\t\t<\/dt>\n\t\t\t\t<dd class='wp-caption-text gallery-caption' id='gallery-1-2422'>\n\t\t\t\tHundarbete 2\n\t\t\t\t<\/dd><\/dl><dl class='gallery-item'>\n\t\t\t<dt class='gallery-icon landscape'>\n\t\t\t\t<a href='https:\/\/krets.jagareforbundet.se\/motala\/hunddag-tiveden-2026-25\/'><img loading=\"lazy\" decoding=\"async\" width=\"300\" height=\"225\" src=\"https:\/\/krets.jagareforbundet.se\/motala\/files\/2026\/03\/Hunddag-Tiveden-2026-25-300x225.jpg\" class=\"attachment-medium size-medium\" alt=\"\" aria-describedby=\"gallery-1-2424\" srcset=\"https:\/\/krets.jagareforbundet.se\/motala\/files\/2026\/03\/Hunddag-Tiveden-2026-25-300x225.jpg 300w, https:\/\/krets.jagareforbundet.se\/motala\/files\/2026\/03\/Hunddag-Tiveden-2026-25-1024x768.jpg 1024w, https:\/\/krets.jagareforbundet.se\/motala\/files\/2026\/03\/Hunddag-Tiveden-2026-25-768x576.jpg 768w, https:\/\/krets.jagareforbundet.se\/motala\/files\/2026\/03\/Hunddag-Tiveden-2026-25-1536x1152.jpg 1536w, https:\/\/krets.jagareforbundet.se\/motala\/files\/2026\/03\/Hunddag-Tiveden-2026-25-2048x1536.jpg 2048w\" sizes=\"auto, (max-width: 300px) 100vw, 300px\" \/><\/a>\n\t\t\t<\/dt>\n\t\t\t\t<dd class='wp-caption-text gallery-caption' id='gallery-1-2424'>\n\t\t\t\tMera vildsvin\n\t\t\t\t<\/dd><\/dl><br style=\"clear: both\" \/><dl class='gallery-item'>\n\t\t\t<dt class='gallery-icon landscape'>\n\t\t\t\t<a href='https:\/\/krets.jagareforbundet.se\/motala\/hunddag-tiveden-2026-05\/'><img loading=\"lazy\" decoding=\"async\" width=\"300\" height=\"225\" src=\"https:\/\/krets.jagareforbundet.se\/motala\/files\/2026\/03\/Hunddag-Tiveden-2026-05-300x225.jpg\" class=\"attachment-medium size-medium\" alt=\"\" aria-describedby=\"gallery-1-2414\" srcset=\"https:\/\/krets.jagareforbundet.se\/motala\/files\/2026\/03\/Hunddag-Tiveden-2026-05-300x225.jpg 300w, https:\/\/krets.jagareforbundet.se\/motala\/files\/2026\/03\/Hunddag-Tiveden-2026-05-1024x768.jpg 1024w, https:\/\/krets.jagareforbundet.se\/motala\/files\/2026\/03\/Hunddag-Tiveden-2026-05-768x576.jpg 768w, https:\/\/krets.jagareforbundet.se\/motala\/files\/2026\/03\/Hunddag-Tiveden-2026-05-1536x1152.jpg 1536w, https:\/\/krets.jagareforbundet.se\/motala\/files\/2026\/03\/Hunddag-Tiveden-2026-05-2048x1536.jpg 2048w\" sizes=\"auto, (max-width: 300px) 100vw, 300px\" \/><\/a>\n\t\t\t<\/dt>\n\t\t\t\t<dd class='wp-caption-text gallery-caption' id='gallery-1-2414'>\n\t\t\t\tEfters\u00f6ksarbete 1\n\t\t\t\t<\/dd><\/dl><dl class='gallery-item'>\n\t\t\t<dt class='gallery-icon landscape'>\n\t\t\t\t<a href='https:\/\/krets.jagareforbundet.se\/motala\/hunddag-tiveden-2026-06\/'><img loading=\"lazy\" decoding=\"async\" width=\"300\" height=\"225\" src=\"https:\/\/krets.jagareforbundet.se\/motala\/files\/2026\/03\/Hunddag-Tiveden-2026-06-300x225.jpg\" class=\"attachment-medium size-medium\" alt=\"\" aria-describedby=\"gallery-1-2415\" srcset=\"https:\/\/krets.jagareforbundet.se\/motala\/files\/2026\/03\/Hunddag-Tiveden-2026-06-300x225.jpg 300w, https:\/\/krets.jagareforbundet.se\/motala\/files\/2026\/03\/Hunddag-Tiveden-2026-06-1024x768.jpg 1024w, https:\/\/krets.jagareforbundet.se\/motala\/files\/2026\/03\/Hunddag-Tiveden-2026-06-768x576.jpg 768w, https:\/\/krets.jagareforbundet.se\/motala\/files\/2026\/03\/Hunddag-Tiveden-2026-06-1536x1152.jpg 1536w, https:\/\/krets.jagareforbundet.se\/motala\/files\/2026\/03\/Hunddag-Tiveden-2026-06-2048x1536.jpg 2048w\" sizes=\"auto, (max-width: 300px) 100vw, 300px\" \/><\/a>\n\t\t\t<\/dt>\n\t\t\t\t<dd class='wp-caption-text gallery-caption' id='gallery-1-2415'>\n\t\t\t\tEfters\u00f6ksarbete 2\n\t\t\t\t<\/dd><\/dl><dl class='gallery-item'>\n\t\t\t<dt class='gallery-icon landscape'>\n\t\t\t\t<a href='https:\/\/krets.jagareforbundet.se\/motala\/hunddag-tiveden-2026-08\/'><img loading=\"lazy\" decoding=\"async\" width=\"300\" height=\"225\" src=\"https:\/\/krets.jagareforbundet.se\/motala\/files\/2026\/03\/Hunddag-Tiveden-2026-08-300x225.jpg\" class=\"attachment-medium size-medium\" alt=\"\" aria-describedby=\"gallery-1-2416\" srcset=\"https:\/\/krets.jagareforbundet.se\/motala\/files\/2026\/03\/Hunddag-Tiveden-2026-08-300x225.jpg 300w, https:\/\/krets.jagareforbundet.se\/motala\/files\/2026\/03\/Hunddag-Tiveden-2026-08-1024x768.jpg 1024w, https:\/\/krets.jagareforbundet.se\/motala\/files\/2026\/03\/Hunddag-Tiveden-2026-08-768x576.jpg 768w, https:\/\/krets.jagareforbundet.se\/motala\/files\/2026\/03\/Hunddag-Tiveden-2026-08-1536x1152.jpg 1536w, https:\/\/krets.jagareforbundet.se\/motala\/files\/2026\/03\/Hunddag-Tiveden-2026-08-2048x1536.jpg 2048w\" sizes=\"auto, (max-width: 300px) 100vw, 300px\" \/><\/a>\n\t\t\t<\/dt>\n\t\t\t\t<dd class='wp-caption-text gallery-caption' id='gallery-1-2416'>\n\t\t\t\tEfters\u00f6ksarbete 3\n\t\t\t\t<\/dd><\/dl><br style=\"clear: both\" \/><dl class='gallery-item'>\n\t\t\t<dt class='gallery-icon landscape'>\n\t\t\t\t<a href='https:\/\/krets.jagareforbundet.se\/motala\/hunddag-tiveden-2026-10\/'><img loading=\"lazy\" decoding=\"async\" width=\"300\" height=\"225\" src=\"https:\/\/krets.jagareforbundet.se\/motala\/files\/2026\/03\/Hunddag-Tiveden-2026-10-300x225.jpg\" class=\"attachment-medium size-medium\" alt=\"\" aria-describedby=\"gallery-1-2418\" srcset=\"https:\/\/krets.jagareforbundet.se\/motala\/files\/2026\/03\/Hunddag-Tiveden-2026-10-300x225.jpg 300w, https:\/\/krets.jagareforbundet.se\/motala\/files\/2026\/03\/Hunddag-Tiveden-2026-10-1024x768.jpg 1024w, https:\/\/krets.jagareforbundet.se\/motala\/files\/2026\/03\/Hunddag-Tiveden-2026-10-768x576.jpg 768w, https:\/\/krets.jagareforbundet.se\/motala\/files\/2026\/03\/Hunddag-Tiveden-2026-10-1536x1152.jpg 1536w, https:\/\/krets.jagareforbundet.se\/motala\/files\/2026\/03\/Hunddag-Tiveden-2026-10-2048x1536.jpg 2048w\" sizes=\"auto, (max-width: 300px) 100vw, 300px\" \/><\/a>\n\t\t\t<\/dt>\n\t\t\t\t<dd class='wp-caption-text gallery-caption' id='gallery-1-2418'>\n\t\t\t\tMonster\n\t\t\t\t<\/dd><\/dl><dl class='gallery-item'>\n\t\t\t<dt class='gallery-icon landscape'>\n\t\t\t\t<a href='https:\/\/krets.jagareforbundet.se\/motala\/hunddag-tiveden-2026-09\/'><img loading=\"lazy\" decoding=\"async\" width=\"300\" height=\"225\" src=\"https:\/\/krets.jagareforbundet.se\/motala\/files\/2026\/03\/Hunddag-Tiveden-2026-09-300x225.jpg\" class=\"attachment-medium size-medium\" alt=\"\" aria-describedby=\"gallery-1-2417\" srcset=\"https:\/\/krets.jagareforbundet.se\/motala\/files\/2026\/03\/Hunddag-Tiveden-2026-09-300x225.jpg 300w, https:\/\/krets.jagareforbundet.se\/motala\/files\/2026\/03\/Hunddag-Tiveden-2026-09-1024x768.jpg 1024w, https:\/\/krets.jagareforbundet.se\/motala\/files\/2026\/03\/Hunddag-Tiveden-2026-09-768x576.jpg 768w, https:\/\/krets.jagareforbundet.se\/motala\/files\/2026\/03\/Hunddag-Tiveden-2026-09-1536x1152.jpg 1536w, https:\/\/krets.jagareforbundet.se\/motala\/files\/2026\/03\/Hunddag-Tiveden-2026-09-2048x1536.jpg 2048w\" sizes=\"auto, (max-width: 300px) 100vw, 300px\" \/><\/a>\n\t\t\t<\/dt>\n\t\t\t\t<dd class='wp-caption-text gallery-caption' id='gallery-1-2417'>\n\t\t\t\tEvidensia\n\t\t\t\t<\/dd><\/dl><dl class='gallery-item'>\n\t\t\t<dt class='gallery-icon landscape'>\n\t\t\t\t<a href='https:\/\/krets.jagareforbundet.se\/motala\/hunddag-tiveden-2026-13\/'><img loading=\"lazy\" decoding=\"async\" width=\"300\" height=\"225\" src=\"https:\/\/krets.jagareforbundet.se\/motala\/files\/2026\/03\/Hunddag-Tiveden-2026-13-300x225.jpg\" class=\"attachment-medium size-medium\" alt=\"\" aria-describedby=\"gallery-1-2421\" srcset=\"https:\/\/krets.jagareforbundet.se\/motala\/files\/2026\/03\/Hunddag-Tiveden-2026-13-300x225.jpg 300w, https:\/\/krets.jagareforbundet.se\/motala\/files\/2026\/03\/Hunddag-Tiveden-2026-13-1024x768.jpg 1024w, https:\/\/krets.jagareforbundet.se\/motala\/files\/2026\/03\/Hunddag-Tiveden-2026-13-768x576.jpg 768w, https:\/\/krets.jagareforbundet.se\/motala\/files\/2026\/03\/Hunddag-Tiveden-2026-13-1536x1152.jpg 1536w, https:\/\/krets.jagareforbundet.se\/motala\/files\/2026\/03\/Hunddag-Tiveden-2026-13-2048x1536.jpg 2048w\" sizes=\"auto, (max-width: 300px) 100vw, 300px\" \/><\/a>\n\t\t\t<\/dt>\n\t\t\t\t<dd class='wp-caption-text gallery-caption' id='gallery-1-2421'>\n\t\t\t\tMingel\n\t\t\t\t<\/dd><\/dl><br style=\"clear: both\" \/><dl class='gallery-item'>\n\t\t\t<dt class='gallery-icon landscape'>\n\t\t\t\t<a href='https:\/\/krets.jagareforbundet.se\/motala\/hunddag-tiveden-2026-29\/'><img loading=\"lazy\" decoding=\"async\" width=\"300\" height=\"225\" src=\"https:\/\/krets.jagareforbundet.se\/motala\/files\/2026\/03\/Hunddag-Tiveden-2026-29-300x225.jpg\" class=\"attachment-medium size-medium\" alt=\"\" aria-describedby=\"gallery-1-2425\" srcset=\"https:\/\/krets.jagareforbundet.se\/motala\/files\/2026\/03\/Hunddag-Tiveden-2026-29-300x225.jpg 300w, https:\/\/krets.jagareforbundet.se\/motala\/files\/2026\/03\/Hunddag-Tiveden-2026-29-1024x768.jpg 1024w, https:\/\/krets.jagareforbundet.se\/motala\/files\/2026\/03\/Hunddag-Tiveden-2026-29-768x576.jpg 768w, https:\/\/krets.jagareforbundet.se\/motala\/files\/2026\/03\/Hunddag-Tiveden-2026-29-1536x1152.jpg 1536w, https:\/\/krets.jagareforbundet.se\/motala\/files\/2026\/03\/Hunddag-Tiveden-2026-29-2048x1536.jpg 2048w\" sizes=\"auto, (max-width: 300px) 100vw, 300px\" \/><\/a>\n\t\t\t<\/dt>\n\t\t\t\t<dd class='wp-caption-text gallery-caption' id='gallery-1-2425'>\n\t\t\t\tGrytanl\u00e4ggningen\n\t\t\t\t<\/dd><\/dl><dl class='gallery-item'>\n\t\t\t<dt class='gallery-icon landscape'>\n\t\t\t\t<a href='https:\/\/krets.jagareforbundet.se\/motala\/hunddag-tiveden-2026-30\/'><img loading=\"lazy\" decoding=\"async\" width=\"300\" height=\"225\" src=\"https:\/\/krets.jagareforbundet.se\/motala\/files\/2026\/03\/Hunddag-Tiveden-2026-30-300x225.jpg\" class=\"attachment-medium size-medium\" alt=\"\" aria-describedby=\"gallery-1-2426\" srcset=\"https:\/\/krets.jagareforbundet.se\/motala\/files\/2026\/03\/Hunddag-Tiveden-2026-30-300x225.jpg 300w, https:\/\/krets.jagareforbundet.se\/motala\/files\/2026\/03\/Hunddag-Tiveden-2026-30-1024x768.jpg 1024w, https:\/\/krets.jagareforbundet.se\/motala\/files\/2026\/03\/Hunddag-Tiveden-2026-30-768x576.jpg 768w, https:\/\/krets.jagareforbundet.se\/motala\/files\/2026\/03\/Hunddag-Tiveden-2026-30-1536x1152.jpg 1536w, https:\/\/krets.jagareforbundet.se\/motala\/files\/2026\/03\/Hunddag-Tiveden-2026-30-2048x1536.jpg 2048w\" sizes=\"auto, (max-width: 300px) 100vw, 300px\" \/><\/a>\n\t\t\t<\/dt>\n\t\t\t\t<dd class='wp-caption-text gallery-caption' id='gallery-1-2426'>\n\t\t\t\tLite korv ocks\u00e5 s\u00e5klart\n\t\t\t\t<\/dd><\/dl><dl class='gallery-item'>\n\t\t\t<dt class='gallery-icon landscape'>\n\t\t\t\t<a href='https:\/\/krets.jagareforbundet.se\/motala\/hunddag-tiveden-2026-31\/'><img loading=\"lazy\" decoding=\"async\" width=\"300\" height=\"225\" src=\"https:\/\/krets.jagareforbundet.se\/motala\/files\/2026\/03\/Hunddag-Tiveden-2026-31-300x225.jpg\" class=\"attachment-medium size-medium\" alt=\"\" aria-describedby=\"gallery-1-2427\" srcset=\"https:\/\/krets.jagareforbundet.se\/motala\/files\/2026\/03\/Hunddag-Tiveden-2026-31-300x225.jpg 300w, https:\/\/krets.jagareforbundet.se\/motala\/files\/2026\/03\/Hunddag-Tiveden-2026-31-1024x768.jpg 1024w, https:\/\/krets.jagareforbundet.se\/motala\/files\/2026\/03\/Hunddag-Tiveden-2026-31-768x576.jpg 768w, https:\/\/krets.jagareforbundet.se\/motala\/files\/2026\/03\/Hunddag-Tiveden-2026-31-1536x1152.jpg 1536w, https:\/\/krets.jagareforbundet.se\/motala\/files\/2026\/03\/Hunddag-Tiveden-2026-31-2048x1536.jpg 2048w\" sizes=\"auto, (max-width: 300px) 100vw, 300px\" \/><\/a>\n\t\t\t<\/dt>\n\t\t\t\t<dd class='wp-caption-text gallery-caption' id='gallery-1-2427'>\n\t\t\t\tSmakar alltid bra\n\t\t\t\t<\/dd><\/dl><br style=\"clear: both\" \/>\n\t\t<\/div>\n\n","protected":false},"excerpt":{"rendered":"<p>L\u00f6rdag den 21\/3 bes\u00f6kte Motalakretsen Tiveds jakt tillsammans med n\u00e4rmre 25 intresserade j\u00e4gare\/hussar\/mattar och ca 15 hundar. Tiveds jakt \u00e4r en anl\u00e4ggning f\u00f6r tr\u00e4ning av hundar med tre vildsvinsh\u00e4gn och en konstgjord grytanl\u00e4ggning. F\u00f6r v\u00e5r del var det denna dag h\u00e4gnen med vildsvin som g\u00e4llde, \u00e4ven om vi ut\u00f6ver det hade ocks\u00e5 hade preparerat n\u00e5gra [&hellip;]<\/p>\n","protected":false},"author":109,"featured_media":2423,"parent":355,"menu_order":80,"comment_status":"closed","ping_status":"closed","template":"","meta":{"footnotes":""},"class_list":["post-2428","page","type-page","status-publish","has-post-thumbnail","hentry"],"_links":{"self":[{"href":"https:\/\/krets.jagareforbundet.se\/motala\/wp-json\/wp\/v2\/pages\/2428","targetHints":{"allow":["GET"]}}],"collection":[{"href":"https:\/\/krets.jagareforbundet.se\/motala\/wp-json\/wp\/v2\/pages"}],"about":[{"href":"https:\/\/krets.jagareforbundet.se\/motala\/wp-json\/wp\/v2\/types\/page"}],"author":[{"embeddable":true,"href":"https:\/\/krets.jagareforbundet.se\/motala\/wp-json\/wp\/v2\/users\/109"}],"replies":[{"embeddable":true,"href":"https:\/\/krets.jagareforbundet.se\/motala\/wp-json\/wp\/v2\/comments?post=2428"}],"version-history":[{"count":2,"href":"https:\/\/krets.jagareforbundet.se\/motala\/wp-json\/wp\/v2\/pages\/2428\/revisions"}],"predecessor-version":[{"id":2431,"href":"https:\/\/krets.jagareforbundet.se\/motala\/wp-json\/wp\/v2\/pages\/2428\/revisions\/2431"}],"up":[{"embeddable":true,"href":"https:\/\/krets.jagareforbundet.se\/motala\/wp-json\/wp\/v2\/pages\/355"}],"wp:featuredmedia":[{"embeddable":true,"href":"https:\/\/krets.jagareforbundet.se\/motala\/wp-json\/wp\/v2\/media\/2423"}],"wp:attachment":[{"href":"https:\/\/krets.jagareforbundet.se\/motala\/wp-json\/wp\/v2\/media?parent=2428"}],"curies":[{"name":"wp","href":"https:\/\/api.w.org\/{rel}","templated":true}]}}