{"id":261,"date":"2014-01-29T19:52:36","date_gmt":"2014-01-29T18:52:36","guid":{"rendered":"https:\/\/krets.jagareforbundet.se\/motala\/?page_id=261"},"modified":"2021-04-26T13:59:08","modified_gmt":"2021-04-26T11:59:08","slug":"utbildning","status":"publish","type":"page","link":"https:\/\/krets.jagareforbundet.se\/motala\/utbildning\/","title":{"rendered":"Utbildning"},"content":{"rendered":"<h2>Jaktledarutbildning<\/h2>\n<p>Jaktledaren \u00e4r en nyckelperson i jaktlaget. F\u00f6rutom att ha kontroll p\u00e5 jaktens genomf\u00f6rande s\u00e5 att den sker p\u00e5 ett s\u00e4kert och bra s\u00e4tt vid olika former av gemensamhetsjakt ska jaktledaren ocks\u00e5 ha kunskap om lagar och regelverk. Det \u00e4r ocks\u00e5 jaktledaren som genom sitt upptr\u00e4dande s\u00e4tter normerna i jaktlaget vad g\u00e4ller jaktetik och hantering av viltet.<\/p>\n<p><a href=\"http:\/\/jagareforbundet.se\/utbildning\/vara-kurser\/jaktledarutbildning\/\" target=\"_blank\" rel=\"noopener\">Ytterligare kursbeskrivning och anm\u00e4lan<\/a><\/p>\n<h2>Viltunders\u00f6karen<\/h2>\n<p>Med j\u00e4mna mellanrum g\u00e5r i v\u00e5rt n\u00e4romr\u00e5de\u00a0utbildningen &#8221;Viltunders\u00f6karen&#8221;.<\/p>\n<p>Mer info finns p\u00e5 f\u00f6ljande l\u00e4nkar:<\/p>\n<p><a href=\"https:\/\/krets.jagareforbundet.se\/motala\/files\/2014\/02\/Viltunders\u00f6karen_2014.pdf\">Informationsblad<\/a><\/p>\n<p><a href=\"http:\/\/jagareforbundet.se\/utbildning\/vara-kurser\/viltundersokaren\/\" target=\"_blank\" rel=\"noopener\">Kursbeskrivning och anm\u00e4lan<\/a><\/p>\n<h2>Den Vilda Maten &#8211; Tillvaratagande av kl\u00f6vvilt<\/h2>\n<p>Kanske \u00e4r det l\u00e4ge f\u00f6r jaktlaget eller kompisg\u00e4nget att tr\u00e4ffas kring ett tema p\u00e5 \u00e4mnet jakt. J\u00e4garef\u00f6rbundet tillsammans med Studiefr\u00e4mjandet har tagit fram utbildningspaketet &#8221;Den vilda maten &#8211; Tillvaratagande av kl\u00f6vvilt&#8221;. Information om materialet finns p\u00e5 denna <a href=\"http:\/\/jagareforbundet.se\/Documents\/Utbildning\/Studieplan%20till%20DVM%20Tillvaratagande%20av%20kl%C3%B6vvilt%202013.pdf\" target=\"_blank\" rel=\"noopener\">l\u00e4nk<\/a>.<\/p>\n<h2>Utbildningsl\u00e4nkar<\/h2>\n<p><a href=\"http:\/\/www.studieframjandet.se\/ostergotland\/Hitta-din-grej\/Jakt-och-fiske\/\" target=\"_blank\" rel=\"noopener\">Studiefr\u00e4mjandet \u00d6sterg\u00f6tland -&gt; Jakt &amp; Fiske<\/a><\/p>\n<p><a href=\"http:\/\/jagareforbundet.se\/utbildning\/\" target=\"_blank\" rel=\"noopener\">J\u00e4garef\u00f6rbundet -&gt; Utbildning<\/a><\/p>\n<p>&nbsp;<\/p>\n","protected":false},"excerpt":{"rendered":"<p>Jaktledarutbildning Jaktledaren \u00e4r en nyckelperson i jaktlaget. F\u00f6rutom att ha kontroll p\u00e5 jaktens genomf\u00f6rande s\u00e5 att den sker p\u00e5 ett s\u00e4kert och bra s\u00e4tt vid olika former av gemensamhetsjakt ska jaktledaren ocks\u00e5 ha kunskap om lagar och regelverk. Det \u00e4r ocks\u00e5 jaktledaren som genom sitt upptr\u00e4dande s\u00e4tter normerna i jaktlaget vad g\u00e4ller jaktetik och hantering [&hellip;]<\/p>\n","protected":false},"author":109,"featured_media":517,"parent":0,"menu_order":75,"comment_status":"open","ping_status":"open","template":"","meta":{"footnotes":""},"class_list":["post-261","page","type-page","status-publish","has-post-thumbnail","hentry"],"_links":{"self":[{"href":"https:\/\/krets.jagareforbundet.se\/motala\/wp-json\/wp\/v2\/pages\/261","targetHints":{"allow":["GET"]}}],"collection":[{"href":"https:\/\/krets.jagareforbundet.se\/motala\/wp-json\/wp\/v2\/pages"}],"about":[{"href":"https:\/\/krets.jagareforbundet.se\/motala\/wp-json\/wp\/v2\/types\/page"}],"author":[{"embeddable":true,"href":"https:\/\/krets.jagareforbundet.se\/motala\/wp-json\/wp\/v2\/users\/109"}],"replies":[{"embeddable":true,"href":"https:\/\/krets.jagareforbundet.se\/motala\/wp-json\/wp\/v2\/comments?post=261"}],"version-history":[{"count":2,"href":"https:\/\/krets.jagareforbundet.se\/motala\/wp-json\/wp\/v2\/pages\/261\/revisions"}],"predecessor-version":[{"id":1658,"href":"https:\/\/krets.jagareforbundet.se\/motala\/wp-json\/wp\/v2\/pages\/261\/revisions\/1658"}],"wp:featuredmedia":[{"embeddable":true,"href":"https:\/\/krets.jagareforbundet.se\/motala\/wp-json\/wp\/v2\/media\/517"}],"wp:attachment":[{"href":"https:\/\/krets.jagareforbundet.se\/motala\/wp-json\/wp\/v2\/media?parent=261"}],"curies":[{"name":"wp","href":"https:\/\/api.w.org\/{rel}","templated":true}]}}