{"id":312,"date":"2014-03-11T22:34:34","date_gmt":"2014-03-11T21:34:34","guid":{"rendered":"https:\/\/krets.jagareforbundet.se\/motala\/?page_id=312"},"modified":"2023-04-19T20:41:02","modified_gmt":"2023-04-19T18:41:02","slug":"rovdjur","status":"publish","type":"page","link":"https:\/\/krets.jagareforbundet.se\/motala\/rovdjur\/","title":{"rendered":"Rovdjur"},"content":{"rendered":"<h2>Tv\u00e5 nya vargrevir i kommunen<\/h2>\n<p>P\u00e5 kort tid har det konstaterats tv\u00e5 nya vargrevir som ber\u00f6r Motala kommun. Det ena \u00e4r F\u00e5gelmossen som str\u00e4cker sig fr\u00e5n Borensberg i s\u00f6der och upp till Godeg\u00e5rd i norr, och det andra \u00e4r Tisaren som str\u00e4cker sig fr\u00e5n Godeg\u00e5rd och upp till Hallsberg.<\/p>\n<p>Testar att l\u00e4nka till en video som nyligen sannolikt f\u00e5ngat en av vargarna i F\u00e5gelmossenreviret.<\/p>\n\n<!-- iframe plugin v.6.0 wordpress.org\/plugins\/iframe\/ -->\n<iframe loading=\"lazy\" 0 1=\"\/&gt;\" src=\"https:\/\/drive.google.com\/file\/d\/1UYAm0Fq1umE_0XtaM5T9CQUfNA8Fx92x\/preview\" width=\"640\" height=\"480\" allow=\"autoplay\" scrolling=\"yes\" class=\"iframe-class\" frameborder=\"0\"><\/iframe>\n\n<h2>Ytterligare vargf\u00e5ngst inom JF&#8217;s kameraprojekt<\/h2>\n<p>J\u00e4garef\u00f6rbundets kameraprojekt fick den 13\/11 ytterligare en varg p\u00e5 bild.<\/p>\n<p>Motalakretsen har totalt 10st kameror strategiskt utsatta inom kommunen.<\/p>\n<p>F\u00e5r man en bild p\u00e5 en kamera, l\u00e4gg in observationen p\u00e5 <a href=\"http:\/\/www.skandobs.se\">www.skandobs.se<\/a>. All rapportering \u00e4r viktig f\u00f6r inventering!<\/p>\n<p><a href=\"https:\/\/krets.jagareforbundet.se\/motala\/files\/2022\/11\/Rovdjurskamera_1.jpg\"><img loading=\"lazy\" decoding=\"async\" class=\"alignnone wp-image-1915 size-full\" src=\"https:\/\/krets.jagareforbundet.se\/motala\/files\/2022\/11\/Rovdjurskamera_1.jpg\" alt=\"\" width=\"640\" height=\"475\" srcset=\"https:\/\/krets.jagareforbundet.se\/motala\/files\/2022\/11\/Rovdjurskamera_1.jpg 640w, https:\/\/krets.jagareforbundet.se\/motala\/files\/2022\/11\/Rovdjurskamera_1-300x223.jpg 300w\" sizes=\"auto, (max-width: 640px) 100vw, 640px\" \/><\/a><\/p>\n<h2>JF \u00d6sterg\u00f6tland kameraprojekt<\/h2>\n<p>Till h\u00f6sten 2021 k\u00f6ptes ett st\u00f6rre antal viltkameror in avsedda till att dokumentera f\u00f6rekomst av rovdjur runt om i \u00d6sterg\u00f6tland. I Motala har vi 10 kameror, och nedan n\u00e5gra filmer som f\u00e5ngats fr\u00e5n en av dessa.<\/p>\n<div class=\"wp-playlist wp-video-playlist wp-playlist-light\">\n\t\t<video controls=\"controls\" preload=\"none\" width=\"640\"\n\t\t height=\"360\"\t><\/video>\n\t<div class=\"wp-playlist-next\"><\/div>\n\t<div class=\"wp-playlist-prev\"><\/div>\n\t<noscript>\n\t<ol>\n\t\t<li><a href='https:\/\/krets.jagareforbundet.se\/motala\/files\/2022\/06\/IMAG0026.mov'>IMAG0026<\/a><\/li><li><a href='https:\/\/krets.jagareforbundet.se\/motala\/files\/2022\/06\/IMAG0027.mov'>IMAG0027<\/a><\/li><li><a href='https:\/\/krets.jagareforbundet.se\/motala\/files\/2022\/06\/IMAG0033.mov'>IMAG0033<\/a><\/li><li><a href='https:\/\/krets.jagareforbundet.se\/motala\/files\/2022\/06\/IMAG0042.mov'>IMAG0042<\/a><\/li>\t<\/ol>\n\t<\/noscript>\n\t<script type=\"application\/json\" class=\"wp-playlist-script\">{\"type\":\"video\",\"tracklist\":true,\"tracknumbers\":true,\"images\":true,\"artists\":true,\"tracks\":[{\"src\":\"https:\/\/krets.jagareforbundet.se\/motala\/files\/2022\/06\/IMAG0026.mov\",\"type\":\"video\/quicktime\",\"title\":\"IMAG0026\",\"caption\":\"\",\"description\":\"\",\"meta\":{\"length_formatted\":\"0:20\"},\"dimensions\":{\"original\":{\"width\":1280,\"height\":720},\"resized\":{\"width\":640,\"height\":360}},\"image\":{\"src\":\"https:\/\/krets.jagareforbundet.se\/motala\/files\/2022\/06\/IMAG0026-mov-image.jpg\",\"width\":320,\"height\":240},\"thumb\":{\"src\":\"https:\/\/krets.jagareforbundet.se\/motala\/files\/2022\/06\/IMAG0026-mov-image-150x150.jpg\",\"width\":150,\"height\":150}},{\"src\":\"https:\/\/krets.jagareforbundet.se\/motala\/files\/2022\/06\/IMAG0027.mov\",\"type\":\"video\/quicktime\",\"title\":\"IMAG0027\",\"caption\":\"\",\"description\":\"\",\"meta\":{\"length_formatted\":\"0:20\"},\"dimensions\":{\"original\":{\"width\":1280,\"height\":720},\"resized\":{\"width\":640,\"height\":360}},\"image\":{\"src\":\"https:\/\/krets.jagareforbundet.se\/motala\/files\/2022\/06\/IMAG0027-mov-image.jpg\",\"width\":320,\"height\":240},\"thumb\":{\"src\":\"https:\/\/krets.jagareforbundet.se\/motala\/files\/2022\/06\/IMAG0027-mov-image-150x150.jpg\",\"width\":150,\"height\":150}},{\"src\":\"https:\/\/krets.jagareforbundet.se\/motala\/files\/2022\/06\/IMAG0033.mov\",\"type\":\"video\/quicktime\",\"title\":\"IMAG0033\",\"caption\":\"\",\"description\":\"\",\"meta\":{\"length_formatted\":\"0:20\"},\"dimensions\":{\"original\":{\"width\":1280,\"height\":720},\"resized\":{\"width\":640,\"height\":360}},\"image\":{\"src\":\"https:\/\/krets.jagareforbundet.se\/motala\/files\/2022\/06\/IMAG0033-mov-image.jpg\",\"width\":320,\"height\":240},\"thumb\":{\"src\":\"https:\/\/krets.jagareforbundet.se\/motala\/files\/2022\/06\/IMAG0033-mov-image-150x150.jpg\",\"width\":150,\"height\":150}},{\"src\":\"https:\/\/krets.jagareforbundet.se\/motala\/files\/2022\/06\/IMAG0042.mov\",\"type\":\"video\/quicktime\",\"title\":\"IMAG0042\",\"caption\":\"\",\"description\":\"\",\"meta\":{\"length_formatted\":\"0:20\"},\"dimensions\":{\"original\":{\"width\":1280,\"height\":720},\"resized\":{\"width\":640,\"height\":360}},\"image\":{\"src\":\"https:\/\/krets.jagareforbundet.se\/motala\/files\/2022\/06\/IMAG0042-mov-image.jpg\",\"width\":320,\"height\":240},\"thumb\":{\"src\":\"https:\/\/krets.jagareforbundet.se\/motala\/files\/2022\/06\/IMAG0042-mov-image-150x150.jpg\",\"width\":150,\"height\":150}}]}<\/script>\n<\/div>\n\t\n<h2>F\u00f6rmodad varg i trakten av Tj\u00e4llmo<\/h2>\n<p>P\u00e5 Ny\u00e5rsafton 31\/12-2016\u00a0anm\u00e4ldes en observation av en f\u00f6rmodad varg i trakterna kring Tj\u00e4llmo. Det har under senaste m\u00e5naden \u00e4ven funnits observationer om varg i omr\u00e5dena kring V\u00e5nga och H\u00e4llestad. F\u00f6r att f\u00e5 \u00e4nnu b\u00e4ttre och s\u00e4krare underlag till fortsatt kvalitetss\u00e4kring \u00e4r det viktigt att observationer eller sp\u00e5r efter varg och lodjur snarast rapporteras till n\u00e5gon av v\u00e5ra sp\u00e5rtolkar i Motala eller via v\u00e5r rovdjursansvarige i Motala jaktv\u00e5rdskrets. Vi v\u00e4djar nu till v\u00e5ra medlemmar att vara observanta och rapportera in om man antr\u00e4ffar misst\u00e4nkta sp\u00e5r eller spillning i kommande sn\u00f6fall.<\/p>\n<p>F\u00f6lj ocks\u00e5 g\u00e4rna Skandobs via hemsida: <a href=\"http:\/\/www.skandobs.se\/\">http:\/\/www.skandobs.se\/<\/a>\u00a0 eller som App direkt i mobiltelefonen.<\/p>\n<h2>Sp\u00e5rtolkar utsedda<\/h2>\n<p>H\u00f6sten 2015 bildades en sp\u00e5rtolksgrupp i Motala. Denna grupp best\u00e5r av Daniel Hellqvist, Hans Abrahamsson, Bengt Andersson och Kenth Andersson. Dessa personer ska vara en l\u00e4nk mellan j\u00e4gare\/allm\u00e4nhet och L\u00e4nsstyrelsens kvalitetss\u00e4krare, f\u00f6r att g\u00f6ra det l\u00e4ttare att rapportera observationer av rovdjur och rovdjurssp\u00e5r.<\/p>\n<p>Dessa sp\u00e5rtolkar har f\u00e5tt ett grundl\u00e4ggande utbildning, och kommer ocks\u00e5 att fortsatt utbildas kontinuerligt, f\u00f6r att kunna fungera som lokala kontaktpersoner n\u00e4r det g\u00e4ller rovdjursobservationer.<\/p>\n<h2>Lodjursm\u00e4rkning<\/h2>\n<div><a href=\"https:\/\/krets.jagareforbundet.se\/motala\/files\/2014\/03\/Rovdjur_140219.jpg\"><img loading=\"lazy\" decoding=\"async\" class=\"alignleft size-medium wp-image-313\" src=\"https:\/\/krets.jagareforbundet.se\/motala\/files\/2014\/03\/Rovdjur_140219-300x225.jpg\" alt=\"Rovdjur_140219\" width=\"300\" height=\"225\" srcset=\"https:\/\/krets.jagareforbundet.se\/motala\/files\/2014\/03\/Rovdjur_140219-300x225.jpg 300w, https:\/\/krets.jagareforbundet.se\/motala\/files\/2014\/03\/Rovdjur_140219-1024x767.jpg 1024w, https:\/\/krets.jagareforbundet.se\/motala\/files\/2014\/03\/Rovdjur_140219.jpg 1648w\" sizes=\"auto, (max-width: 300px) 100vw, 300px\" \/><\/a><\/div>\n<p><span style=\"font-family: Arial\">140219 f\u00e5ngades en lodjurshane i en av Grims\u00f6s forskningsf\u00e4llor v om Godeg\u00e5rd. <\/span><span style=\"font-family: Arial\">Det var en hane som tidigare s\u00e4ndarf\u00f6rsetts i Finsp\u00e5ngs kommun 2009. <\/span><span style=\"font-family: Arial\">Lohanen v\u00e4gde 23,4 kg\u00a0och var 8 \u00e5r gammal.<\/span><\/p>\n<p><span style=\"font-family: Arial\">Efter s\u00f6vningen s\u00e5 kontroleras att den kan sl\u00e5 byte, vilket han gjorde uppe i Hammar. <\/span><span style=\"font-family: Arial\">Det var d\u00e5 en kronhjortskalv som han dr\u00e4pt och \u00e5t upp.<\/span><\/p>\n<p><span style=\"font-family: Arial\">H\u00e4lsar Lasse Larsson<\/span><\/p>\n<h2><\/h2>\n<h2><span style=\"font-family: Arial\">Lodjursf\u00f6ryngring konstaterad<\/span><\/h2>\n<div>\n<div id=\"attachment_244\" style=\"width: 310px\" class=\"wp-caption alignleft\"><a href=\"https:\/\/krets.jagareforbundet.se\/motala\/files\/2013\/12\/Rovdjur_131207-Tre-djur-i-samma-rikning.jpg\"><img loading=\"lazy\" decoding=\"async\" aria-describedby=\"caption-attachment-244\" class=\"size-medium wp-image-244\" src=\"https:\/\/krets.jagareforbundet.se\/motala\/files\/2013\/12\/Rovdjur_131207-Tre-djur-i-samma-rikning-300x225.jpg\" alt=\"Lodjurssp\u00e5r x 3\" width=\"300\" height=\"225\" srcset=\"https:\/\/krets.jagareforbundet.se\/motala\/files\/2013\/12\/Rovdjur_131207-Tre-djur-i-samma-rikning-300x225.jpg 300w, https:\/\/krets.jagareforbundet.se\/motala\/files\/2013\/12\/Rovdjur_131207-Tre-djur-i-samma-rikning-1024x767.jpg 1024w, https:\/\/krets.jagareforbundet.se\/motala\/files\/2013\/12\/Rovdjur_131207-Tre-djur-i-samma-rikning.jpg 1648w\" sizes=\"auto, (max-width: 300px) 100vw, 300px\" \/><\/a><p id=\"caption-attachment-244\" class=\"wp-caption-text\">Lodjurssp\u00e5r x 3<\/p><\/div>\n<\/div>\n<div><\/div>\n<div>\n<p>2013-12-15: Det har kvalitetss\u00e4krats en lof\u00f6ryngring hona med tv\u00e5 ungar \u00d6 om Godeg\u00e5rd.<br \/>\nSedan har det varit sp\u00e5r av lodjur v om Godeg\u00e5rd samt sp\u00e5r \u00e4ven S om Tj\u00e4lltorp.<br \/>\nEtt tack till rapport\u00f6ren om sp\u00e5ren, samt f\u00f6rhoppning om att j\u00e4gare i jaktv\u00e5rdskretsen<br \/>\nrapporterar n\u00e4r de ser sp\u00e5r.<br \/>\nDet \u00e4r f\u00f6rsta rapporten f\u00f6r s\u00e4songen \u00a0fr\u00e5n kvalitetss\u00e4krarna Lasse Larsson o Christer Eriksson.<br \/>\nH\u00e4lsar Lasse Larsson<\/p>\n<\/div>\n","protected":false},"excerpt":{"rendered":"<p>Tv\u00e5 nya vargrevir i kommunen P\u00e5 kort tid har det konstaterats tv\u00e5 nya vargrevir som ber\u00f6r Motala kommun. Det ena \u00e4r F\u00e5gelmossen som str\u00e4cker sig fr\u00e5n Borensberg i s\u00f6der och upp till Godeg\u00e5rd i norr, och det andra \u00e4r Tisaren som str\u00e4cker sig fr\u00e5n Godeg\u00e5rd och upp till Hallsberg. Testar att l\u00e4nka till en video [&hellip;]<\/p>\n","protected":false},"author":109,"featured_media":0,"parent":0,"menu_order":60,"comment_status":"open","ping_status":"open","template":"","meta":{"footnotes":""},"class_list":["post-312","page","type-page","status-publish","hentry"],"_links":{"self":[{"href":"https:\/\/krets.jagareforbundet.se\/motala\/wp-json\/wp\/v2\/pages\/312","targetHints":{"allow":["GET"]}}],"collection":[{"href":"https:\/\/krets.jagareforbundet.se\/motala\/wp-json\/wp\/v2\/pages"}],"about":[{"href":"https:\/\/krets.jagareforbundet.se\/motala\/wp-json\/wp\/v2\/types\/page"}],"author":[{"embeddable":true,"href":"https:\/\/krets.jagareforbundet.se\/motala\/wp-json\/wp\/v2\/users\/109"}],"replies":[{"embeddable":true,"href":"https:\/\/krets.jagareforbundet.se\/motala\/wp-json\/wp\/v2\/comments?post=312"}],"version-history":[{"count":3,"href":"https:\/\/krets.jagareforbundet.se\/motala\/wp-json\/wp\/v2\/pages\/312\/revisions"}],"predecessor-version":[{"id":1973,"href":"https:\/\/krets.jagareforbundet.se\/motala\/wp-json\/wp\/v2\/pages\/312\/revisions\/1973"}],"wp:attachment":[{"href":"https:\/\/krets.jagareforbundet.se\/motala\/wp-json\/wp\/v2\/media?parent=312"}],"curies":[{"name":"wp","href":"https:\/\/api.w.org\/{rel}","templated":true}]}}