{"id":355,"date":"2014-05-11T18:37:01","date_gmt":"2014-05-11T16:37:01","guid":{"rendered":"https:\/\/krets.jagareforbundet.se\/motala\/?page_id=355"},"modified":"2026-04-28T20:19:24","modified_gmt":"2026-04-28T18:19:24","slug":"hundar","status":"publish","type":"page","link":"https:\/\/krets.jagareforbundet.se\/motala\/hundar\/","title":{"rendered":"Hundar"},"content":{"rendered":"<h3>Aktuellt<\/h3>\n<p>V\u00e5ren 2026 provade vi ett nytt initiativ med att anordna en hunddag hos Tiveds jakt. Ett reportage fr\u00e5n den dagen finns p\u00e5 l\u00e4nken nedan.<\/p>\n<p><a href=\"https:\/\/krets.jagareforbundet.se\/motala\/hundar\/hunddag-i-tiveden-2026\/\">Hunddag i Tiveden 2026<\/a><\/p>\n<p>Sedan h\u00f6sten 2025 har vi inom J\u00e4garef\u00f6rbundet Motala numera tillg\u00e5ng till en auktoriserad viltsp\u00e5rdomare i Tomas Strandhag. Det g\u00f6r att vi som krets numera har m\u00f6jlighet att anordna viltsp\u00e5rprov i s\u00e5 v\u00e4l Anlagsklass som \u00d6ppen klass. Anm\u00e4l g\u00e4rna intresse att delta med din hund p\u00e5 viltsp\u00e5rprov, genom E-post till thomas.strandhag@jagareforbundetostergotland.se. Ambitionen \u00e4r att vi hanterar proven l\u00f6pande vartefter anm\u00e4lan\/kontakt tas.<\/p>\n<h3>Hundkurser<\/h3>\n<p>Med j\u00e4mna mellanrum erbjuder vi hundkurser av olika slag. Vi har dels en grundkurs f\u00f6r valp\/unghund med fokus p\u00e5 lydnad och dressyr enligt Barbro B\u00f6rjessons fyra l\u00e4tta steg, och s\u00e5 en kurs mer riktad mot sp\u00e5rtr\u00e4ning och efters\u00f6k men d\u00e4r \u00e4ven lydnad ing\u00e5r.<\/p>\n<p>Anm\u00e4l g\u00e4rna intresse om att delta p\u00e5 n\u00e5gon av v\u00e5ra kurser \u00e4ven om det f\u00f6r tillf\u00e4llet inte finns n\u00e5got annonserat tillf\u00e4lle. Vid 4-5 ekipage anm\u00e4lda f\u00f6rs\u00f6ker vi s\u00e5 snart det \u00e4r m\u00f6jligt f\u00e5 till ett kurstillf\u00e4lle. Intresseanm\u00e4lan till: thomas.strandhag@jagareforbundetostergotland.se.<\/p>\n<p>P\u00e5 denna <a href=\"https:\/\/www.youtube.com\/watch?v=Qc1WdUhgBxk\" target=\"_blank\" rel=\"noopener\">Youtube-l\u00e4nk<\/a> finns en film inspelad under den sp\u00e5rkurs som genomf\u00f6rdes v\u00e5ren 2025.<\/p>\n<p><a href=\"https:\/\/krets.jagareforbundet.se\/motala\/files\/2025\/05\/Youtube_sparkurs.jpg\"><img loading=\"lazy\" decoding=\"async\" class=\"alignnone wp-image-2262 size-large\" src=\"https:\/\/krets.jagareforbundet.se\/motala\/files\/2025\/05\/Youtube_sparkurs-1024x622.jpg\" alt=\"\" width=\"1024\" height=\"622\" srcset=\"https:\/\/krets.jagareforbundet.se\/motala\/files\/2025\/05\/Youtube_sparkurs-1024x622.jpg 1024w, https:\/\/krets.jagareforbundet.se\/motala\/files\/2025\/05\/Youtube_sparkurs-300x182.jpg 300w, https:\/\/krets.jagareforbundet.se\/motala\/files\/2025\/05\/Youtube_sparkurs-768x467.jpg 768w, https:\/\/krets.jagareforbundet.se\/motala\/files\/2025\/05\/Youtube_sparkurs.jpg 1203w\" sizes=\"auto, (max-width: 1024px) 100vw, 1024px\" \/><\/a><\/p>\n<p>Nedan ytterligare n\u00e5gra reportage fr\u00e5n hundkurserna.<\/p>\n<p><a href=\"https:\/\/krets.jagareforbundet.se\/motala\/hundar\/jakthundslydnad-hosten-2025\/\">Jakthundslydnad h\u00f6sten 2025<\/a><\/p>\n<p><a href=\"https:\/\/krets.jagareforbundet.se\/motala\/hundar\/eftersoksutbildning-host-2025\/\">Efters\u00f6ksutbildning \u2013 h\u00f6st 2025<\/a><\/p>\n<h3>Kretsm\u00e4sterskap i efters\u00f6k<\/h3>\n<p>Inom J\u00e4garf\u00f6rbundet ordnar varje jaktv\u00e5rdskrets \u00e5rligen en kretsm\u00e4sterskap i efters\u00f6k. Det utses d\u00e5 ett vinnande ekipage som f\u00e5r representera kretsen i efterf\u00f6ljande l\u00e4nsm\u00e4sterskap. \u00c4ven om det \u00e4r en t\u00e4vling, \u00e4r man som medlem i kretsen mer \u00e4n v\u00e4lkommen att se m\u00e4sterskapet som ett tillf\u00e4lle till tr\u00e4ning och att utveckla dig och din hunds efters\u00f6kskunskaper.<\/p>\n<p>Reportage och bilder fr\u00e5n v\u00e5ra Kretsm\u00e4sterskap finns att l\u00e4sa p\u00e5 f\u00f6ljande l\u00e4nkar:<\/p>\n<p><a title=\"KM i Viltsp\u00e5r 2014\" href=\"https:\/\/krets.jagareforbundet.se\/motala\/hundar\/km-i-viltspar-2014\/\">KM i Viltsp\u00e5r 2014<\/a><\/p>\n<p><a href=\"https:\/\/krets.jagareforbundet.se\/motala\/hundar\/km-i-viltspar-2015\/\">KM i Viltsp\u00e5r 2015<\/a><\/p>\n<p><a href=\"https:\/\/krets.jagareforbundet.se\/motala\/hundar\/km-i-viltspar-2016\/\">KM i Viltsp\u00e5r 2016<\/a><\/p>\n<p><a href=\"https:\/\/krets.jagareforbundet.se\/motala\/hundar\/km-i-viltspar-2017\/\">KM i Viltsp\u00e5r 2017<\/a><\/p>\n<p><a href=\"https:\/\/krets.jagareforbundet.se\/motala\/hundar\/km-i-viltspar-2018\/\">KM i Viltsp\u00e5r 2018<\/a><\/p>\n<p><a href=\"https:\/\/krets.jagareforbundet.se\/motala\/hundar\/km-i-viltspar-2019\/\">KM i Viltsp\u00e5r 2019<\/a><\/p>\n<p><a href=\"https:\/\/krets.jagareforbundet.se\/motala\/hundar\/km-i-eftersok-2022\/\">KM i Efters\u00f6k 2022<\/a><\/p>\n<p><a href=\"https:\/\/krets.jagareforbundet.se\/motala\/hundar\/km-eftersok-2023\/\">KM Efters\u00f6k 2023<\/a><\/p>\n<p><a href=\"https:\/\/krets.jagareforbundet.se\/motala\/hundar\/km-eftersok-2024\/\">KM Efters\u00f6k 2024<\/a><\/p>\n<p><a href=\"https:\/\/krets.jagareforbundet.se\/motala\/hundar\/km-eftersok-2025\/\">KM Efters\u00f6k 2025<\/a><\/p>\n<p>&nbsp;<\/p>\n","protected":false},"excerpt":{"rendered":"<p>Aktuellt V\u00e5ren 2026 provade vi ett nytt initiativ med att anordna en hunddag hos Tiveds jakt. Ett reportage fr\u00e5n den dagen finns p\u00e5 l\u00e4nken nedan. Hunddag i Tiveden 2026 Sedan h\u00f6sten 2025 har vi inom J\u00e4garef\u00f6rbundet Motala numera tillg\u00e5ng till en auktoriserad viltsp\u00e5rdomare i Tomas Strandhag. Det g\u00f6r att vi som krets numera har m\u00f6jlighet [&hellip;]<\/p>\n","protected":false},"author":109,"featured_media":362,"parent":0,"menu_order":35,"comment_status":"open","ping_status":"open","template":"","meta":{"footnotes":""},"class_list":["post-355","page","type-page","status-publish","has-post-thumbnail","hentry"],"_links":{"self":[{"href":"https:\/\/krets.jagareforbundet.se\/motala\/wp-json\/wp\/v2\/pages\/355","targetHints":{"allow":["GET"]}}],"collection":[{"href":"https:\/\/krets.jagareforbundet.se\/motala\/wp-json\/wp\/v2\/pages"}],"about":[{"href":"https:\/\/krets.jagareforbundet.se\/motala\/wp-json\/wp\/v2\/types\/page"}],"author":[{"embeddable":true,"href":"https:\/\/krets.jagareforbundet.se\/motala\/wp-json\/wp\/v2\/users\/109"}],"replies":[{"embeddable":true,"href":"https:\/\/krets.jagareforbundet.se\/motala\/wp-json\/wp\/v2\/comments?post=355"}],"version-history":[{"count":3,"href":"https:\/\/krets.jagareforbundet.se\/motala\/wp-json\/wp\/v2\/pages\/355\/revisions"}],"predecessor-version":[{"id":2440,"href":"https:\/\/krets.jagareforbundet.se\/motala\/wp-json\/wp\/v2\/pages\/355\/revisions\/2440"}],"wp:featuredmedia":[{"embeddable":true,"href":"https:\/\/krets.jagareforbundet.se\/motala\/wp-json\/wp\/v2\/media\/362"}],"wp:attachment":[{"href":"https:\/\/krets.jagareforbundet.se\/motala\/wp-json\/wp\/v2\/media?parent=355"}],"curies":[{"name":"wp","href":"https:\/\/api.w.org\/{rel}","templated":true}]}}