{"id":390,"date":"2014-08-10T22:10:59","date_gmt":"2014-08-10T20:10:59","guid":{"rendered":"https:\/\/krets.jagareforbundet.se\/motala\/?page_id=390"},"modified":"2015-04-21T21:10:21","modified_gmt":"2015-04-21T19:10:21","slug":"normahylsan-2014","status":"publish","type":"page","link":"https:\/\/krets.jagareforbundet.se\/motala\/skytte\/normahylsan-2014\/","title":{"rendered":"Normahylsan 2014"},"content":{"rendered":"<p>S\u00f6ndagen den 10\/8 avgjordes 2014 \u00e5rs Normahylsa p\u00e5 Jaktskyttebanan i Kvarn (Danmark).\u00a0I sol och varmt v\u00e4der med bra f\u00f6ruts\u00e4ttningar\u00a0m\u00f6tte totalt 18 st skyttar upp.<\/p>\n<p>Nytt f\u00f6r i \u00e5r var det nyinr\u00e4ttade <em>Motala JVK Vandringspris i Ungdomsskytte <\/em>som ungdomar mellan 13-20 \u00e5r fick t\u00e4vla om.<\/p>\n<p>T\u00e4vlingsmomenten f\u00f6r de b\u00e5da vandringsprisen omfattar 10 skott p\u00e5 R\u00e5bock (5 liggande, 3 sittande och 2 st\u00e5ende) samt 10 skott p\u00e5 l\u00f6pande gris. Totalt g\u00e5r det d\u00e5 att komma upp i 150 po\u00e4ng, d\u00e4r 100 kommer fr\u00e5n bocken och 50 fr\u00e5n grisen.<\/p>\n<p>N\u00e4r resultaten summerats stod det klart att fjol\u00e5rets vinnare Lars Jaktfalk lyckades f\u00f6rsvara inteckningen i vandringspriset Normahylsan med fina 125 p. Tv\u00e5a blev Gunnar Kjellin (123 p) och trea Daniel Ragnehed (116 p). Vinnare i Ungdomskyttet blev Simon Pettersson med 118 p, med Axel Jarkrans som god tv\u00e5a (se bilden \u00f6verst p\u00e5 sidan).<\/p>\n<p>Avslutningsvis ett STORT TACK till \u00e5rets sponsorer <strong>Engelssons<\/strong>\u00a0respektive <strong>Kjells Vapen i G\u00f6tene\u00a0<\/strong>f\u00f6r det mycket \u00a0fina\u00a0prisbordet.<\/p>\n<p><a href=\"https:\/\/krets.jagareforbundet.se\/motala\/files\/2014\/08\/Norma_2014_IMG_0213.jpg\"><img loading=\"lazy\" decoding=\"async\" class=\"alignleft size-medium wp-image-380\" src=\"https:\/\/krets.jagareforbundet.se\/motala\/files\/2014\/08\/Norma_2014_IMG_0213-300x225.jpg\" alt=\"Norma_2014_IMG_0213\" width=\"300\" height=\"225\" srcset=\"https:\/\/krets.jagareforbundet.se\/motala\/files\/2014\/08\/Norma_2014_IMG_0213-300x225.jpg 300w, https:\/\/krets.jagareforbundet.se\/motala\/files\/2014\/08\/Norma_2014_IMG_0213-1024x768.jpg 1024w, https:\/\/krets.jagareforbundet.se\/motala\/files\/2014\/08\/Norma_2014_IMG_0213.jpg 1600w\" sizes=\"auto, (max-width: 300px) 100vw, 300px\" \/><\/a><a href=\"https:\/\/krets.jagareforbundet.se\/motala\/files\/2014\/08\/Norma_2014_IMG_0217.jpg\"><img loading=\"lazy\" decoding=\"async\" class=\"alignleft size-medium wp-image-382\" src=\"https:\/\/krets.jagareforbundet.se\/motala\/files\/2014\/08\/Norma_2014_IMG_0217-300x225.jpg\" alt=\"Norma_2014_IMG_0217\" width=\"300\" height=\"225\" srcset=\"https:\/\/krets.jagareforbundet.se\/motala\/files\/2014\/08\/Norma_2014_IMG_0217-300x225.jpg 300w, https:\/\/krets.jagareforbundet.se\/motala\/files\/2014\/08\/Norma_2014_IMG_0217-1024x768.jpg 1024w, https:\/\/krets.jagareforbundet.se\/motala\/files\/2014\/08\/Norma_2014_IMG_0217.jpg 1600w\" sizes=\"auto, (max-width: 300px) 100vw, 300px\" \/><\/a><\/p>\n<p>&nbsp;<\/p>\n<p>&nbsp;<\/p>\n<p>&nbsp;<\/p>\n<p>&nbsp;<\/p>\n<p>&nbsp;<\/p>\n<p>&nbsp;<\/p>\n<p>&nbsp;<\/p>\n<p><a href=\"https:\/\/krets.jagareforbundet.se\/motala\/files\/2014\/08\/Norma_2014_IMG_0212.jpg\"><img loading=\"lazy\" decoding=\"async\" class=\"alignleft size-medium wp-image-379\" src=\"https:\/\/krets.jagareforbundet.se\/motala\/files\/2014\/08\/Norma_2014_IMG_0212-300x225.jpg\" alt=\"Norma_2014_IMG_0212\" width=\"300\" height=\"225\" srcset=\"https:\/\/krets.jagareforbundet.se\/motala\/files\/2014\/08\/Norma_2014_IMG_0212-300x225.jpg 300w, https:\/\/krets.jagareforbundet.se\/motala\/files\/2014\/08\/Norma_2014_IMG_0212-1024x768.jpg 1024w, https:\/\/krets.jagareforbundet.se\/motala\/files\/2014\/08\/Norma_2014_IMG_0212.jpg 1600w\" sizes=\"auto, (max-width: 300px) 100vw, 300px\" \/><\/a><a href=\"https:\/\/krets.jagareforbundet.se\/motala\/files\/2014\/08\/Norma_2014_IMG_0216.jpg\"><img loading=\"lazy\" decoding=\"async\" class=\"alignleft size-medium wp-image-381\" src=\"https:\/\/krets.jagareforbundet.se\/motala\/files\/2014\/08\/Norma_2014_IMG_0216-300x225.jpg\" alt=\"Norma_2014_IMG_0216\" width=\"300\" height=\"225\" srcset=\"https:\/\/krets.jagareforbundet.se\/motala\/files\/2014\/08\/Norma_2014_IMG_0216-300x225.jpg 300w, https:\/\/krets.jagareforbundet.se\/motala\/files\/2014\/08\/Norma_2014_IMG_0216-1024x768.jpg 1024w, https:\/\/krets.jagareforbundet.se\/motala\/files\/2014\/08\/Norma_2014_IMG_0216.jpg 1600w\" sizes=\"auto, (max-width: 300px) 100vw, 300px\" \/><\/a><\/p>\n<p>&nbsp;<\/p>\n<p>&nbsp;<\/p>\n<p>&nbsp;<\/p>\n<p>&nbsp;<\/p>\n<p>&nbsp;<\/p>\n<p>&nbsp;<\/p>\n<p>&nbsp;<\/p>\n<p><a href=\"https:\/\/krets.jagareforbundet.se\/motala\/files\/2014\/08\/Norma_2014_IMG_0222.jpg\"><img loading=\"lazy\" decoding=\"async\" class=\"alignleft size-medium wp-image-385\" src=\"https:\/\/krets.jagareforbundet.se\/motala\/files\/2014\/08\/Norma_2014_IMG_0222-300x225.jpg\" alt=\"Norma_2014_IMG_0222\" width=\"300\" height=\"225\" srcset=\"https:\/\/krets.jagareforbundet.se\/motala\/files\/2014\/08\/Norma_2014_IMG_0222-300x225.jpg 300w, https:\/\/krets.jagareforbundet.se\/motala\/files\/2014\/08\/Norma_2014_IMG_0222-1024x768.jpg 1024w, https:\/\/krets.jagareforbundet.se\/motala\/files\/2014\/08\/Norma_2014_IMG_0222.jpg 1600w\" sizes=\"auto, (max-width: 300px) 100vw, 300px\" \/><\/a><a href=\"https:\/\/krets.jagareforbundet.se\/motala\/files\/2014\/08\/Norma_2014_IMG_0219.jpg\"><img loading=\"lazy\" decoding=\"async\" class=\"alignleft size-medium wp-image-383\" src=\"https:\/\/krets.jagareforbundet.se\/motala\/files\/2014\/08\/Norma_2014_IMG_0219-300x225.jpg\" alt=\"Norma_2014_IMG_0219\" width=\"300\" height=\"225\" srcset=\"https:\/\/krets.jagareforbundet.se\/motala\/files\/2014\/08\/Norma_2014_IMG_0219-300x225.jpg 300w, https:\/\/krets.jagareforbundet.se\/motala\/files\/2014\/08\/Norma_2014_IMG_0219-1024x768.jpg 1024w, https:\/\/krets.jagareforbundet.se\/motala\/files\/2014\/08\/Norma_2014_IMG_0219.jpg 1600w\" sizes=\"auto, (max-width: 300px) 100vw, 300px\" \/><\/a><\/p>\n<p>&nbsp;<\/p>\n<p>&nbsp;<\/p>\n<p>&nbsp;<\/p>\n<p>&nbsp;<\/p>\n<p>&nbsp;<\/p>\n<p>&nbsp;<\/p>\n<p>&nbsp;<\/p>\n<p><a href=\"https:\/\/krets.jagareforbundet.se\/motala\/files\/2014\/08\/Norma_2014_IMG_0225.jpg\"><img loading=\"lazy\" decoding=\"async\" class=\"alignleft size-medium wp-image-386\" src=\"https:\/\/krets.jagareforbundet.se\/motala\/files\/2014\/08\/Norma_2014_IMG_0225-300x225.jpg\" alt=\"Norma_2014_IMG_0225\" width=\"300\" height=\"225\" srcset=\"https:\/\/krets.jagareforbundet.se\/motala\/files\/2014\/08\/Norma_2014_IMG_0225-300x225.jpg 300w, https:\/\/krets.jagareforbundet.se\/motala\/files\/2014\/08\/Norma_2014_IMG_0225-1024x768.jpg 1024w, https:\/\/krets.jagareforbundet.se\/motala\/files\/2014\/08\/Norma_2014_IMG_0225.jpg 1600w\" sizes=\"auto, (max-width: 300px) 100vw, 300px\" \/><\/a><a href=\"https:\/\/krets.jagareforbundet.se\/motala\/files\/2014\/08\/Norma_2014_IMG_0231.jpg\"><img loading=\"lazy\" decoding=\"async\" class=\"alignleft size-medium wp-image-388\" src=\"https:\/\/krets.jagareforbundet.se\/motala\/files\/2014\/08\/Norma_2014_IMG_0231-300x225.jpg\" alt=\"Norma_2014_IMG_0231\" width=\"300\" height=\"225\" srcset=\"https:\/\/krets.jagareforbundet.se\/motala\/files\/2014\/08\/Norma_2014_IMG_0231-300x225.jpg 300w, https:\/\/krets.jagareforbundet.se\/motala\/files\/2014\/08\/Norma_2014_IMG_0231-1024x768.jpg 1024w, https:\/\/krets.jagareforbundet.se\/motala\/files\/2014\/08\/Norma_2014_IMG_0231.jpg 1600w\" sizes=\"auto, (max-width: 300px) 100vw, 300px\" \/><\/a><\/p>\n","protected":false},"excerpt":{"rendered":"<p>S\u00f6ndagen den 10\/8 avgjordes 2014 \u00e5rs Normahylsa p\u00e5 Jaktskyttebanan i Kvarn (Danmark).\u00a0I sol och varmt v\u00e4der med bra f\u00f6ruts\u00e4ttningar\u00a0m\u00f6tte totalt 18 st skyttar upp. Nytt f\u00f6r i \u00e5r var det nyinr\u00e4ttade Motala JVK Vandringspris i Ungdomsskytte som ungdomar mellan 13-20 \u00e5r fick t\u00e4vla om. T\u00e4vlingsmomenten f\u00f6r de b\u00e5da vandringsprisen omfattar 10 skott p\u00e5 R\u00e5bock (5 [&hellip;]<\/p>\n","protected":false},"author":109,"featured_media":387,"parent":310,"menu_order":87,"comment_status":"open","ping_status":"closed","template":"","meta":{"footnotes":""},"class_list":["post-390","page","type-page","status-publish","has-post-thumbnail","hentry"],"_links":{"self":[{"href":"https:\/\/krets.jagareforbundet.se\/motala\/wp-json\/wp\/v2\/pages\/390","targetHints":{"allow":["GET"]}}],"collection":[{"href":"https:\/\/krets.jagareforbundet.se\/motala\/wp-json\/wp\/v2\/pages"}],"about":[{"href":"https:\/\/krets.jagareforbundet.se\/motala\/wp-json\/wp\/v2\/types\/page"}],"author":[{"embeddable":true,"href":"https:\/\/krets.jagareforbundet.se\/motala\/wp-json\/wp\/v2\/users\/109"}],"replies":[{"embeddable":true,"href":"https:\/\/krets.jagareforbundet.se\/motala\/wp-json\/wp\/v2\/comments?post=390"}],"version-history":[{"count":0,"href":"https:\/\/krets.jagareforbundet.se\/motala\/wp-json\/wp\/v2\/pages\/390\/revisions"}],"up":[{"embeddable":true,"href":"https:\/\/krets.jagareforbundet.se\/motala\/wp-json\/wp\/v2\/pages\/310"}],"wp:featuredmedia":[{"embeddable":true,"href":"https:\/\/krets.jagareforbundet.se\/motala\/wp-json\/wp\/v2\/media\/387"}],"wp:attachment":[{"href":"https:\/\/krets.jagareforbundet.se\/motala\/wp-json\/wp\/v2\/media?parent=390"}],"curies":[{"name":"wp","href":"https:\/\/api.w.org\/{rel}","templated":true}]}}