{"id":406,"date":"2014-09-03T20:58:16","date_gmt":"2014-09-03T18:58:16","guid":{"rendered":"https:\/\/krets.jagareforbundet.se\/motala\/?page_id=406"},"modified":"2015-02-25T19:14:22","modified_gmt":"2015-02-25T18:14:22","slug":"ravbilder-2014","status":"publish","type":"page","link":"https:\/\/krets.jagareforbundet.se\/motala\/ravjakten\/bidrag-2014\/ravbilder-2014\/","title":{"rendered":"R\u00e4vbilder 2014"},"content":{"rendered":"<p><a href=\"https:\/\/krets.jagareforbundet.se\/motala\/files\/2014\/09\/R\u00e4v_2014_Tomas_Strandhag_1.jpg\"><img loading=\"lazy\" decoding=\"async\" class=\"alignleft size-medium wp-image-405\" src=\"https:\/\/krets.jagareforbundet.se\/motala\/files\/2014\/09\/R\u00e4v_2014_Tomas_Strandhag_1-300x225.jpg\" alt=\"R\u00e4v_2014_Tomas_Strandhag_1\" width=\"300\" height=\"225\" srcset=\"https:\/\/krets.jagareforbundet.se\/motala\/files\/2014\/09\/R\u00e4v_2014_Tomas_Strandhag_1-300x225.jpg 300w, https:\/\/krets.jagareforbundet.se\/motala\/files\/2014\/09\/R\u00e4v_2014_Tomas_Strandhag_1-1024x768.jpg 1024w, https:\/\/krets.jagareforbundet.se\/motala\/files\/2014\/09\/R\u00e4v_2014_Tomas_Strandhag_1.jpg 1280w\" sizes=\"auto, (max-width: 300px) 100vw, 300px\" \/><\/a>\u00a01. Tomas Strandhag, 2014-08-27 i\u00a0Bonaskogen<\/p>\n<p>&nbsp;<\/p>\n<p>&nbsp;<\/p>\n<p>&nbsp;<\/p>\n<p>&nbsp;<\/p>\n<p>&nbsp;<\/p>\n<p><a href=\"https:\/\/krets.jagareforbundet.se\/motala\/files\/2014\/10\/R\u00e4v_2014_Kenth_Andersson_1.jpg\"><img loading=\"lazy\" decoding=\"async\" class=\"alignleft size-medium wp-image-424\" src=\"https:\/\/krets.jagareforbundet.se\/motala\/files\/2014\/10\/R\u00e4v_2014_Kenth_Andersson_1-300x300.jpg\" alt=\"R\u00e4v_2014_Kenth_Andersson_1\" width=\"300\" height=\"300\" srcset=\"https:\/\/krets.jagareforbundet.se\/motala\/files\/2014\/10\/R\u00e4v_2014_Kenth_Andersson_1-300x300.jpg 300w, https:\/\/krets.jagareforbundet.se\/motala\/files\/2014\/10\/R\u00e4v_2014_Kenth_Andersson_1-150x150.jpg 150w, https:\/\/krets.jagareforbundet.se\/motala\/files\/2014\/10\/R\u00e4v_2014_Kenth_Andersson_1.jpg 640w\" sizes=\"auto, (max-width: 300px) 100vw, 300px\" \/><\/a>\u00a02. Kenth Andersson, 2014-10-01<\/p>\n<p>&nbsp;<\/p>\n<p>&nbsp;<\/p>\n<p>&nbsp;<\/p>\n<p>&nbsp;<\/p>\n<p>&nbsp;<\/p>\n<p>&nbsp;<\/p>\n<p>&nbsp;<\/p>\n<p><a href=\"https:\/\/krets.jagareforbundet.se\/motala\/files\/2014\/10\/R\u00e4v_2014_Kenth_Andersson_2.jpg\"><img loading=\"lazy\" decoding=\"async\" class=\"alignleft size-medium wp-image-425\" src=\"https:\/\/krets.jagareforbundet.se\/motala\/files\/2014\/10\/R\u00e4v_2014_Kenth_Andersson_2-300x225.jpg\" alt=\"R\u00e4v_2014_Kenth_Andersson_2\" width=\"300\" height=\"225\" srcset=\"https:\/\/krets.jagareforbundet.se\/motala\/files\/2014\/10\/R\u00e4v_2014_Kenth_Andersson_2-300x225.jpg 300w, https:\/\/krets.jagareforbundet.se\/motala\/files\/2014\/10\/R\u00e4v_2014_Kenth_Andersson_2.jpg 640w\" sizes=\"auto, (max-width: 300px) 100vw, 300px\" \/><\/a>\u00a03. Kenth Andersson, 2014-10-02<\/p>\n<p>&nbsp;<\/p>\n<p>&nbsp;<\/p>\n<p>&nbsp;<\/p>\n<p>&nbsp;<\/p>\n<p>&nbsp;<\/p>\n<p>&nbsp;<\/p>\n<p><a href=\"https:\/\/krets.jagareforbundet.se\/motala\/files\/2014\/11\/R\u00e4v_2014_K-G_Severin_1.jpg\"><img loading=\"lazy\" decoding=\"async\" class=\"alignleft size-medium wp-image-429\" src=\"https:\/\/krets.jagareforbundet.se\/motala\/files\/2014\/11\/R\u00e4v_2014_K-G_Severin_1-168x300.jpg\" alt=\"R\u00e4v_2014_K-G_Severin_1\" width=\"168\" height=\"300\" srcset=\"https:\/\/krets.jagareforbundet.se\/motala\/files\/2014\/11\/R\u00e4v_2014_K-G_Severin_1-168x300.jpg 168w, https:\/\/krets.jagareforbundet.se\/motala\/files\/2014\/11\/R\u00e4v_2014_K-G_Severin_1-576x1024.jpg 576w\" sizes=\"auto, (max-width: 168px) 100vw, 168px\" \/><\/a><\/p>\n<p>4. K-G Severin, 2014-10-31<\/p>\n<p>&nbsp;<\/p>\n<p>&nbsp;<\/p>\n<p>&nbsp;<\/p>\n<p>&nbsp;<\/p>\n<p>&nbsp;<\/p>\n<p>&nbsp;<\/p>\n<p>&nbsp;<\/p>\n<p><a href=\"https:\/\/krets.jagareforbundet.se\/motala\/files\/2015\/01\/R\u00e4v_2014_Markus_Grenestam_1.jpg\"><img loading=\"lazy\" decoding=\"async\" class=\"alignleft size-medium wp-image-451\" src=\"https:\/\/krets.jagareforbundet.se\/motala\/files\/2015\/01\/R\u00e4v_2014_Markus_Grenestam_1-300x225.jpg\" alt=\"SAMSUNG\" width=\"300\" height=\"225\" srcset=\"https:\/\/krets.jagareforbundet.se\/motala\/files\/2015\/01\/R\u00e4v_2014_Markus_Grenestam_1-300x225.jpg 300w, https:\/\/krets.jagareforbundet.se\/motala\/files\/2015\/01\/R\u00e4v_2014_Markus_Grenestam_1-1024x768.jpg 1024w, https:\/\/krets.jagareforbundet.se\/motala\/files\/2015\/01\/R\u00e4v_2014_Markus_Grenestam_1.jpg 2048w\" sizes=\"auto, (max-width: 300px) 100vw, 300px\" \/><\/a><\/p>\n<p>5. Markus Grenestam, 2015-01-25. St\u00e4nkr\u00e4v skjuten med hagel strax utanf\u00f6r Borensberg. Hanr\u00e4v, 8,7 kg.<\/p>\n<p>&nbsp;<\/p>\n<p>&nbsp;<\/p>\n<p>&nbsp;<\/p>\n<p>&nbsp;<\/p>\n<p>&nbsp;<\/p>\n<p><a href=\"https:\/\/krets.jagareforbundet.se\/motala\/files\/2015\/02\/R\u00e4v_2014_Kjell_\u00c5kesson_1.jpg\"><img loading=\"lazy\" decoding=\"async\" class=\"alignleft size-medium wp-image-455\" src=\"https:\/\/krets.jagareforbundet.se\/motala\/files\/2015\/02\/R\u00e4v_2014_Kjell_\u00c5kesson_1-300x225.jpg\" alt=\"R\u00e4v_2014_Kjell_\u00c5kesson_1\" width=\"300\" height=\"225\" srcset=\"https:\/\/krets.jagareforbundet.se\/motala\/files\/2015\/02\/R\u00e4v_2014_Kjell_\u00c5kesson_1-300x225.jpg 300w, https:\/\/krets.jagareforbundet.se\/motala\/files\/2015\/02\/R\u00e4v_2014_Kjell_\u00c5kesson_1-1024x768.jpg 1024w, https:\/\/krets.jagareforbundet.se\/motala\/files\/2015\/02\/R\u00e4v_2014_Kjell_\u00c5kesson_1.jpg 1632w\" sizes=\"auto, (max-width: 300px) 100vw, 300px\" \/><\/a><\/p>\n<p>6. Kjell \u00c5kesson, 2014-09-23. R\u00e4v f\u00e5ngad i gr\u00e4vlingsf\u00e4lla.<\/p>\n<p>&nbsp;<\/p>\n<p>&nbsp;<\/p>\n<p>&nbsp;<\/p>\n<p>&nbsp;<\/p>\n<p>&nbsp;<\/p>\n<p><a href=\"https:\/\/krets.jagareforbundet.se\/motala\/files\/2015\/02\/R\u00e4v_2014_Kjell_\u00c5kesson_2.jpg\"><img loading=\"lazy\" decoding=\"async\" class=\"alignleft size-medium wp-image-456\" src=\"https:\/\/krets.jagareforbundet.se\/motala\/files\/2015\/02\/R\u00e4v_2014_Kjell_\u00c5kesson_2-225x300.jpg\" alt=\"R\u00e4v_2014_Kjell_\u00c5kesson_2\" width=\"225\" height=\"300\" srcset=\"https:\/\/krets.jagareforbundet.se\/motala\/files\/2015\/02\/R\u00e4v_2014_Kjell_\u00c5kesson_2-225x300.jpg 225w, https:\/\/krets.jagareforbundet.se\/motala\/files\/2015\/02\/R\u00e4v_2014_Kjell_\u00c5kesson_2-768x1024.jpg 768w, https:\/\/krets.jagareforbundet.se\/motala\/files\/2015\/02\/R\u00e4v_2014_Kjell_\u00c5kesson_2.jpg 960w\" sizes=\"auto, (max-width: 225px) 100vw, 225px\" \/><\/a>\u00a07. Kjell \u00c5kesson, 2014-12-28<\/p>\n<p>&nbsp;<\/p>\n<p>&nbsp;<\/p>\n<p>&nbsp;<\/p>\n<p>&nbsp;<\/p>\n<p>&nbsp;<\/p>\n<p>&nbsp;<\/p>\n<p>&nbsp;<\/p>\n<p><a href=\"https:\/\/krets.jagareforbundet.se\/motala\/files\/2015\/02\/R\u00e4v_2014_Albin_Turi_1.jpg\"><img loading=\"lazy\" decoding=\"async\" class=\"alignleft size-medium wp-image-460\" src=\"https:\/\/krets.jagareforbundet.se\/motala\/files\/2015\/02\/R\u00e4v_2014_Albin_Turi_1-300x300.jpg\" alt=\"R\u00e4v_2014_Albin_Turi_1\" width=\"300\" height=\"300\" srcset=\"https:\/\/krets.jagareforbundet.se\/motala\/files\/2015\/02\/R\u00e4v_2014_Albin_Turi_1-300x300.jpg 300w, https:\/\/krets.jagareforbundet.se\/motala\/files\/2015\/02\/R\u00e4v_2014_Albin_Turi_1-150x150.jpg 150w, https:\/\/krets.jagareforbundet.se\/motala\/files\/2015\/02\/R\u00e4v_2014_Albin_Turi_1.jpg 640w\" sizes=\"auto, (max-width: 300px) 100vw, 300px\" \/><\/a><\/p>\n<p>8. Albin Turi, 2014-08-23 p\u00e5 H\u00e5llingstorp<\/p>\n","protected":false},"excerpt":{"rendered":"<p>\u00a01. Tomas Strandhag, 2014-08-27 i\u00a0Bonaskogen &nbsp; &nbsp; &nbsp; &nbsp; &nbsp; \u00a02. Kenth Andersson, 2014-10-01 &nbsp; &nbsp; &nbsp; &nbsp; &nbsp; &nbsp; &nbsp; \u00a03. Kenth Andersson, 2014-10-02 &nbsp; &nbsp; &nbsp; &nbsp; &nbsp; &nbsp; 4. K-G Severin, 2014-10-31 &nbsp; &nbsp; &nbsp; &nbsp; &nbsp; &nbsp; &nbsp; 5. Markus Grenestam, 2015-01-25. St\u00e4nkr\u00e4v skjuten med hagel strax utanf\u00f6r Borensberg. Hanr\u00e4v, 8,7 [&hellip;]<\/p>\n","protected":false},"author":109,"featured_media":0,"parent":403,"menu_order":0,"comment_status":"open","ping_status":"open","template":"","meta":{"footnotes":""},"class_list":["post-406","page","type-page","status-publish","hentry"],"_links":{"self":[{"href":"https:\/\/krets.jagareforbundet.se\/motala\/wp-json\/wp\/v2\/pages\/406","targetHints":{"allow":["GET"]}}],"collection":[{"href":"https:\/\/krets.jagareforbundet.se\/motala\/wp-json\/wp\/v2\/pages"}],"about":[{"href":"https:\/\/krets.jagareforbundet.se\/motala\/wp-json\/wp\/v2\/types\/page"}],"author":[{"embeddable":true,"href":"https:\/\/krets.jagareforbundet.se\/motala\/wp-json\/wp\/v2\/users\/109"}],"replies":[{"embeddable":true,"href":"https:\/\/krets.jagareforbundet.se\/motala\/wp-json\/wp\/v2\/comments?post=406"}],"version-history":[{"count":0,"href":"https:\/\/krets.jagareforbundet.se\/motala\/wp-json\/wp\/v2\/pages\/406\/revisions"}],"up":[{"embeddable":true,"href":"https:\/\/krets.jagareforbundet.se\/motala\/wp-json\/wp\/v2\/pages\/403"}],"wp:attachment":[{"href":"https:\/\/krets.jagareforbundet.se\/motala\/wp-json\/wp\/v2\/media?parent=406"}],"curies":[{"name":"wp","href":"https:\/\/api.w.org\/{rel}","templated":true}]}}