{"id":418,"date":"2014-10-07T22:48:48","date_gmt":"2014-10-07T20:48:48","guid":{"rendered":"https:\/\/krets.jagareforbundet.se\/motala\/?page_id=418"},"modified":"2015-04-21T21:10:31","modified_gmt":"2015-04-21T19:10:31","slug":"morkersskytte-i-hostkvall","status":"publish","type":"page","link":"https:\/\/krets.jagareforbundet.se\/motala\/skytte\/morkersskytte-i-hostkvall\/","title":{"rendered":"M\u00f6rkersskytte i h\u00f6stkv\u00e4ll"},"content":{"rendered":"<p>P\u00e5 m\u00e5ndagkv\u00e4llen den 6 oktober 2014 anordnade Motalakretsen\u00a0en uppf\u00f6ljning fr\u00e5n v\u00e5rens m\u00f6rkerskytte. L\u00e4mpligt nu d\u00e5 den m\u00f6rka \u00e5rstiden nu verkligen g\u00f6r sig mer och mer p\u00e5mind. \u00c5terigen var platsen Danmark,\u00a0jaktskyttebanan uppe i Kvarn.<\/p>\n<p>Totalt 12 skyttar tog tillf\u00e4llet i akt och fick sig lite tr\u00e4ning, och ytterligare n\u00e5gra var med enbart som observat\u00f6rer. Skytte \u00f6vades p\u00e5 stillast\u00e5ende r\u00e5djur och r\u00f6rlig gris. Dessutom fanns stationer med preparerade rutor f\u00f6r skottplatsunders\u00f6kning, samt en f\u00f6revisning av Blue Star (blodreagensmedel) som blir sj\u00e4lvlysande i m\u00f6rker. Ett v\u00e4rdefullt hj\u00e4lpmedel vid skottplatsunders\u00f6kning och efters\u00f6k i m\u00f6rker.<\/p>\n<p>Fr\u00e5n l\u00e4nsf\u00f6reningen var H\u00e5kan Wiktander med som instrukt\u00f6r, och l\u00e4nsordf\u00f6rande Andreas Larsson passade sj\u00e4lv p\u00e5 att tr\u00e4na. Under kv\u00e4llen f\u00f6revisade Christer Salomonsson fr\u00e5n Jakt och Fritidsbutiken i Motala sitt sortiment av jaktlampor. Det fanns ocks\u00e5\u00a0korv och br\u00f6d till f\u00f6rs\u00e4ljning.<\/p>\n<p>Deltagarna\u00a0verkade\u00a0n\u00f6jda med kv\u00e4llen! Stort tack till arrang\u00f6rerna!<\/p>\n<p><a href=\"https:\/\/krets.jagareforbundet.se\/motala\/files\/2014\/10\/MSkytte_20141006_3.jpg\"><img loading=\"lazy\" decoding=\"async\" class=\"alignleft size-medium wp-image-415\" src=\"https:\/\/krets.jagareforbundet.se\/motala\/files\/2014\/10\/MSkytte_20141006_3-300x168.jpg\" alt=\"MSkytte_20141006_3\" width=\"300\" height=\"168\" srcset=\"https:\/\/krets.jagareforbundet.se\/motala\/files\/2014\/10\/MSkytte_20141006_3-300x168.jpg 300w, https:\/\/krets.jagareforbundet.se\/motala\/files\/2014\/10\/MSkytte_20141006_3-1024x576.jpg 1024w, https:\/\/krets.jagareforbundet.se\/motala\/files\/2014\/10\/MSkytte_20141006_3.jpg 2048w\" sizes=\"auto, (max-width: 300px) 100vw, 300px\" \/><\/a><a href=\"https:\/\/krets.jagareforbundet.se\/motala\/files\/2014\/10\/MSkytte_20141006_1.jpg\"><img loading=\"lazy\" decoding=\"async\" class=\"alignleft size-medium wp-image-413\" src=\"https:\/\/krets.jagareforbundet.se\/motala\/files\/2014\/10\/MSkytte_20141006_1-300x168.jpg\" alt=\"MSkytte_20141006_1\" width=\"300\" height=\"168\" srcset=\"https:\/\/krets.jagareforbundet.se\/motala\/files\/2014\/10\/MSkytte_20141006_1-300x168.jpg 300w, https:\/\/krets.jagareforbundet.se\/motala\/files\/2014\/10\/MSkytte_20141006_1-1024x576.jpg 1024w, https:\/\/krets.jagareforbundet.se\/motala\/files\/2014\/10\/MSkytte_20141006_1.jpg 2048w\" sizes=\"auto, (max-width: 300px) 100vw, 300px\" \/><\/a><\/p>\n<p>&nbsp;<\/p>\n<p>&nbsp;<\/p>\n<p>&nbsp;<\/p>\n<p>&nbsp;<\/p>\n<p>&nbsp;<\/p>\n<p><a href=\"https:\/\/krets.jagareforbundet.se\/motala\/files\/2014\/10\/MSkytte_20141006_5.jpg\"><img loading=\"lazy\" decoding=\"async\" class=\"alignleft size-medium wp-image-417\" src=\"https:\/\/krets.jagareforbundet.se\/motala\/files\/2014\/10\/MSkytte_20141006_5-300x168.jpg\" alt=\"MSkytte_20141006_5\" width=\"300\" height=\"168\" srcset=\"https:\/\/krets.jagareforbundet.se\/motala\/files\/2014\/10\/MSkytte_20141006_5-300x168.jpg 300w, https:\/\/krets.jagareforbundet.se\/motala\/files\/2014\/10\/MSkytte_20141006_5-1024x576.jpg 1024w, https:\/\/krets.jagareforbundet.se\/motala\/files\/2014\/10\/MSkytte_20141006_5.jpg 2048w\" sizes=\"auto, (max-width: 300px) 100vw, 300px\" \/><\/a><a href=\"https:\/\/krets.jagareforbundet.se\/motala\/files\/2014\/10\/MSkytte_20141006_4.jpg\"><img loading=\"lazy\" decoding=\"async\" class=\"alignleft size-medium wp-image-416\" src=\"https:\/\/krets.jagareforbundet.se\/motala\/files\/2014\/10\/MSkytte_20141006_4-300x168.jpg\" alt=\"MSkytte_20141006_4\" width=\"300\" height=\"168\" srcset=\"https:\/\/krets.jagareforbundet.se\/motala\/files\/2014\/10\/MSkytte_20141006_4-300x168.jpg 300w, https:\/\/krets.jagareforbundet.se\/motala\/files\/2014\/10\/MSkytte_20141006_4-1024x576.jpg 1024w, https:\/\/krets.jagareforbundet.se\/motala\/files\/2014\/10\/MSkytte_20141006_4.jpg 2048w\" sizes=\"auto, (max-width: 300px) 100vw, 300px\" \/><\/a><\/p>\n","protected":false},"excerpt":{"rendered":"<p>P\u00e5 m\u00e5ndagkv\u00e4llen den 6 oktober 2014 anordnade Motalakretsen\u00a0en uppf\u00f6ljning fr\u00e5n v\u00e5rens m\u00f6rkerskytte. L\u00e4mpligt nu d\u00e5 den m\u00f6rka \u00e5rstiden nu verkligen g\u00f6r sig mer och mer p\u00e5mind. \u00c5terigen var platsen Danmark,\u00a0jaktskyttebanan uppe i Kvarn. Totalt 12 skyttar tog tillf\u00e4llet i akt och fick sig lite tr\u00e4ning, och ytterligare n\u00e5gra var med enbart som observat\u00f6rer. Skytte \u00f6vades [&hellip;]<\/p>\n","protected":false},"author":109,"featured_media":414,"parent":310,"menu_order":86,"comment_status":"open","ping_status":"closed","template":"","meta":{"footnotes":""},"class_list":["post-418","page","type-page","status-publish","has-post-thumbnail","hentry"],"_links":{"self":[{"href":"https:\/\/krets.jagareforbundet.se\/motala\/wp-json\/wp\/v2\/pages\/418","targetHints":{"allow":["GET"]}}],"collection":[{"href":"https:\/\/krets.jagareforbundet.se\/motala\/wp-json\/wp\/v2\/pages"}],"about":[{"href":"https:\/\/krets.jagareforbundet.se\/motala\/wp-json\/wp\/v2\/types\/page"}],"author":[{"embeddable":true,"href":"https:\/\/krets.jagareforbundet.se\/motala\/wp-json\/wp\/v2\/users\/109"}],"replies":[{"embeddable":true,"href":"https:\/\/krets.jagareforbundet.se\/motala\/wp-json\/wp\/v2\/comments?post=418"}],"version-history":[{"count":0,"href":"https:\/\/krets.jagareforbundet.se\/motala\/wp-json\/wp\/v2\/pages\/418\/revisions"}],"up":[{"embeddable":true,"href":"https:\/\/krets.jagareforbundet.se\/motala\/wp-json\/wp\/v2\/pages\/310"}],"wp:featuredmedia":[{"embeddable":true,"href":"https:\/\/krets.jagareforbundet.se\/motala\/wp-json\/wp\/v2\/media\/414"}],"wp:attachment":[{"href":"https:\/\/krets.jagareforbundet.se\/motala\/wp-json\/wp\/v2\/media?parent=418"}],"curies":[{"name":"wp","href":"https:\/\/api.w.org\/{rel}","templated":true}]}}