{"id":533,"date":"2015-04-21T22:07:53","date_gmt":"2015-04-21T20:07:53","guid":{"rendered":"https:\/\/krets.jagareforbundet.se\/motala\/?page_id=533"},"modified":"2015-04-21T22:07:53","modified_gmt":"2015-04-21T20:07:53","slug":"bildreportage-fran-ovningsskyttet-2015-04-19","status":"publish","type":"page","link":"https:\/\/krets.jagareforbundet.se\/motala\/skytte\/bildreportage-fran-ovningsskyttet-2015-04-19\/","title":{"rendered":"Bildreportage fr\u00e5n \u00f6vningsskyttet 2015-04-19"},"content":{"rendered":"<p style=\"text-align: left\"><a href=\"https:\/\/krets.jagareforbundet.se\/motala\/files\/2015\/04\/Skytte_20150419-1.jpg\"><img loading=\"lazy\" decoding=\"async\" class=\"alignleft size-medium wp-image-497\" src=\"https:\/\/krets.jagareforbundet.se\/motala\/files\/2015\/04\/Skytte_20150419-1-300x225.jpg\" alt=\"Skytte_20150419 (1)\" width=\"300\" height=\"225\" srcset=\"https:\/\/krets.jagareforbundet.se\/motala\/files\/2015\/04\/Skytte_20150419-1-300x225.jpg 300w, https:\/\/krets.jagareforbundet.se\/motala\/files\/2015\/04\/Skytte_20150419-1-1024x768.jpg 1024w, https:\/\/krets.jagareforbundet.se\/motala\/files\/2015\/04\/Skytte_20150419-1.jpg 1600w\" sizes=\"auto, (max-width: 300px) 100vw, 300px\" \/><\/a>Det var ett h\u00e4rligt v\u00e5rv\u00e4der n\u00e4r kretsen inbj\u00f6d till en skyttedag f\u00f6r blivande, nya och oerfarna j\u00e4gare. Totalt 15 deltagare sl\u00f6t upp p\u00e5 jaktskyttebanan i Kvarn och fick prova p\u00e5 ett varierat skytte med s\u00e5v\u00e4l hagel som kula.<\/p>\n<p style=\"text-align: left\">Efter en kortare inledning av Motalakretsens skytteansvarig Albin Turi och mycket rutinerade skytteinstrukt\u00f6r H\u00e5kan Wiktander delades deltagarna in i 4 grupper som fick g\u00e5 till varsin station.<\/p>\n<p style=\"text-align: left\">Nedan n\u00e5gra bilder fr\u00e5n respektive station.<\/p>\n<p>&nbsp;<\/p>\n<p>Station 1.<\/p>\n<p>Hagelskytte p\u00e5 fr\u00e5nduva med H\u00e5kan Wiktander som instrukt\u00f6r. F\u00f6rst instruktioner i grundteknik, och mot slutet skytte i h\u00f6gt tempo. Hur mycket fastnade s\u00e5 att ryggm\u00e4rgen anv\u00e4nds ist\u00e4llet\u00a0f\u00f6r huvudet?<\/p>\n\n\t\t<style type=\"text\/css\">\n\t\t\t#gallery-1 {\n\t\t\t\tmargin: auto;\n\t\t\t}\n\t\t\t#gallery-1 .gallery-item {\n\t\t\t\tfloat: left;\n\t\t\t\tmargin-top: 10px;\n\t\t\t\ttext-align: center;\n\t\t\t\twidth: 33%;\n\t\t\t}\n\t\t\t#gallery-1 img {\n\t\t\t\tborder: 2px solid #cfcfcf;\n\t\t\t}\n\t\t\t#gallery-1 .gallery-caption {\n\t\t\t\tmargin-left: 0;\n\t\t\t}\n\t\t\t\/* see gallery_shortcode() in wp-includes\/media.php *\/\n\t\t<\/style>\n\t\t<div id='gallery-1' class='gallery galleryid-533 gallery-columns-3 gallery-size-thumbnail'><dl class='gallery-item'>\n\t\t\t<dt class='gallery-icon landscape'>\n\t\t\t\t<a href='https:\/\/krets.jagareforbundet.se\/motala\/skytte_20150419-24\/'><img loading=\"lazy\" decoding=\"async\" width=\"150\" height=\"150\" src=\"https:\/\/krets.jagareforbundet.se\/motala\/files\/2015\/04\/Skytte_20150419-24-150x150.jpg\" class=\"attachment-thumbnail size-thumbnail\" alt=\"\" \/><\/a>\n\t\t\t<\/dt><\/dl><dl class='gallery-item'>\n\t\t\t<dt class='gallery-icon landscape'>\n\t\t\t\t<a href='https:\/\/krets.jagareforbundet.se\/motala\/skytte_20150419-21\/'><img loading=\"lazy\" decoding=\"async\" width=\"150\" height=\"150\" src=\"https:\/\/krets.jagareforbundet.se\/motala\/files\/2015\/04\/Skytte_20150419-21-150x150.jpg\" class=\"attachment-thumbnail size-thumbnail\" alt=\"\" \/><\/a>\n\t\t\t<\/dt><\/dl><dl class='gallery-item'>\n\t\t\t<dt class='gallery-icon landscape'>\n\t\t\t\t<a href='https:\/\/krets.jagareforbundet.se\/motala\/skytte_20150419-20\/'><img loading=\"lazy\" decoding=\"async\" width=\"150\" height=\"150\" src=\"https:\/\/krets.jagareforbundet.se\/motala\/files\/2015\/04\/Skytte_20150419-20-150x150.jpg\" class=\"attachment-thumbnail size-thumbnail\" alt=\"\" \/><\/a>\n\t\t\t<\/dt><\/dl><br style=\"clear: both\" \/><dl class='gallery-item'>\n\t\t\t<dt class='gallery-icon landscape'>\n\t\t\t\t<a href='https:\/\/krets.jagareforbundet.se\/motala\/skytte_20150419-18\/'><img loading=\"lazy\" decoding=\"async\" width=\"150\" height=\"150\" src=\"https:\/\/krets.jagareforbundet.se\/motala\/files\/2015\/04\/Skytte_20150419-18-150x150.jpg\" class=\"attachment-thumbnail size-thumbnail\" alt=\"\" \/><\/a>\n\t\t\t<\/dt><\/dl><dl class='gallery-item'>\n\t\t\t<dt class='gallery-icon landscape'>\n\t\t\t\t<a href='https:\/\/krets.jagareforbundet.se\/motala\/skytte_20150419-35\/'><img loading=\"lazy\" decoding=\"async\" width=\"150\" height=\"150\" src=\"https:\/\/krets.jagareforbundet.se\/motala\/files\/2015\/04\/Skytte_20150419-35-150x150.jpg\" class=\"attachment-thumbnail size-thumbnail\" alt=\"\" \/><\/a>\n\t\t\t<\/dt><\/dl><dl class='gallery-item'>\n\t\t\t<dt class='gallery-icon landscape'>\n\t\t\t\t<a href='https:\/\/krets.jagareforbundet.se\/motala\/skytte_20150419-32\/'><img loading=\"lazy\" decoding=\"async\" width=\"150\" height=\"150\" src=\"https:\/\/krets.jagareforbundet.se\/motala\/files\/2015\/04\/Skytte_20150419-32-150x150.jpg\" class=\"attachment-thumbnail size-thumbnail\" alt=\"\" \/><\/a>\n\t\t\t<\/dt><\/dl><br style=\"clear: both\" \/>\n\t\t<\/div>\n\n<p>Station 2.<\/p>\n<p>Klass 1 skytte p\u00e5 80 metersvallen mot stillast\u00e5ende m\u00e5l.\u00a0F\u00f6rst inskjutning och s\u00e5 st\u00e5ende skytte med st\u00f6d.<\/p>\n\n\t\t<style type=\"text\/css\">\n\t\t\t#gallery-2 {\n\t\t\t\tmargin: auto;\n\t\t\t}\n\t\t\t#gallery-2 .gallery-item {\n\t\t\t\tfloat: left;\n\t\t\t\tmargin-top: 10px;\n\t\t\t\ttext-align: center;\n\t\t\t\twidth: 50%;\n\t\t\t}\n\t\t\t#gallery-2 img {\n\t\t\t\tborder: 2px solid #cfcfcf;\n\t\t\t}\n\t\t\t#gallery-2 .gallery-caption {\n\t\t\t\tmargin-left: 0;\n\t\t\t}\n\t\t\t\/* see gallery_shortcode() in wp-includes\/media.php *\/\n\t\t<\/style>\n\t\t<div id='gallery-2' class='gallery galleryid-533 gallery-columns-2 gallery-size-medium'><dl class='gallery-item'>\n\t\t\t<dt class='gallery-icon landscape'>\n\t\t\t\t<a href='https:\/\/krets.jagareforbundet.se\/motala\/skytte_20150419-27\/'><img loading=\"lazy\" decoding=\"async\" width=\"300\" height=\"225\" src=\"https:\/\/krets.jagareforbundet.se\/motala\/files\/2015\/04\/Skytte_20150419-27-300x225.jpg\" class=\"attachment-medium size-medium\" alt=\"\" srcset=\"https:\/\/krets.jagareforbundet.se\/motala\/files\/2015\/04\/Skytte_20150419-27-300x225.jpg 300w, https:\/\/krets.jagareforbundet.se\/motala\/files\/2015\/04\/Skytte_20150419-27-1024x768.jpg 1024w, https:\/\/krets.jagareforbundet.se\/motala\/files\/2015\/04\/Skytte_20150419-27.jpg 1600w\" sizes=\"auto, (max-width: 300px) 100vw, 300px\" \/><\/a>\n\t\t\t<\/dt><\/dl><dl class='gallery-item'>\n\t\t\t<dt class='gallery-icon landscape'>\n\t\t\t\t<a href='https:\/\/krets.jagareforbundet.se\/motala\/skytte_20150419-28\/'><img loading=\"lazy\" decoding=\"async\" width=\"300\" height=\"225\" src=\"https:\/\/krets.jagareforbundet.se\/motala\/files\/2015\/04\/Skytte_20150419-28-300x225.jpg\" class=\"attachment-medium size-medium\" alt=\"\" srcset=\"https:\/\/krets.jagareforbundet.se\/motala\/files\/2015\/04\/Skytte_20150419-28-300x225.jpg 300w, https:\/\/krets.jagareforbundet.se\/motala\/files\/2015\/04\/Skytte_20150419-28-1024x768.jpg 1024w, https:\/\/krets.jagareforbundet.se\/motala\/files\/2015\/04\/Skytte_20150419-28.jpg 1600w\" sizes=\"auto, (max-width: 300px) 100vw, 300px\" \/><\/a>\n\t\t\t<\/dt><\/dl><br style=\"clear: both\" \/><dl class='gallery-item'>\n\t\t\t<dt class='gallery-icon landscape'>\n\t\t\t\t<a href='https:\/\/krets.jagareforbundet.se\/motala\/skytte_20150419-31\/'><img loading=\"lazy\" decoding=\"async\" width=\"300\" height=\"225\" src=\"https:\/\/krets.jagareforbundet.se\/motala\/files\/2015\/04\/Skytte_20150419-31-300x225.jpg\" class=\"attachment-medium size-medium\" alt=\"\" srcset=\"https:\/\/krets.jagareforbundet.se\/motala\/files\/2015\/04\/Skytte_20150419-31-300x225.jpg 300w, https:\/\/krets.jagareforbundet.se\/motala\/files\/2015\/04\/Skytte_20150419-31-1024x768.jpg 1024w, https:\/\/krets.jagareforbundet.se\/motala\/files\/2015\/04\/Skytte_20150419-31.jpg 1600w\" sizes=\"auto, (max-width: 300px) 100vw, 300px\" \/><\/a>\n\t\t\t<\/dt><\/dl><dl class='gallery-item'>\n\t\t\t<dt class='gallery-icon landscape'>\n\t\t\t\t<a href='https:\/\/krets.jagareforbundet.se\/motala\/skytte_20150419-29\/'><img loading=\"lazy\" decoding=\"async\" width=\"300\" height=\"225\" src=\"https:\/\/krets.jagareforbundet.se\/motala\/files\/2015\/04\/Skytte_20150419-29-300x225.jpg\" class=\"attachment-medium size-medium\" alt=\"\" srcset=\"https:\/\/krets.jagareforbundet.se\/motala\/files\/2015\/04\/Skytte_20150419-29-300x225.jpg 300w, https:\/\/krets.jagareforbundet.se\/motala\/files\/2015\/04\/Skytte_20150419-29-1024x768.jpg 1024w, https:\/\/krets.jagareforbundet.se\/motala\/files\/2015\/04\/Skytte_20150419-29.jpg 1600w\" sizes=\"auto, (max-width: 300px) 100vw, 300px\" \/><\/a>\n\t\t\t<\/dt><\/dl><br style=\"clear: both\" \/>\n\t\t<\/div>\n\n<p>Station 3.<\/p>\n<p>Skytte p\u00e5 50 metersbana med 22LR. Efter inskjutning p\u00e5 tavla utnyttjades h\u00e4r ett skidskyttem\u00e5l f\u00f6r sittande och st\u00e5ende skytte. I vissa fall dessutom med puls efter en kortare spr\u00e5ngmarch &#8230;<\/p>\n\n\t\t<style type=\"text\/css\">\n\t\t\t#gallery-3 {\n\t\t\t\tmargin: auto;\n\t\t\t}\n\t\t\t#gallery-3 .gallery-item {\n\t\t\t\tfloat: left;\n\t\t\t\tmargin-top: 10px;\n\t\t\t\ttext-align: center;\n\t\t\t\twidth: 33%;\n\t\t\t}\n\t\t\t#gallery-3 img {\n\t\t\t\tborder: 2px solid #cfcfcf;\n\t\t\t}\n\t\t\t#gallery-3 .gallery-caption {\n\t\t\t\tmargin-left: 0;\n\t\t\t}\n\t\t\t\/* see gallery_shortcode() in wp-includes\/media.php *\/\n\t\t<\/style>\n\t\t<div id='gallery-3' class='gallery galleryid-533 gallery-columns-3 gallery-size-thumbnail'><dl class='gallery-item'>\n\t\t\t<dt class='gallery-icon landscape'>\n\t\t\t\t<a href='https:\/\/krets.jagareforbundet.se\/motala\/skytte_20150419-8\/'><img loading=\"lazy\" decoding=\"async\" width=\"150\" height=\"150\" src=\"https:\/\/krets.jagareforbundet.se\/motala\/files\/2015\/04\/Skytte_20150419-8-150x150.jpg\" class=\"attachment-thumbnail size-thumbnail\" alt=\"\" \/><\/a>\n\t\t\t<\/dt><\/dl><dl class='gallery-item'>\n\t\t\t<dt class='gallery-icon portrait'>\n\t\t\t\t<a href='https:\/\/krets.jagareforbundet.se\/motala\/skytte_20150419-3\/'><img loading=\"lazy\" decoding=\"async\" width=\"150\" height=\"150\" src=\"https:\/\/krets.jagareforbundet.se\/motala\/files\/2015\/04\/Skytte_20150419-3-e1429645445540-150x150.jpg\" class=\"attachment-thumbnail size-thumbnail\" alt=\"\" \/><\/a>\n\t\t\t<\/dt><\/dl><dl class='gallery-item'>\n\t\t\t<dt class='gallery-icon portrait'>\n\t\t\t\t<a href='https:\/\/krets.jagareforbundet.se\/motala\/skytte_20150419-5\/'><img loading=\"lazy\" decoding=\"async\" width=\"150\" height=\"150\" src=\"https:\/\/krets.jagareforbundet.se\/motala\/files\/2015\/04\/Skytte_20150419-5-e1429645477399-150x150.jpg\" class=\"attachment-thumbnail size-thumbnail\" alt=\"\" \/><\/a>\n\t\t\t<\/dt><\/dl><br style=\"clear: both\" \/><dl class='gallery-item'>\n\t\t\t<dt class='gallery-icon landscape'>\n\t\t\t\t<a href='https:\/\/krets.jagareforbundet.se\/motala\/skytte_20150419-11\/'><img loading=\"lazy\" decoding=\"async\" width=\"150\" height=\"150\" src=\"https:\/\/krets.jagareforbundet.se\/motala\/files\/2015\/04\/Skytte_20150419-11-150x150.jpg\" class=\"attachment-thumbnail size-thumbnail\" alt=\"\" \/><\/a>\n\t\t\t<\/dt><\/dl><dl class='gallery-item'>\n\t\t\t<dt class='gallery-icon portrait'>\n\t\t\t\t<a href='https:\/\/krets.jagareforbundet.se\/motala\/skytte_20150419-7\/'><img loading=\"lazy\" decoding=\"async\" width=\"150\" height=\"150\" src=\"https:\/\/krets.jagareforbundet.se\/motala\/files\/2015\/04\/Skytte_20150419-7-e1429645571135-150x150.jpg\" class=\"attachment-thumbnail size-thumbnail\" alt=\"\" \/><\/a>\n\t\t\t<\/dt><\/dl><dl class='gallery-item'>\n\t\t\t<dt class='gallery-icon landscape'>\n\t\t\t\t<a href='https:\/\/krets.jagareforbundet.se\/motala\/skytte_20150419-6\/'><img loading=\"lazy\" decoding=\"async\" width=\"150\" height=\"150\" src=\"https:\/\/krets.jagareforbundet.se\/motala\/files\/2015\/04\/Skytte_20150419-6-150x150.jpg\" class=\"attachment-thumbnail size-thumbnail\" alt=\"\" \/><\/a>\n\t\t\t<\/dt><\/dl><br style=\"clear: both\" \/><dl class='gallery-item'>\n\t\t\t<dt class='gallery-icon landscape'>\n\t\t\t\t<a href='https:\/\/krets.jagareforbundet.se\/motala\/skytte_20150419-9\/'><img loading=\"lazy\" decoding=\"async\" width=\"150\" height=\"150\" src=\"https:\/\/krets.jagareforbundet.se\/motala\/files\/2015\/04\/Skytte_20150419-9-150x150.jpg\" class=\"attachment-thumbnail size-thumbnail\" alt=\"\" \/><\/a>\n\t\t\t<\/dt><\/dl><dl class='gallery-item'>\n\t\t\t<dt class='gallery-icon landscape'>\n\t\t\t\t<a href='https:\/\/krets.jagareforbundet.se\/motala\/skytte_20150419-4\/'><img loading=\"lazy\" decoding=\"async\" width=\"150\" height=\"150\" src=\"https:\/\/krets.jagareforbundet.se\/motala\/files\/2015\/04\/Skytte_20150419-4-150x150.jpg\" class=\"attachment-thumbnail size-thumbnail\" alt=\"\" \/><\/a>\n\t\t\t<\/dt><\/dl><dl class='gallery-item'>\n\t\t\t<dt class='gallery-icon landscape'>\n\t\t\t\t<a href='https:\/\/krets.jagareforbundet.se\/motala\/skytte_20150419-2\/'><img loading=\"lazy\" decoding=\"async\" width=\"150\" height=\"150\" src=\"https:\/\/krets.jagareforbundet.se\/motala\/files\/2015\/04\/Skytte_20150419-2-150x150.jpg\" class=\"attachment-thumbnail size-thumbnail\" alt=\"\" \/><\/a>\n\t\t\t<\/dt><\/dl><br style=\"clear: both\" \/>\n\t\t<\/div>\n\n<p>Station 4. Sportingskytte p\u00e5 nyb\u00f6rjarvillkor &#8230;<\/p>\n\n\t\t<style type=\"text\/css\">\n\t\t\t#gallery-4 {\n\t\t\t\tmargin: auto;\n\t\t\t}\n\t\t\t#gallery-4 .gallery-item {\n\t\t\t\tfloat: left;\n\t\t\t\tmargin-top: 10px;\n\t\t\t\ttext-align: center;\n\t\t\t\twidth: 50%;\n\t\t\t}\n\t\t\t#gallery-4 img {\n\t\t\t\tborder: 2px solid #cfcfcf;\n\t\t\t}\n\t\t\t#gallery-4 .gallery-caption {\n\t\t\t\tmargin-left: 0;\n\t\t\t}\n\t\t\t\/* see gallery_shortcode() in wp-includes\/media.php *\/\n\t\t<\/style>\n\t\t<div id='gallery-4' class='gallery galleryid-533 gallery-columns-2 gallery-size-medium'><dl class='gallery-item'>\n\t\t\t<dt class='gallery-icon landscape'>\n\t\t\t\t<a href='https:\/\/krets.jagareforbundet.se\/motala\/skytte_20150419-12\/'><img loading=\"lazy\" decoding=\"async\" width=\"300\" height=\"225\" src=\"https:\/\/krets.jagareforbundet.se\/motala\/files\/2015\/04\/Skytte_20150419-12-300x225.jpg\" class=\"attachment-medium size-medium\" alt=\"\" srcset=\"https:\/\/krets.jagareforbundet.se\/motala\/files\/2015\/04\/Skytte_20150419-12-300x225.jpg 300w, https:\/\/krets.jagareforbundet.se\/motala\/files\/2015\/04\/Skytte_20150419-12-1024x768.jpg 1024w, https:\/\/krets.jagareforbundet.se\/motala\/files\/2015\/04\/Skytte_20150419-12.jpg 1600w\" sizes=\"auto, (max-width: 300px) 100vw, 300px\" \/><\/a>\n\t\t\t<\/dt><\/dl><dl class='gallery-item'>\n\t\t\t<dt class='gallery-icon portrait'>\n\t\t\t\t<a href='https:\/\/krets.jagareforbundet.se\/motala\/skytte_20150419-14\/'><img loading=\"lazy\" decoding=\"async\" width=\"225\" height=\"300\" src=\"https:\/\/krets.jagareforbundet.se\/motala\/files\/2015\/04\/Skytte_20150419-14-e1429645965548-225x300.jpg\" class=\"attachment-medium size-medium\" alt=\"\" srcset=\"https:\/\/krets.jagareforbundet.se\/motala\/files\/2015\/04\/Skytte_20150419-14-e1429645965548-225x300.jpg 225w, https:\/\/krets.jagareforbundet.se\/motala\/files\/2015\/04\/Skytte_20150419-14-e1429645965548-768x1024.jpg 768w, https:\/\/krets.jagareforbundet.se\/motala\/files\/2015\/04\/Skytte_20150419-14-e1429645965548.jpg 1200w\" sizes=\"auto, (max-width: 225px) 100vw, 225px\" \/><\/a>\n\t\t\t<\/dt><\/dl><br style=\"clear: both\" \/><dl class='gallery-item'>\n\t\t\t<dt class='gallery-icon portrait'>\n\t\t\t\t<a href='https:\/\/krets.jagareforbundet.se\/motala\/skytte_20150419-15\/'><img loading=\"lazy\" decoding=\"async\" width=\"225\" height=\"300\" src=\"https:\/\/krets.jagareforbundet.se\/motala\/files\/2015\/04\/Skytte_20150419-15-e1429645987148-225x300.jpg\" class=\"attachment-medium size-medium\" alt=\"\" srcset=\"https:\/\/krets.jagareforbundet.se\/motala\/files\/2015\/04\/Skytte_20150419-15-e1429645987148-225x300.jpg 225w, https:\/\/krets.jagareforbundet.se\/motala\/files\/2015\/04\/Skytte_20150419-15-e1429645987148-768x1024.jpg 768w, https:\/\/krets.jagareforbundet.se\/motala\/files\/2015\/04\/Skytte_20150419-15-e1429645987148.jpg 1200w\" sizes=\"auto, (max-width: 225px) 100vw, 225px\" \/><\/a>\n\t\t\t<\/dt><\/dl><dl class='gallery-item'>\n\t\t\t<dt class='gallery-icon landscape'>\n\t\t\t\t<a href='https:\/\/krets.jagareforbundet.se\/motala\/skytte_20150419-16\/'><img loading=\"lazy\" decoding=\"async\" width=\"300\" height=\"225\" src=\"https:\/\/krets.jagareforbundet.se\/motala\/files\/2015\/04\/Skytte_20150419-16-300x225.jpg\" class=\"attachment-medium size-medium\" alt=\"\" srcset=\"https:\/\/krets.jagareforbundet.se\/motala\/files\/2015\/04\/Skytte_20150419-16-300x225.jpg 300w, https:\/\/krets.jagareforbundet.se\/motala\/files\/2015\/04\/Skytte_20150419-16-1024x768.jpg 1024w, https:\/\/krets.jagareforbundet.se\/motala\/files\/2015\/04\/Skytte_20150419-16.jpg 1600w\" sizes=\"auto, (max-width: 300px) 100vw, 300px\" \/><\/a>\n\t\t\t<\/dt><\/dl><br style=\"clear: both\" \/>\n\t\t<\/div>\n\n<p>Ett Stort Tack till alla funktion\u00e4rer som gjorde denna dagen m\u00f6jlig!<\/p>\n","protected":false},"excerpt":{"rendered":"<p>Det var ett h\u00e4rligt v\u00e5rv\u00e4der n\u00e4r kretsen inbj\u00f6d till en skyttedag f\u00f6r blivande, nya och oerfarna j\u00e4gare. Totalt 15 deltagare sl\u00f6t upp p\u00e5 jaktskyttebanan i Kvarn och fick prova p\u00e5 ett varierat skytte med s\u00e5v\u00e4l hagel som kula. Efter en kortare inledning av Motalakretsens skytteansvarig Albin Turi och mycket rutinerade skytteinstrukt\u00f6r H\u00e5kan Wiktander delades deltagarna [&hellip;]<\/p>\n","protected":false},"author":109,"featured_media":519,"parent":310,"menu_order":79,"comment_status":"open","ping_status":"open","template":"","meta":{"footnotes":""},"class_list":["post-533","page","type-page","status-publish","has-post-thumbnail","hentry"],"_links":{"self":[{"href":"https:\/\/krets.jagareforbundet.se\/motala\/wp-json\/wp\/v2\/pages\/533","targetHints":{"allow":["GET"]}}],"collection":[{"href":"https:\/\/krets.jagareforbundet.se\/motala\/wp-json\/wp\/v2\/pages"}],"about":[{"href":"https:\/\/krets.jagareforbundet.se\/motala\/wp-json\/wp\/v2\/types\/page"}],"author":[{"embeddable":true,"href":"https:\/\/krets.jagareforbundet.se\/motala\/wp-json\/wp\/v2\/users\/109"}],"replies":[{"embeddable":true,"href":"https:\/\/krets.jagareforbundet.se\/motala\/wp-json\/wp\/v2\/comments?post=533"}],"version-history":[{"count":0,"href":"https:\/\/krets.jagareforbundet.se\/motala\/wp-json\/wp\/v2\/pages\/533\/revisions"}],"up":[{"embeddable":true,"href":"https:\/\/krets.jagareforbundet.se\/motala\/wp-json\/wp\/v2\/pages\/310"}],"wp:featuredmedia":[{"embeddable":true,"href":"https:\/\/krets.jagareforbundet.se\/motala\/wp-json\/wp\/v2\/media\/519"}],"wp:attachment":[{"href":"https:\/\/krets.jagareforbundet.se\/motala\/wp-json\/wp\/v2\/media?parent=533"}],"curies":[{"name":"wp","href":"https:\/\/api.w.org\/{rel}","templated":true}]}}