{"id":635,"date":"2015-11-04T17:46:23","date_gmt":"2015-11-04T16:46:23","guid":{"rendered":"https:\/\/krets.jagareforbundet.se\/motala\/?page_id=635"},"modified":"2015-11-04T17:46:23","modified_gmt":"2015-11-04T16:46:23","slug":"morkerskytte-2015-11-03","status":"publish","type":"page","link":"https:\/\/krets.jagareforbundet.se\/motala\/skytte\/morkerskytte-2015-11-03\/","title":{"rendered":"M\u00f6rkerskytte 2015-11-03"},"content":{"rendered":"<p>Motala Jaktv\u00e5rdskrets anordnade p\u00e5 kv\u00e4llen den 3 november \u00e5terigen m\u00f6rkerskytte p\u00e5 Jaktskyttebanan i Kvarn.\u00a0De trettiotalet j\u00e4gare som sl\u00f6t upp fick f\u00f6rst lyssna p\u00e5 ett intressant f\u00f6redrag av distriktsveterin\u00e4r Magnus Lindqvist som f\u00f6rel\u00e4ste om har skador p\u00e5 jakthundar kan f\u00f6rebyggas, vad man b\u00f6r t\u00e4nka p\u00e5 i jaktsituationer och hur man g\u00e5r tillv\u00e4ga n\u00e4r olyckan varit framme och skadan \u00e4r ett faktum.<\/p>\n\n\t\t<style type=\"text\/css\">\n\t\t\t#gallery-1 {\n\t\t\t\tmargin: auto;\n\t\t\t}\n\t\t\t#gallery-1 .gallery-item {\n\t\t\t\tfloat: left;\n\t\t\t\tmargin-top: 10px;\n\t\t\t\ttext-align: center;\n\t\t\t\twidth: 33%;\n\t\t\t}\n\t\t\t#gallery-1 img {\n\t\t\t\tborder: 2px solid #cfcfcf;\n\t\t\t}\n\t\t\t#gallery-1 .gallery-caption {\n\t\t\t\tmargin-left: 0;\n\t\t\t}\n\t\t\t\/* see gallery_shortcode() in wp-includes\/media.php *\/\n\t\t<\/style>\n\t\t<div id='gallery-1' class='gallery galleryid-635 gallery-columns-3 gallery-size-medium'><dl class='gallery-item'>\n\t\t\t<dt class='gallery-icon landscape'>\n\t\t\t\t<a href='https:\/\/krets.jagareforbundet.se\/motala\/mskytte_20151103-2\/'><img loading=\"lazy\" decoding=\"async\" width=\"300\" height=\"225\" src=\"https:\/\/krets.jagareforbundet.se\/motala\/files\/2015\/11\/Mskytte_20151103-2-300x225.jpg\" class=\"attachment-medium size-medium\" alt=\"\" srcset=\"https:\/\/krets.jagareforbundet.se\/motala\/files\/2015\/11\/Mskytte_20151103-2-300x225.jpg 300w, https:\/\/krets.jagareforbundet.se\/motala\/files\/2015\/11\/Mskytte_20151103-2-1024x768.jpg 1024w, https:\/\/krets.jagareforbundet.se\/motala\/files\/2015\/11\/Mskytte_20151103-2.jpg 1600w\" sizes=\"auto, (max-width: 300px) 100vw, 300px\" \/><\/a>\n\t\t\t<\/dt><\/dl><dl class='gallery-item'>\n\t\t\t<dt class='gallery-icon landscape'>\n\t\t\t\t<a href='https:\/\/krets.jagareforbundet.se\/motala\/mskytte_20151103-3\/'><img loading=\"lazy\" decoding=\"async\" width=\"300\" height=\"225\" src=\"https:\/\/krets.jagareforbundet.se\/motala\/files\/2015\/11\/Mskytte_20151103-3-300x225.jpg\" class=\"attachment-medium size-medium\" alt=\"\" srcset=\"https:\/\/krets.jagareforbundet.se\/motala\/files\/2015\/11\/Mskytte_20151103-3-300x225.jpg 300w, https:\/\/krets.jagareforbundet.se\/motala\/files\/2015\/11\/Mskytte_20151103-3-1024x768.jpg 1024w, https:\/\/krets.jagareforbundet.se\/motala\/files\/2015\/11\/Mskytte_20151103-3.jpg 1600w\" sizes=\"auto, (max-width: 300px) 100vw, 300px\" \/><\/a>\n\t\t\t<\/dt><\/dl><dl class='gallery-item'>\n\t\t\t<dt class='gallery-icon landscape'>\n\t\t\t\t<a href='https:\/\/krets.jagareforbundet.se\/motala\/mskytte_20151103-6\/'><img loading=\"lazy\" decoding=\"async\" width=\"300\" height=\"225\" src=\"https:\/\/krets.jagareforbundet.se\/motala\/files\/2015\/11\/Mskytte_20151103-6-300x225.jpg\" class=\"attachment-medium size-medium\" alt=\"\" srcset=\"https:\/\/krets.jagareforbundet.se\/motala\/files\/2015\/11\/Mskytte_20151103-6-300x225.jpg 300w, https:\/\/krets.jagareforbundet.se\/motala\/files\/2015\/11\/Mskytte_20151103-6-1024x768.jpg 1024w, https:\/\/krets.jagareforbundet.se\/motala\/files\/2015\/11\/Mskytte_20151103-6.jpg 1600w\" sizes=\"auto, (max-width: 300px) 100vw, 300px\" \/><\/a>\n\t\t\t<\/dt><\/dl><br style=\"clear: both\" \/>\n\t\t<\/div>\n\n<p>D\u00e4refter vidtog skyttemoment p\u00e5 fyra stationer av varierande natur som totalt 17 st j\u00e4gare deltog p\u00e5. Speciellt uppskattad var stationen med r\u00f6rligt m\u00e5l, d\u00e4r \u00e4ven ljudeffekter ingick.<\/p>\n\n\t\t<style type=\"text\/css\">\n\t\t\t#gallery-2 {\n\t\t\t\tmargin: auto;\n\t\t\t}\n\t\t\t#gallery-2 .gallery-item {\n\t\t\t\tfloat: left;\n\t\t\t\tmargin-top: 10px;\n\t\t\t\ttext-align: center;\n\t\t\t\twidth: 33%;\n\t\t\t}\n\t\t\t#gallery-2 img {\n\t\t\t\tborder: 2px solid #cfcfcf;\n\t\t\t}\n\t\t\t#gallery-2 .gallery-caption {\n\t\t\t\tmargin-left: 0;\n\t\t\t}\n\t\t\t\/* see gallery_shortcode() in wp-includes\/media.php *\/\n\t\t<\/style>\n\t\t<div id='gallery-2' class='gallery galleryid-635 gallery-columns-3 gallery-size-medium'><dl class='gallery-item'>\n\t\t\t<dt class='gallery-icon landscape'>\n\t\t\t\t<a href='https:\/\/krets.jagareforbundet.se\/motala\/mskytte_20151103-8\/'><img loading=\"lazy\" decoding=\"async\" width=\"300\" height=\"225\" src=\"https:\/\/krets.jagareforbundet.se\/motala\/files\/2015\/11\/Mskytte_20151103-8-300x225.jpg\" class=\"attachment-medium size-medium\" alt=\"\" srcset=\"https:\/\/krets.jagareforbundet.se\/motala\/files\/2015\/11\/Mskytte_20151103-8-300x225.jpg 300w, https:\/\/krets.jagareforbundet.se\/motala\/files\/2015\/11\/Mskytte_20151103-8-1024x768.jpg 1024w, https:\/\/krets.jagareforbundet.se\/motala\/files\/2015\/11\/Mskytte_20151103-8.jpg 1600w\" sizes=\"auto, (max-width: 300px) 100vw, 300px\" \/><\/a>\n\t\t\t<\/dt><\/dl><dl class='gallery-item'>\n\t\t\t<dt class='gallery-icon landscape'>\n\t\t\t\t<a href='https:\/\/krets.jagareforbundet.se\/motala\/mskytte_20151103-9\/'><img loading=\"lazy\" decoding=\"async\" width=\"300\" height=\"225\" src=\"https:\/\/krets.jagareforbundet.se\/motala\/files\/2015\/11\/Mskytte_20151103-9-300x225.jpg\" class=\"attachment-medium size-medium\" alt=\"\" srcset=\"https:\/\/krets.jagareforbundet.se\/motala\/files\/2015\/11\/Mskytte_20151103-9-300x225.jpg 300w, https:\/\/krets.jagareforbundet.se\/motala\/files\/2015\/11\/Mskytte_20151103-9-1024x768.jpg 1024w, https:\/\/krets.jagareforbundet.se\/motala\/files\/2015\/11\/Mskytte_20151103-9.jpg 1600w\" sizes=\"auto, (max-width: 300px) 100vw, 300px\" \/><\/a>\n\t\t\t<\/dt><\/dl><dl class='gallery-item'>\n\t\t\t<dt class='gallery-icon landscape'>\n\t\t\t\t<a href='https:\/\/krets.jagareforbundet.se\/motala\/mskytte_20151103-13\/'><img loading=\"lazy\" decoding=\"async\" width=\"300\" height=\"225\" src=\"https:\/\/krets.jagareforbundet.se\/motala\/files\/2015\/11\/Mskytte_20151103-13-300x225.jpg\" class=\"attachment-medium size-medium\" alt=\"\" srcset=\"https:\/\/krets.jagareforbundet.se\/motala\/files\/2015\/11\/Mskytte_20151103-13-300x225.jpg 300w, https:\/\/krets.jagareforbundet.se\/motala\/files\/2015\/11\/Mskytte_20151103-13-1024x768.jpg 1024w, https:\/\/krets.jagareforbundet.se\/motala\/files\/2015\/11\/Mskytte_20151103-13.jpg 1600w\" sizes=\"auto, (max-width: 300px) 100vw, 300px\" \/><\/a>\n\t\t\t<\/dt><\/dl><br style=\"clear: both\" \/>\n\t\t<\/div>\n\n<p>Ett stort tack till Albin Turi och Kenth Andersson f\u00f6r planering, utformning och genomf\u00f6rande\u00a0av en mycket uppskattad kv\u00e4ll. Tack ocks\u00e5 till Magnus Lindqvist f\u00f6r den intressanta f\u00f6rel\u00e4sningen, och till \u00d6stg\u00f6ta Jaktskytteklubb f\u00f6r uppl\u00e5tande av bana och servering av kaffe och korv.<\/p>\n","protected":false},"excerpt":{"rendered":"<p>Motala Jaktv\u00e5rdskrets anordnade p\u00e5 kv\u00e4llen den 3 november \u00e5terigen m\u00f6rkerskytte p\u00e5 Jaktskyttebanan i Kvarn.\u00a0De trettiotalet j\u00e4gare som sl\u00f6t upp fick f\u00f6rst lyssna p\u00e5 ett intressant f\u00f6redrag av distriktsveterin\u00e4r Magnus Lindqvist som f\u00f6rel\u00e4ste om har skador p\u00e5 jakthundar kan f\u00f6rebyggas, vad man b\u00f6r t\u00e4nka p\u00e5 i jaktsituationer och hur man g\u00e5r tillv\u00e4ga n\u00e4r olyckan varit framme [&hellip;]<\/p>\n","protected":false},"author":109,"featured_media":636,"parent":310,"menu_order":77,"comment_status":"closed","ping_status":"closed","template":"","meta":{"footnotes":""},"class_list":["post-635","page","type-page","status-publish","has-post-thumbnail","hentry"],"_links":{"self":[{"href":"https:\/\/krets.jagareforbundet.se\/motala\/wp-json\/wp\/v2\/pages\/635","targetHints":{"allow":["GET"]}}],"collection":[{"href":"https:\/\/krets.jagareforbundet.se\/motala\/wp-json\/wp\/v2\/pages"}],"about":[{"href":"https:\/\/krets.jagareforbundet.se\/motala\/wp-json\/wp\/v2\/types\/page"}],"author":[{"embeddable":true,"href":"https:\/\/krets.jagareforbundet.se\/motala\/wp-json\/wp\/v2\/users\/109"}],"replies":[{"embeddable":true,"href":"https:\/\/krets.jagareforbundet.se\/motala\/wp-json\/wp\/v2\/comments?post=635"}],"version-history":[{"count":0,"href":"https:\/\/krets.jagareforbundet.se\/motala\/wp-json\/wp\/v2\/pages\/635\/revisions"}],"up":[{"embeddable":true,"href":"https:\/\/krets.jagareforbundet.se\/motala\/wp-json\/wp\/v2\/pages\/310"}],"wp:featuredmedia":[{"embeddable":true,"href":"https:\/\/krets.jagareforbundet.se\/motala\/wp-json\/wp\/v2\/media\/636"}],"wp:attachment":[{"href":"https:\/\/krets.jagareforbundet.se\/motala\/wp-json\/wp\/v2\/media?parent=635"}],"curies":[{"name":"wp","href":"https:\/\/api.w.org\/{rel}","templated":true}]}}