{"id":841,"date":"2016-05-22T21:16:24","date_gmt":"2016-05-22T19:16:24","guid":{"rendered":"https:\/\/krets.jagareforbundet.se\/motala\/?page_id=841"},"modified":"2016-05-22T21:21:58","modified_gmt":"2016-05-22T19:21:58","slug":"km-i-viltspar-2016","status":"publish","type":"page","link":"https:\/\/krets.jagareforbundet.se\/motala\/hundar\/km-i-viltspar-2016\/","title":{"rendered":"KM i Viltsp\u00e5r 2016"},"content":{"rendered":"<p>S\u00f6ndagen den 22 maj h\u00f6lls 2016 \u00e5rs Kretsm\u00e4sterskap i Viltsp\u00e5r.\u00a0Precis som f\u00f6rra\u00a0\u00e5ret h\u00f6lls t\u00e4vlingen p\u00e5 Kolstorps marker strax \u00f6ster om Borensberg. V\u00e4derf\u00f6rh\u00e5llande var i det n\u00e4rmaste ideala, med l\u00e4tt fuktig skog efter lite l\u00e4ttare nederb\u00f6rd\u00a0under de tidiga morgontimmarna.<\/p>\n<p>En handfull sp\u00e5r\u00a0hade lagts\u00a0av funktion\u00e4rerna p\u00e5 l\u00f6rdagskv\u00e4llen. Vart och ett av sp\u00e5ren l\u00e4ggs ca 800 meter l\u00e5nga genom att sl\u00e4pa en kl\u00f6v och under v\u00e4gen\u00a0droppa ut ca 2 dl blod. Sp\u00e5ren inneh\u00e5ller vidare tv\u00e5 tydliga s\u00e5rlegor, samt\u00a0en \u00f6gla d\u00e4r det lagda sp\u00e5ret korsar sig sj\u00e4lvt. Vid sp\u00e5rslut finns den sl\u00e4pade kl\u00f6ven.<\/p>\n\n\t\t<style type=\"text\/css\">\n\t\t\t#gallery-1 {\n\t\t\t\tmargin: auto;\n\t\t\t}\n\t\t\t#gallery-1 .gallery-item {\n\t\t\t\tfloat: left;\n\t\t\t\tmargin-top: 10px;\n\t\t\t\ttext-align: center;\n\t\t\t\twidth: 33%;\n\t\t\t}\n\t\t\t#gallery-1 img {\n\t\t\t\tborder: 2px solid #cfcfcf;\n\t\t\t}\n\t\t\t#gallery-1 .gallery-caption {\n\t\t\t\tmargin-left: 0;\n\t\t\t}\n\t\t\t\/* see gallery_shortcode() in wp-includes\/media.php *\/\n\t\t<\/style>\n\t\t<div id='gallery-1' class='gallery galleryid-841 gallery-columns-3 gallery-size-large'><dl class='gallery-item'>\n\t\t\t<dt class='gallery-icon landscape'>\n\t\t\t\t<a href='https:\/\/krets.jagareforbundet.se\/motala\/km_viltsp_2016_forb-1\/'><img loading=\"lazy\" decoding=\"async\" width=\"1024\" height=\"768\" src=\"https:\/\/krets.jagareforbundet.se\/motala\/files\/2016\/05\/km_viltsp_2016_forb-1-1024x768.jpg\" class=\"attachment-large size-large\" alt=\"\" aria-describedby=\"gallery-1-818\" srcset=\"https:\/\/krets.jagareforbundet.se\/motala\/files\/2016\/05\/km_viltsp_2016_forb-1-1024x768.jpg 1024w, https:\/\/krets.jagareforbundet.se\/motala\/files\/2016\/05\/km_viltsp_2016_forb-1-300x225.jpg 300w, https:\/\/krets.jagareforbundet.se\/motala\/files\/2016\/05\/km_viltsp_2016_forb-1.jpg 1600w\" sizes=\"auto, (max-width: 1024px) 100vw, 1024px\" \/><\/a>\n\t\t\t<\/dt>\n\t\t\t\t<dd class='wp-caption-text gallery-caption' id='gallery-1-818'>\n\t\t\t\tTv\u00e5 av sp\u00e5rl\u00e4ggarna, Kenth och Lotta\n\t\t\t\t<\/dd><\/dl><dl class='gallery-item'>\n\t\t\t<dt class='gallery-icon landscape'>\n\t\t\t\t<a href='https:\/\/krets.jagareforbundet.se\/motala\/km_viltsp_2016_forb-3\/'><img loading=\"lazy\" decoding=\"async\" width=\"1024\" height=\"768\" src=\"https:\/\/krets.jagareforbundet.se\/motala\/files\/2016\/05\/km_viltsp_2016_forb-3-1024x768.jpg\" class=\"attachment-large size-large\" alt=\"\" aria-describedby=\"gallery-1-820\" srcset=\"https:\/\/krets.jagareforbundet.se\/motala\/files\/2016\/05\/km_viltsp_2016_forb-3-1024x768.jpg 1024w, https:\/\/krets.jagareforbundet.se\/motala\/files\/2016\/05\/km_viltsp_2016_forb-3-300x225.jpg 300w, https:\/\/krets.jagareforbundet.se\/motala\/files\/2016\/05\/km_viltsp_2016_forb-3.jpg 1600w\" sizes=\"auto, (max-width: 1024px) 100vw, 1024px\" \/><\/a>\n\t\t\t<\/dt>\n\t\t\t\t<dd class='wp-caption-text gallery-caption' id='gallery-1-820'>\n\t\t\t\tS\u00e5rlega prepareras\n\t\t\t\t<\/dd><\/dl><dl class='gallery-item'>\n\t\t\t<dt class='gallery-icon landscape'>\n\t\t\t\t<a href='https:\/\/krets.jagareforbundet.se\/motala\/km_viltsp_2016_forb-4\/'><img loading=\"lazy\" decoding=\"async\" width=\"1024\" height=\"768\" src=\"https:\/\/krets.jagareforbundet.se\/motala\/files\/2016\/05\/km_viltsp_2016_forb-4-1024x768.jpg\" class=\"attachment-large size-large\" alt=\"\" aria-describedby=\"gallery-1-821\" srcset=\"https:\/\/krets.jagareforbundet.se\/motala\/files\/2016\/05\/km_viltsp_2016_forb-4-1024x768.jpg 1024w, https:\/\/krets.jagareforbundet.se\/motala\/files\/2016\/05\/km_viltsp_2016_forb-4-300x225.jpg 300w, https:\/\/krets.jagareforbundet.se\/motala\/files\/2016\/05\/km_viltsp_2016_forb-4.jpg 1600w\" sizes=\"auto, (max-width: 1024px) 100vw, 1024px\" \/><\/a>\n\t\t\t<\/dt>\n\t\t\t\t<dd class='wp-caption-text gallery-caption' id='gallery-1-821'>\n\t\t\t\tSp\u00e5rslut\n\t\t\t\t<\/dd><\/dl><br style=\"clear: both\" \/>\n\t\t<\/div>\n\n<p>T\u00e4vlingsdagen startade strax efter kl 8,\u00a0med en kortare genomg\u00e5ng. F\u00f6rst ut \u00e4r\u00a0sp\u00e5rningen, d\u00e4r ekipagen har 90 minuter p\u00e5 sig att f\u00f6r full pott hitta b\u00e5da s\u00e5rlegorna och den\u00a0avslutade kl\u00f6ven.<\/p>\n\n\t\t<style type=\"text\/css\">\n\t\t\t#gallery-2 {\n\t\t\t\tmargin: auto;\n\t\t\t}\n\t\t\t#gallery-2 .gallery-item {\n\t\t\t\tfloat: left;\n\t\t\t\tmargin-top: 10px;\n\t\t\t\ttext-align: center;\n\t\t\t\twidth: 33%;\n\t\t\t}\n\t\t\t#gallery-2 img {\n\t\t\t\tborder: 2px solid #cfcfcf;\n\t\t\t}\n\t\t\t#gallery-2 .gallery-caption {\n\t\t\t\tmargin-left: 0;\n\t\t\t}\n\t\t\t\/* see gallery_shortcode() in wp-includes\/media.php *\/\n\t\t<\/style>\n\t\t<div id='gallery-2' class='gallery galleryid-841 gallery-columns-3 gallery-size-large'><dl class='gallery-item'>\n\t\t\t<dt class='gallery-icon landscape'>\n\t\t\t\t<a href='https:\/\/krets.jagareforbundet.se\/motala\/km_viltsp_2016-1\/'><img loading=\"lazy\" decoding=\"async\" width=\"1024\" height=\"768\" src=\"https:\/\/krets.jagareforbundet.se\/motala\/files\/2016\/05\/km_viltsp_2016-1-1024x768.jpg\" class=\"attachment-large size-large\" alt=\"\" aria-describedby=\"gallery-2-823\" srcset=\"https:\/\/krets.jagareforbundet.se\/motala\/files\/2016\/05\/km_viltsp_2016-1-1024x768.jpg 1024w, https:\/\/krets.jagareforbundet.se\/motala\/files\/2016\/05\/km_viltsp_2016-1-300x225.jpg 300w, https:\/\/krets.jagareforbundet.se\/motala\/files\/2016\/05\/km_viltsp_2016-1.jpg 1600w\" sizes=\"auto, (max-width: 1024px) 100vw, 1024px\" \/><\/a>\n\t\t\t<\/dt>\n\t\t\t\t<dd class='wp-caption-text gallery-caption' id='gallery-2-823'>\n\t\t\t\tT\u00e4vlingsdeltagarna samlas,  &#8230;\n\t\t\t\t<\/dd><\/dl><dl class='gallery-item'>\n\t\t\t<dt class='gallery-icon landscape'>\n\t\t\t\t<a href='https:\/\/krets.jagareforbundet.se\/motala\/km_viltsp_2016-3\/'><img loading=\"lazy\" decoding=\"async\" width=\"1024\" height=\"768\" src=\"https:\/\/krets.jagareforbundet.se\/motala\/files\/2016\/05\/km_viltsp_2016-3-1024x768.jpg\" class=\"attachment-large size-large\" alt=\"\" aria-describedby=\"gallery-2-825\" srcset=\"https:\/\/krets.jagareforbundet.se\/motala\/files\/2016\/05\/km_viltsp_2016-3-1024x768.jpg 1024w, https:\/\/krets.jagareforbundet.se\/motala\/files\/2016\/05\/km_viltsp_2016-3-300x225.jpg 300w, https:\/\/krets.jagareforbundet.se\/motala\/files\/2016\/05\/km_viltsp_2016-3.jpg 1600w\" sizes=\"auto, (max-width: 1024px) 100vw, 1024px\" \/><\/a>\n\t\t\t<\/dt>\n\t\t\t\t<dd class='wp-caption-text gallery-caption' id='gallery-2-825'>\n\t\t\t\tf\u00f6ruts\u00e4ttningarna g\u00e5s igenom,  &#8230;\n\t\t\t\t<\/dd><\/dl><dl class='gallery-item'>\n\t\t\t<dt class='gallery-icon landscape'>\n\t\t\t\t<a href='https:\/\/krets.jagareforbundet.se\/motala\/km_viltsp_2016-4\/'><img loading=\"lazy\" decoding=\"async\" width=\"1024\" height=\"768\" src=\"https:\/\/krets.jagareforbundet.se\/motala\/files\/2016\/05\/km_viltsp_2016-4-1024x768.jpg\" class=\"attachment-large size-large\" alt=\"\" aria-describedby=\"gallery-2-826\" srcset=\"https:\/\/krets.jagareforbundet.se\/motala\/files\/2016\/05\/km_viltsp_2016-4-1024x768.jpg 1024w, https:\/\/krets.jagareforbundet.se\/motala\/files\/2016\/05\/km_viltsp_2016-4-300x225.jpg 300w, https:\/\/krets.jagareforbundet.se\/motala\/files\/2016\/05\/km_viltsp_2016-4.jpg 1600w\" sizes=\"auto, (max-width: 1024px) 100vw, 1024px\" \/><\/a>\n\t\t\t<\/dt>\n\t\t\t\t<dd class='wp-caption-text gallery-caption' id='gallery-2-826'>\n\t\t\t\t&#8230; och det b\u00f6rjar vara klart f\u00f6r start.\n\t\t\t\t<\/dd><\/dl><br style=\"clear: both\" \/>\n\t\t<\/div>\n\n<p>Uppl\u00e4gget\u00a0numera \u00e4r\u00a0att hund och f\u00f6rare g\u00e5r sina respektive sp\u00e5r sj\u00e4lva utan medf\u00f6ljande t\u00e4vlingsdomare. Ist\u00e4llet utnyttjas GPS-teknik, s\u00e5 att t\u00e4vlingsledningen f\u00f6ljer alla ekipagens sp\u00e5rarbete fr\u00e5n distans och vid behov efter\u00e5t kan \u00a0j\u00e4mf\u00f6ra med de preparerade sp\u00e5ren.\u00a0F\u00f6r\u00a0full pott\u00a0i detta moment kr\u00e4vs att\u00a0hundekipagen hittar viltkl\u00f6ven\u00a0 samt\u00a0ett f\u00f6rem\u00e5l fr\u00e5n\u00a0de\u00a0b\u00e5da s\u00e5rlegorna.<\/p>\n\n\t\t<style type=\"text\/css\">\n\t\t\t#gallery-3 {\n\t\t\t\tmargin: auto;\n\t\t\t}\n\t\t\t#gallery-3 .gallery-item {\n\t\t\t\tfloat: left;\n\t\t\t\tmargin-top: 10px;\n\t\t\t\ttext-align: center;\n\t\t\t\twidth: 33%;\n\t\t\t}\n\t\t\t#gallery-3 img {\n\t\t\t\tborder: 2px solid #cfcfcf;\n\t\t\t}\n\t\t\t#gallery-3 .gallery-caption {\n\t\t\t\tmargin-left: 0;\n\t\t\t}\n\t\t\t\/* see gallery_shortcode() in wp-includes\/media.php *\/\n\t\t<\/style>\n\t\t<div id='gallery-3' class='gallery galleryid-841 gallery-columns-3 gallery-size-large'><dl class='gallery-item'>\n\t\t\t<dt class='gallery-icon landscape'>\n\t\t\t\t<a href='https:\/\/krets.jagareforbundet.se\/motala\/km_viltsp_2016-8\/'><img loading=\"lazy\" decoding=\"async\" width=\"1024\" height=\"768\" src=\"https:\/\/krets.jagareforbundet.se\/motala\/files\/2016\/05\/km_viltsp_2016-8-1024x768.jpg\" class=\"attachment-large size-large\" alt=\"\" aria-describedby=\"gallery-3-830\" srcset=\"https:\/\/krets.jagareforbundet.se\/motala\/files\/2016\/05\/km_viltsp_2016-8-1024x768.jpg 1024w, https:\/\/krets.jagareforbundet.se\/motala\/files\/2016\/05\/km_viltsp_2016-8-300x225.jpg 300w, https:\/\/krets.jagareforbundet.se\/motala\/files\/2016\/05\/km_viltsp_2016-8.jpg 1600w\" sizes=\"auto, (max-width: 1024px) 100vw, 1024px\" \/><\/a>\n\t\t\t<\/dt>\n\t\t\t\t<dd class='wp-caption-text gallery-caption' id='gallery-3-830'>\n\t\t\t\tRedog\u00f6relse inf\u00f6r sp\u00e5rstart\n\t\t\t\t<\/dd><\/dl><dl class='gallery-item'>\n\t\t\t<dt class='gallery-icon landscape'>\n\t\t\t\t<a href='https:\/\/krets.jagareforbundet.se\/motala\/km_viltsp_2016-5\/'><img loading=\"lazy\" decoding=\"async\" width=\"1024\" height=\"768\" src=\"https:\/\/krets.jagareforbundet.se\/motala\/files\/2016\/05\/km_viltsp_2016-5-1024x768.jpg\" class=\"attachment-large size-large\" alt=\"\" aria-describedby=\"gallery-3-827\" srcset=\"https:\/\/krets.jagareforbundet.se\/motala\/files\/2016\/05\/km_viltsp_2016-5-1024x768.jpg 1024w, https:\/\/krets.jagareforbundet.se\/motala\/files\/2016\/05\/km_viltsp_2016-5-300x225.jpg 300w, https:\/\/krets.jagareforbundet.se\/motala\/files\/2016\/05\/km_viltsp_2016-5.jpg 1600w\" sizes=\"auto, (max-width: 1024px) 100vw, 1024px\" \/><\/a>\n\t\t\t<\/dt>\n\t\t\t\t<dd class='wp-caption-text gallery-caption' id='gallery-3-827'>\n\t\t\t\tS\u00e5 startar ekipagens arbete\n\t\t\t\t<\/dd><\/dl><dl class='gallery-item'>\n\t\t\t<dt class='gallery-icon landscape'>\n\t\t\t\t<a href='https:\/\/krets.jagareforbundet.se\/motala\/km_viltsp_2016-12\/'><img loading=\"lazy\" decoding=\"async\" width=\"1024\" height=\"768\" src=\"https:\/\/krets.jagareforbundet.se\/motala\/files\/2016\/05\/km_viltsp_2016-12-1024x768.jpg\" class=\"attachment-large size-large\" alt=\"\" aria-describedby=\"gallery-3-834\" srcset=\"https:\/\/krets.jagareforbundet.se\/motala\/files\/2016\/05\/km_viltsp_2016-12-1024x768.jpg 1024w, https:\/\/krets.jagareforbundet.se\/motala\/files\/2016\/05\/km_viltsp_2016-12-300x225.jpg 300w, https:\/\/krets.jagareforbundet.se\/motala\/files\/2016\/05\/km_viltsp_2016-12.jpg 1600w\" sizes=\"auto, (max-width: 1024px) 100vw, 1024px\" \/><\/a>\n\t\t\t<\/dt>\n\t\t\t\t<dd class='wp-caption-text gallery-caption' id='gallery-3-834'>\n\t\t\t\tFunktion\u00e4rerna f\u00f6ljer sp\u00e5rarbetet via GPS\n\t\t\t\t<\/dd><\/dl><br style=\"clear: both\" \/><dl class='gallery-item'>\n\t\t\t<dt class='gallery-icon landscape'>\n\t\t\t\t<a href='https:\/\/krets.jagareforbundet.se\/motala\/km_viltsp_2016-10\/'><img loading=\"lazy\" decoding=\"async\" width=\"1024\" height=\"768\" src=\"https:\/\/krets.jagareforbundet.se\/motala\/files\/2016\/05\/km_viltsp_2016-10-1024x768.jpg\" class=\"attachment-large size-large\" alt=\"\" aria-describedby=\"gallery-3-832\" srcset=\"https:\/\/krets.jagareforbundet.se\/motala\/files\/2016\/05\/km_viltsp_2016-10-1024x768.jpg 1024w, https:\/\/krets.jagareforbundet.se\/motala\/files\/2016\/05\/km_viltsp_2016-10-300x225.jpg 300w, https:\/\/krets.jagareforbundet.se\/motala\/files\/2016\/05\/km_viltsp_2016-10.jpg 1600w\" sizes=\"auto, (max-width: 1024px) 100vw, 1024px\" \/><\/a>\n\t\t\t<\/dt>\n\t\t\t\t<dd class='wp-caption-text gallery-caption' id='gallery-3-832'>\n\t\t\t\tDagens yngsta hundf\u00f6rare (visserligen utom t\u00e4vlan)\n\t\t\t\t<\/dd><\/dl><dl class='gallery-item'>\n\t\t\t<dt class='gallery-icon landscape'>\n\t\t\t\t<a href='https:\/\/krets.jagareforbundet.se\/motala\/km_viltsp_2016-15\/'><img loading=\"lazy\" decoding=\"async\" width=\"1024\" height=\"768\" src=\"https:\/\/krets.jagareforbundet.se\/motala\/files\/2016\/05\/km_viltsp_2016-15-1024x768.jpg\" class=\"attachment-large size-large\" alt=\"\" aria-describedby=\"gallery-3-837\" srcset=\"https:\/\/krets.jagareforbundet.se\/motala\/files\/2016\/05\/km_viltsp_2016-15-1024x768.jpg 1024w, https:\/\/krets.jagareforbundet.se\/motala\/files\/2016\/05\/km_viltsp_2016-15-300x225.jpg 300w, https:\/\/krets.jagareforbundet.se\/motala\/files\/2016\/05\/km_viltsp_2016-15.jpg 1600w\" sizes=\"auto, (max-width: 1024px) 100vw, 1024px\" \/><\/a>\n\t\t\t<\/dt>\n\t\t\t\t<dd class='wp-caption-text gallery-caption' id='gallery-3-837'>\n\t\t\t\tStolt hund (tyskterriern Svea) med hittad kl\u00f6v\n\t\t\t\t<\/dd><\/dl><dl class='gallery-item'>\n\t\t\t<dt class='gallery-icon landscape'>\n\t\t\t\t<a href='https:\/\/krets.jagareforbundet.se\/motala\/km_viltsp_2016-14\/'><img loading=\"lazy\" decoding=\"async\" width=\"1024\" height=\"768\" src=\"https:\/\/krets.jagareforbundet.se\/motala\/files\/2016\/05\/km_viltsp_2016-14-1024x768.jpg\" class=\"attachment-large size-large\" alt=\"\" aria-describedby=\"gallery-3-836\" srcset=\"https:\/\/krets.jagareforbundet.se\/motala\/files\/2016\/05\/km_viltsp_2016-14-1024x768.jpg 1024w, https:\/\/krets.jagareforbundet.se\/motala\/files\/2016\/05\/km_viltsp_2016-14-300x225.jpg 300w, https:\/\/krets.jagareforbundet.se\/motala\/files\/2016\/05\/km_viltsp_2016-14.jpg 1600w\" sizes=\"auto, (max-width: 1024px) 100vw, 1024px\" \/><\/a>\n\t\t\t<\/dt>\n\t\t\t\t<dd class='wp-caption-text gallery-caption' id='gallery-3-836'>\n\t\t\t\tGenomg\u00e5ng efter sp\u00e5rning\n\t\t\t\t<\/dd><\/dl><br style=\"clear: both\" \/>\n\t\t<\/div>\n\n<p>Efter avslutad sp\u00e5rning vidtog ett par lite mer teoretiska moment med skottplatsunders\u00f6kning och 10 teorifr\u00e5gor.<\/p>\n<p>N\u00e4r alla moment summerats kunde konstateras att \u00e4ven detta \u00e5r vann tyskterriern Ester med Tomas Strandhag som hundf\u00f6rare. Detta efter sm\u00e5tt otrolig full pott p\u00e5 samtliga moment.<\/p>\n<p>Det var dock ovanligt j\u00e4mnt och tufft i toppen. Tv\u00e5a kom\u00a0Buster och Bertil Pantzar med en po\u00e4ng ifr\u00e5n p\u00e5 skottplatsunders\u00f6kningarna. Dessa b\u00e5da hundar och hundf\u00f6rare gjorde idag ett v\u00e4ldigt bra arbete i skogen med sp\u00e5ren!<\/p>\n<p>Trea kom Anders Berglund med tyskterriern Svea, fyra Simon Petersson med Bazze, och femma Magnus Byman med Ajax.<\/p>\n\n\t\t<style type=\"text\/css\">\n\t\t\t#gallery-4 {\n\t\t\t\tmargin: auto;\n\t\t\t}\n\t\t\t#gallery-4 .gallery-item {\n\t\t\t\tfloat: left;\n\t\t\t\tmargin-top: 10px;\n\t\t\t\ttext-align: center;\n\t\t\t\twidth: 50%;\n\t\t\t}\n\t\t\t#gallery-4 img {\n\t\t\t\tborder: 2px solid #cfcfcf;\n\t\t\t}\n\t\t\t#gallery-4 .gallery-caption {\n\t\t\t\tmargin-left: 0;\n\t\t\t}\n\t\t\t\/* see gallery_shortcode() in wp-includes\/media.php *\/\n\t\t<\/style>\n\t\t<div id='gallery-4' class='gallery galleryid-841 gallery-columns-2 gallery-size-large'><dl class='gallery-item'>\n\t\t\t<dt class='gallery-icon landscape'>\n\t\t\t\t<a href='https:\/\/krets.jagareforbundet.se\/motala\/km_viltsp_2016-19\/'><img loading=\"lazy\" decoding=\"async\" width=\"480\" height=\"360\" src=\"https:\/\/krets.jagareforbundet.se\/motala\/files\/2016\/05\/km_viltsp_2016-19.jpg\" class=\"attachment-large size-large\" alt=\"\" aria-describedby=\"gallery-4-842\" srcset=\"https:\/\/krets.jagareforbundet.se\/motala\/files\/2016\/05\/km_viltsp_2016-19.jpg 480w, https:\/\/krets.jagareforbundet.se\/motala\/files\/2016\/05\/km_viltsp_2016-19-300x225.jpg 300w\" sizes=\"auto, (max-width: 480px) 100vw, 480px\" \/><\/a>\n\t\t\t<\/dt>\n\t\t\t\t<dd class='wp-caption-text gallery-caption' id='gallery-4-842'>\n\t\t\t\t2016 \u00e5rs Kretsm\u00e4stare, Ester och Tomas\n\t\t\t\t<\/dd><\/dl><dl class='gallery-item'>\n\t\t\t<dt class='gallery-icon landscape'>\n\t\t\t\t<a href='https:\/\/krets.jagareforbundet.se\/motala\/km_viltsp_2016-17\/'><img loading=\"lazy\" decoding=\"async\" width=\"640\" height=\"480\" src=\"https:\/\/krets.jagareforbundet.se\/motala\/files\/2016\/05\/km_viltsp_2016-17.jpg\" class=\"attachment-large size-large\" alt=\"\" aria-describedby=\"gallery-4-839\" srcset=\"https:\/\/krets.jagareforbundet.se\/motala\/files\/2016\/05\/km_viltsp_2016-17.jpg 640w, https:\/\/krets.jagareforbundet.se\/motala\/files\/2016\/05\/km_viltsp_2016-17-300x225.jpg 300w\" sizes=\"auto, (max-width: 640px) 100vw, 640px\" \/><\/a>\n\t\t\t<\/dt>\n\t\t\t\t<dd class='wp-caption-text gallery-caption' id='gallery-4-839'>\n\t\t\t\t2016 \u00e5rs t\u00e4vlande\n\t\t\t\t<\/dd><\/dl><br style=\"clear: both\" \/>\n\t\t<\/div>\n\n<p>Tack till deltagare och\u00a0funktion\u00e4rer f\u00f6r ett v\u00e4l genomf\u00f6rt Kretsm\u00e4sterskap! Tack ocks\u00e5 till Kolstorps mark\u00e4gare och jaktr\u00e4ttsinnehavare f\u00f6r uppl\u00e5tande av mark.<\/p>\n<p>Lycka till nu Ester och Tomas i L\u00e4nsm\u00e4sterskapet, som i \u00e5r \u00e4r inplanerat att \u00e4ga rum p\u00e5 Omberg i augusti.<\/p>\n","protected":false},"excerpt":{"rendered":"<p>S\u00f6ndagen den 22 maj h\u00f6lls 2016 \u00e5rs Kretsm\u00e4sterskap i Viltsp\u00e5r.\u00a0Precis som f\u00f6rra\u00a0\u00e5ret h\u00f6lls t\u00e4vlingen p\u00e5 Kolstorps marker strax \u00f6ster om Borensberg. V\u00e4derf\u00f6rh\u00e5llande var i det n\u00e4rmaste ideala, med l\u00e4tt fuktig skog efter lite l\u00e4ttare nederb\u00f6rd\u00a0under de tidiga morgontimmarna. En handfull sp\u00e5r\u00a0hade lagts\u00a0av funktion\u00e4rerna p\u00e5 l\u00f6rdagskv\u00e4llen. Vart och ett av sp\u00e5ren l\u00e4ggs ca 800 meter l\u00e5nga [&hellip;]<\/p>\n","protected":false},"author":109,"featured_media":839,"parent":355,"menu_order":30,"comment_status":"closed","ping_status":"closed","template":"","meta":{"footnotes":""},"class_list":["post-841","page","type-page","status-publish","has-post-thumbnail","hentry"],"_links":{"self":[{"href":"https:\/\/krets.jagareforbundet.se\/motala\/wp-json\/wp\/v2\/pages\/841","targetHints":{"allow":["GET"]}}],"collection":[{"href":"https:\/\/krets.jagareforbundet.se\/motala\/wp-json\/wp\/v2\/pages"}],"about":[{"href":"https:\/\/krets.jagareforbundet.se\/motala\/wp-json\/wp\/v2\/types\/page"}],"author":[{"embeddable":true,"href":"https:\/\/krets.jagareforbundet.se\/motala\/wp-json\/wp\/v2\/users\/109"}],"replies":[{"embeddable":true,"href":"https:\/\/krets.jagareforbundet.se\/motala\/wp-json\/wp\/v2\/comments?post=841"}],"version-history":[{"count":1,"href":"https:\/\/krets.jagareforbundet.se\/motala\/wp-json\/wp\/v2\/pages\/841\/revisions"}],"predecessor-version":[{"id":843,"href":"https:\/\/krets.jagareforbundet.se\/motala\/wp-json\/wp\/v2\/pages\/841\/revisions\/843"}],"up":[{"embeddable":true,"href":"https:\/\/krets.jagareforbundet.se\/motala\/wp-json\/wp\/v2\/pages\/355"}],"wp:featuredmedia":[{"embeddable":true,"href":"https:\/\/krets.jagareforbundet.se\/motala\/wp-json\/wp\/v2\/media\/839"}],"wp:attachment":[{"href":"https:\/\/krets.jagareforbundet.se\/motala\/wp-json\/wp\/v2\/media?parent=841"}],"curies":[{"name":"wp","href":"https:\/\/api.w.org\/{rel}","templated":true}]}}