{"id":914,"date":"2016-08-14T21:39:28","date_gmt":"2016-08-14T19:39:28","guid":{"rendered":"https:\/\/krets.jagareforbundet.se\/motala\/?page_id=914"},"modified":"2016-08-15T08:48:06","modified_gmt":"2016-08-15T06:48:06","slug":"normahylsan-2016","status":"publish","type":"page","link":"https:\/\/krets.jagareforbundet.se\/motala\/skytte\/normahylsan-2016\/","title":{"rendered":"Normahylsan 2016"},"content":{"rendered":"<p>Med ett v\u00e4der som inledningsvis var lite avvaktande genomf\u00f6rdes den 14 augusti 2016 \u00e5rs upplaga av Normahylsan och Motala JVKs vandringspris i Ungdomsskytte. Detta med hela 25 skyttar, och dessutom ett v\u00e4der som ju l\u00e4ngre t\u00e4vlingen p\u00e5gick bara blev b\u00e4ttre och b\u00e4ttre.<\/p>\n<p style=\"text-align: center\"><strong>F\u00f6rberedelser anm\u00e4lan och introduktion<\/strong><\/p>\n\n\t\t<style type=\"text\/css\">\n\t\t\t#gallery-1 {\n\t\t\t\tmargin: auto;\n\t\t\t}\n\t\t\t#gallery-1 .gallery-item {\n\t\t\t\tfloat: left;\n\t\t\t\tmargin-top: 10px;\n\t\t\t\ttext-align: center;\n\t\t\t\twidth: 50%;\n\t\t\t}\n\t\t\t#gallery-1 img {\n\t\t\t\tborder: 2px solid #cfcfcf;\n\t\t\t}\n\t\t\t#gallery-1 .gallery-caption {\n\t\t\t\tmargin-left: 0;\n\t\t\t}\n\t\t\t\/* see gallery_shortcode() in wp-includes\/media.php *\/\n\t\t<\/style>\n\t\t<div id='gallery-1' class='gallery galleryid-914 gallery-columns-2 gallery-size-medium'><dl class='gallery-item'>\n\t\t\t<dt class='gallery-icon landscape'>\n\t\t\t\t<a href='https:\/\/krets.jagareforbundet.se\/motala\/normahylsan_2016-08-14-1\/'><img loading=\"lazy\" decoding=\"async\" width=\"300\" height=\"225\" src=\"https:\/\/krets.jagareforbundet.se\/motala\/files\/2016\/08\/normahylsan_2016-08-14-1-300x225.jpg\" class=\"attachment-medium size-medium\" alt=\"\" srcset=\"https:\/\/krets.jagareforbundet.se\/motala\/files\/2016\/08\/normahylsan_2016-08-14-1-300x225.jpg 300w, https:\/\/krets.jagareforbundet.se\/motala\/files\/2016\/08\/normahylsan_2016-08-14-1-768x576.jpg 768w, https:\/\/krets.jagareforbundet.se\/motala\/files\/2016\/08\/normahylsan_2016-08-14-1-1024x768.jpg 1024w\" sizes=\"auto, (max-width: 300px) 100vw, 300px\" \/><\/a>\n\t\t\t<\/dt><\/dl><dl class='gallery-item'>\n\t\t\t<dt class='gallery-icon landscape'>\n\t\t\t\t<a href='https:\/\/krets.jagareforbundet.se\/motala\/normahylsan_2016-08-14-2\/'><img loading=\"lazy\" decoding=\"async\" width=\"300\" height=\"225\" src=\"https:\/\/krets.jagareforbundet.se\/motala\/files\/2016\/08\/normahylsan_2016-08-14-2-300x225.jpg\" class=\"attachment-medium size-medium\" alt=\"\" srcset=\"https:\/\/krets.jagareforbundet.se\/motala\/files\/2016\/08\/normahylsan_2016-08-14-2-300x225.jpg 300w, https:\/\/krets.jagareforbundet.se\/motala\/files\/2016\/08\/normahylsan_2016-08-14-2-768x576.jpg 768w, https:\/\/krets.jagareforbundet.se\/motala\/files\/2016\/08\/normahylsan_2016-08-14-2-1024x768.jpg 1024w\" sizes=\"auto, (max-width: 300px) 100vw, 300px\" \/><\/a>\n\t\t\t<\/dt><\/dl><br style=\"clear: both\" \/>\n\t\t<\/div>\n\n<p>Momenten var som vanligt stillast\u00e5ende bock p\u00e5 80 meter och l\u00f6pande vildsvin p\u00e5 50 meter. Nytt f\u00f6r i \u00e5r var att i vildsvinsmomentet dubblades po\u00e4ngen fr\u00e5n tavlan s\u00e5 att en 5:a gav tio po\u00e4ng, 4:a \u00e5tta osv. Detta inneb\u00e4r att totalt fanns 200 p att h\u00e4mta, mot tidigare \u00e5rs 150 p.<\/p>\n<p style=\"text-align: center\"><strong>Bockmomentet<\/strong><\/p>\n\n\t\t<style type=\"text\/css\">\n\t\t\t#gallery-2 {\n\t\t\t\tmargin: auto;\n\t\t\t}\n\t\t\t#gallery-2 .gallery-item {\n\t\t\t\tfloat: left;\n\t\t\t\tmargin-top: 10px;\n\t\t\t\ttext-align: center;\n\t\t\t\twidth: 33%;\n\t\t\t}\n\t\t\t#gallery-2 img {\n\t\t\t\tborder: 2px solid #cfcfcf;\n\t\t\t}\n\t\t\t#gallery-2 .gallery-caption {\n\t\t\t\tmargin-left: 0;\n\t\t\t}\n\t\t\t\/* see gallery_shortcode() in wp-includes\/media.php *\/\n\t\t<\/style>\n\t\t<div id='gallery-2' class='gallery galleryid-914 gallery-columns-3 gallery-size-medium'><dl class='gallery-item'>\n\t\t\t<dt class='gallery-icon landscape'>\n\t\t\t\t<a href='https:\/\/krets.jagareforbundet.se\/motala\/normahylsan_2016-08-14-7\/'><img loading=\"lazy\" decoding=\"async\" width=\"300\" height=\"225\" src=\"https:\/\/krets.jagareforbundet.se\/motala\/files\/2016\/08\/normahylsan_2016-08-14-7-300x225.jpg\" class=\"attachment-medium size-medium\" alt=\"\" srcset=\"https:\/\/krets.jagareforbundet.se\/motala\/files\/2016\/08\/normahylsan_2016-08-14-7-300x225.jpg 300w, https:\/\/krets.jagareforbundet.se\/motala\/files\/2016\/08\/normahylsan_2016-08-14-7-768x576.jpg 768w, https:\/\/krets.jagareforbundet.se\/motala\/files\/2016\/08\/normahylsan_2016-08-14-7-1024x768.jpg 1024w\" sizes=\"auto, (max-width: 300px) 100vw, 300px\" \/><\/a>\n\t\t\t<\/dt><\/dl><dl class='gallery-item'>\n\t\t\t<dt class='gallery-icon landscape'>\n\t\t\t\t<a href='https:\/\/krets.jagareforbundet.se\/motala\/normahylsan_2016-08-14-13\/'><img loading=\"lazy\" decoding=\"async\" width=\"300\" height=\"225\" src=\"https:\/\/krets.jagareforbundet.se\/motala\/files\/2016\/08\/normahylsan_2016-08-14-13-300x225.jpg\" class=\"attachment-medium size-medium\" alt=\"\" srcset=\"https:\/\/krets.jagareforbundet.se\/motala\/files\/2016\/08\/normahylsan_2016-08-14-13-300x225.jpg 300w, https:\/\/krets.jagareforbundet.se\/motala\/files\/2016\/08\/normahylsan_2016-08-14-13-768x576.jpg 768w, https:\/\/krets.jagareforbundet.se\/motala\/files\/2016\/08\/normahylsan_2016-08-14-13-1024x768.jpg 1024w\" sizes=\"auto, (max-width: 300px) 100vw, 300px\" \/><\/a>\n\t\t\t<\/dt><\/dl><dl class='gallery-item'>\n\t\t\t<dt class='gallery-icon landscape'>\n\t\t\t\t<a href='https:\/\/krets.jagareforbundet.se\/motala\/normahylsan_2016-08-14-11\/'><img loading=\"lazy\" decoding=\"async\" width=\"300\" height=\"225\" src=\"https:\/\/krets.jagareforbundet.se\/motala\/files\/2016\/08\/normahylsan_2016-08-14-11-300x225.jpg\" class=\"attachment-medium size-medium\" alt=\"\" srcset=\"https:\/\/krets.jagareforbundet.se\/motala\/files\/2016\/08\/normahylsan_2016-08-14-11-300x225.jpg 300w, https:\/\/krets.jagareforbundet.se\/motala\/files\/2016\/08\/normahylsan_2016-08-14-11-768x576.jpg 768w, https:\/\/krets.jagareforbundet.se\/motala\/files\/2016\/08\/normahylsan_2016-08-14-11-1024x768.jpg 1024w\" sizes=\"auto, (max-width: 300px) 100vw, 300px\" \/><\/a>\n\t\t\t<\/dt><\/dl><br style=\"clear: both\" \/>\n\t\t<\/div>\n\n<p style=\"text-align: center\"><strong>Vildsvinsmomentet<\/strong><\/p>\n\n\t\t<style type=\"text\/css\">\n\t\t\t#gallery-3 {\n\t\t\t\tmargin: auto;\n\t\t\t}\n\t\t\t#gallery-3 .gallery-item {\n\t\t\t\tfloat: left;\n\t\t\t\tmargin-top: 10px;\n\t\t\t\ttext-align: center;\n\t\t\t\twidth: 33%;\n\t\t\t}\n\t\t\t#gallery-3 img {\n\t\t\t\tborder: 2px solid #cfcfcf;\n\t\t\t}\n\t\t\t#gallery-3 .gallery-caption {\n\t\t\t\tmargin-left: 0;\n\t\t\t}\n\t\t\t\/* see gallery_shortcode() in wp-includes\/media.php *\/\n\t\t<\/style>\n\t\t<div id='gallery-3' class='gallery galleryid-914 gallery-columns-3 gallery-size-medium'><dl class='gallery-item'>\n\t\t\t<dt class='gallery-icon landscape'>\n\t\t\t\t<a href='https:\/\/krets.jagareforbundet.se\/motala\/normahylsan_2016-08-14-16\/'><img loading=\"lazy\" decoding=\"async\" width=\"300\" height=\"225\" src=\"https:\/\/krets.jagareforbundet.se\/motala\/files\/2016\/08\/normahylsan_2016-08-14-16-300x225.jpg\" class=\"attachment-medium size-medium\" alt=\"\" srcset=\"https:\/\/krets.jagareforbundet.se\/motala\/files\/2016\/08\/normahylsan_2016-08-14-16-300x225.jpg 300w, https:\/\/krets.jagareforbundet.se\/motala\/files\/2016\/08\/normahylsan_2016-08-14-16-768x576.jpg 768w, https:\/\/krets.jagareforbundet.se\/motala\/files\/2016\/08\/normahylsan_2016-08-14-16-1024x768.jpg 1024w\" sizes=\"auto, (max-width: 300px) 100vw, 300px\" \/><\/a>\n\t\t\t<\/dt><\/dl><dl class='gallery-item'>\n\t\t\t<dt class='gallery-icon landscape'>\n\t\t\t\t<a href='https:\/\/krets.jagareforbundet.se\/motala\/normahylsan_2016-08-14-15\/'><img loading=\"lazy\" decoding=\"async\" width=\"300\" height=\"225\" src=\"https:\/\/krets.jagareforbundet.se\/motala\/files\/2016\/08\/normahylsan_2016-08-14-15-300x225.jpg\" class=\"attachment-medium size-medium\" alt=\"\" srcset=\"https:\/\/krets.jagareforbundet.se\/motala\/files\/2016\/08\/normahylsan_2016-08-14-15-300x225.jpg 300w, https:\/\/krets.jagareforbundet.se\/motala\/files\/2016\/08\/normahylsan_2016-08-14-15-768x576.jpg 768w, https:\/\/krets.jagareforbundet.se\/motala\/files\/2016\/08\/normahylsan_2016-08-14-15-1024x768.jpg 1024w\" sizes=\"auto, (max-width: 300px) 100vw, 300px\" \/><\/a>\n\t\t\t<\/dt><\/dl><dl class='gallery-item'>\n\t\t\t<dt class='gallery-icon landscape'>\n\t\t\t\t<a href='https:\/\/krets.jagareforbundet.se\/motala\/normahylsan_2016-08-14-18\/'><img loading=\"lazy\" decoding=\"async\" width=\"300\" height=\"225\" src=\"https:\/\/krets.jagareforbundet.se\/motala\/files\/2016\/08\/normahylsan_2016-08-14-18-300x225.jpg\" class=\"attachment-medium size-medium\" alt=\"\" srcset=\"https:\/\/krets.jagareforbundet.se\/motala\/files\/2016\/08\/normahylsan_2016-08-14-18-300x225.jpg 300w, https:\/\/krets.jagareforbundet.se\/motala\/files\/2016\/08\/normahylsan_2016-08-14-18-768x576.jpg 768w, https:\/\/krets.jagareforbundet.se\/motala\/files\/2016\/08\/normahylsan_2016-08-14-18-1024x768.jpg 1024w\" sizes=\"auto, (max-width: 300px) 100vw, 300px\" \/><\/a>\n\t\t\t<\/dt><\/dl><br style=\"clear: both\" \/>\n\t\t<\/div>\n\n<p style=\"text-align: center\"><strong>Funktion\u00e4rer<\/strong><\/p>\n\n\t\t<style type=\"text\/css\">\n\t\t\t#gallery-4 {\n\t\t\t\tmargin: auto;\n\t\t\t}\n\t\t\t#gallery-4 .gallery-item {\n\t\t\t\tfloat: left;\n\t\t\t\tmargin-top: 10px;\n\t\t\t\ttext-align: center;\n\t\t\t\twidth: 33%;\n\t\t\t}\n\t\t\t#gallery-4 img {\n\t\t\t\tborder: 2px solid #cfcfcf;\n\t\t\t}\n\t\t\t#gallery-4 .gallery-caption {\n\t\t\t\tmargin-left: 0;\n\t\t\t}\n\t\t\t\/* see gallery_shortcode() in wp-includes\/media.php *\/\n\t\t<\/style>\n\t\t<div id='gallery-4' class='gallery galleryid-914 gallery-columns-3 gallery-size-medium'><dl class='gallery-item'>\n\t\t\t<dt class='gallery-icon landscape'>\n\t\t\t\t<a href='https:\/\/krets.jagareforbundet.se\/motala\/normahylsan_2016-08-14-12\/'><img loading=\"lazy\" decoding=\"async\" width=\"300\" height=\"225\" src=\"https:\/\/krets.jagareforbundet.se\/motala\/files\/2016\/08\/normahylsan_2016-08-14-12-300x225.jpg\" class=\"attachment-medium size-medium\" alt=\"\" srcset=\"https:\/\/krets.jagareforbundet.se\/motala\/files\/2016\/08\/normahylsan_2016-08-14-12-300x225.jpg 300w, https:\/\/krets.jagareforbundet.se\/motala\/files\/2016\/08\/normahylsan_2016-08-14-12-768x576.jpg 768w, https:\/\/krets.jagareforbundet.se\/motala\/files\/2016\/08\/normahylsan_2016-08-14-12-1024x768.jpg 1024w\" sizes=\"auto, (max-width: 300px) 100vw, 300px\" \/><\/a>\n\t\t\t<\/dt><\/dl><dl class='gallery-item'>\n\t\t\t<dt class='gallery-icon landscape'>\n\t\t\t\t<a href='https:\/\/krets.jagareforbundet.se\/motala\/normahylsan_2016-08-14-17\/'><img loading=\"lazy\" decoding=\"async\" width=\"300\" height=\"225\" src=\"https:\/\/krets.jagareforbundet.se\/motala\/files\/2016\/08\/normahylsan_2016-08-14-17-300x225.jpg\" class=\"attachment-medium size-medium\" alt=\"\" srcset=\"https:\/\/krets.jagareforbundet.se\/motala\/files\/2016\/08\/normahylsan_2016-08-14-17-300x225.jpg 300w, https:\/\/krets.jagareforbundet.se\/motala\/files\/2016\/08\/normahylsan_2016-08-14-17-768x576.jpg 768w, https:\/\/krets.jagareforbundet.se\/motala\/files\/2016\/08\/normahylsan_2016-08-14-17-1024x768.jpg 1024w\" sizes=\"auto, (max-width: 300px) 100vw, 300px\" \/><\/a>\n\t\t\t<\/dt><\/dl><dl class='gallery-item'>\n\t\t\t<dt class='gallery-icon landscape'>\n\t\t\t\t<a href='https:\/\/krets.jagareforbundet.se\/motala\/normahylsan_2016-08-14-5\/'><img loading=\"lazy\" decoding=\"async\" width=\"300\" height=\"225\" src=\"https:\/\/krets.jagareforbundet.se\/motala\/files\/2016\/08\/normahylsan_2016-08-14-5-300x225.jpg\" class=\"attachment-medium size-medium\" alt=\"\" srcset=\"https:\/\/krets.jagareforbundet.se\/motala\/files\/2016\/08\/normahylsan_2016-08-14-5-300x225.jpg 300w, https:\/\/krets.jagareforbundet.se\/motala\/files\/2016\/08\/normahylsan_2016-08-14-5-768x576.jpg 768w, https:\/\/krets.jagareforbundet.se\/motala\/files\/2016\/08\/normahylsan_2016-08-14-5-1024x768.jpg 1024w\" sizes=\"auto, (max-width: 300px) 100vw, 300px\" \/><\/a>\n\t\t\t<\/dt><\/dl><br style=\"clear: both\" \/>\n\t\t<\/div>\n\n<p>\u00c5rets fina prisbord kom som vanligt fr\u00e5n Engelssons och J\u00e4garf\u00f6rbundet.<\/p>\n<p style=\"text-align: center\"><strong>Prisbordet<\/strong><\/p>\n\n\t\t<style type=\"text\/css\">\n\t\t\t#gallery-5 {\n\t\t\t\tmargin: auto;\n\t\t\t}\n\t\t\t#gallery-5 .gallery-item {\n\t\t\t\tfloat: left;\n\t\t\t\tmargin-top: 10px;\n\t\t\t\ttext-align: center;\n\t\t\t\twidth: 33%;\n\t\t\t}\n\t\t\t#gallery-5 img {\n\t\t\t\tborder: 2px solid #cfcfcf;\n\t\t\t}\n\t\t\t#gallery-5 .gallery-caption {\n\t\t\t\tmargin-left: 0;\n\t\t\t}\n\t\t\t\/* see gallery_shortcode() in wp-includes\/media.php *\/\n\t\t<\/style>\n\t\t<div id='gallery-5' class='gallery galleryid-914 gallery-columns-3 gallery-size-medium'><dl class='gallery-item'>\n\t\t\t<dt class='gallery-icon landscape'>\n\t\t\t\t<a href='https:\/\/krets.jagareforbundet.se\/motala\/normahylsan_2016-08-14-19\/'><img loading=\"lazy\" decoding=\"async\" width=\"300\" height=\"225\" src=\"https:\/\/krets.jagareforbundet.se\/motala\/files\/2016\/08\/normahylsan_2016-08-14-19-300x225.jpg\" class=\"attachment-medium size-medium\" alt=\"\" srcset=\"https:\/\/krets.jagareforbundet.se\/motala\/files\/2016\/08\/normahylsan_2016-08-14-19-300x225.jpg 300w, https:\/\/krets.jagareforbundet.se\/motala\/files\/2016\/08\/normahylsan_2016-08-14-19-768x576.jpg 768w, https:\/\/krets.jagareforbundet.se\/motala\/files\/2016\/08\/normahylsan_2016-08-14-19-1024x768.jpg 1024w\" sizes=\"auto, (max-width: 300px) 100vw, 300px\" \/><\/a>\n\t\t\t<\/dt><\/dl><dl class='gallery-item'>\n\t\t\t<dt class='gallery-icon landscape'>\n\t\t\t\t<a href='https:\/\/krets.jagareforbundet.se\/motala\/normahylsan_2016-08-14-23\/'><img loading=\"lazy\" decoding=\"async\" width=\"300\" height=\"225\" src=\"https:\/\/krets.jagareforbundet.se\/motala\/files\/2016\/08\/normahylsan_2016-08-14-23-300x225.jpg\" class=\"attachment-medium size-medium\" alt=\"\" srcset=\"https:\/\/krets.jagareforbundet.se\/motala\/files\/2016\/08\/normahylsan_2016-08-14-23-300x225.jpg 300w, https:\/\/krets.jagareforbundet.se\/motala\/files\/2016\/08\/normahylsan_2016-08-14-23-768x576.jpg 768w, https:\/\/krets.jagareforbundet.se\/motala\/files\/2016\/08\/normahylsan_2016-08-14-23-1024x768.jpg 1024w\" sizes=\"auto, (max-width: 300px) 100vw, 300px\" \/><\/a>\n\t\t\t<\/dt><\/dl><dl class='gallery-item'>\n\t\t\t<dt class='gallery-icon landscape'>\n\t\t\t\t<a href='https:\/\/krets.jagareforbundet.se\/motala\/normahylsan_2016-08-14-21\/'><img loading=\"lazy\" decoding=\"async\" width=\"300\" height=\"225\" src=\"https:\/\/krets.jagareforbundet.se\/motala\/files\/2016\/08\/normahylsan_2016-08-14-21-300x225.jpg\" class=\"attachment-medium size-medium\" alt=\"\" srcset=\"https:\/\/krets.jagareforbundet.se\/motala\/files\/2016\/08\/normahylsan_2016-08-14-21-300x225.jpg 300w, https:\/\/krets.jagareforbundet.se\/motala\/files\/2016\/08\/normahylsan_2016-08-14-21-768x576.jpg 768w, https:\/\/krets.jagareforbundet.se\/motala\/files\/2016\/08\/normahylsan_2016-08-14-21-1024x768.jpg 1024w\" sizes=\"auto, (max-width: 300px) 100vw, 300px\" \/><\/a>\n\t\t\t<\/dt><\/dl><br style=\"clear: both\" \/>\n\t\t<\/div>\n\n<p>N\u00e4r resultaten summerats stod det klart att toppduon fr\u00e5n f\u00f6rra \u00e5ret lyckades f\u00f6rsvara sina placeringar. S\u00e5ledes blev \u00e4ven i \u00e5r Niklas Hoflund vinnare med Albin Turi p\u00e5 andra plats. Trea blev Martin Engman. I ungdomsklassen vann Axel Jarkrans med Fabian Eklund 2 p t\u00e4tt efter som tv\u00e5a.<\/p>\n<p>Resultat Normahylsan<br \/>\n1. Niklas Hoflund,\u00a0167 p<br \/>\n2. Albin Turi, 163 p<br \/>\n3. Martin Engman, 157 p<\/p>\n<p>Resultat Ungdomsskytte<br \/>\n1. Axel Jarkrans<br \/>\n2. Fabian Eklund<\/p>\n<p style=\"text-align: center\"><strong>Pristagarna p\u00e5 bild<\/strong><\/p>\n\n\t\t<style type=\"text\/css\">\n\t\t\t#gallery-6 {\n\t\t\t\tmargin: auto;\n\t\t\t}\n\t\t\t#gallery-6 .gallery-item {\n\t\t\t\tfloat: left;\n\t\t\t\tmargin-top: 10px;\n\t\t\t\ttext-align: center;\n\t\t\t\twidth: 33%;\n\t\t\t}\n\t\t\t#gallery-6 img {\n\t\t\t\tborder: 2px solid #cfcfcf;\n\t\t\t}\n\t\t\t#gallery-6 .gallery-caption {\n\t\t\t\tmargin-left: 0;\n\t\t\t}\n\t\t\t\/* see gallery_shortcode() in wp-includes\/media.php *\/\n\t\t<\/style>\n\t\t<div id='gallery-6' class='gallery galleryid-914 gallery-columns-3 gallery-size-medium'><dl class='gallery-item'>\n\t\t\t<dt class='gallery-icon landscape'>\n\t\t\t\t<a href='https:\/\/krets.jagareforbundet.se\/motala\/normahylsan_2016-08-14-27\/'><img loading=\"lazy\" decoding=\"async\" width=\"300\" height=\"225\" src=\"https:\/\/krets.jagareforbundet.se\/motala\/files\/2016\/08\/normahylsan_2016-08-14-27-300x225.jpg\" class=\"attachment-medium size-medium\" alt=\"\" aria-describedby=\"gallery-6-911\" srcset=\"https:\/\/krets.jagareforbundet.se\/motala\/files\/2016\/08\/normahylsan_2016-08-14-27-300x225.jpg 300w, https:\/\/krets.jagareforbundet.se\/motala\/files\/2016\/08\/normahylsan_2016-08-14-27-768x576.jpg 768w, https:\/\/krets.jagareforbundet.se\/motala\/files\/2016\/08\/normahylsan_2016-08-14-27-1024x768.jpg 1024w\" sizes=\"auto, (max-width: 300px) 100vw, 300px\" \/><\/a>\n\t\t\t<\/dt>\n\t\t\t\t<dd class='wp-caption-text gallery-caption' id='gallery-6-911'>\n\t\t\t\tNormahylsan\n\t\t\t\t<\/dd><\/dl><dl class='gallery-item'>\n\t\t\t<dt class='gallery-icon landscape'>\n\t\t\t\t<a href='https:\/\/krets.jagareforbundet.se\/motala\/normahylsan_2016-08-14-26\/'><img loading=\"lazy\" decoding=\"async\" width=\"300\" height=\"225\" src=\"https:\/\/krets.jagareforbundet.se\/motala\/files\/2016\/08\/normahylsan_2016-08-14-26-300x225.jpg\" class=\"attachment-medium size-medium\" alt=\"\" aria-describedby=\"gallery-6-910\" srcset=\"https:\/\/krets.jagareforbundet.se\/motala\/files\/2016\/08\/normahylsan_2016-08-14-26-300x225.jpg 300w, https:\/\/krets.jagareforbundet.se\/motala\/files\/2016\/08\/normahylsan_2016-08-14-26-768x576.jpg 768w, https:\/\/krets.jagareforbundet.se\/motala\/files\/2016\/08\/normahylsan_2016-08-14-26-1024x768.jpg 1024w\" sizes=\"auto, (max-width: 300px) 100vw, 300px\" \/><\/a>\n\t\t\t<\/dt>\n\t\t\t\t<dd class='wp-caption-text gallery-caption' id='gallery-6-910'>\n\t\t\t\tUngdomshylsan\n\t\t\t\t<\/dd><\/dl><dl class='gallery-item'>\n\t\t\t<dt class='gallery-icon landscape'>\n\t\t\t\t<a href='https:\/\/krets.jagareforbundet.se\/motala\/normahylsan_2016-08-14-29\/'><img loading=\"lazy\" decoding=\"async\" width=\"300\" height=\"225\" src=\"https:\/\/krets.jagareforbundet.se\/motala\/files\/2016\/08\/normahylsan_2016-08-14-29-300x225.jpg\" class=\"attachment-medium size-medium\" alt=\"\" aria-describedby=\"gallery-6-913\" srcset=\"https:\/\/krets.jagareforbundet.se\/motala\/files\/2016\/08\/normahylsan_2016-08-14-29-300x225.jpg 300w, https:\/\/krets.jagareforbundet.se\/motala\/files\/2016\/08\/normahylsan_2016-08-14-29-768x576.jpg 768w, https:\/\/krets.jagareforbundet.se\/motala\/files\/2016\/08\/normahylsan_2016-08-14-29-1024x768.jpg 1024w\" sizes=\"auto, (max-width: 300px) 100vw, 300px\" \/><\/a>\n\t\t\t<\/dt>\n\t\t\t\t<dd class='wp-caption-text gallery-caption' id='gallery-6-913'>\n\t\t\t\tDagens vinnare\n\t\t\t\t<\/dd><\/dl><br style=\"clear: both\" \/>\n\t\t<\/div>\n\n<p>Tack till sponsorer, funktion\u00e4rer och deltagare f\u00f6r en fin och v\u00e4l genomf\u00f6rd skyttedag.<\/p>\n","protected":false},"excerpt":{"rendered":"<p>Med ett v\u00e4der som inledningsvis var lite avvaktande genomf\u00f6rdes den 14 augusti 2016 \u00e5rs upplaga av Normahylsan och Motala JVKs vandringspris i Ungdomsskytte. Detta med hela 25 skyttar, och dessutom ett v\u00e4der som ju l\u00e4ngre t\u00e4vlingen p\u00e5gick bara blev b\u00e4ttre och b\u00e4ttre. F\u00f6rberedelser anm\u00e4lan och introduktion Momenten var som vanligt stillast\u00e5ende bock p\u00e5 80 meter [&hellip;]<\/p>\n","protected":false},"author":109,"featured_media":912,"parent":310,"menu_order":73,"comment_status":"closed","ping_status":"closed","template":"","meta":{"footnotes":""},"class_list":["post-914","page","type-page","status-publish","has-post-thumbnail","hentry"],"_links":{"self":[{"href":"https:\/\/krets.jagareforbundet.se\/motala\/wp-json\/wp\/v2\/pages\/914","targetHints":{"allow":["GET"]}}],"collection":[{"href":"https:\/\/krets.jagareforbundet.se\/motala\/wp-json\/wp\/v2\/pages"}],"about":[{"href":"https:\/\/krets.jagareforbundet.se\/motala\/wp-json\/wp\/v2\/types\/page"}],"author":[{"embeddable":true,"href":"https:\/\/krets.jagareforbundet.se\/motala\/wp-json\/wp\/v2\/users\/109"}],"replies":[{"embeddable":true,"href":"https:\/\/krets.jagareforbundet.se\/motala\/wp-json\/wp\/v2\/comments?post=914"}],"version-history":[{"count":1,"href":"https:\/\/krets.jagareforbundet.se\/motala\/wp-json\/wp\/v2\/pages\/914\/revisions"}],"predecessor-version":[{"id":926,"href":"https:\/\/krets.jagareforbundet.se\/motala\/wp-json\/wp\/v2\/pages\/914\/revisions\/926"}],"up":[{"embeddable":true,"href":"https:\/\/krets.jagareforbundet.se\/motala\/wp-json\/wp\/v2\/pages\/310"}],"wp:featuredmedia":[{"embeddable":true,"href":"https:\/\/krets.jagareforbundet.se\/motala\/wp-json\/wp\/v2\/media\/912"}],"wp:attachment":[{"href":"https:\/\/krets.jagareforbundet.se\/motala\/wp-json\/wp\/v2\/media?parent=914"}],"curies":[{"name":"wp","href":"https:\/\/api.w.org\/{rel}","templated":true}]}}