{"id":137,"date":"2016-02-01T13:51:02","date_gmt":"2016-02-01T12:51:02","guid":{"rendered":"https:\/\/krets.jagareforbundet.se\/munkedallysekil\/?page_id=137"},"modified":"2026-03-10T10:45:50","modified_gmt":"2026-03-10T09:45:50","slug":"styrelse","status":"publish","type":"page","link":"https:\/\/krets.jagareforbundet.se\/munkedallysekil\/styrelse\/","title":{"rendered":"Styrelse"},"content":{"rendered":"<div class=\"header\">\n<h1>Styrelse 2025<\/h1>\n<p><a href=\"mailto:munklysjvk@gmail.com\">Epost<\/a><\/p>\n<\/div>\n<div class=\"paragraphs\">\n<div class=\"paragraph\">\n<div class=\"text\">\n<p><strong>Ordf\u00f6rande<\/strong><\/p>\n<p>Adam Svallingson<\/p>\n<p><strong>Vice ordf\u00f6rande<\/strong><\/p>\n<p>Johan Hansson<\/p>\n<p><strong>Kass\u00f6r<\/strong><\/p>\n<p>Lena Gustafsson<\/p>\n<p><strong>Sekreterare<\/strong><\/p>\n<p>Malin Magnusson<\/p>\n<p><strong>Ledamot<\/strong><\/p>\n<p>Marcus Tor\u00e9n<\/p>\n<p><strong>L<\/strong><strong>edamot<\/strong><\/p>\n<p>Emil Johansson<\/p>\n<\/div>\n<\/div>\n<p><strong>Ledamot<\/strong><\/p>\n<p>Robert Axelsson<\/p>\n<\/div>\n","protected":false},"excerpt":{"rendered":"<p>Styrelse 2025 Epost Ordf\u00f6rande Adam Svallingson Vice ordf\u00f6rande Johan Hansson Kass\u00f6r Lena Gustafsson Sekreterare Malin Magnusson Ledamot Marcus Tor\u00e9n Ledamot Emil Johansson Ledamot Robert Axelsson<\/p>\n","protected":false},"author":242,"featured_media":0,"parent":0,"menu_order":0,"comment_status":"closed","ping_status":"closed","template":"","meta":{"footnotes":""},"class_list":["post-137","page","type-page","status-publish","hentry"],"_links":{"self":[{"href":"https:\/\/krets.jagareforbundet.se\/munkedallysekil\/wp-json\/wp\/v2\/pages\/137","targetHints":{"allow":["GET"]}}],"collection":[{"href":"https:\/\/krets.jagareforbundet.se\/munkedallysekil\/wp-json\/wp\/v2\/pages"}],"about":[{"href":"https:\/\/krets.jagareforbundet.se\/munkedallysekil\/wp-json\/wp\/v2\/types\/page"}],"author":[{"embeddable":true,"href":"https:\/\/krets.jagareforbundet.se\/munkedallysekil\/wp-json\/wp\/v2\/users\/242"}],"replies":[{"embeddable":true,"href":"https:\/\/krets.jagareforbundet.se\/munkedallysekil\/wp-json\/wp\/v2\/comments?post=137"}],"version-history":[{"count":3,"href":"https:\/\/krets.jagareforbundet.se\/munkedallysekil\/wp-json\/wp\/v2\/pages\/137\/revisions"}],"predecessor-version":[{"id":768,"href":"https:\/\/krets.jagareforbundet.se\/munkedallysekil\/wp-json\/wp\/v2\/pages\/137\/revisions\/768"}],"wp:attachment":[{"href":"https:\/\/krets.jagareforbundet.se\/munkedallysekil\/wp-json\/wp\/v2\/media?parent=137"}],"curies":[{"name":"wp","href":"https:\/\/api.w.org\/{rel}","templated":true}]}}