{"id":144,"date":"2016-02-01T14:41:13","date_gmt":"2016-02-01T13:41:13","guid":{"rendered":"https:\/\/krets.jagareforbundet.se\/munkedallysekil\/?page_id=144"},"modified":"2023-03-23T13:39:00","modified_gmt":"2023-03-23T12:39:00","slug":"algskotselomraden","status":"publish","type":"page","link":"https:\/\/krets.jagareforbundet.se\/munkedallysekil\/algskotselomraden\/","title":{"rendered":"\u00c4lgsk\u00f6tselomr\u00e5den"},"content":{"rendered":"<h3>Inom kretsen s\u00e5 finns det flera \u00e4lgsk\u00f6tselomr\u00e5den. Ni hittar information fr\u00e5n dem genom l\u00e4nkarna nedan<\/h3>\n<p style=\"text-align: center\"><a href=\"https:\/\/krets.jagareforbundet.se\/munkedallysekil\/files\/2016\/02\/alghund.jpg\">\u00a0<\/a><\/p>\n<h1><a href=\"https:\/\/krets.jagareforbundet.se\/munkedallysekil\/hensbacka\/\">Hensbacka \u00c4lg o Kronsk\u00f6tselomr\u00e5de<\/a><\/h1>\n<p>&nbsp;<\/p>\n<h1><a href=\"https:\/\/krets.jagareforbundet.se\/munkedallysekil\/stangenas\/\">St\u00e5ngen\u00e4s \u00c4lgsk\u00f6tselomr\u00e5de<\/a><\/h1>\n<p>&nbsp;<\/p>\n<h1><a href=\"http:\/\/www.sbaso.se\/\" target=\"_blank\" rel=\"noopener\">Svarteborg B\u00e4rfendals \u00e4lgsk\u00f6tselomr\u00e5de<\/a><\/h1>\n<p>Extern l\u00e4nk<\/p>\n<p><a href=\"https:\/\/krets.jagareforbundet.se\/munkedallysekil\/sorbygdens-algskotselomrade\/\">\u00a0<\/a><\/p>\n<h1><a href=\"https:\/\/krets.jagareforbundet.se\/munkedallysekil\/sorbygdens\/\">S\u00f6rbygdens \u00c4lgsk\u00f6tselomr\u00e5de<\/a><\/h1>\n","protected":false},"excerpt":{"rendered":"<p>Inom kretsen s\u00e5 finns det flera \u00e4lgsk\u00f6tselomr\u00e5den. Ni hittar information fr\u00e5n dem genom l\u00e4nkarna nedan \u00a0 Hensbacka \u00c4lg o Kronsk\u00f6tselomr\u00e5de &nbsp; St\u00e5ngen\u00e4s \u00c4lgsk\u00f6tselomr\u00e5de &nbsp; Svarteborg B\u00e4rfendals \u00e4lgsk\u00f6tselomr\u00e5de Extern l\u00e4nk \u00a0 S\u00f6rbygdens \u00c4lgsk\u00f6tselomr\u00e5de<\/p>\n","protected":false},"author":242,"featured_media":172,"parent":0,"menu_order":100,"comment_status":"closed","ping_status":"closed","template":"","meta":{"footnotes":""},"class_list":["post-144","page","type-page","status-publish","has-post-thumbnail","hentry"],"_links":{"self":[{"href":"https:\/\/krets.jagareforbundet.se\/munkedallysekil\/wp-json\/wp\/v2\/pages\/144","targetHints":{"allow":["GET"]}}],"collection":[{"href":"https:\/\/krets.jagareforbundet.se\/munkedallysekil\/wp-json\/wp\/v2\/pages"}],"about":[{"href":"https:\/\/krets.jagareforbundet.se\/munkedallysekil\/wp-json\/wp\/v2\/types\/page"}],"author":[{"embeddable":true,"href":"https:\/\/krets.jagareforbundet.se\/munkedallysekil\/wp-json\/wp\/v2\/users\/242"}],"replies":[{"embeddable":true,"href":"https:\/\/krets.jagareforbundet.se\/munkedallysekil\/wp-json\/wp\/v2\/comments?post=144"}],"version-history":[{"count":4,"href":"https:\/\/krets.jagareforbundet.se\/munkedallysekil\/wp-json\/wp\/v2\/pages\/144\/revisions"}],"predecessor-version":[{"id":532,"href":"https:\/\/krets.jagareforbundet.se\/munkedallysekil\/wp-json\/wp\/v2\/pages\/144\/revisions\/532"}],"wp:featuredmedia":[{"embeddable":true,"href":"https:\/\/krets.jagareforbundet.se\/munkedallysekil\/wp-json\/wp\/v2\/media\/172"}],"wp:attachment":[{"href":"https:\/\/krets.jagareforbundet.se\/munkedallysekil\/wp-json\/wp\/v2\/media?parent=144"}],"curies":[{"name":"wp","href":"https:\/\/api.w.org\/{rel}","templated":true}]}}