{"id":153,"date":"2016-02-01T16:15:26","date_gmt":"2016-02-01T15:15:26","guid":{"rendered":"https:\/\/krets.jagareforbundet.se\/munkedallysekil\/?page_id=153"},"modified":"2023-03-22T23:16:27","modified_gmt":"2023-03-22T22:16:27","slug":"stangenas-aso-styrelse","status":"publish","type":"page","link":"https:\/\/krets.jagareforbundet.se\/munkedallysekil\/algskotselomraden\/stangenas\/stangenas-aso-styrelse\/","title":{"rendered":"St\u00e5ngen\u00e4s \u00c4SO Styrelse"},"content":{"rendered":"<p>&nbsp;<\/p>\n<table>\n<tbody>\n<tr>\n<td width=\"141\">Ordf\u00f6rande<\/td>\n<td width=\"161\">Leif Andersson<\/td>\n<td width=\"111\">0523-14588<\/td>\n<td width=\"118\">070-5509920<\/td>\n<td width=\"60\"><a href=\"mailto:leif.lysekil@telia.com \u200e\">Epost<\/a><\/td>\n<\/tr>\n<tr>\n<td width=\"141\">V ordf\u00f6rande<\/td>\n<td width=\"161\">Torben Kjellsson<\/td>\n<td width=\"111\">0523-40814<\/td>\n<td width=\"118\">070-3263660<\/td>\n<td width=\"60\"><a href=\"mailto:tobbe.kjellsson@telia.com\u200e\">Epost<\/a><\/td>\n<\/tr>\n<tr>\n<td width=\"141\">Kass\u00f6r<\/p>\n<p>Statistik<\/td>\n<td width=\"161\">Tomas Niklasson<\/td>\n<td width=\"111\">0523-44032<\/td>\n<td width=\"118\">070-2059721<\/td>\n<td width=\"60\"><a href=\"mailto:tomas@brastadgolfcenter.nu\u200e\">Epost<\/a><\/td>\n<\/tr>\n<tr>\n<td width=\"141\">Sekreterare<\/td>\n<td width=\"161\">Lars Haglund<\/td>\n<td width=\"111\">0523-12195<\/td>\n<td width=\"118\">070-3148666<\/td>\n<td width=\"60\"><a href=\"mailto:la.haglund@telia.com\u200e\">Epost<\/a><\/td>\n<\/tr>\n<tr>\n<td width=\"141\"><span style=\"float: none;background-color: transparent;color: #333333;cursor: text;font-family: Georgia,'Times New Roman','Bitstream Charter',Times,serif;font-size: 16px;font-style: normal;font-variant: normal;font-weight: 400;letter-spacing: normal;text-align: left;text-decoration: none;text-indent: 0px\">Styrelsemedlem<\/span><\/td>\n<td width=\"161\"><span style=\"float: none;background-color: transparent;color: #333333;cursor: text;font-family: Georgia,'Times New Roman','Bitstream Charter',Times,serif;font-size: 16px;font-style: normal;font-variant: normal;font-weight: 400;letter-spacing: normal;text-align: left;text-decoration: none;text-indent: 0px\">Mattias Niklasson<\/span><\/td>\n<td width=\"111\"><\/td>\n<td width=\"118\"><span style=\"float: none;background-color: transparent;color: #333333;cursor: text;font-family: Georgia,'Times New Roman','Bitstream Charter',Times,serif;font-size: 16px;font-style: normal;font-variant: normal;font-weight: 400;letter-spacing: normal;text-align: left;text-decoration: none;text-indent: 0px\">073-0382578<\/span><\/td>\n<td width=\"60\"><a href=\"mailto:nicklasson110@hotmail.com\">Epost<\/a><\/td>\n<\/tr>\n<tr>\n<td width=\"141\">Styrelsemedlem<\/td>\n<td width=\"161\">Jan-Erik Eriksson<\/td>\n<td width=\"111\">0524-12458<\/td>\n<td width=\"118\">070-3144110<\/td>\n<td width=\"60\"><a href=\"mailto:j-e.eriksson@telia.com\">Epost<\/a><\/td>\n<\/tr>\n<tr>\n<td width=\"141\"><\/td>\n<td width=\"161\"><\/td>\n<td width=\"111\"><\/td>\n<td width=\"118\"><\/td>\n<td width=\"60\"><\/td>\n<\/tr>\n<\/tbody>\n<\/table>\n","protected":false},"excerpt":{"rendered":"<p>&nbsp; Ordf\u00f6rande Leif Andersson 0523-14588 070-5509920 Epost V ordf\u00f6rande Torben Kjellsson 0523-40814 070-3263660 Epost Kass\u00f6r Statistik Tomas Niklasson 0523-44032 070-2059721 Epost Sekreterare Lars Haglund 0523-12195 070-3148666 Epost Styrelsemedlem Mattias Niklasson 073-0382578 Epost Styrelsemedlem Jan-Erik Eriksson 0524-12458 070-3144110 Epost<\/p>\n","protected":false},"author":242,"featured_media":0,"parent":157,"menu_order":0,"comment_status":"closed","ping_status":"closed","template":"","meta":{"footnotes":""},"class_list":["post-153","page","type-page","status-publish","hentry"],"_links":{"self":[{"href":"https:\/\/krets.jagareforbundet.se\/munkedallysekil\/wp-json\/wp\/v2\/pages\/153","targetHints":{"allow":["GET"]}}],"collection":[{"href":"https:\/\/krets.jagareforbundet.se\/munkedallysekil\/wp-json\/wp\/v2\/pages"}],"about":[{"href":"https:\/\/krets.jagareforbundet.se\/munkedallysekil\/wp-json\/wp\/v2\/types\/page"}],"author":[{"embeddable":true,"href":"https:\/\/krets.jagareforbundet.se\/munkedallysekil\/wp-json\/wp\/v2\/users\/242"}],"replies":[{"embeddable":true,"href":"https:\/\/krets.jagareforbundet.se\/munkedallysekil\/wp-json\/wp\/v2\/comments?post=153"}],"version-history":[{"count":2,"href":"https:\/\/krets.jagareforbundet.se\/munkedallysekil\/wp-json\/wp\/v2\/pages\/153\/revisions"}],"predecessor-version":[{"id":517,"href":"https:\/\/krets.jagareforbundet.se\/munkedallysekil\/wp-json\/wp\/v2\/pages\/153\/revisions\/517"}],"up":[{"embeddable":true,"href":"https:\/\/krets.jagareforbundet.se\/munkedallysekil\/wp-json\/wp\/v2\/pages\/157"}],"wp:attachment":[{"href":"https:\/\/krets.jagareforbundet.se\/munkedallysekil\/wp-json\/wp\/v2\/media?parent=153"}],"curies":[{"name":"wp","href":"https:\/\/api.w.org\/{rel}","templated":true}]}}