{"id":159,"date":"2016-02-02T12:39:36","date_gmt":"2016-02-02T11:39:36","guid":{"rendered":"https:\/\/krets.jagareforbundet.se\/munkedallysekil\/?page_id=159"},"modified":"2023-04-12T11:43:48","modified_gmt":"2023-04-12T09:43:48","slug":"vildsvin","status":"publish","type":"page","link":"https:\/\/krets.jagareforbundet.se\/munkedallysekil\/vildsvin\/","title":{"rendered":"Vildsvin"},"content":{"rendered":"<p>Wild Boar<br \/>\n<a href=\"https:\/\/www.flickr.com\/photos\/goingslo\/2512679013\/in\/photolist-4Q38VX-p5AnDw-7rQdkg-92nRXU-bLvtjR-8bPKDt-JccS7-2WzsE-X5pDp-aDZo7B-9YG9QZ-6rAjRD-v1ikZ-aGhaq6-a17nLC-4wJ8wX-7fT19K-iDnhY-dBDdno-dX4Vun-brFHGi-bxbpMp-6dbjiw-ppP7KM-8XSrs2-bnpQ31-6d8d9B-5BUA1f-6aLufY-8bSWPm-p5qTR9-7vEhc6-8x5b1w-E6Sop-bZPx3U-soHSKN-dfrEjR-bRHd1n-7tZqv5-dieHaY-uYbeV-bLvt7v-btkjG3-nUMHXe-BAkaQ-qWb6T-kmQf4-95Gwa9-uqJTsS-9uS8AG\" target=\"_blank\" rel=\"noopener\">Foto Linda Tanner<\/a><br \/>\n<a href=\"http:\/\/www.creativecommons.se\/om-cc\/licenserna\/\" target=\"_blank\" rel=\"noopener\"><i>CC\u00a0BY-NC-ND<\/i><\/a><\/p>\n<p>Vildsvinen f\u00f6rekommer nu allm\u00e4nt inom v\u00e5rt omr\u00e5de och hanteras av respektive jaktr\u00e4ttshavare.<\/p>\n<p>&nbsp;<\/p>\n<h3><\/h3>\n<p>&nbsp;<\/p>\n","protected":false},"excerpt":{"rendered":"<p>Wild Boar Foto Linda Tanner CC\u00a0BY-NC-ND Vildsvinen f\u00f6rekommer nu allm\u00e4nt inom v\u00e5rt omr\u00e5de och hanteras av respektive jaktr\u00e4ttshavare. &nbsp; &nbsp;<\/p>\n","protected":false},"author":242,"featured_media":174,"parent":0,"menu_order":0,"comment_status":"closed","ping_status":"closed","template":"","meta":{"footnotes":""},"class_list":["post-159","page","type-page","status-publish","has-post-thumbnail","hentry"],"_links":{"self":[{"href":"https:\/\/krets.jagareforbundet.se\/munkedallysekil\/wp-json\/wp\/v2\/pages\/159","targetHints":{"allow":["GET"]}}],"collection":[{"href":"https:\/\/krets.jagareforbundet.se\/munkedallysekil\/wp-json\/wp\/v2\/pages"}],"about":[{"href":"https:\/\/krets.jagareforbundet.se\/munkedallysekil\/wp-json\/wp\/v2\/types\/page"}],"author":[{"embeddable":true,"href":"https:\/\/krets.jagareforbundet.se\/munkedallysekil\/wp-json\/wp\/v2\/users\/242"}],"replies":[{"embeddable":true,"href":"https:\/\/krets.jagareforbundet.se\/munkedallysekil\/wp-json\/wp\/v2\/comments?post=159"}],"version-history":[{"count":1,"href":"https:\/\/krets.jagareforbundet.se\/munkedallysekil\/wp-json\/wp\/v2\/pages\/159\/revisions"}],"predecessor-version":[{"id":541,"href":"https:\/\/krets.jagareforbundet.se\/munkedallysekil\/wp-json\/wp\/v2\/pages\/159\/revisions\/541"}],"wp:featuredmedia":[{"embeddable":true,"href":"https:\/\/krets.jagareforbundet.se\/munkedallysekil\/wp-json\/wp\/v2\/media\/174"}],"wp:attachment":[{"href":"https:\/\/krets.jagareforbundet.se\/munkedallysekil\/wp-json\/wp\/v2\/media?parent=159"}],"curies":[{"name":"wp","href":"https:\/\/api.w.org\/{rel}","templated":true}]}}