{"id":160,"date":"2016-02-02T12:30:30","date_gmt":"2016-02-02T11:30:30","guid":{"rendered":"https:\/\/krets.jagareforbundet.se\/munkedallysekil\/?page_id=160"},"modified":"2016-02-13T08:55:49","modified_gmt":"2016-02-13T07:55:49","slug":"stangenas-vildsvinsforvaltningsgrupp","status":"publish","type":"page","link":"https:\/\/krets.jagareforbundet.se\/munkedallysekil\/vildsvin\/stangenas-vildsvinsforvaltningsgrupp\/","title":{"rendered":"St\u00e5ngen\u00e4s vildsvinsf\u00f6rvaltningsgrupp"},"content":{"rendered":"<p><strong>St\u00e5ngen\u00e4s Vildsvinsf\u00f6rvaltning<\/strong><\/p>\n<p>P\u00e5 m\u00f6te 10 september 2015 beslutades att v\u00e4lja f\u00f6ljande personer att ing\u00e5 i en vildsvinsf\u00f6rvaltningsgrupp<\/p>\n<p>&nbsp;<\/p>\n<table>\n<tbody>\n<tr>\n<td width=\"252\">Paul Christensson<\/td>\n<td width=\"252\">Ordf\u00f6rande<\/td>\n<td width=\"75\"><a href=\"mailto:paul@roegard.nu\">Epost<\/a><\/td>\n<\/tr>\n<tr>\n<td width=\"252\">Lars Haglund<\/td>\n<td width=\"252\">Sekreterare<\/td>\n<td width=\"75\"><a href=\"mailto:la.haglund@telia.com\">Epost<\/a><\/td>\n<\/tr>\n<tr>\n<td width=\"252\">Tomas Nicklasson<\/td>\n<td width=\"252\">Kass\u00f6r<\/td>\n<td width=\"75\"><a href=\"mailto:tomas@brastadgolfcenter.nu\">Epost<\/a><\/td>\n<\/tr>\n<tr>\n<td width=\"252\">Erik Dahlberg<\/td>\n<td width=\"252\">Samordnare skyttetr\u00e4ning<\/td>\n<td width=\"75\"><a href=\"mailto:\u00a0erik.dahlberg@lojk.se\">Epost<\/a><\/td>\n<\/tr>\n<tr>\n<td width=\"252\">Mikael Edvardsson<\/td>\n<td width=\"252\">Jaktsamordnare<\/td>\n<td width=\"75\"><a href=\"mailto:\u00a0mikael.edvardsson2@gmail.com\">Epost<\/a><\/td>\n<\/tr>\n<tr>\n<td width=\"252\">Jens Johannisson<\/td>\n<td width=\"252\">Hundtr\u00e4ningsledare<\/td>\n<td width=\"75\"><a href=\"mailto:jensjohannisson@hotmail.com\">Epost<\/a><\/td>\n<\/tr>\n<tr>\n<td width=\"252\">Kenneth Johansson<\/td>\n<td width=\"252\">Styrelsemedlem<\/td>\n<td width=\"75\"><a href=\"mailto:kenneth.bebben@telia.com\">Epost<\/a><\/td>\n<\/tr>\n<\/tbody>\n<\/table>\n<p><a href=\"https:\/\/krets.jagareforbundet.se\/munkedallysekil\/files\/2016\/02\/stangenasets-rekommendationer-for-vildsvinsforvaltning-juli-15.pdf\" target=\"_blank\">St\u00e5ngen\u00e4sets rekommendationer f\u00f6r vildsvinsf\u00f6rvaltning juli-15<\/a><\/p>\n<p><span style=\"font-family: Calibri\">I Svensk Jakt nr 11\/2015 fanns inf\u00f6rd artikel av statsveterin\u00e4r vid Statens Veterin\u00e4rmedicinska anstalt.<br \/>\nArtikeln beskriver utf\u00f6rligt och enkelt regelverk, l\u00e4mplig tillvaratagande och hantering av vildsvin efter jakt.<\/span><\/p>\n<p><span style=\"font-family: Calibri\">I l\u00e4nk nedan kan du l\u00e4sa artikel i pdf format i sin helhet. Publiceringen \u00e4r med Svensk Jakt tillst\u00e5nd.<\/span><\/p>\n<p><a href=\"https:\/\/krets.jagareforbundet.se\/munkedallysekil\/files\/2016\/02\/svenskjakt-vildsvin.pdf\">Svensk Jakt Vildsvin<\/a><\/p>\n<p>&nbsp;<\/p>\n","protected":false},"excerpt":{"rendered":"<p>St\u00e5ngen\u00e4s Vildsvinsf\u00f6rvaltning P\u00e5 m\u00f6te 10 september 2015 beslutades att v\u00e4lja f\u00f6ljande personer att ing\u00e5 i en vildsvinsf\u00f6rvaltningsgrupp &nbsp; Paul Christensson Ordf\u00f6rande Epost Lars Haglund Sekreterare Epost Tomas Nicklasson Kass\u00f6r Epost Erik Dahlberg Samordnare skyttetr\u00e4ning Epost Mikael Edvardsson Jaktsamordnare Epost Jens Johannisson Hundtr\u00e4ningsledare Epost Kenneth Johansson Styrelsemedlem Epost St\u00e5ngen\u00e4sets rekommendationer f\u00f6r vildsvinsf\u00f6rvaltning juli-15 I Svensk Jakt [&hellip;]<\/p>\n","protected":false},"author":242,"featured_media":0,"parent":159,"menu_order":0,"comment_status":"closed","ping_status":"closed","template":"","meta":{"footnotes":""},"class_list":["post-160","page","type-page","status-publish","hentry"],"_links":{"self":[{"href":"https:\/\/krets.jagareforbundet.se\/munkedallysekil\/wp-json\/wp\/v2\/pages\/160","targetHints":{"allow":["GET"]}}],"collection":[{"href":"https:\/\/krets.jagareforbundet.se\/munkedallysekil\/wp-json\/wp\/v2\/pages"}],"about":[{"href":"https:\/\/krets.jagareforbundet.se\/munkedallysekil\/wp-json\/wp\/v2\/types\/page"}],"author":[{"embeddable":true,"href":"https:\/\/krets.jagareforbundet.se\/munkedallysekil\/wp-json\/wp\/v2\/users\/242"}],"replies":[{"embeddable":true,"href":"https:\/\/krets.jagareforbundet.se\/munkedallysekil\/wp-json\/wp\/v2\/comments?post=160"}],"version-history":[{"count":1,"href":"https:\/\/krets.jagareforbundet.se\/munkedallysekil\/wp-json\/wp\/v2\/pages\/160\/revisions"}],"predecessor-version":[{"id":163,"href":"https:\/\/krets.jagareforbundet.se\/munkedallysekil\/wp-json\/wp\/v2\/pages\/160\/revisions\/163"}],"up":[{"embeddable":true,"href":"https:\/\/krets.jagareforbundet.se\/munkedallysekil\/wp-json\/wp\/v2\/pages\/159"}],"wp:attachment":[{"href":"https:\/\/krets.jagareforbundet.se\/munkedallysekil\/wp-json\/wp\/v2\/media?parent=160"}],"curies":[{"name":"wp","href":"https:\/\/api.w.org\/{rel}","templated":true}]}}