{"id":166,"date":"2016-02-02T16:07:04","date_gmt":"2016-02-02T15:07:04","guid":{"rendered":"https:\/\/krets.jagareforbundet.se\/munkedallysekil\/?page_id=166"},"modified":"2025-11-27T21:10:30","modified_gmt":"2025-11-27T20:10:30","slug":"skyttesektionen","status":"publish","type":"page","link":"https:\/\/krets.jagareforbundet.se\/munkedallysekil\/skyttesektionen\/","title":{"rendered":"Skyttesektionen"},"content":{"rendered":"<p>H\u00e4r samlar vi information om skjutbanorna, jaktstigen m.m.<\/p>\n<p>Ansvarig f\u00f6r Skyttesektionen och sammankallande \u00e4r Malin Magnussson<\/p>\n<p><strong>V\u00e4lj bland undermenyerna till h\u00f6ger.<br \/>\n<\/strong><\/p>\n<hr \/>\n<h3>\u00d6ppettider f\u00f6r Gadder\u00f6ds skjutbana<\/h3>\n<p>Prelimin\u00e4ra tider:<\/p>\n<p>F\u00f6rsta tisdagen efter 1 maj \u00f6ppnar banan f\u00f6r ordinarie skjutning<br \/>\nP\u00e5 v\u00e5ren sju tisdagskv\u00e4llar och \u00e5tta helger<\/p>\n<p>P\u00e5 h\u00f6sten ca 16 dagar.<\/p>\n<p>Det blir eventuellt \u00e4ven skjutning med olika grupper som tar j\u00e4garexamen p\u00e5 vardagskv\u00e4llar samt uppskjutning till j\u00e4garexamen. Vi forts\u00e4tter att meddela om \u00f6ppettider p\u00e5 hemsidan och p\u00e5 Facebook. Som det ser ut i dagsl\u00e4get \u00e4r det en stor risk att vi f\u00e5r minska \u00f6ppettider i och med brist p\u00e5 funktion\u00e4rer.<\/p>\n<p>&nbsp;<\/p>\n<p>&nbsp;<\/p>\n","protected":false},"excerpt":{"rendered":"<p>H\u00e4r samlar vi information om skjutbanorna, jaktstigen m.m. Ansvarig f\u00f6r Skyttesektionen och sammankallande \u00e4r Malin Magnussson V\u00e4lj bland undermenyerna till h\u00f6ger. \u00d6ppettider f\u00f6r Gadder\u00f6ds skjutbana Prelimin\u00e4ra tider: F\u00f6rsta tisdagen efter 1 maj \u00f6ppnar banan f\u00f6r ordinarie skjutning P\u00e5 v\u00e5ren sju tisdagskv\u00e4llar och \u00e5tta helger P\u00e5 h\u00f6sten ca 16 dagar. Det blir eventuellt \u00e4ven skjutning med [&hellip;]<\/p>\n","protected":false},"author":242,"featured_media":0,"parent":0,"menu_order":0,"comment_status":"closed","ping_status":"closed","template":"","meta":{"footnotes":""},"class_list":["post-166","page","type-page","status-publish","hentry"],"_links":{"self":[{"href":"https:\/\/krets.jagareforbundet.se\/munkedallysekil\/wp-json\/wp\/v2\/pages\/166","targetHints":{"allow":["GET"]}}],"collection":[{"href":"https:\/\/krets.jagareforbundet.se\/munkedallysekil\/wp-json\/wp\/v2\/pages"}],"about":[{"href":"https:\/\/krets.jagareforbundet.se\/munkedallysekil\/wp-json\/wp\/v2\/types\/page"}],"author":[{"embeddable":true,"href":"https:\/\/krets.jagareforbundet.se\/munkedallysekil\/wp-json\/wp\/v2\/users\/242"}],"replies":[{"embeddable":true,"href":"https:\/\/krets.jagareforbundet.se\/munkedallysekil\/wp-json\/wp\/v2\/comments?post=166"}],"version-history":[{"count":4,"href":"https:\/\/krets.jagareforbundet.se\/munkedallysekil\/wp-json\/wp\/v2\/pages\/166\/revisions"}],"predecessor-version":[{"id":726,"href":"https:\/\/krets.jagareforbundet.se\/munkedallysekil\/wp-json\/wp\/v2\/pages\/166\/revisions\/726"}],"wp:attachment":[{"href":"https:\/\/krets.jagareforbundet.se\/munkedallysekil\/wp-json\/wp\/v2\/media?parent=166"}],"curies":[{"name":"wp","href":"https:\/\/api.w.org\/{rel}","templated":true}]}}