{"id":169,"date":"2016-02-02T16:07:39","date_gmt":"2016-02-02T15:07:39","guid":{"rendered":"https:\/\/krets.jagareforbundet.se\/munkedallysekil\/?page_id=169"},"modified":"2025-07-19T20:22:23","modified_gmt":"2025-07-19T18:22:23","slug":"skjutbanorna","status":"publish","type":"page","link":"https:\/\/krets.jagareforbundet.se\/munkedallysekil\/skyttesektionen\/skjutbanorna\/","title":{"rendered":"Skjutbanan"},"content":{"rendered":"<h2>MUNKEDAL \u2013 LYSEKILS JAKTV\u00c5RDSKRETS<\/h2>\n<h3><strong>H\u00f6stens \u00f6ppettider:<\/strong><\/h3>\n<div class=\"html-div xdj266r x14z9mp xat24cr x1lziwak xexx8yu xyri2b x18d9i69 x1c1uobl\">\n<div class=\"html-div xdj266r x14z9mp x1lziwak xexx8yu xyri2b x18d9i69 x1c1uobl x1e56ztr\"><span class=\"x193iq5w xeuugli x13faqbe x1vvkbs x1xmvt09 x6prxxf xvq8zen xo1l8bm xzsf02u\" style=\"color: #ff0000\"><span class=\"html-span xdj266r x14z9mp xat24cr x1lziwak xexx8yu xyri2b x18d9i69 x1c1uobl x1hl2dhg x16tdsg8 x1vvkbs\"><strong class=\"html-strong xdj266r x14z9mp xat24cr x1lziwak xexx8yu xyri2b x18d9i69 x1c1uobl x1hl2dhg x16tdsg8 x1vvkbs x1s688f\">Eftersom det \u00e4r brist p\u00e5 funktion\u00e4rer drar vi \u00e4ven in p\u00e5 \u00f6ppettiderna i h\u00f6st. F\u00f6rsta helgen har vi \u00f6ppet b\u00e5de l\u00f6rdag och s\u00f6ndag samt sista helgen i september. Helgerna d\u00e4r emellan har vi \u00f6ppet endast s\u00f6ndag f\u00f6r allm\u00e4nheten. Tiden samma 13:00-16:00. Jaktlag kan boka som innan b\u00e5de l\u00f6rdag och s\u00f6ndag. Jag vill \u00e4ven be om att ni letar efter fler funktion\u00e4rer!<\/strong><\/span><\/span><\/div>\n<\/div>\n<div class=\"html-div xdj266r x14z9mp xat24cr x1lziwak xexx8yu xyri2b x18d9i69 x1c1uobl\">\n<h4>Tid f\u00f6r uppskjutning \u00e4r satt 30\/8 0ch 13\/9 kl 9:00.<\/h4>\n<h2 class=\"html-h4 x14z9mp x1lziwak xexx8yu xyri2b x18d9i69 x1c1uobl x1vvkbs x1heor9g x1qlqyl8 x1pd3egz x1a2a7pz xod5an3 x14vqqas\"><span class=\"x193iq5w xeuugli x13faqbe x1vvkbs x1xmvt09 x1603h9y x1u7k74 xo1l8bm xzsf02u\"><span class=\"html-span xdj266r x14z9mp xat24cr x1lziwak xexx8yu xyri2b x18d9i69 x1c1uobl x1hl2dhg x16tdsg8 x1vvkbs\"><strong class=\"html-strong xdj266r x14z9mp xat24cr x1lziwak xexx8yu xyri2b x18d9i69 x1c1uobl x1hl2dhg x16tdsg8 x1vvkbs x1s688f\">Augusti:<\/strong><\/span><\/span><\/h2>\n<\/div>\n<div class=\"html-div xdj266r x14z9mp xat24cr x1lziwak xexx8yu xyri2b x18d9i69 x1c1uobl\">\n<div class=\"html-div xdj266r x14z9mp x1lziwak xexx8yu xyri2b x18d9i69 x1c1uobl x1e56ztr\"><span class=\"x193iq5w xeuugli x13faqbe x1vvkbs x1xmvt09 x6prxxf xvq8zen xo1l8bm xzsf02u\"><span class=\"html-span xdj266r x14z9mp xat24cr x1lziwak xexx8yu xyri2b x18d9i69 x1c1uobl x1hl2dhg x16tdsg8 x1vvkbs\"><strong class=\"html-strong xdj266r x14z9mp xat24cr x1lziwak xexx8yu xyri2b x18d9i69 x1c1uobl x1hl2dhg x16tdsg8 x1vvkbs x1s688f\">L\u00f6rdag 2: (<\/strong><\/span>9:00-13:00<span class=\"html-span xdj266r x14z9mp xat24cr x1lziwak xexx8yu xyri2b x18d9i69 x1c1uobl x1hl2dhg x16tdsg8 x1vvkbs\"><strong class=\"html-strong xdj266r x14z9mp xat24cr x1lziwak xexx8yu xyri2b x18d9i69 x1c1uobl x1hl2dhg x16tdsg8 x1vvkbs x1s688f\">\u00a0<\/strong><\/span>Jaktlag inbokat) 13:00-16:00\u00a0\u00a0<\/span><\/div>\n<\/div>\n<div class=\"html-div xdj266r x14z9mp xat24cr x1lziwak xexx8yu xyri2b x18d9i69 x1c1uobl\">\n<div class=\"html-div xdj266r x14z9mp x1lziwak xexx8yu xyri2b x18d9i69 x1c1uobl x1e56ztr\"><span class=\"html-span xdj266r x14z9mp xat24cr x1lziwak xexx8yu xyri2b x18d9i69 x1c1uobl x1hl2dhg x16tdsg8 x1vvkbs\"><strong class=\"html-strong xdj266r x14z9mp xat24cr x1lziwak xexx8yu xyri2b x18d9i69 x1c1uobl x1hl2dhg x16tdsg8 x1vvkbs x1s688f\">S\u00f6ndag 3: <\/strong><\/span>13:00-16:00<strong> \u00d6ppet f\u00f6r allm\u00e4nheten<\/strong><\/div>\n<\/div>\n<div class=\"html-div xdj266r x14z9mp xat24cr x1lziwak xexx8yu xyri2b x18d9i69 x1c1uobl\">\n<div class=\"html-div xdj266r x14z9mp x1lziwak xexx8yu xyri2b x18d9i69 x1c1uobl x1e56ztr\"><\/div>\n<\/div>\n<div class=\"html-div xdj266r x14z9mp xat24cr x1lziwak xexx8yu xyri2b x18d9i69 x1c1uobl\">\n<div class=\"html-div xdj266r x14z9mp x1lziwak xexx8yu xyri2b x18d9i69 x1c1uobl x1e56ztr\"><span class=\"x193iq5w xeuugli x13faqbe x1vvkbs x1xmvt09 x6prxxf xvq8zen xo1l8bm xzsf02u\"><span class=\"html-span xdj266r x14z9mp xat24cr x1lziwak xexx8yu xyri2b x18d9i69 x1c1uobl x1hl2dhg x16tdsg8 x1vvkbs\"><strong class=\"html-strong xdj266r x14z9mp xat24cr x1lziwak xexx8yu xyri2b x18d9i69 x1c1uobl x1hl2dhg x16tdsg8 x1vvkbs x1s688f\">L\u00f6rdag 9:\u00a0<\/strong><\/span>9:00-13:00 (Jaktlag inbokat)<\/span><\/div>\n<\/div>\n<div class=\"html-div xdj266r x14z9mp xat24cr x1lziwak xexx8yu xyri2b x18d9i69 x1c1uobl\">\n<div class=\"html-div xdj266r x14z9mp x1lziwak xexx8yu xyri2b x18d9i69 x1c1uobl x1e56ztr\"><span class=\"x193iq5w xeuugli x13faqbe x1vvkbs x1xmvt09 x6prxxf xvq8zen xo1l8bm xzsf02u\"><span class=\"html-span xdj266r x14z9mp xat24cr x1lziwak xexx8yu xyri2b x18d9i69 x1c1uobl x1hl2dhg x16tdsg8 x1vvkbs\"><strong class=\"html-strong xdj266r x14z9mp xat24cr x1lziwak xexx8yu xyri2b x18d9i69 x1c1uobl x1hl2dhg x16tdsg8 x1vvkbs x1s688f\">S\u00f6ndag 10:\u00a0<\/strong><\/span>13:00-16:00 <strong>\u00d6ppet f\u00f6r allm\u00e4nheten<\/strong><\/span><\/div>\n<\/div>\n<div class=\"html-div xdj266r x14z9mp xat24cr x1lziwak xexx8yu xyri2b x18d9i69 x1c1uobl\">\n<div class=\"html-div xdj266r x14z9mp x1lziwak xexx8yu xyri2b x18d9i69 x1c1uobl x1e56ztr\"><\/div>\n<\/div>\n<div class=\"html-div xdj266r x14z9mp xat24cr x1lziwak xexx8yu xyri2b x18d9i69 x1c1uobl\">\n<div class=\"html-div xdj266r x14z9mp x1lziwak xexx8yu xyri2b x18d9i69 x1c1uobl x1e56ztr\"><span class=\"x193iq5w xeuugli x13faqbe x1vvkbs x1xmvt09 x6prxxf xvq8zen xo1l8bm xzsf02u\"><span class=\"html-span xdj266r x14z9mp xat24cr x1lziwak xexx8yu xyri2b x18d9i69 x1c1uobl x1hl2dhg x16tdsg8 x1vvkbs\"><strong class=\"html-strong xdj266r x14z9mp xat24cr x1lziwak xexx8yu xyri2b x18d9i69 x1c1uobl x1hl2dhg x16tdsg8 x1vvkbs x1s688f\">L\u00f6rdag 16:<\/strong><\/span><\/span><\/div>\n<\/div>\n<div class=\"html-div xdj266r x14z9mp xat24cr x1lziwak xexx8yu xyri2b x18d9i69 x1c1uobl\">\n<div class=\"html-div xdj266r x14z9mp x1lziwak xexx8yu xyri2b x18d9i69 x1c1uobl x1e56ztr\"><span class=\"x193iq5w xeuugli x13faqbe x1vvkbs x1xmvt09 x6prxxf xvq8zen xo1l8bm xzsf02u\"><span class=\"html-span xdj266r x14z9mp xat24cr x1lziwak xexx8yu xyri2b x18d9i69 x1c1uobl x1hl2dhg x16tdsg8 x1vvkbs\"><strong class=\"html-strong xdj266r x14z9mp xat24cr x1lziwak xexx8yu xyri2b x18d9i69 x1c1uobl x1hl2dhg x16tdsg8 x1vvkbs x1s688f\">S\u00f6ndag 17:\u00a0<\/strong><\/span>13:00-16:00 <strong>\u00d6ppet f\u00f6r allm\u00e4nheten<\/strong><\/span><\/div>\n<\/div>\n<div class=\"html-div xdj266r x14z9mp xat24cr x1lziwak xexx8yu xyri2b x18d9i69 x1c1uobl\">\n<div class=\"html-div xdj266r x14z9mp x1lziwak xexx8yu xyri2b x18d9i69 x1c1uobl x1e56ztr\"><\/div>\n<\/div>\n<div class=\"html-div xdj266r x14z9mp xat24cr x1lziwak xexx8yu xyri2b x18d9i69 x1c1uobl\">\n<div class=\"html-div xdj266r x14z9mp x1lziwak xexx8yu xyri2b x18d9i69 x1c1uobl x1e56ztr\"><span class=\"x193iq5w xeuugli x13faqbe x1vvkbs x1xmvt09 x6prxxf xvq8zen xo1l8bm xzsf02u\"><span class=\"html-span xdj266r x14z9mp xat24cr x1lziwak xexx8yu xyri2b x18d9i69 x1c1uobl x1hl2dhg x16tdsg8 x1vvkbs\"><strong class=\"html-strong xdj266r x14z9mp xat24cr x1lziwak xexx8yu xyri2b x18d9i69 x1c1uobl x1hl2dhg x16tdsg8 x1vvkbs x1s688f\">L\u00f6rdag 23:\u00a0<\/strong><\/span>9:00-13:00<span class=\"html-span xdj266r x14z9mp xat24cr x1lziwak xexx8yu xyri2b x18d9i69 x1c1uobl x1hl2dhg x16tdsg8 x1vvkbs\"> (<\/span>jaktlag inbokat)<\/span><\/div>\n<\/div>\n<div class=\"html-div xdj266r x14z9mp xat24cr x1lziwak xexx8yu xyri2b x18d9i69 x1c1uobl\">\n<div class=\"html-div xdj266r x14z9mp x1lziwak xexx8yu xyri2b x18d9i69 x1c1uobl x1e56ztr\"><span class=\"x193iq5w xeuugli x13faqbe x1vvkbs x1xmvt09 x6prxxf xvq8zen xo1l8bm xzsf02u\"><span class=\"html-span xdj266r x14z9mp xat24cr x1lziwak xexx8yu xyri2b x18d9i69 x1c1uobl x1hl2dhg x16tdsg8 x1vvkbs\"><strong class=\"html-strong xdj266r x14z9mp xat24cr x1lziwak xexx8yu xyri2b x18d9i69 x1c1uobl x1hl2dhg x16tdsg8 x1vvkbs x1s688f\">S\u00f6ndag 24:\u00a0<\/strong><\/span>13:00-16:00 <strong>\u00d6ppet f\u00f6r allm\u00e4nheten<\/strong><\/span><\/div>\n<\/div>\n<div class=\"html-div xdj266r x14z9mp xat24cr x1lziwak xexx8yu xyri2b x18d9i69 x1c1uobl\">\n<div class=\"html-div xdj266r x14z9mp x1lziwak xexx8yu xyri2b x18d9i69 x1c1uobl x1e56ztr\"><\/div>\n<\/div>\n<div class=\"html-div xdj266r x14z9mp xat24cr x1lziwak xexx8yu xyri2b x18d9i69 x1c1uobl\">\n<div class=\"html-div xdj266r x14z9mp x1lziwak xexx8yu xyri2b x18d9i69 x1c1uobl x1e56ztr\"><span class=\"x193iq5w xeuugli x13faqbe x1vvkbs x1xmvt09 x6prxxf xvq8zen xo1l8bm xzsf02u\"><span class=\"html-span xdj266r x14z9mp xat24cr x1lziwak xexx8yu xyri2b x18d9i69 x1c1uobl x1hl2dhg x16tdsg8 x1vvkbs\"><strong class=\"html-strong xdj266r x14z9mp xat24cr x1lziwak xexx8yu xyri2b x18d9i69 x1c1uobl x1hl2dhg x16tdsg8 x1vvkbs x1s688f\">L\u00f6rdag 30: Inbokat uppskjutning<\/strong><\/span><\/span><\/div>\n<\/div>\n<div class=\"html-div xdj266r x14z9mp xat24cr x1lziwak xexx8yu xyri2b x18d9i69 x1c1uobl\">\n<div class=\"html-div xdj266r x14z9mp x1lziwak xexx8yu xyri2b x18d9i69 x1c1uobl x1e56ztr\"><span class=\"x193iq5w xeuugli x13faqbe x1vvkbs x1xmvt09 x6prxxf xvq8zen xo1l8bm xzsf02u\"><span class=\"html-span xdj266r x14z9mp xat24cr x1lziwak xexx8yu xyri2b x18d9i69 x1c1uobl x1hl2dhg x16tdsg8 x1vvkbs\"><strong class=\"html-strong xdj266r x14z9mp xat24cr x1lziwak xexx8yu xyri2b x18d9i69 x1c1uobl x1hl2dhg x16tdsg8 x1vvkbs x1s688f\">S\u00f6ndag 31:\u00a0<\/strong><\/span>13:00-16:00 <strong>\u00d6ppet f\u00f6r allm\u00e4nheten<\/strong><\/span><\/div>\n<\/div>\n<div class=\"html-div xdj266r x14z9mp xat24cr x1lziwak xexx8yu xyri2b x18d9i69 x1c1uobl\">\n<h2 class=\"html-h4 x14z9mp x1lziwak xexx8yu xyri2b x18d9i69 x1c1uobl x1vvkbs x1heor9g x1qlqyl8 x1pd3egz x1a2a7pz xod5an3 x14vqqas\"><span class=\"x193iq5w xeuugli x13faqbe x1vvkbs x1xmvt09 x1603h9y x1u7k74 xo1l8bm xzsf02u\"><span class=\"html-span xdj266r x14z9mp xat24cr x1lziwak xexx8yu xyri2b x18d9i69 x1c1uobl x1hl2dhg x16tdsg8 x1vvkbs\"><strong class=\"html-strong xdj266r x14z9mp xat24cr x1lziwak xexx8yu xyri2b x18d9i69 x1c1uobl x1hl2dhg x16tdsg8 x1vvkbs x1s688f\">September:<\/strong><\/span><\/span><\/h2>\n<\/div>\n<div class=\"html-div xdj266r x14z9mp xat24cr x1lziwak xexx8yu xyri2b x18d9i69 x1c1uobl\">\n<div class=\"html-div xdj266r x14z9mp x1lziwak xexx8yu xyri2b x18d9i69 x1c1uobl x1e56ztr\"><span class=\"x193iq5w xeuugli x13faqbe x1vvkbs x1xmvt09 x6prxxf xvq8zen xo1l8bm xzsf02u\"><span class=\"html-span xdj266r x14z9mp xat24cr x1lziwak xexx8yu xyri2b x18d9i69 x1c1uobl x1hl2dhg x16tdsg8 x1vvkbs\"><strong class=\"html-strong xdj266r x14z9mp xat24cr x1lziwak xexx8yu xyri2b x18d9i69 x1c1uobl x1hl2dhg x16tdsg8 x1vvkbs x1s688f\">L\u00f6rdag 6:<\/strong><\/span><\/span><\/div>\n<\/div>\n<div class=\"html-div xdj266r x14z9mp xat24cr x1lziwak xexx8yu xyri2b x18d9i69 x1c1uobl\">\n<div class=\"html-div xdj266r x14z9mp x1lziwak xexx8yu xyri2b x18d9i69 x1c1uobl x1e56ztr\"><span class=\"x193iq5w xeuugli x13faqbe x1vvkbs x1xmvt09 x6prxxf xvq8zen xo1l8bm xzsf02u\"><span class=\"html-span xdj266r x14z9mp xat24cr x1lziwak xexx8yu xyri2b x18d9i69 x1c1uobl x1hl2dhg x16tdsg8 x1vvkbs\"><strong class=\"html-strong xdj266r x14z9mp xat24cr x1lziwak xexx8yu xyri2b x18d9i69 x1c1uobl x1hl2dhg x16tdsg8 x1vvkbs x1s688f\">S\u00f6ndag 7:\u00a0<\/strong><\/span>13:00-16:00 <strong>\u00d6ppet f\u00f6r allm\u00e4nheten<\/strong><\/span><\/div>\n<\/div>\n<div class=\"html-div xdj266r x14z9mp xat24cr x1lziwak xexx8yu xyri2b x18d9i69 x1c1uobl\">\n<div class=\"html-div xdj266r x14z9mp x1lziwak xexx8yu xyri2b x18d9i69 x1c1uobl x1e56ztr\"><\/div>\n<\/div>\n<div class=\"html-div xdj266r x14z9mp xat24cr x1lziwak xexx8yu xyri2b x18d9i69 x1c1uobl\">\n<div class=\"html-div xdj266r x14z9mp x1lziwak xexx8yu xyri2b x18d9i69 x1c1uobl x1e56ztr\"><span class=\"x193iq5w xeuugli x13faqbe x1vvkbs x1xmvt09 x6prxxf xvq8zen xo1l8bm xzsf02u\"><span class=\"html-span xdj266r x14z9mp xat24cr x1lziwak xexx8yu xyri2b x18d9i69 x1c1uobl x1hl2dhg x16tdsg8 x1vvkbs\"><strong class=\"html-strong xdj266r x14z9mp xat24cr x1lziwak xexx8yu xyri2b x18d9i69 x1c1uobl x1hl2dhg x16tdsg8 x1vvkbs x1s688f\">L\u00f6rdag 13: Inbokat uppskjutning<\/strong><\/span><\/span><\/div>\n<\/div>\n<div class=\"html-div xdj266r x14z9mp xat24cr x1lziwak xexx8yu xyri2b x18d9i69 x1c1uobl\">\n<div class=\"html-div xdj266r x14z9mp x1lziwak xexx8yu xyri2b x18d9i69 x1c1uobl x1e56ztr\"><span class=\"x193iq5w xeuugli x13faqbe x1vvkbs x1xmvt09 x6prxxf xvq8zen xo1l8bm xzsf02u\"><span class=\"html-span xdj266r x14z9mp xat24cr x1lziwak xexx8yu xyri2b x18d9i69 x1c1uobl x1hl2dhg x16tdsg8 x1vvkbs\"><strong class=\"html-strong xdj266r x14z9mp xat24cr x1lziwak xexx8yu xyri2b x18d9i69 x1c1uobl x1hl2dhg x16tdsg8 x1vvkbs x1s688f\">S\u00f6ndag 14:\u00a0<\/strong><\/span>13:00-16:00 <strong>\u00d6ppet f\u00f6r allm\u00e4nheten<\/strong><\/span><\/div>\n<\/div>\n<div class=\"html-div xdj266r x14z9mp xat24cr x1lziwak xexx8yu xyri2b x18d9i69 x1c1uobl\">\n<div class=\"html-div xdj266r x14z9mp x1lziwak xexx8yu xyri2b x18d9i69 x1c1uobl x1e56ztr\"><\/div>\n<\/div>\n<div class=\"html-div xdj266r x14z9mp xat24cr x1lziwak xexx8yu xyri2b x18d9i69 x1c1uobl\">\n<div class=\"html-div xdj266r x14z9mp x1lziwak xexx8yu xyri2b x18d9i69 x1c1uobl x1e56ztr\"><span class=\"x193iq5w xeuugli x13faqbe x1vvkbs x1xmvt09 x6prxxf xvq8zen xo1l8bm xzsf02u\"><span class=\"html-span xdj266r x14z9mp xat24cr x1lziwak xexx8yu xyri2b x18d9i69 x1c1uobl x1hl2dhg x16tdsg8 x1vvkbs\"><strong class=\"html-strong xdj266r x14z9mp xat24cr x1lziwak xexx8yu xyri2b x18d9i69 x1c1uobl x1hl2dhg x16tdsg8 x1vvkbs x1s688f\">L\u00f6rdag 20:<\/strong><\/span><\/span><\/div>\n<\/div>\n<div class=\"html-div xdj266r x14z9mp xat24cr x1lziwak xexx8yu xyri2b x18d9i69 x1c1uobl\">\n<div class=\"html-div xdj266r x14z9mp x1lziwak xexx8yu xyri2b x18d9i69 x1c1uobl x1e56ztr\"><span class=\"x193iq5w xeuugli x13faqbe x1vvkbs x1xmvt09 x6prxxf xvq8zen xo1l8bm xzsf02u\"><span class=\"html-span xdj266r x14z9mp xat24cr x1lziwak xexx8yu xyri2b x18d9i69 x1c1uobl x1hl2dhg x16tdsg8 x1vvkbs\"><strong class=\"html-strong xdj266r x14z9mp xat24cr x1lziwak xexx8yu xyri2b x18d9i69 x1c1uobl x1hl2dhg x16tdsg8 x1vvkbs x1s688f\">S\u00f6ndag 21:\u00a0<\/strong><\/span>13:00-16:00 <strong>\u00d6ppet f\u00f6r allm\u00e4nheten<\/strong><\/span><\/div>\n<\/div>\n<div class=\"html-div xdj266r x14z9mp xat24cr x1lziwak xexx8yu xyri2b x18d9i69 x1c1uobl\">\n<div class=\"html-div xdj266r x14z9mp x1lziwak xexx8yu xyri2b x18d9i69 x1c1uobl x1e56ztr\"><\/div>\n<\/div>\n<div class=\"html-div xdj266r x14z9mp xat24cr x1lziwak xexx8yu xyri2b x18d9i69 x1c1uobl\">\n<div class=\"html-div xdj266r x14z9mp x1lziwak xexx8yu xyri2b x18d9i69 x1c1uobl x1e56ztr\"><span class=\"x193iq5w xeuugli x13faqbe x1vvkbs x1xmvt09 x6prxxf xvq8zen xo1l8bm xzsf02u\"><span class=\"html-span xdj266r x14z9mp xat24cr x1lziwak xexx8yu xyri2b x18d9i69 x1c1uobl x1hl2dhg x16tdsg8 x1vvkbs\"><strong class=\"html-strong xdj266r x14z9mp xat24cr x1lziwak xexx8yu xyri2b x18d9i69 x1c1uobl x1hl2dhg x16tdsg8 x1vvkbs x1s688f\">L\u00f6rdag 27:\u00a0<\/strong><\/span>13:00-16:00 <strong>\u00d6ppet f\u00f6r allm\u00e4nheten<\/strong><\/span><\/div>\n<\/div>\n<div class=\"html-div xdj266r x14z9mp xat24cr x1lziwak xexx8yu xyri2b x18d9i69 x1c1uobl\">\n<div class=\"html-div xdj266r x14z9mp x1lziwak xexx8yu xyri2b x18d9i69 x1c1uobl x1e56ztr\"><span class=\"x193iq5w xeuugli x13faqbe x1vvkbs x1xmvt09 x6prxxf xvq8zen xo1l8bm xzsf02u\"><span class=\"html-span xdj266r x14z9mp xat24cr x1lziwak xexx8yu xyri2b x18d9i69 x1c1uobl x1hl2dhg x16tdsg8 x1vvkbs\"><strong class=\"html-strong xdj266r x14z9mp xat24cr x1lziwak xexx8yu xyri2b x18d9i69 x1c1uobl x1hl2dhg x16tdsg8 x1vvkbs x1s688f\">S\u00f6ndag 28:\u00a0<\/strong><\/span>13:00-16:00 <strong>\u00d6ppet f\u00f6r allm\u00e4nheten<\/strong><\/span><\/div>\n<\/div>\n<h3><strong>Information om Gadder\u00f6ds skjutbana<\/strong><\/h3>\n<p>P\u00e5 Gadder\u00f6d finns fina m\u00f6jligheter att \u00f6vningsskjuta p\u00e5 \u00e4lgbana, inskjutningstavla, lerduvor och harbana. Vi har ett elektroniskt system som sk\u00f6ter markeringen p\u00e5 \u00e4lgenbanan och inskjutningstavlan. Avst\u00e5ndet \u00e4r 80 m f\u00f6r b\u00e5de \u00e4lg och inskjutning.<\/p>\n<p>Under ordinarie skjuttider \u00e4r vi alltid minst tv\u00e5 personer p\u00e5 skjutbanan som f\u00f6rs\u00f6ker var behj\u00e4lpliga med allt som kan t\u00e4nkas beh\u00f6vas. N\u00e4r man kommer skriver man in sig hos en funktion\u00e4r och sedan ropas namnen upp i tur och ordning. Vi k\u00f6r v\u00e4xelvis skytte mellan b\u00e5sen s\u00e5 att man skall hinna h\u00e4mta andan mellan serierna. Lerduvebanan har fem skjutplatser och en mobil kastare samt en fast kastare. Harbanan \u00e4r ca tv\u00e5 \u00e5r gammal och \u201dv\u00e4nder sig sj\u00e4lv\u201d s\u00e5 man enbart beh\u00f6ver g\u00e5 fram f\u00f6r att markera.<\/p>\n<p>Vi arbetar hela tiden f\u00f6r att utveckla v\u00e5r skjutbana s\u00e5 att medlemmarna ska f\u00e5 s\u00e5 mycket nytta som m\u00f6jligt av den. Vi anordnar \u00e4ven normalt en jaktstig varje \u00e5r den 1\/5 med totalt 10 st dubbelm\u00e5l.<\/p>\n<p>P\u00e5 de dagar banan \u00e4r \u00f6ppen f\u00f6r allm\u00e4nheten erbjuder vi \u00e4ven dem som vill g\u00e5 runt sj\u00e4lva att g\u00e5 jaktstigen, men d\u00e5 m\u00e5ste man anm\u00e4la det innan och man m\u00e5ste i s\u00e5 fall vara minst tv\u00e5 personer som g\u00e5r tillsammans och hj\u00e4lps \u00e5t med m\u00e5len osv. Anm\u00e4lan sker till Malin Magnusson. Antingen via mejl eller mobil (se slutet av detta inl\u00e4gg.)<\/p>\n<p>Vi har utbildade skjutledare och skytteinstrukt\u00f6rer inom f\u00f6reningen.<\/p>\n<p>Munkedal- Lysekils Jvk har \u00e4ven provverksamhet p\u00e5 Gadder\u00f6ds skjutbana. Det sker flera uppskjutningar varje \u00e5r. Vi har installerat fiber s\u00e5 att vi \u00e4ven kan erbjuda teoriproven till j\u00e4garexamen.<\/p>\n<p><strong>Priserna f\u00f6r skjutning \u00e4r f\u00f6ljande f\u00f6r 2025:\u00a0 <\/strong><\/p>\n<p><strong>Prislista<\/strong><br \/>\n1 serie 6,5 \u00d7 55 inklusive serieavgift och ammunition = 90 kr<br \/>\n3 serier 6,5 \u00d7 55 inklusive serieavgift och ammunition = 270 kr<br \/>\n1 skott 6,5 x 55 = 15 kr st<\/p>\n<p>\u00c4lgbana enbart serieavgift (4 skott) = 30 kr<br \/>\nInskjutning p\u00e5 tavla (klass 1-vapen) 10 kr st<\/p>\n<p>1 skott .22 LR = 2 kr<\/p>\n<p><strong>Hagel:<\/strong><\/p>\n<p>1 ask hagel (25 skott) inklusive duvor = 200 kr<br \/>\n1 ask hagel (25 skott) inklusive haren = 200 kr<br \/>\n1 skott inklusive lerduva\/hare = 8 kr<\/p>\n<p><strong>J\u00e4garexamen:<\/strong> \u00c4lgbana enbart serie (4 skott) = 20 kr<\/p>\n<p><strong>Ungdomspriser:<\/strong><br \/>\n\u00c4lgbana per serie inklusive 6,5\u00d755 (4st) \u00e4r 80 kr<br \/>\n3 serier 6,5 \u00d7 55 inklusive serieavgift och ammunition = 240 kr<\/p>\n<p>\u00c4lgbana enbart serieavgift 20 kr<br \/>\nInskjutning .22 LR 0 kr<\/p>\n<p>Inskjutning p\u00e5 tavla (klass 1-vapen) 10 kr skottet<br \/>\n1 ask hagel (25 skott) inklusive duvor = 200 kr<br \/>\n1 ask hagel (25 skott) inklusive haren = 200 kr<br \/>\n1 skott inklusive lerduva\/hare = 8 kr<\/p>\n<p>1 varv p\u00e5 jaktstigen 200 kr, d\u00e5 f\u00e5r man med sig en ask med hagelskott och markeringslappar.<\/p>\n<p>Jaktlag som hyr banan = 800 kr (300kr till kretsen)<\/p>\n<hr \/>\n<p>Skjutbanechef \u00e4r Malin Magnusson<br \/>\nTelefonnummer 073-95 35 013<br \/>\n<a href=\"mailto:malin.magnusson@munkedal.se\">Mejl till Malin<br \/>\n<\/a><\/p>\n<p><a href=\"https:\/\/krets.jagareforbundet.se\/munkedallysekil\/files\/2020\/05\/Malin-Magnusson.jpg\"><img loading=\"lazy\" decoding=\"async\" class=\"alignnone size-medium wp-image-418\" src=\"https:\/\/krets.jagareforbundet.se\/munkedallysekil\/files\/2020\/05\/Malin-Magnusson-300x300.jpg\" alt=\"\" width=\"300\" height=\"300\" srcset=\"https:\/\/krets.jagareforbundet.se\/munkedallysekil\/files\/2020\/05\/Malin-Magnusson-300x300.jpg 300w, https:\/\/krets.jagareforbundet.se\/munkedallysekil\/files\/2020\/05\/Malin-Magnusson-150x150.jpg 150w, https:\/\/krets.jagareforbundet.se\/munkedallysekil\/files\/2020\/05\/Malin-Magnusson-768x768.jpg 768w, https:\/\/krets.jagareforbundet.se\/munkedallysekil\/files\/2020\/05\/Malin-Magnusson.jpg 873w\" sizes=\"auto, (max-width: 300px) 100vw, 300px\" \/><\/a><\/p>\n<p><strong><em>Gilla Gadder\u00f6ds skjutbana p\u00e5 Facebook!<\/em><\/strong><\/p>\n<div class=\"fb-page\" data-href=\"https:\/\/www.facebook.com\/Gadderodsskjutbana\" data-width=\"500\" data-height=\"100\" data-small-header=\"false\" data-adapt-container-width=\"true\" data-hide-cover=\"false\" data-show-facepile=\"true\">\n<div class=\"fb-xfbml-parse-ignore\">\n<blockquote cite=\"https:\/\/www.facebook.com\/Gadderodsskjutbana\"><p><a href=\"https:\/\/www.facebook.com\/Gadderodsskjutbana\">Gadder\u00f6ds skjutbana<\/a><\/p><\/blockquote>\n<\/div>\n<\/div>\n<p>&nbsp;<\/p>\n<p>Varmt v\u00e4lkomna \u00f6nskar Munkedal \u2013 Lysekils Jaktv\u00e5rdskrets.<\/p>\n","protected":false},"excerpt":{"rendered":"<p>MUNKEDAL \u2013 LYSEKILS JAKTV\u00c5RDSKRETS H\u00f6stens \u00f6ppettider: Eftersom det \u00e4r brist p\u00e5 funktion\u00e4rer drar vi \u00e4ven in p\u00e5 \u00f6ppettiderna i h\u00f6st. F\u00f6rsta helgen har vi \u00f6ppet b\u00e5de l\u00f6rdag och s\u00f6ndag samt sista helgen i september. Helgerna d\u00e4r emellan har vi \u00f6ppet endast s\u00f6ndag f\u00f6r allm\u00e4nheten. Tiden samma 13:00-16:00. Jaktlag kan boka som innan b\u00e5de l\u00f6rdag och [&hellip;]<\/p>\n","protected":false},"author":242,"featured_media":0,"parent":166,"menu_order":0,"comment_status":"closed","ping_status":"closed","template":"","meta":{"footnotes":""},"class_list":["post-169","page","type-page","status-publish","hentry"],"_links":{"self":[{"href":"https:\/\/krets.jagareforbundet.se\/munkedallysekil\/wp-json\/wp\/v2\/pages\/169","targetHints":{"allow":["GET"]}}],"collection":[{"href":"https:\/\/krets.jagareforbundet.se\/munkedallysekil\/wp-json\/wp\/v2\/pages"}],"about":[{"href":"https:\/\/krets.jagareforbundet.se\/munkedallysekil\/wp-json\/wp\/v2\/types\/page"}],"author":[{"embeddable":true,"href":"https:\/\/krets.jagareforbundet.se\/munkedallysekil\/wp-json\/wp\/v2\/users\/242"}],"replies":[{"embeddable":true,"href":"https:\/\/krets.jagareforbundet.se\/munkedallysekil\/wp-json\/wp\/v2\/comments?post=169"}],"version-history":[{"count":3,"href":"https:\/\/krets.jagareforbundet.se\/munkedallysekil\/wp-json\/wp\/v2\/pages\/169\/revisions"}],"predecessor-version":[{"id":716,"href":"https:\/\/krets.jagareforbundet.se\/munkedallysekil\/wp-json\/wp\/v2\/pages\/169\/revisions\/716"}],"up":[{"embeddable":true,"href":"https:\/\/krets.jagareforbundet.se\/munkedallysekil\/wp-json\/wp\/v2\/pages\/166"}],"wp:attachment":[{"href":"https:\/\/krets.jagareforbundet.se\/munkedallysekil\/wp-json\/wp\/v2\/media?parent=169"}],"curies":[{"name":"wp","href":"https:\/\/api.w.org\/{rel}","templated":true}]}}