{"id":207,"date":"2016-03-26T09:42:35","date_gmt":"2016-03-26T08:42:35","guid":{"rendered":"https:\/\/krets.jagareforbundet.se\/munkedallysekil\/?page_id=207"},"modified":"2016-03-26T09:44:23","modified_gmt":"2016-03-26T08:44:23","slug":"provverksamhet","status":"publish","type":"page","link":"https:\/\/krets.jagareforbundet.se\/munkedallysekil\/skyttesektionen\/provverksamhet\/","title":{"rendered":"Provverksamhet"},"content":{"rendered":"<p>&nbsp;<\/p>\n<h3>Provverksamhet.<\/h3>\n<p>P\u00e5 Gadder\u00f6d skjutbana har vi tillst\u00e5nd att genomf\u00f6ra uppskjutning f\u00f6r J\u00e4garexamen. Vi \u00e4r sju provledare som genomf\u00f6r allt fr\u00e5n teoretiska prov till uppskjutningen p\u00e5 \u00e4lgbana.\u00a0Samtliga provledare har genomg\u00e5tt utbildning f\u00f6r uppdraget och har Polismyndighetens i V\u00e4stra G\u00f6talands f\u00f6rordnande som provledare f\u00f6r j\u00e4garexamen. Vi genomf\u00f6r ett hundratal prov om \u00e5ret. Du beh\u00f6ver inte l\u00e4sa j\u00e4garexamen inom v\u00e5r krets f\u00f6r att avsluta din j\u00e4garexamen hos oss. \u00c4r du intresserad av att genomf\u00f6ra ett prov eller kanske hela j\u00e4garexamen? D\u00e5 m\u00e5ste du h\u00f6ra av dig minst 14 dagar f\u00f6re det aktuella provet.<\/p>\n<p>V\u00e5r Kontaktman \u00e4r:<\/p>\n<p>Johan Hansson<br \/>\nTelefon nummer 070-362 77 06<br \/>\n<a href=\"mailto:knuffmuff@gmail.com\">Mejl<\/a><\/p>\n","protected":false},"excerpt":{"rendered":"<p>&nbsp; Provverksamhet. P\u00e5 Gadder\u00f6d skjutbana har vi tillst\u00e5nd att genomf\u00f6ra uppskjutning f\u00f6r J\u00e4garexamen. Vi \u00e4r sju provledare som genomf\u00f6r allt fr\u00e5n teoretiska prov till uppskjutningen p\u00e5 \u00e4lgbana.\u00a0Samtliga provledare har genomg\u00e5tt utbildning f\u00f6r uppdraget och har Polismyndighetens i V\u00e4stra G\u00f6talands f\u00f6rordnande som provledare f\u00f6r j\u00e4garexamen. Vi genomf\u00f6r ett hundratal prov om \u00e5ret. Du beh\u00f6ver inte l\u00e4sa [&hellip;]<\/p>\n","protected":false},"author":242,"featured_media":0,"parent":166,"menu_order":0,"comment_status":"closed","ping_status":"closed","template":"","meta":{"footnotes":""},"class_list":["post-207","page","type-page","status-publish","hentry"],"_links":{"self":[{"href":"https:\/\/krets.jagareforbundet.se\/munkedallysekil\/wp-json\/wp\/v2\/pages\/207","targetHints":{"allow":["GET"]}}],"collection":[{"href":"https:\/\/krets.jagareforbundet.se\/munkedallysekil\/wp-json\/wp\/v2\/pages"}],"about":[{"href":"https:\/\/krets.jagareforbundet.se\/munkedallysekil\/wp-json\/wp\/v2\/types\/page"}],"author":[{"embeddable":true,"href":"https:\/\/krets.jagareforbundet.se\/munkedallysekil\/wp-json\/wp\/v2\/users\/242"}],"replies":[{"embeddable":true,"href":"https:\/\/krets.jagareforbundet.se\/munkedallysekil\/wp-json\/wp\/v2\/comments?post=207"}],"version-history":[{"count":0,"href":"https:\/\/krets.jagareforbundet.se\/munkedallysekil\/wp-json\/wp\/v2\/pages\/207\/revisions"}],"up":[{"embeddable":true,"href":"https:\/\/krets.jagareforbundet.se\/munkedallysekil\/wp-json\/wp\/v2\/pages\/166"}],"wp:attachment":[{"href":"https:\/\/krets.jagareforbundet.se\/munkedallysekil\/wp-json\/wp\/v2\/media?parent=207"}],"curies":[{"name":"wp","href":"https:\/\/api.w.org\/{rel}","templated":true}]}}