{"id":264,"date":"2017-04-05T20:49:35","date_gmt":"2017-04-05T18:49:35","guid":{"rendered":"https:\/\/krets.jagareforbundet.se\/munkedallysekil\/?page_id=264"},"modified":"2026-03-10T10:52:19","modified_gmt":"2026-03-10T09:52:19","slug":"hundsektionen","status":"publish","type":"page","link":"https:\/\/krets.jagareforbundet.se\/munkedallysekil\/hundsektionen\/","title":{"rendered":"Hundsektionen"},"content":{"rendered":"<h3>Hundsektionen best\u00e5r 2026 av:<\/h3>\n<p>Robert Axelsson (sammankallande)<\/p>\n<p>Claes Hedlund<\/p>\n<p>Emil Johansson<\/p>\n<p>Tony Edman<\/p>\n<p>Torgny Dahlberg<\/p>\n<p>&nbsp;<\/p>\n<p>&nbsp;<\/p>\n<p><strong>V\u00e4lj bland undermenyerna till h\u00f6ger.<\/strong><\/p>\n","protected":false},"excerpt":{"rendered":"<p>Hundsektionen best\u00e5r 2026 av: Robert Axelsson (sammankallande) Claes Hedlund Emil Johansson Tony Edman Torgny Dahlberg &nbsp; &nbsp; V\u00e4lj bland undermenyerna till h\u00f6ger.<\/p>\n","protected":false},"author":242,"featured_media":761,"parent":0,"menu_order":0,"comment_status":"closed","ping_status":"closed","template":"","meta":{"footnotes":""},"class_list":["post-264","page","type-page","status-publish","has-post-thumbnail","hentry"],"_links":{"self":[{"href":"https:\/\/krets.jagareforbundet.se\/munkedallysekil\/wp-json\/wp\/v2\/pages\/264","targetHints":{"allow":["GET"]}}],"collection":[{"href":"https:\/\/krets.jagareforbundet.se\/munkedallysekil\/wp-json\/wp\/v2\/pages"}],"about":[{"href":"https:\/\/krets.jagareforbundet.se\/munkedallysekil\/wp-json\/wp\/v2\/types\/page"}],"author":[{"embeddable":true,"href":"https:\/\/krets.jagareforbundet.se\/munkedallysekil\/wp-json\/wp\/v2\/users\/242"}],"replies":[{"embeddable":true,"href":"https:\/\/krets.jagareforbundet.se\/munkedallysekil\/wp-json\/wp\/v2\/comments?post=264"}],"version-history":[{"count":4,"href":"https:\/\/krets.jagareforbundet.se\/munkedallysekil\/wp-json\/wp\/v2\/pages\/264\/revisions"}],"predecessor-version":[{"id":771,"href":"https:\/\/krets.jagareforbundet.se\/munkedallysekil\/wp-json\/wp\/v2\/pages\/264\/revisions\/771"}],"wp:featuredmedia":[{"embeddable":true,"href":"https:\/\/krets.jagareforbundet.se\/munkedallysekil\/wp-json\/wp\/v2\/media\/761"}],"wp:attachment":[{"href":"https:\/\/krets.jagareforbundet.se\/munkedallysekil\/wp-json\/wp\/v2\/media?parent=264"}],"curies":[{"name":"wp","href":"https:\/\/api.w.org\/{rel}","templated":true}]}}