{"id":363,"date":"2019-05-03T17:34:15","date_gmt":"2019-05-03T15:34:15","guid":{"rendered":"https:\/\/krets.jagareforbundet.se\/munkedallysekil\/?page_id=363"},"modified":"2025-03-26T17:57:14","modified_gmt":"2025-03-26T16:57:14","slug":"ungdomsjakt-27-jan-2019","status":"publish","type":"page","link":"https:\/\/krets.jagareforbundet.se\/munkedallysekil\/ungdomsektionen\/ungdomsjakt-27-jan-2019\/","title":{"rendered":"Ungdomsjakt 27 april 2019"},"content":{"rendered":"<p><span style=\"margin: 0px;color: #1d2129;font-family: 'Helvetica',sans-serif;font-size: 10.5pt\">Under l\u00f6rdagen 27\/4-19 har vi i ungdomssektionen anordnat b\u00e4verjakt f\u00f6r ungdomar! En b\u00e4ver blev det vilken sk\u00f6ts av en ungdom. P\u00e5 f\u00f6rmiddagen samma dag var vi p\u00e5 skjutbanan p\u00e5 Gadder\u00f6d i Svarteborg. Vi sk\u00f6t lerduvor och gick sedan Jaktstigen p\u00e5 banan. Innan jakten \u00e5t vi lite mat f\u00f6r att sedan i samlad trupp \u00e5ka tillsammans till jaktmarken. Under skyttet var det 7 ungdomar som medverkade och senare p\u00e5 kv\u00e4llen under jakten var det 5 stycken ungdomar.<br \/>\nTack till mark\u00e4gare och till alla ungdomar som var n\u00e4rvarande under dagen<\/span><\/p>\n<p><span style=\"margin: 0px;color: #1d2129;font-family: 'Helvetica',sans-serif;font-size: 10.5pt\">\/\/Emil Samr\u00e9 och David Bj\u00f6rkdahl<\/span><\/p>\n<p><a href=\"https:\/\/krets.jagareforbundet.se\/munkedallysekil\/files\/2019\/05\/ungdomsjakt-19.1.jpg\"><img loading=\"lazy\" decoding=\"async\" class=\"alignnone wp-image-365\" src=\"https:\/\/krets.jagareforbundet.se\/munkedallysekil\/files\/2019\/05\/ungdomsjakt-19.1-225x300.jpg\" alt=\"\" width=\"346\" height=\"461\" srcset=\"https:\/\/krets.jagareforbundet.se\/munkedallysekil\/files\/2019\/05\/ungdomsjakt-19.1-225x300.jpg 225w, https:\/\/krets.jagareforbundet.se\/munkedallysekil\/files\/2019\/05\/ungdomsjakt-19.1.jpg 720w\" sizes=\"auto, (max-width: 346px) 100vw, 346px\" \/><\/a><a href=\"https:\/\/krets.jagareforbundet.se\/munkedallysekil\/files\/2019\/05\/ungdomsjakt-19.2.jpg\"><img loading=\"lazy\" decoding=\"async\" class=\"alignnone wp-image-366\" src=\"https:\/\/krets.jagareforbundet.se\/munkedallysekil\/files\/2019\/05\/ungdomsjakt-19.2-300x225.jpg\" alt=\"\" width=\"364\" height=\"273\" srcset=\"https:\/\/krets.jagareforbundet.se\/munkedallysekil\/files\/2019\/05\/ungdomsjakt-19.2-300x225.jpg 300w, https:\/\/krets.jagareforbundet.se\/munkedallysekil\/files\/2019\/05\/ungdomsjakt-19.2.jpg 480w\" sizes=\"auto, (max-width: 364px) 100vw, 364px\" \/><\/a><a href=\"https:\/\/krets.jagareforbundet.se\/munkedallysekil\/files\/2019\/05\/ungdomsjakt-19.3.jpg\"><img loading=\"lazy\" decoding=\"async\" class=\"alignnone wp-image-367\" src=\"https:\/\/krets.jagareforbundet.se\/munkedallysekil\/files\/2019\/05\/ungdomsjakt-19.3-300x225.jpg\" alt=\"\" width=\"363\" height=\"272\" srcset=\"https:\/\/krets.jagareforbundet.se\/munkedallysekil\/files\/2019\/05\/ungdomsjakt-19.3-300x225.jpg 300w, https:\/\/krets.jagareforbundet.se\/munkedallysekil\/files\/2019\/05\/ungdomsjakt-19.3.jpg 480w\" sizes=\"auto, (max-width: 363px) 100vw, 363px\" \/><\/a><\/p>\n<p><a href=\"https:\/\/krets.jagareforbundet.se\/munkedallysekil\/files\/2019\/05\/ungdomsjakt-19.4.jpg\"><img loading=\"lazy\" decoding=\"async\" class=\"alignnone wp-image-368\" src=\"https:\/\/krets.jagareforbundet.se\/munkedallysekil\/files\/2019\/05\/ungdomsjakt-19.4-225x300.jpg\" alt=\"\" width=\"346\" height=\"461\" srcset=\"https:\/\/krets.jagareforbundet.se\/munkedallysekil\/files\/2019\/05\/ungdomsjakt-19.4-225x300.jpg 225w, https:\/\/krets.jagareforbundet.se\/munkedallysekil\/files\/2019\/05\/ungdomsjakt-19.4.jpg 720w\" sizes=\"auto, (max-width: 346px) 100vw, 346px\" \/><\/a><\/p>\n<p>&nbsp;<\/p>\n","protected":false},"excerpt":{"rendered":"<p>Under l\u00f6rdagen 27\/4-19 har vi i ungdomssektionen anordnat b\u00e4verjakt f\u00f6r ungdomar! En b\u00e4ver blev det vilken sk\u00f6ts av en ungdom. P\u00e5 f\u00f6rmiddagen samma dag var vi p\u00e5 skjutbanan p\u00e5 Gadder\u00f6d i Svarteborg. Vi sk\u00f6t lerduvor och gick sedan Jaktstigen p\u00e5 banan. Innan jakten \u00e5t vi lite mat f\u00f6r att sedan i samlad trupp \u00e5ka tillsammans [&hellip;]<\/p>\n","protected":false},"author":242,"featured_media":0,"parent":167,"menu_order":100,"comment_status":"closed","ping_status":"closed","template":"","meta":{"footnotes":""},"class_list":["post-363","page","type-page","status-publish","hentry"],"_links":{"self":[{"href":"https:\/\/krets.jagareforbundet.se\/munkedallysekil\/wp-json\/wp\/v2\/pages\/363","targetHints":{"allow":["GET"]}}],"collection":[{"href":"https:\/\/krets.jagareforbundet.se\/munkedallysekil\/wp-json\/wp\/v2\/pages"}],"about":[{"href":"https:\/\/krets.jagareforbundet.se\/munkedallysekil\/wp-json\/wp\/v2\/types\/page"}],"author":[{"embeddable":true,"href":"https:\/\/krets.jagareforbundet.se\/munkedallysekil\/wp-json\/wp\/v2\/users\/242"}],"replies":[{"embeddable":true,"href":"https:\/\/krets.jagareforbundet.se\/munkedallysekil\/wp-json\/wp\/v2\/comments?post=363"}],"version-history":[{"count":2,"href":"https:\/\/krets.jagareforbundet.se\/munkedallysekil\/wp-json\/wp\/v2\/pages\/363\/revisions"}],"predecessor-version":[{"id":670,"href":"https:\/\/krets.jagareforbundet.se\/munkedallysekil\/wp-json\/wp\/v2\/pages\/363\/revisions\/670"}],"up":[{"embeddable":true,"href":"https:\/\/krets.jagareforbundet.se\/munkedallysekil\/wp-json\/wp\/v2\/pages\/167"}],"wp:attachment":[{"href":"https:\/\/krets.jagareforbundet.se\/munkedallysekil\/wp-json\/wp\/v2\/media?parent=363"}],"curies":[{"name":"wp","href":"https:\/\/api.w.org\/{rel}","templated":true}]}}