{"id":468,"date":"2022-02-27T20:43:15","date_gmt":"2022-02-27T19:43:15","guid":{"rendered":"https:\/\/krets.jagareforbundet.se\/munkedallysekil\/?page_id=468"},"modified":"2025-03-13T17:48:13","modified_gmt":"2025-03-13T16:48:13","slug":"viltsparkurs-start-april-2021","status":"publish","type":"page","link":"https:\/\/krets.jagareforbundet.se\/munkedallysekil\/hundsektionen\/viltsparkurs-start-april-2021\/","title":{"rendered":"Viltsp\u00e5rkurs 2024"},"content":{"rendered":"<p>Anordnas av Bohusl\u00e4n-Dals Taxklubb, Wactelhunddklubben V\u00e4st och Munkedal-Lysekils Jaktv\u00e5rdskrets i samarbete.<\/p>\n<p>Totalt 5 kurstillf\u00e4llen + avslutning, d\u00e5 det \u00e4r m\u00f6jligt att anm\u00e4la till viltsp\u00e5rprov.<br \/>\nPris f\u00f6r detta \u00e4r 1200:-\/hund + kostnad f\u00f6r sp\u00e5rprovet.<\/p>\n<p>Max 12 hundar.<\/p>\n<p>Kurstillf\u00e4llen: 4\/4, 18\/4, 25\/4, 9\/5\/, 16\/5,<br \/>\nTid: kl 18.00, vid Gadder\u00f6ds skjutbana<br \/>\nAvslutningsdag: L\u00f6rdag 1\/6, kl 9:00<\/p>\n<h3><span style=\"color: #ff0000\">Kursen \u00e4r tyv\u00e4rr redan fulltecknad<\/span><\/h3>\n<p><strong>(Sista anm\u00e4lningsdag 2\/4 &#8211; 2023<\/strong><br \/>\nAnm\u00e4lan till: Bohusl\u00e4n-Dals Taxklubb<br \/>\nBirgitta Johansson p\u00e5 mail <a href=\"mailto:birg.jo@telia.com\">birg.jo@telia.com)<\/a><\/p>\n","protected":false},"excerpt":{"rendered":"<p>Anordnas av Bohusl\u00e4n-Dals Taxklubb, Wactelhunddklubben V\u00e4st och Munkedal-Lysekils Jaktv\u00e5rdskrets i samarbete. Totalt 5 kurstillf\u00e4llen + avslutning, d\u00e5 det \u00e4r m\u00f6jligt att anm\u00e4la till viltsp\u00e5rprov. Pris f\u00f6r detta \u00e4r 1200:-\/hund + kostnad f\u00f6r sp\u00e5rprovet. Max 12 hundar. Kurstillf\u00e4llen: 4\/4, 18\/4, 25\/4, 9\/5\/, 16\/5, Tid: kl 18.00, vid Gadder\u00f6ds skjutbana Avslutningsdag: L\u00f6rdag 1\/6, kl 9:00 Kursen \u00e4r [&hellip;]<\/p>\n","protected":false},"author":242,"featured_media":0,"parent":264,"menu_order":99,"comment_status":"closed","ping_status":"closed","template":"","meta":{"footnotes":""},"class_list":["post-468","page","type-page","status-publish","hentry"],"_links":{"self":[{"href":"https:\/\/krets.jagareforbundet.se\/munkedallysekil\/wp-json\/wp\/v2\/pages\/468","targetHints":{"allow":["GET"]}}],"collection":[{"href":"https:\/\/krets.jagareforbundet.se\/munkedallysekil\/wp-json\/wp\/v2\/pages"}],"about":[{"href":"https:\/\/krets.jagareforbundet.se\/munkedallysekil\/wp-json\/wp\/v2\/types\/page"}],"author":[{"embeddable":true,"href":"https:\/\/krets.jagareforbundet.se\/munkedallysekil\/wp-json\/wp\/v2\/users\/242"}],"replies":[{"embeddable":true,"href":"https:\/\/krets.jagareforbundet.se\/munkedallysekil\/wp-json\/wp\/v2\/comments?post=468"}],"version-history":[{"count":3,"href":"https:\/\/krets.jagareforbundet.se\/munkedallysekil\/wp-json\/wp\/v2\/pages\/468\/revisions"}],"predecessor-version":[{"id":605,"href":"https:\/\/krets.jagareforbundet.se\/munkedallysekil\/wp-json\/wp\/v2\/pages\/468\/revisions\/605"}],"up":[{"embeddable":true,"href":"https:\/\/krets.jagareforbundet.se\/munkedallysekil\/wp-json\/wp\/v2\/pages\/264"}],"wp:attachment":[{"href":"https:\/\/krets.jagareforbundet.se\/munkedallysekil\/wp-json\/wp\/v2\/media?parent=468"}],"curies":[{"name":"wp","href":"https:\/\/api.w.org\/{rel}","templated":true}]}}