{"id":479,"date":"2022-05-01T20:26:11","date_gmt":"2022-05-01T18:26:11","guid":{"rendered":"https:\/\/krets.jagareforbundet.se\/munkedallysekil\/?page_id=479"},"modified":"2025-03-13T17:17:02","modified_gmt":"2025-03-13T16:17:02","slug":"resultat-jaktstig-2022","status":"publish","type":"page","link":"https:\/\/krets.jagareforbundet.se\/munkedallysekil\/skyttesektionen\/resultat-jaktstig-2022\/","title":{"rendered":"Resultat jaktstig 2022"},"content":{"rendered":"<table style=\"height: 2910px\" width=\"463\">\n<tbody>\n<tr>\n<td width=\"147\">Namn<\/td>\n<td width=\"107\">Postadress<\/td>\n<td width=\"38\">Klass<\/td>\n<td width=\"62\">Resultat<\/td>\n<\/tr>\n<tr>\n<td>Tobias Lund<\/td>\n<td>Ed<\/td>\n<td>\u00d6<\/td>\n<td>198<\/td>\n<\/tr>\n<tr>\n<td>Lars Ahlbom<\/td>\n<td>H\u00f6gs\u00e4ter<\/td>\n<td>\u00d6<\/td>\n<td>197<\/td>\n<\/tr>\n<tr>\n<td>P\u00e5l Cromberger<\/td>\n<td>Stora H\u00f6ga<\/td>\n<td>\u00d6<\/td>\n<td>189<\/td>\n<\/tr>\n<tr>\n<td>Lars Ahlbom<\/td>\n<td>H\u00f6gs\u00e4ter<\/td>\n<td>\u00d6<\/td>\n<td>188<\/td>\n<\/tr>\n<tr>\n<td>Hugo Abrahamsson<\/td>\n<td>Ell\u00f6s<\/td>\n<td>\u00d6<\/td>\n<td>180<\/td>\n<\/tr>\n<tr>\n<td>Kaj Ragnarsson<\/td>\n<td>Sm\u00f6gen<\/td>\n<td>\u00d6<\/td>\n<td>179<\/td>\n<\/tr>\n<tr>\n<td>Fredrik Kilpi<\/td>\n<td>Uddevalla<\/td>\n<td>\u00d6<\/td>\n<td>178<\/td>\n<\/tr>\n<tr>\n<td>J\u00f6rgen Bj\u00f6rnlund<\/td>\n<td>V\u00e4sterlanda<\/td>\n<td>\u00d6<\/td>\n<td>178<\/td>\n<\/tr>\n<tr>\n<td>Christian Nordberg<\/td>\n<td>Forsheda<\/td>\n<td>\u00d6<\/td>\n<td>176<\/td>\n<\/tr>\n<tr>\n<td>Andreas Kristensson<\/td>\n<td>Hj\u00e4rtum<\/td>\n<td>\u00d6<\/td>\n<td>176<\/td>\n<\/tr>\n<tr>\n<td>Christian Johansson<\/td>\n<td>Dingle<\/td>\n<td>\u00d6<\/td>\n<td>175<\/td>\n<\/tr>\n<tr>\n<td>Viktor Pettersson<\/td>\n<td>Fr\u00e4nderfors<\/td>\n<td>\u00d6<\/td>\n<td>173<\/td>\n<\/tr>\n<tr>\n<td>Krister Pettersson<\/td>\n<td>Fr\u00e4nderfors<\/td>\n<td>\u00d6<\/td>\n<td>170<\/td>\n<\/tr>\n<tr>\n<td>J\u00f6rgen Bj\u00f6rnlund<\/td>\n<td>V\u00e4sterlanda<\/td>\n<td>\u00d6<\/td>\n<td>170<\/td>\n<\/tr>\n<tr>\n<td>Martin Blad<\/td>\n<td>Dingle<\/td>\n<td>\u00d6<\/td>\n<td>165<\/td>\n<\/tr>\n<tr>\n<td>H\u00e5kan Ekstr\u00f6m<\/td>\n<td>Svensh\u00f6gen<\/td>\n<td>\u00d6<\/td>\n<td>163<\/td>\n<\/tr>\n<tr>\n<td>Robert Karlsson<\/td>\n<td>Str\u00f6mstad<\/td>\n<td>\u00d6<\/td>\n<td>162<\/td>\n<\/tr>\n<tr>\n<td>Kristoffer Jansson<\/td>\n<td>Fr\u00e4nderfors<\/td>\n<td>\u00d6<\/td>\n<td>162<\/td>\n<\/tr>\n<tr>\n<td>G\u00f6ran Hermansson<\/td>\n<td>Falk\u00f6ping<\/td>\n<td>\u00d6<\/td>\n<td>160<\/td>\n<\/tr>\n<tr>\n<td>Robin B\u00e4ck<\/td>\n<td>Hen\u00e5n<\/td>\n<td>\u00d6<\/td>\n<td>157<\/td>\n<\/tr>\n<tr>\n<td>Erik Johansson<\/td>\n<td>Allings\u00e5s<\/td>\n<td>\u00d6<\/td>\n<td>157<\/td>\n<\/tr>\n<tr>\n<td>Andreas Kristensson<\/td>\n<td>Hj\u00e4rtum<\/td>\n<td>\u00d6<\/td>\n<td>157<\/td>\n<\/tr>\n<tr>\n<td>Simon Hansson<\/td>\n<td>Str\u00f6mstad<\/td>\n<td>\u00d6<\/td>\n<td>157<\/td>\n<\/tr>\n<tr>\n<td>Robin B\u00e4ck<\/td>\n<td>Hen\u00e5n<\/td>\n<td>\u00d6<\/td>\n<td>156<\/td>\n<\/tr>\n<tr>\n<td>Erik Johansson<\/td>\n<td>Alings\u00e5s<\/td>\n<td>\u00d6<\/td>\n<td>151<\/td>\n<\/tr>\n<tr>\n<td>Mattias Andersson<\/td>\n<td>Uddevalla<\/td>\n<td>\u00d6<\/td>\n<td>149<\/td>\n<\/tr>\n<tr>\n<td>Viktor Karesund<\/td>\n<td>Ljungskile<\/td>\n<td>\u00d6<\/td>\n<td>148<\/td>\n<\/tr>\n<tr>\n<td>Oskar Larsson<\/td>\n<td>H\u00f6gs\u00e4ter<\/td>\n<td>\u00d6<\/td>\n<td>148<\/td>\n<\/tr>\n<tr>\n<td>Stefan Gustavsson<\/td>\n<td>Trollh\u00e4ttan<\/td>\n<td>\u00d6<\/td>\n<td>148<\/td>\n<\/tr>\n<tr>\n<td>Mikael Bj\u00f6rnlund<\/td>\n<td>V\u00e4sterlanda<\/td>\n<td>\u00d6<\/td>\n<td>148<\/td>\n<\/tr>\n<tr>\n<td>Kent Nordstr\u00f6m<\/td>\n<td>Skara<\/td>\n<td>\u00d6<\/td>\n<td>143<\/td>\n<\/tr>\n<tr>\n<td>Mattias Olsson<\/td>\n<td>Brastad<\/td>\n<td>\u00d6<\/td>\n<td>142<\/td>\n<\/tr>\n<tr>\n<td>Peter Nilsson<\/td>\n<td>Gr\u00e4storp<\/td>\n<td>\u00d6<\/td>\n<td>136<\/td>\n<\/tr>\n<tr>\n<td>Andreas Lind<\/td>\n<td>Tanumshede<\/td>\n<td>\u00d6<\/td>\n<td>134<\/td>\n<\/tr>\n<tr>\n<td>Robin Henningsson<\/td>\n<td>Uddevalla<\/td>\n<td>\u00d6<\/td>\n<td>134<\/td>\n<\/tr>\n<tr>\n<td>Jimmy \u00d6st<\/td>\n<td>Bullaren<\/td>\n<td>\u00d6<\/td>\n<td>134<\/td>\n<\/tr>\n<tr>\n<td>Robin Johansson<\/td>\n<td>Uddevalla<\/td>\n<td>\u00d6<\/td>\n<td>133<\/td>\n<\/tr>\n<tr>\n<td>Daniel Hansson<\/td>\n<td>Str\u00f6mstad<\/td>\n<td>\u00d6<\/td>\n<td>131<\/td>\n<\/tr>\n<tr>\n<td>Mattias Nilsson<\/td>\n<td>Ystad<\/td>\n<td>\u00d6<\/td>\n<td>129<\/td>\n<\/tr>\n<tr>\n<td>Mikael Karlsson<\/td>\n<td>Str\u00f6mstad<\/td>\n<td>\u00d6<\/td>\n<td>128<\/td>\n<\/tr>\n<tr>\n<td>Viktor Wallin<\/td>\n<td>Dals L\u00e5nged<\/td>\n<td>\u00d6<\/td>\n<td>128<\/td>\n<\/tr>\n<tr>\n<td>Johan Selander<\/td>\n<td>Rommelanda<\/td>\n<td>\u00d6<\/td>\n<td>127<\/td>\n<\/tr>\n<tr>\n<td>Jens Hansson<\/td>\n<td>Str\u00f6mstad<\/td>\n<td>\u00d6<\/td>\n<td>123<\/td>\n<\/tr>\n<tr>\n<td>Mattias H\u00e4rnstr\u00f6mer<\/td>\n<td>V\u00e4nersborg<\/td>\n<td>\u00d6<\/td>\n<td>123<\/td>\n<\/tr>\n<tr>\n<td>Bj\u00f6rn Listad<\/td>\n<td>Grebbestad<\/td>\n<td>\u00d6<\/td>\n<td>121<\/td>\n<\/tr>\n<tr>\n<td>Daniel Agustin<\/td>\n<td>Uddevalla<\/td>\n<td>\u00d6<\/td>\n<td>120<\/td>\n<\/tr>\n<tr>\n<td>Erik Teodorsson<\/td>\n<td>Sk\u00e4rhamn<\/td>\n<td>\u00d6<\/td>\n<td>120<\/td>\n<\/tr>\n<tr>\n<td>Niklas Wikstr\u00f6m<\/td>\n<td>Dingle<\/td>\n<td>\u00d6<\/td>\n<td>119<\/td>\n<\/tr>\n<tr>\n<td>Alexander F\u00e5ll<\/td>\n<td>Ljungskile<\/td>\n<td>\u00d6<\/td>\n<td>119<\/td>\n<\/tr>\n<tr>\n<td>Robbin Johansson<\/td>\n<td>Uddevalla<\/td>\n<td>\u00d6<\/td>\n<td>117<\/td>\n<\/tr>\n<tr>\n<td>Staffan Axelsson<\/td>\n<td>Bullaren<\/td>\n<td>\u00d6<\/td>\n<td>117<\/td>\n<\/tr>\n<tr>\n<td>Oscar Dalung<\/td>\n<td>H\u00e4llevadsholm<\/td>\n<td>\u00d6<\/td>\n<td>117<\/td>\n<\/tr>\n<tr>\n<td>Martin Andersson<\/td>\n<td>G\u00f6teborg<\/td>\n<td>\u00d6<\/td>\n<td>113<\/td>\n<\/tr>\n<tr>\n<td>J\u00f6rgen Ryberg<\/td>\n<td>Sk\u00e4rhamn<\/td>\n<td>\u00d6<\/td>\n<td>112<\/td>\n<\/tr>\n<tr>\n<td>Oscar Karmark<\/td>\n<td>Kung\u00e4lv<\/td>\n<td>\u00d6<\/td>\n<td>107<\/td>\n<\/tr>\n<tr>\n<td>Robin Karlsson<\/td>\n<td>Uddevalla<\/td>\n<td>\u00d6<\/td>\n<td>107<\/td>\n<\/tr>\n<tr>\n<td>Daniel Sj\u00f6din<\/td>\n<td>Alafors<\/td>\n<td>\u00d6<\/td>\n<td>104<\/td>\n<\/tr>\n<tr>\n<td>J\u00f6rgen Johansson<\/td>\n<td>Munkedal<\/td>\n<td>\u00d6<\/td>\n<td>103<\/td>\n<\/tr>\n<tr>\n<td>Jonas Hageland<\/td>\n<td>Uddevalla<\/td>\n<td>\u00d6<\/td>\n<td>103<\/td>\n<\/tr>\n<tr>\n<td>Joakim Karlsson<\/td>\n<td>Str\u00f6mstad<\/td>\n<td>\u00d6<\/td>\n<td>102<\/td>\n<\/tr>\n<tr>\n<td>Tobias H\u00e4rnstr\u00f6mer<\/td>\n<td>V\u00e4nersborg<\/td>\n<td>\u00d6<\/td>\n<td>96<\/td>\n<\/tr>\n<tr>\n<td>Martin Andersson<\/td>\n<td>G\u00f6teborg<\/td>\n<td>\u00d6<\/td>\n<td>94<\/td>\n<\/tr>\n<tr>\n<td>Tobias Olsson<\/td>\n<td>Lur<\/td>\n<td>\u00d6<\/td>\n<td>93<\/td>\n<\/tr>\n<tr>\n<td>Robin Falck<\/td>\n<td>Uddevalla<\/td>\n<td>\u00d6<\/td>\n<td>93<\/td>\n<\/tr>\n<tr>\n<td>Dennis Kjellberg<\/td>\n<td>V\u00e4nersborg<\/td>\n<td>\u00d6<\/td>\n<td>92<\/td>\n<\/tr>\n<tr>\n<td>Tomas Falck<\/td>\n<td>H\u00e4llevadsholm<\/td>\n<td>\u00d6<\/td>\n<td>92<\/td>\n<\/tr>\n<tr>\n<td>Anders H\u00e4rnstr\u00f6mer<\/td>\n<td>Fr\u00e4nderfors<\/td>\n<td>\u00d6<\/td>\n<td>91<\/td>\n<\/tr>\n<tr>\n<td>Joakim Karlsson<\/td>\n<td>Str\u00f6mstad<\/td>\n<td>\u00d6<\/td>\n<td>89<\/td>\n<\/tr>\n<tr>\n<td>Johannes Eriksson<\/td>\n<td>Dals L\u00e5nged<\/td>\n<td>\u00d6<\/td>\n<td>84<\/td>\n<\/tr>\n<tr>\n<td>Kristoffer Falck<\/td>\n<td>Varberg<\/td>\n<td>\u00d6<\/td>\n<td>76<\/td>\n<\/tr>\n<tr>\n<td>Daniel Kristiansen<\/td>\n<td>Rommelanda<\/td>\n<td>\u00d6<\/td>\n<td>75<\/td>\n<\/tr>\n<tr>\n<td>Daniel Olson<\/td>\n<td>Ucklum<\/td>\n<td>\u00d6<\/td>\n<td>73<\/td>\n<\/tr>\n<tr>\n<td>Joakim Jakobsson<\/td>\n<td>Uddevalla<\/td>\n<td>\u00d6<\/td>\n<td>49<\/td>\n<\/tr>\n<tr>\n<td>Simon Johansson<\/td>\n<td>Dingle<\/td>\n<td>\u00d6<\/td>\n<td>46<\/td>\n<\/tr>\n<tr>\n<td>Mikael Bj\u00f6rnlund<\/td>\n<td>V\u00e4sterlanda<\/td>\n<td>\u00d6<\/td>\n<td>37<\/td>\n<\/tr>\n<\/tbody>\n<\/table>\n<table style=\"height: 833px\" width=\"461\">\n<tbody>\n<tr>\n<td width=\"147\">Namn<\/td>\n<td width=\"107\">Postadress<\/td>\n<td width=\"38\">Klass<\/td>\n<td width=\"62\">Resultat<\/td>\n<\/tr>\n<tr>\n<td>Veronica Lundkvist<\/td>\n<td>Trollh\u00e4ttan<\/td>\n<td>D<\/td>\n<td>172<\/td>\n<\/tr>\n<tr>\n<td>Lisbeth Henriksson<\/td>\n<td>Munkedal<\/td>\n<td>D<\/td>\n<td>164<\/td>\n<\/tr>\n<tr>\n<td>Britt-Marie Johansson<\/td>\n<td>Ljung<\/td>\n<td>D<\/td>\n<td>152<\/td>\n<\/tr>\n<tr>\n<td>Erika Henriksson<\/td>\n<td>Hedekas<\/td>\n<td>D<\/td>\n<td>152<\/td>\n<\/tr>\n<tr>\n<td>Erika Henriksson<\/td>\n<td>Hedekas<\/td>\n<td>D<\/td>\n<td>143<\/td>\n<\/tr>\n<tr>\n<td>Jenny Edin<\/td>\n<td>T\u00f6llsj\u00f6<\/td>\n<td>D<\/td>\n<td>111<\/td>\n<\/tr>\n<tr>\n<td>Isabella Larsson<\/td>\n<td>H\u00f6gs\u00e4ter<\/td>\n<td>D<\/td>\n<td>106<\/td>\n<\/tr>\n<tr>\n<td>Anna Adrians<\/td>\n<td>Str\u00f6mstad<\/td>\n<td>D<\/td>\n<td>95<\/td>\n<\/tr>\n<tr>\n<td>Eveline B\u00f6rjesson<\/td>\n<td>G\u00f6teborg<\/td>\n<td>D<\/td>\n<td>87<\/td>\n<\/tr>\n<tr>\n<td>Evelyn B\u00f6rjesson<\/td>\n<td>G\u00f6teborg<\/td>\n<td>D<\/td>\n<td>83<\/td>\n<\/tr>\n<tr>\n<td>Malin \u00d6st<\/td>\n<td>Bullaren<\/td>\n<td>D<\/td>\n<td>80<\/td>\n<\/tr>\n<tr>\n<td>Maria Pettersson<\/td>\n<td>Fr\u00e4nderfors<\/td>\n<td>D<\/td>\n<td>78<\/td>\n<\/tr>\n<tr>\n<td>Jannike Falck<\/td>\n<td>H\u00e4llevadsholm<\/td>\n<td>D<\/td>\n<td>65<\/td>\n<\/tr>\n<tr>\n<td>Elsa Alfredsson<\/td>\n<td>Uddevalla<\/td>\n<td>D<\/td>\n<td>63<\/td>\n<\/tr>\n<tr>\n<td>Karolina Samuelsson<\/td>\n<td>Skee<\/td>\n<td>D<\/td>\n<td>48<\/td>\n<\/tr>\n<tr>\n<td>Madelene Holmberg<\/td>\n<td>G\u00f6teborg<\/td>\n<td>D<\/td>\n<td>38<\/td>\n<\/tr>\n<tr>\n<td>Anna-Karin<\/td>\n<td>Uddevalla<\/td>\n<td>D<\/td>\n<td>37<\/td>\n<\/tr>\n<tr>\n<td>Marilene Holmberg<\/td>\n<td>G\u00f6teborg<\/td>\n<td>D<\/td>\n<td>25<\/td>\n<\/tr>\n<tr>\n<td>Filippa Arten<\/td>\n<td>Uddevalla<\/td>\n<td>D<\/td>\n<td>21<\/td>\n<\/tr>\n<tr>\n<td>Agnes Johansson<\/td>\n<td>Uddevalla<\/td>\n<td>D<\/td>\n<td>4<\/td>\n<\/tr>\n<\/tbody>\n<\/table>\n<p>&nbsp;<\/p>\n<table style=\"height: 551px\" width=\"460\">\n<tbody>\n<tr>\n<td width=\"147\">Namn<\/td>\n<td width=\"107\">Postadress<\/td>\n<td width=\"38\">Klass<\/td>\n<td width=\"62\">Resultat<\/td>\n<\/tr>\n<tr>\n<td>Rasmus Strinning<\/td>\n<td>Munkedal<\/td>\n<td>J<\/td>\n<td>185<\/td>\n<\/tr>\n<tr>\n<td>Isak Ahlbom<\/td>\n<td>H\u00f6gs\u00e4ter<\/td>\n<td>J<\/td>\n<td>173<\/td>\n<\/tr>\n<tr>\n<td>Oliver Blad<\/td>\n<td>Dingle<\/td>\n<td>J<\/td>\n<td>171<\/td>\n<\/tr>\n<tr>\n<td>Isac Ahlbom<\/td>\n<td>H\u00f6gs\u00e4ter<\/td>\n<td>J<\/td>\n<td>167<\/td>\n<\/tr>\n<tr>\n<td>Esaias Lundgren<\/td>\n<td>Munkedal<\/td>\n<td>J<\/td>\n<td>156<\/td>\n<\/tr>\n<tr>\n<td>Anton Blom Ottosson<\/td>\n<td>Varekil<\/td>\n<td>J<\/td>\n<td>155<\/td>\n<\/tr>\n<tr>\n<td>Edvin Olsson<\/td>\n<td>Ucklum<\/td>\n<td>J<\/td>\n<td>155<\/td>\n<\/tr>\n<tr>\n<td>Isac Karlsson<\/td>\n<td>Str\u00f6mstad<\/td>\n<td>J<\/td>\n<td>131<\/td>\n<\/tr>\n<tr>\n<td>Jesper Edin<\/td>\n<td>R\u00e5ngedala<\/td>\n<td>J<\/td>\n<td>126<\/td>\n<\/tr>\n<tr>\n<td>Jesper Munter<\/td>\n<td>Munkedal<\/td>\n<td>J<\/td>\n<td>118<\/td>\n<\/tr>\n<tr>\n<td>Elis Hedstr\u00f6m<\/td>\n<td>Hedekas<\/td>\n<td>J<\/td>\n<td>114<\/td>\n<\/tr>\n<tr>\n<td>Gustav \u00d6st<\/td>\n<td>Bullaren<\/td>\n<td>J<\/td>\n<td>114<\/td>\n<\/tr>\n<tr>\n<td>Karl Olausson<\/td>\n<td>Str\u00f6mstad<\/td>\n<td>J<\/td>\n<td>106<\/td>\n<\/tr>\n<tr>\n<td>Gabriel Ung<\/td>\n<td>Rabbalshede<\/td>\n<td>J<\/td>\n<td>88<\/td>\n<\/tr>\n<tr>\n<td>Adel Olausson<\/td>\n<td>Str\u00f6mstad<\/td>\n<td>J<\/td>\n<td>78<\/td>\n<\/tr>\n<tr>\n<td>Per Antonsson<\/td>\n<td>Str\u00f6mstad<\/td>\n<td>J<\/td>\n<td>52<\/td>\n<\/tr>\n<\/tbody>\n<\/table>\n<table style=\"height: 1210px\" width=\"459\">\n<tbody>\n<tr>\n<td width=\"147\">Namn<\/td>\n<td width=\"107\">Postadress<\/td>\n<td width=\"38\">Klass<\/td>\n<td width=\"62\">Resultat<\/td>\n<\/tr>\n<tr>\n<td>Fredrik Nordberg<\/td>\n<td>Hisingsbacka<\/td>\n<td>YO<\/td>\n<td>188<\/td>\n<\/tr>\n<tr>\n<td>Martin Samuelsson<\/td>\n<td>Trollh\u00e4ttan<\/td>\n<td>YO<\/td>\n<td>187<\/td>\n<\/tr>\n<tr>\n<td>Lars Viktorsson<\/td>\n<td>Bengtsfors<\/td>\n<td>YO<\/td>\n<td>185<\/td>\n<\/tr>\n<tr>\n<td>Jan Selander<\/td>\n<td>Trollh\u00e4ttan<\/td>\n<td>YO<\/td>\n<td>181<\/td>\n<\/tr>\n<tr>\n<td>Henrik Gustavsson<\/td>\n<td>Munkedal<\/td>\n<td>YO<\/td>\n<td>179<\/td>\n<\/tr>\n<tr>\n<td>Daniel Bertilsson<\/td>\n<td>Bengtsfors<\/td>\n<td>YO<\/td>\n<td>178<\/td>\n<\/tr>\n<tr>\n<td>Bj\u00f6rn Hallkvist<\/td>\n<td>Lysekil<\/td>\n<td>YO<\/td>\n<td>176<\/td>\n<\/tr>\n<tr>\n<td>Daniel Alfredsson<\/td>\n<td>Ljungskile<\/td>\n<td>YO<\/td>\n<td>173<\/td>\n<\/tr>\n<tr>\n<td>Lars-G\u00f6ran Ottosson<\/td>\n<td>Varekil<\/td>\n<td>YO<\/td>\n<td>171<\/td>\n<\/tr>\n<tr>\n<td>Martin Samuelsson<\/td>\n<td>Trollh\u00e4ttan<\/td>\n<td>YO<\/td>\n<td>167<\/td>\n<\/tr>\n<tr>\n<td>Anders Dahlberg<\/td>\n<td>Dingle<\/td>\n<td>YO<\/td>\n<td>165<\/td>\n<\/tr>\n<tr>\n<td>Anders Burman<\/td>\n<td>Grebbestad<\/td>\n<td>YO<\/td>\n<td>163<\/td>\n<\/tr>\n<tr>\n<td>Torbj\u00f6rn Melin<\/td>\n<td>Ljungskile<\/td>\n<td>YO<\/td>\n<td>163<\/td>\n<\/tr>\n<tr>\n<td>Mikael Hansson<\/td>\n<td>Uddevalla<\/td>\n<td>YO<\/td>\n<td>162<\/td>\n<\/tr>\n<tr>\n<td>Stefan Eklund<\/td>\n<td>Fj\u00e4llbacka<\/td>\n<td>YO<\/td>\n<td>161<\/td>\n<\/tr>\n<tr>\n<td>Lennart Alexandersson<\/td>\n<td>Str\u00f6mstad<\/td>\n<td>YO<\/td>\n<td>159<\/td>\n<\/tr>\n<tr>\n<td>Joakim Karlsson<\/td>\n<td>Str\u00f6mstad<\/td>\n<td>YO<\/td>\n<td>158<\/td>\n<\/tr>\n<tr>\n<td>Mats Olsson<\/td>\n<td>Hedekas<\/td>\n<td>YO<\/td>\n<td>157<\/td>\n<\/tr>\n<tr>\n<td>Mikael B\u00f6rjesson<\/td>\n<td>Str\u00f6mstad<\/td>\n<td>YO<\/td>\n<td>155<\/td>\n<\/tr>\n<tr>\n<td>Lennart Johansson<\/td>\n<td>Dingle<\/td>\n<td>YO<\/td>\n<td>153<\/td>\n<\/tr>\n<tr>\n<td>Gunnar Berntsson<\/td>\n<td>Dingle<\/td>\n<td>YO<\/td>\n<td>148<\/td>\n<\/tr>\n<tr>\n<td>Janove Edin<\/td>\n<td>R\u00e5ngedala<\/td>\n<td>YO<\/td>\n<td>143<\/td>\n<\/tr>\n<tr>\n<td>H\u00e5kan \u00d6stlund<\/td>\n<td>Kode<\/td>\n<td>YO<\/td>\n<td>142<\/td>\n<\/tr>\n<tr>\n<td>Roy Johansson<\/td>\n<td>Str\u00f6mstad<\/td>\n<td>YO<\/td>\n<td>141<\/td>\n<\/tr>\n<tr>\n<td>Patrik Abrahamsson<\/td>\n<td>Ell\u00f6s<\/td>\n<td>YO<\/td>\n<td>140<\/td>\n<\/tr>\n<tr>\n<td>Henrik Stenstr\u00f6m<\/td>\n<td>Uddevalla<\/td>\n<td>YO<\/td>\n<td>140<\/td>\n<\/tr>\n<tr>\n<td>Andr\u00e9 J\u00e4gerev<\/td>\n<td>Uddevalla<\/td>\n<td>YO<\/td>\n<td>127<\/td>\n<\/tr>\n<tr>\n<td>Henrik Jagefelt<\/td>\n<td>Lysekil<\/td>\n<td>YO<\/td>\n<td>117<\/td>\n<\/tr>\n<tr>\n<td>Glenn Rohlin<\/td>\n<td>V Fr\u00f6lunda<\/td>\n<td>YO<\/td>\n<td>116<\/td>\n<\/tr>\n<tr>\n<td>Anders Friberg<\/td>\n<td>Sollebrunn<\/td>\n<td>YO<\/td>\n<td>110<\/td>\n<\/tr>\n<tr>\n<td>Roger Karlsson<\/td>\n<td>H\u00e4llevadsholm<\/td>\n<td>YO<\/td>\n<td>103<\/td>\n<\/tr>\n<\/tbody>\n<\/table>\n<table style=\"height: 703px\" width=\"458\">\n<tbody>\n<tr>\n<td width=\"147\">Namn<\/td>\n<td width=\"107\">Postadress<\/td>\n<td width=\"38\">Klass<\/td>\n<td width=\"62\">Resultat<\/td>\n<\/tr>\n<tr>\n<td>Steve Karlsson<\/td>\n<td>Munkedal<\/td>\n<td>V<\/td>\n<td>192<\/td>\n<\/tr>\n<tr>\n<td>H\u00e5kan Magnusson<\/td>\n<td>Uddevalla<\/td>\n<td>V<\/td>\n<td>179<\/td>\n<\/tr>\n<tr>\n<td>Sten-Arne Johansson<\/td>\n<td>Uddevalla<\/td>\n<td>V<\/td>\n<td>178<\/td>\n<\/tr>\n<tr>\n<td>Claes B\u00e4cklund<\/td>\n<td>Trollh\u00e4ttan<\/td>\n<td>V<\/td>\n<td>176<\/td>\n<\/tr>\n<tr>\n<td>Morgan Karlsson<\/td>\n<td>Rabbalshede<\/td>\n<td>V<\/td>\n<td>168<\/td>\n<\/tr>\n<tr>\n<td>Vincent Persson<\/td>\n<td>Hj\u00e4rtum<\/td>\n<td>V<\/td>\n<td>161<\/td>\n<\/tr>\n<tr>\n<td>Vincent Persson<\/td>\n<td>Hj\u00e4rtum<\/td>\n<td>V<\/td>\n<td>161<\/td>\n<\/tr>\n<tr>\n<td>Lars Larsson<\/td>\n<td>H\u00e5lta<\/td>\n<td>V<\/td>\n<td>159<\/td>\n<\/tr>\n<tr>\n<td>Bo Hellmar<\/td>\n<td>Hunnebostrand<\/td>\n<td>V<\/td>\n<td>155<\/td>\n<\/tr>\n<tr>\n<td>Kent Matsson<\/td>\n<td>Str\u00f6mstad<\/td>\n<td>V<\/td>\n<td>151<\/td>\n<\/tr>\n<tr>\n<td>Bertil Johansson<\/td>\n<td>Ljungskile<\/td>\n<td>V<\/td>\n<td>150<\/td>\n<\/tr>\n<tr>\n<td>Sture Lyb\u00e4ck<\/td>\n<td>Kungshamn<\/td>\n<td>V<\/td>\n<td>121<\/td>\n<\/tr>\n<tr>\n<td>Lennart Agustin<\/td>\n<td>Brastad<\/td>\n<td>V<\/td>\n<td>119<\/td>\n<\/tr>\n<tr>\n<td>Inge-Mats Nilsson<\/td>\n<td>Kung\u00e4lv<\/td>\n<td>V<\/td>\n<td>105<\/td>\n<\/tr>\n<tr>\n<td>Kurt Johansson<\/td>\n<td>Dingle<\/td>\n<td>V<\/td>\n<td>97<\/td>\n<\/tr>\n<tr>\n<td>Raimo Kanninen<\/td>\n<td>H\u00e4llevadsholm<\/td>\n<td>V<\/td>\n<td>96<\/td>\n<\/tr>\n<tr>\n<td>Bert Johansson<\/td>\n<td>Dingle<\/td>\n<td>V<\/td>\n<td>95<\/td>\n<\/tr>\n<tr>\n<td>Erik Johansson<\/td>\n<td>Ljungskile<\/td>\n<td>V<\/td>\n<td>87<\/td>\n<\/tr>\n<\/tbody>\n<\/table>\n","protected":false},"excerpt":{"rendered":"<p>Namn Postadress Klass Resultat Tobias Lund Ed \u00d6 198 Lars Ahlbom H\u00f6gs\u00e4ter \u00d6 197 P\u00e5l Cromberger Stora H\u00f6ga \u00d6 189 Lars Ahlbom H\u00f6gs\u00e4ter \u00d6 188 Hugo Abrahamsson Ell\u00f6s \u00d6 180 Kaj Ragnarsson Sm\u00f6gen \u00d6 179 Fredrik Kilpi Uddevalla \u00d6 178 J\u00f6rgen Bj\u00f6rnlund V\u00e4sterlanda \u00d6 178 Christian Nordberg Forsheda \u00d6 176 Andreas Kristensson Hj\u00e4rtum \u00d6 176 [&hellip;]<\/p>\n","protected":false},"author":242,"featured_media":0,"parent":166,"menu_order":40,"comment_status":"closed","ping_status":"closed","template":"","meta":{"footnotes":""},"class_list":["post-479","page","type-page","status-publish","hentry"],"_links":{"self":[{"href":"https:\/\/krets.jagareforbundet.se\/munkedallysekil\/wp-json\/wp\/v2\/pages\/479","targetHints":{"allow":["GET"]}}],"collection":[{"href":"https:\/\/krets.jagareforbundet.se\/munkedallysekil\/wp-json\/wp\/v2\/pages"}],"about":[{"href":"https:\/\/krets.jagareforbundet.se\/munkedallysekil\/wp-json\/wp\/v2\/types\/page"}],"author":[{"embeddable":true,"href":"https:\/\/krets.jagareforbundet.se\/munkedallysekil\/wp-json\/wp\/v2\/users\/242"}],"replies":[{"embeddable":true,"href":"https:\/\/krets.jagareforbundet.se\/munkedallysekil\/wp-json\/wp\/v2\/comments?post=479"}],"version-history":[{"count":1,"href":"https:\/\/krets.jagareforbundet.se\/munkedallysekil\/wp-json\/wp\/v2\/pages\/479\/revisions"}],"predecessor-version":[{"id":480,"href":"https:\/\/krets.jagareforbundet.se\/munkedallysekil\/wp-json\/wp\/v2\/pages\/479\/revisions\/480"}],"up":[{"embeddable":true,"href":"https:\/\/krets.jagareforbundet.se\/munkedallysekil\/wp-json\/wp\/v2\/pages\/166"}],"wp:attachment":[{"href":"https:\/\/krets.jagareforbundet.se\/munkedallysekil\/wp-json\/wp\/v2\/media?parent=479"}],"curies":[{"name":"wp","href":"https:\/\/api.w.org\/{rel}","templated":true}]}}