{"id":494,"date":"2023-02-10T17:55:19","date_gmt":"2023-02-10T16:55:19","guid":{"rendered":"https:\/\/krets.jagareforbundet.se\/munkedallysekil\/?page_id=494"},"modified":"2026-03-10T10:51:45","modified_gmt":"2026-03-10T09:51:45","slug":"arsmote-2023","status":"publish","type":"page","link":"https:\/\/krets.jagareforbundet.se\/munkedallysekil\/styrelse\/arsmote-2023\/","title":{"rendered":"\u00c5rsm\u00f6te"},"content":{"rendered":"<h2>L\u00e4s \u00e5rsm\u00f6teshandlingar i l\u00e4nkade filer nedan, \u00f6ppnas i pdf.<\/h2>\n<p><a href=\"https:\/\/krets.jagareforbundet.se\/munkedallysekil\/files\/2026\/03\/Arsmoteshandlingar-2026.pdf\">\u00c5rsm\u00f6teshandlingar 2026<\/a><\/p>\n<p><a href=\"https:\/\/krets.jagareforbundet.se\/munkedallysekil\/files\/2025\/03\/Protokoll-arsmote-2025.pdf\">Protokoll \u00e5rsm\u00f6te 2025_f\u00f6r_hemsida<\/a><\/p>\n<p><a href=\"https:\/\/krets.jagareforbundet.se\/munkedallysekil\/files\/2025\/02\/Arsmoteshandlingar-2025.pdf\">\u00c5rsm\u00f6teshandlingar 2025<\/a><\/p>\n<p><a href=\"https:\/\/krets.jagareforbundet.se\/munkedallysekil\/files\/2025\/02\/Protokoll-arsmote-2024-for_hemsida.pdf\">Protokoll \u00e5rsm\u00f6te 2024-f\u00f6r_hemsida<\/a><\/p>\n<p>\u00c5rsm\u00f6teshandlingar 2024 utg2<\/p>\n<p><a href=\"https:\/\/krets.jagareforbundet.se\/munkedallysekil\/files\/2023\/07\/Arsmotesprotokoll-Munk-Lys-JVK-230211.pdf\">\u00c5rsm\u00f6tesprotokoll 2023-02-11<\/a><\/p>\n<p><a href=\"https:\/\/krets.jagareforbundet.se\/munkedallysekil\/verksamhetsberattelser-2022-2\/\">Verksamhetsber\u00e4ttelse 2022<\/a><\/p>\n<p><a href=\"https:\/\/krets.jagareforbundet.se\/munkedallysekil\/verksahetsplaner-2023-2\/\">Verksamhetsplan 2023<\/a><\/p>\n","protected":false},"excerpt":{"rendered":"<p>L\u00e4s \u00e5rsm\u00f6teshandlingar i l\u00e4nkade filer nedan, \u00f6ppnas i pdf. \u00c5rsm\u00f6teshandlingar 2026 Protokoll \u00e5rsm\u00f6te 2025_f\u00f6r_hemsida \u00c5rsm\u00f6teshandlingar 2025 Protokoll \u00e5rsm\u00f6te 2024-f\u00f6r_hemsida \u00c5rsm\u00f6teshandlingar 2024 utg2 \u00c5rsm\u00f6tesprotokoll 2023-02-11 Verksamhetsber\u00e4ttelse 2022 Verksamhetsplan 2023<\/p>\n","protected":false},"author":242,"featured_media":0,"parent":137,"menu_order":0,"comment_status":"closed","ping_status":"closed","template":"","meta":{"footnotes":""},"class_list":["post-494","page","type-page","status-publish","hentry"],"_links":{"self":[{"href":"https:\/\/krets.jagareforbundet.se\/munkedallysekil\/wp-json\/wp\/v2\/pages\/494","targetHints":{"allow":["GET"]}}],"collection":[{"href":"https:\/\/krets.jagareforbundet.se\/munkedallysekil\/wp-json\/wp\/v2\/pages"}],"about":[{"href":"https:\/\/krets.jagareforbundet.se\/munkedallysekil\/wp-json\/wp\/v2\/types\/page"}],"author":[{"embeddable":true,"href":"https:\/\/krets.jagareforbundet.se\/munkedallysekil\/wp-json\/wp\/v2\/users\/242"}],"replies":[{"embeddable":true,"href":"https:\/\/krets.jagareforbundet.se\/munkedallysekil\/wp-json\/wp\/v2\/comments?post=494"}],"version-history":[{"count":3,"href":"https:\/\/krets.jagareforbundet.se\/munkedallysekil\/wp-json\/wp\/v2\/pages\/494\/revisions"}],"predecessor-version":[{"id":770,"href":"https:\/\/krets.jagareforbundet.se\/munkedallysekil\/wp-json\/wp\/v2\/pages\/494\/revisions\/770"}],"up":[{"embeddable":true,"href":"https:\/\/krets.jagareforbundet.se\/munkedallysekil\/wp-json\/wp\/v2\/pages\/137"}],"wp:attachment":[{"href":"https:\/\/krets.jagareforbundet.se\/munkedallysekil\/wp-json\/wp\/v2\/media?parent=494"}],"curies":[{"name":"wp","href":"https:\/\/api.w.org\/{rel}","templated":true}]}}