{"id":581,"date":"2023-08-05T19:31:49","date_gmt":"2023-08-05T17:31:49","guid":{"rendered":"https:\/\/krets.jagareforbundet.se\/munkedallysekil\/?page_id=581"},"modified":"2025-03-13T17:17:24","modified_gmt":"2025-03-13T16:17:24","slug":"resultat-jaktstig-2023","status":"publish","type":"page","link":"https:\/\/krets.jagareforbundet.se\/munkedallysekil\/skyttesektionen\/resultat-jaktstig-2023\/","title":{"rendered":"Resultat Jaktstig 2023"},"content":{"rendered":"<p>Prelimin\u00e4rt resultat.<\/p>\n<p>Kommer att uppdatereas och m\u00e4rkas slutresultat n\u00e4r resultaten \u00e4r kontrollr\u00e4knade en extra g\u00e5ng.<\/p>\n<p><a href=\"https:\/\/krets.jagareforbundet.se\/munkedallysekil\/files\/2023\/08\/Preliminar-resultatlista-Gadderod-2023-08-05.pdf\">Prelimin\u00e4r resultatlista Gadder\u00f6d 2023-08-05<\/a><\/p>\n","protected":false},"excerpt":{"rendered":"<p>Prelimin\u00e4rt resultat. Kommer att uppdatereas och m\u00e4rkas slutresultat n\u00e4r resultaten \u00e4r kontrollr\u00e4knade en extra g\u00e5ng. Prelimin\u00e4r resultatlista Gadder\u00f6d 2023-08-05<\/p>\n","protected":false},"author":242,"featured_media":0,"parent":166,"menu_order":39,"comment_status":"closed","ping_status":"closed","template":"","meta":{"footnotes":""},"class_list":["post-581","page","type-page","status-publish","hentry"],"_links":{"self":[{"href":"https:\/\/krets.jagareforbundet.se\/munkedallysekil\/wp-json\/wp\/v2\/pages\/581","targetHints":{"allow":["GET"]}}],"collection":[{"href":"https:\/\/krets.jagareforbundet.se\/munkedallysekil\/wp-json\/wp\/v2\/pages"}],"about":[{"href":"https:\/\/krets.jagareforbundet.se\/munkedallysekil\/wp-json\/wp\/v2\/types\/page"}],"author":[{"embeddable":true,"href":"https:\/\/krets.jagareforbundet.se\/munkedallysekil\/wp-json\/wp\/v2\/users\/242"}],"replies":[{"embeddable":true,"href":"https:\/\/krets.jagareforbundet.se\/munkedallysekil\/wp-json\/wp\/v2\/comments?post=581"}],"version-history":[{"count":1,"href":"https:\/\/krets.jagareforbundet.se\/munkedallysekil\/wp-json\/wp\/v2\/pages\/581\/revisions"}],"predecessor-version":[{"id":582,"href":"https:\/\/krets.jagareforbundet.se\/munkedallysekil\/wp-json\/wp\/v2\/pages\/581\/revisions\/582"}],"up":[{"embeddable":true,"href":"https:\/\/krets.jagareforbundet.se\/munkedallysekil\/wp-json\/wp\/v2\/pages\/166"}],"wp:attachment":[{"href":"https:\/\/krets.jagareforbundet.se\/munkedallysekil\/wp-json\/wp\/v2\/media?parent=581"}],"curies":[{"name":"wp","href":"https:\/\/api.w.org\/{rel}","templated":true}]}}