{"id":612,"date":"2024-05-01T22:15:04","date_gmt":"2024-05-01T20:15:04","guid":{"rendered":"https:\/\/krets.jagareforbundet.se\/munkedallysekil\/?page_id=612"},"modified":"2025-03-13T17:09:57","modified_gmt":"2025-03-13T16:09:57","slug":"resultat-jaktstig-2024","status":"publish","type":"page","link":"https:\/\/krets.jagareforbundet.se\/munkedallysekil\/skyttesektionen\/resultat-jaktstig-2024\/","title":{"rendered":"Resultat jaktstig 2024"},"content":{"rendered":"<p>Resultatet uppdelat per klass fr\u00e5n jaktsigen den 1:a maj.<\/p>\n<p><strong>Kontrollr\u00e4kning genomf\u00f6rd. <\/strong><strong>Resultaten \u00e4r de slutliga som \u00e4r inl\u00e4mnade.<\/strong><\/p>\n<p><a href=\"https:\/\/krets.jagareforbundet.se\/munkedallysekil\/files\/2024\/05\/Resultat-Jaktstig-2024_Norma-Cup_Gadderod_slutlig.pdf\">Resultat 2024 Norma cup_Gadder\u00f6d<\/a><\/p>\n","protected":false},"excerpt":{"rendered":"<p>Resultatet uppdelat per klass fr\u00e5n jaktsigen den 1:a maj. Kontrollr\u00e4kning genomf\u00f6rd. Resultaten \u00e4r de slutliga som \u00e4r inl\u00e4mnade. Resultat 2024 Norma cup_Gadder\u00f6d<\/p>\n","protected":false},"author":242,"featured_media":0,"parent":166,"menu_order":38,"comment_status":"closed","ping_status":"closed","template":"","meta":{"footnotes":""},"class_list":["post-612","page","type-page","status-publish","hentry"],"_links":{"self":[{"href":"https:\/\/krets.jagareforbundet.se\/munkedallysekil\/wp-json\/wp\/v2\/pages\/612","targetHints":{"allow":["GET"]}}],"collection":[{"href":"https:\/\/krets.jagareforbundet.se\/munkedallysekil\/wp-json\/wp\/v2\/pages"}],"about":[{"href":"https:\/\/krets.jagareforbundet.se\/munkedallysekil\/wp-json\/wp\/v2\/types\/page"}],"author":[{"embeddable":true,"href":"https:\/\/krets.jagareforbundet.se\/munkedallysekil\/wp-json\/wp\/v2\/users\/242"}],"replies":[{"embeddable":true,"href":"https:\/\/krets.jagareforbundet.se\/munkedallysekil\/wp-json\/wp\/v2\/comments?post=612"}],"version-history":[{"count":3,"href":"https:\/\/krets.jagareforbundet.se\/munkedallysekil\/wp-json\/wp\/v2\/pages\/612\/revisions"}],"predecessor-version":[{"id":620,"href":"https:\/\/krets.jagareforbundet.se\/munkedallysekil\/wp-json\/wp\/v2\/pages\/612\/revisions\/620"}],"up":[{"embeddable":true,"href":"https:\/\/krets.jagareforbundet.se\/munkedallysekil\/wp-json\/wp\/v2\/pages\/166"}],"wp:attachment":[{"href":"https:\/\/krets.jagareforbundet.se\/munkedallysekil\/wp-json\/wp\/v2\/media?parent=612"}],"curies":[{"name":"wp","href":"https:\/\/api.w.org\/{rel}","templated":true}]}}