{"id":653,"date":"2025-03-13T17:50:19","date_gmt":"2025-03-13T16:50:19","guid":{"rendered":"https:\/\/krets.jagareforbundet.se\/munkedallysekil\/?page_id=653"},"modified":"2025-03-13T17:50:49","modified_gmt":"2025-03-13T16:50:49","slug":"viltsparkurs-2025","status":"publish","type":"page","link":"https:\/\/krets.jagareforbundet.se\/munkedallysekil\/hundsektionen\/viltsparkurs-2025\/","title":{"rendered":"Viltsp\u00e5rkurs 2025"},"content":{"rendered":"<p>Planering p\u00e5g\u00e5r f\u00f6r en viltsp\u00e5rkurs 2025.<\/p>\n<p>Kontakta hundsektionen f\u00f6r mer information<\/p>\n","protected":false},"excerpt":{"rendered":"<p>Planering p\u00e5g\u00e5r f\u00f6r en viltsp\u00e5rkurs 2025. Kontakta hundsektionen f\u00f6r mer information<\/p>\n","protected":false},"author":242,"featured_media":0,"parent":264,"menu_order":98,"comment_status":"closed","ping_status":"closed","template":"","meta":{"footnotes":""},"class_list":["post-653","page","type-page","status-publish","hentry"],"_links":{"self":[{"href":"https:\/\/krets.jagareforbundet.se\/munkedallysekil\/wp-json\/wp\/v2\/pages\/653","targetHints":{"allow":["GET"]}}],"collection":[{"href":"https:\/\/krets.jagareforbundet.se\/munkedallysekil\/wp-json\/wp\/v2\/pages"}],"about":[{"href":"https:\/\/krets.jagareforbundet.se\/munkedallysekil\/wp-json\/wp\/v2\/types\/page"}],"author":[{"embeddable":true,"href":"https:\/\/krets.jagareforbundet.se\/munkedallysekil\/wp-json\/wp\/v2\/users\/242"}],"replies":[{"embeddable":true,"href":"https:\/\/krets.jagareforbundet.se\/munkedallysekil\/wp-json\/wp\/v2\/comments?post=653"}],"version-history":[{"count":1,"href":"https:\/\/krets.jagareforbundet.se\/munkedallysekil\/wp-json\/wp\/v2\/pages\/653\/revisions"}],"predecessor-version":[{"id":654,"href":"https:\/\/krets.jagareforbundet.se\/munkedallysekil\/wp-json\/wp\/v2\/pages\/653\/revisions\/654"}],"up":[{"embeddable":true,"href":"https:\/\/krets.jagareforbundet.se\/munkedallysekil\/wp-json\/wp\/v2\/pages\/264"}],"wp:attachment":[{"href":"https:\/\/krets.jagareforbundet.se\/munkedallysekil\/wp-json\/wp\/v2\/media?parent=653"}],"curies":[{"name":"wp","href":"https:\/\/api.w.org\/{rel}","templated":true}]}}