{"id":664,"date":"2025-03-26T17:40:53","date_gmt":"2025-03-26T16:40:53","guid":{"rendered":"https:\/\/krets.jagareforbundet.se\/munkedallysekil\/?page_id=664"},"modified":"2025-03-26T17:42:31","modified_gmt":"2025-03-26T16:42:31","slug":"kurs-i-eftersok-och-spar-2025","status":"publish","type":"page","link":"https:\/\/krets.jagareforbundet.se\/munkedallysekil\/hundsektionen\/kurs-i-eftersok-och-spar-2025\/","title":{"rendered":"Kurs i efters\u00f6k och sp\u00e5r 2025"},"content":{"rendered":"<h3 class=\"x_headline\"><span data-olk-copy-source=\"MessageBody\">Inbjudan till kurs i Efters\u00f6k\/Sp\u00e5rtr\u00e4ning<\/span><\/h3>\n<p class=\"x_headline\">Munkedal-Lysekils JVK har n\u00f6jet att bjuda in till en kurs i efters\u00f6k och sp\u00e5rtr\u00e4ning med instrukt\u00f6r Per &#8221;Bula&#8221; Kristoffersson.<br \/>\nKursen \u00e4ger rum p\u00e5 Kynnefj\u00e4lls Natur Br\u00e5marken den 2-4 maj (fredag-s\u00f6ndag).<\/p>\n<p>Detaljer:<br \/>\n\u2022\u00a0Deltagarantal: Minst 10 st, max 20 st<br \/>\n\u2022 Kostnad: 2300 kr enbart f\u00f6r kursen<br \/>\n\u2022 Material: Deltagare tar med eget sp\u00e5rmaterial (kl\u00f6ver, skinnbitar m.m.)<br \/>\n\u2022 Kost och logi: Finns att tillg\u00e5 p\u00e5 plats<\/p>\n<p>Priser:<br \/>\n\u2022 Frukost: 90 kr<br \/>\n\u2022 Fika: 60 kr<br \/>\n\u2022 Lunch: 135 kr<br \/>\n\u2022 Middag: 165 kr<br \/>\n\u2022 Logi Enkelrum m. frukost: 995 kr<br \/>\n\u2022 Logi Dubbelrum m. frukost: 1295 kr<\/p>\n<p>Program:<br \/>\n\u2022 Fredag kv\u00e4ll kl. 18.00: Teori \/ F\u00f6redrag<br \/>\n\u2022 L\u00f6rdag: Sp\u00e5rtr\u00e4ning \/ tr\u00e4ningsmetoder, \u00f6vning med hundar<br \/>\n\u2022 S\u00f6ndag f\u00f6rmiddag: Stora gemensamma sp\u00e5r\u00f6vningar<br \/>\n\u2022 S\u00f6ndag eftermiddag: Skottplatsunders\u00f6kning \/ sp\u00e5rtolkning avslut ca kl. 15-15:30 med fika och sammanfattning av helgen.<\/p>\n<p>Kursen g\u00e4ller f\u00f6r Svenska J\u00e4garef\u00f6rbundets efters\u00f6ksutbildning och denna helg r\u00e4knas som den praktiska delen av utbildningen.<br \/>\nF\u00f6r att f\u00e5 intyg kr\u00e4vs att man genomg\u00e5tt den teoretiska delen p\u00e5 deras hemsida innan kursen.<br \/>\nhttps:\/\/jagareforbundet.se\/utbildning\/eftersoksutbildning\/steg-1\/<\/p>\n<p><u>Anm\u00e4lan: Senast den 18 april till c.samre@gmail.com eller +47 920 983 80<\/u><\/p>\n<p>Har ni fr\u00e5gor \u00e4r det bara att h\u00f6ra av sig.<\/p>\n<p>V\u00e4lkomna!<\/p>\n<p>Claes Samr\u00e9<br \/>\nOrdf\u00f6rande Munkedal-Lysekils JVK<\/p>\n","protected":false},"excerpt":{"rendered":"<p>Inbjudan till kurs i Efters\u00f6k\/Sp\u00e5rtr\u00e4ning Munkedal-Lysekils JVK har n\u00f6jet att bjuda in till en kurs i efters\u00f6k och sp\u00e5rtr\u00e4ning med instrukt\u00f6r Per &#8221;Bula&#8221; Kristoffersson. Kursen \u00e4ger rum p\u00e5 Kynnefj\u00e4lls Natur Br\u00e5marken den 2-4 maj (fredag-s\u00f6ndag). Detaljer: \u2022\u00a0Deltagarantal: Minst 10 st, max 20 st \u2022 Kostnad: 2300 kr enbart f\u00f6r kursen \u2022 Material: Deltagare tar med [&hellip;]<\/p>\n","protected":false},"author":242,"featured_media":0,"parent":264,"menu_order":90,"comment_status":"closed","ping_status":"closed","template":"","meta":{"footnotes":""},"class_list":["post-664","page","type-page","status-publish","hentry"],"_links":{"self":[{"href":"https:\/\/krets.jagareforbundet.se\/munkedallysekil\/wp-json\/wp\/v2\/pages\/664","targetHints":{"allow":["GET"]}}],"collection":[{"href":"https:\/\/krets.jagareforbundet.se\/munkedallysekil\/wp-json\/wp\/v2\/pages"}],"about":[{"href":"https:\/\/krets.jagareforbundet.se\/munkedallysekil\/wp-json\/wp\/v2\/types\/page"}],"author":[{"embeddable":true,"href":"https:\/\/krets.jagareforbundet.se\/munkedallysekil\/wp-json\/wp\/v2\/users\/242"}],"replies":[{"embeddable":true,"href":"https:\/\/krets.jagareforbundet.se\/munkedallysekil\/wp-json\/wp\/v2\/comments?post=664"}],"version-history":[{"count":2,"href":"https:\/\/krets.jagareforbundet.se\/munkedallysekil\/wp-json\/wp\/v2\/pages\/664\/revisions"}],"predecessor-version":[{"id":666,"href":"https:\/\/krets.jagareforbundet.se\/munkedallysekil\/wp-json\/wp\/v2\/pages\/664\/revisions\/666"}],"up":[{"embeddable":true,"href":"https:\/\/krets.jagareforbundet.se\/munkedallysekil\/wp-json\/wp\/v2\/pages\/264"}],"wp:attachment":[{"href":"https:\/\/krets.jagareforbundet.se\/munkedallysekil\/wp-json\/wp\/v2\/media?parent=664"}],"curies":[{"name":"wp","href":"https:\/\/api.w.org\/{rel}","templated":true}]}}