{"id":79,"date":"2011-11-08T15:57:13","date_gmt":"2011-11-08T14:57:13","guid":{"rendered":"https:\/\/krets.jagareforbundet.se\/template\/?page_id=79"},"modified":"2017-02-12T09:30:56","modified_gmt":"2017-02-12T08:30:56","slug":"ny-testsida","status":"publish","type":"page","link":"https:\/\/krets.jagareforbundet.se\/munkedallysekil\/bildgalleri\/ny-testsida\/","title":{"rendered":"Ungdomsjakt Ulker\u00f6d g\u00e5rd feb 2017"},"content":{"rendered":"<p style=\"margin: 1em 0px;font-family: 'Helvetica Neue', Helvetica, Arial, sans-serif;color: #666666;font-size: 12px;font-style: normal;font-weight: normal;letter-spacing: normal;text-align: start;text-indent: 0px;background-color: #ffffff\">Idag har vi haft ungdomsjakt p\u00e5 Ulker\u00f6ds G\u00e5rd! Det resulterade i att n\u00e5gra ungdomar fick skjuta harar! Sedan avslutade vi dagen med att skjuta lite studsare och<span class=\"text_exposed_show\"><span class=\"Apple-converted-space\">\u00a0<\/span>lerduvor! Totalt var det 7 ungdomar som deltog i v\u00e5ran jakt! Stort tack till Niklas Lyrdal och Ulker\u00f6ds G\u00e5rd som gjorde att vi kunde genomf\u00f6ra detta!<\/span><\/p>\n<div class=\"text_exposed_show\" style=\"font-family: 'Helvetica Neue', Helvetica, Arial, sans-serif;color: #666666;font-size: 12px;font-style: normal;font-weight: normal;letter-spacing: normal;text-align: start;text-indent: 0px;background-color: #ffffff\">\n<p>\/\/Simon Olesen<\/p>\n<\/div>\n<p><a href=\"https:\/\/krets.jagareforbundet.se\/munkedallysekil\/files\/2017\/02\/ungdomsjakt-ulkerod-5-.jpg\"><img loading=\"lazy\" decoding=\"async\" class=\"alignnone size-medium wp-image-259\" src=\"https:\/\/krets.jagareforbundet.se\/munkedallysekil\/files\/2017\/02\/ungdomsjakt-ulkerod-5--225x300.jpg\" alt=\"Ungdomsjakt Ulker\u00f6d 5\" width=\"225\" height=\"300\" srcset=\"https:\/\/krets.jagareforbundet.se\/munkedallysekil\/files\/2017\/02\/ungdomsjakt-ulkerod-5--225x300.jpg 225w, https:\/\/krets.jagareforbundet.se\/munkedallysekil\/files\/2017\/02\/ungdomsjakt-ulkerod-5-.jpg 720w\" sizes=\"auto, (max-width: 225px) 100vw, 225px\" \/><\/a> <a href=\"https:\/\/krets.jagareforbundet.se\/munkedallysekil\/files\/2017\/02\/ungdomsjakt-ulkerod-6.jpg\"><img loading=\"lazy\" decoding=\"async\" class=\"alignnone size-medium wp-image-260\" src=\"https:\/\/krets.jagareforbundet.se\/munkedallysekil\/files\/2017\/02\/ungdomsjakt-ulkerod-6-225x300.jpg\" alt=\"Ungdomsjakt Ulker\u00f6d 6\" width=\"225\" height=\"300\" srcset=\"https:\/\/krets.jagareforbundet.se\/munkedallysekil\/files\/2017\/02\/ungdomsjakt-ulkerod-6-225x300.jpg 225w, https:\/\/krets.jagareforbundet.se\/munkedallysekil\/files\/2017\/02\/ungdomsjakt-ulkerod-6.jpg 720w\" sizes=\"auto, (max-width: 225px) 100vw, 225px\" \/><\/a> <a href=\"https:\/\/krets.jagareforbundet.se\/munkedallysekil\/files\/2017\/02\/ungdomsjakt-ulkerod-4.jpg\"><img loading=\"lazy\" decoding=\"async\" class=\"alignnone size-medium wp-image-258\" src=\"https:\/\/krets.jagareforbundet.se\/munkedallysekil\/files\/2017\/02\/ungdomsjakt-ulkerod-4-300x225.jpg\" alt=\"Ungdomsjakt Ulker\u00f6d 4\" width=\"300\" height=\"225\" srcset=\"https:\/\/krets.jagareforbundet.se\/munkedallysekil\/files\/2017\/02\/ungdomsjakt-ulkerod-4-300x225.jpg 300w, https:\/\/krets.jagareforbundet.se\/munkedallysekil\/files\/2017\/02\/ungdomsjakt-ulkerod-4-768x575.jpg 768w, https:\/\/krets.jagareforbundet.se\/munkedallysekil\/files\/2017\/02\/ungdomsjakt-ulkerod-4.jpg 960w\" sizes=\"auto, (max-width: 300px) 100vw, 300px\" \/><\/a> <a href=\"https:\/\/krets.jagareforbundet.se\/munkedallysekil\/files\/2017\/02\/ungdomsjakt-ulkerod-3.jpg\"><img loading=\"lazy\" decoding=\"async\" class=\"alignnone size-medium wp-image-257\" src=\"https:\/\/krets.jagareforbundet.se\/munkedallysekil\/files\/2017\/02\/ungdomsjakt-ulkerod-3-225x300.jpg\" alt=\"Ungdomsjakt Ulker\u00f6d 3\" width=\"225\" height=\"300\" srcset=\"https:\/\/krets.jagareforbundet.se\/munkedallysekil\/files\/2017\/02\/ungdomsjakt-ulkerod-3-225x300.jpg 225w, https:\/\/krets.jagareforbundet.se\/munkedallysekil\/files\/2017\/02\/ungdomsjakt-ulkerod-3.jpg 720w\" sizes=\"auto, (max-width: 225px) 100vw, 225px\" \/><\/a> <a href=\"https:\/\/krets.jagareforbundet.se\/munkedallysekil\/files\/2017\/02\/ungdomsjakt-ulkerod-2.jpg\"><img loading=\"lazy\" decoding=\"async\" class=\"alignnone size-medium wp-image-256\" src=\"https:\/\/krets.jagareforbundet.se\/munkedallysekil\/files\/2017\/02\/ungdomsjakt-ulkerod-2-225x300.jpg\" alt=\"Ungdomsjakt Ulker\u00f6d 2\" width=\"225\" height=\"300\" srcset=\"https:\/\/krets.jagareforbundet.se\/munkedallysekil\/files\/2017\/02\/ungdomsjakt-ulkerod-2-225x300.jpg 225w, https:\/\/krets.jagareforbundet.se\/munkedallysekil\/files\/2017\/02\/ungdomsjakt-ulkerod-2.jpg 720w\" sizes=\"auto, (max-width: 225px) 100vw, 225px\" \/><\/a> <a href=\"https:\/\/krets.jagareforbundet.se\/munkedallysekil\/files\/2017\/02\/ungdomsjakt-ulkerod-.jpg\"><img loading=\"lazy\" decoding=\"async\" class=\"alignnone size-medium wp-image-254\" src=\"https:\/\/krets.jagareforbundet.se\/munkedallysekil\/files\/2017\/02\/ungdomsjakt-ulkerod--225x300.jpg\" alt=\"Ungdomsjakt Ulker\u00f6d\" width=\"225\" height=\"300\" srcset=\"https:\/\/krets.jagareforbundet.se\/munkedallysekil\/files\/2017\/02\/ungdomsjakt-ulkerod--225x300.jpg 225w, https:\/\/krets.jagareforbundet.se\/munkedallysekil\/files\/2017\/02\/ungdomsjakt-ulkerod-.jpg 720w\" sizes=\"auto, (max-width: 225px) 100vw, 225px\" \/><\/a><\/p>\n","protected":false},"excerpt":{"rendered":"<p>Idag har vi haft ungdomsjakt p\u00e5 Ulker\u00f6ds G\u00e5rd! Det resulterade i att n\u00e5gra ungdomar fick skjuta harar! Sedan avslutade vi dagen med att skjuta lite studsare och\u00a0lerduvor! Totalt var det 7 ungdomar som deltog i v\u00e5ran jakt! Stort tack till Niklas Lyrdal och Ulker\u00f6ds G\u00e5rd som gjorde att vi kunde genomf\u00f6ra detta! \/\/Simon Olesen<\/p>\n","protected":false},"author":19,"featured_media":0,"parent":38,"menu_order":0,"comment_status":"open","ping_status":"open","template":"","meta":{"footnotes":""},"class_list":["post-79","page","type-page","status-publish","hentry"],"_links":{"self":[{"href":"https:\/\/krets.jagareforbundet.se\/munkedallysekil\/wp-json\/wp\/v2\/pages\/79","targetHints":{"allow":["GET"]}}],"collection":[{"href":"https:\/\/krets.jagareforbundet.se\/munkedallysekil\/wp-json\/wp\/v2\/pages"}],"about":[{"href":"https:\/\/krets.jagareforbundet.se\/munkedallysekil\/wp-json\/wp\/v2\/types\/page"}],"author":[{"embeddable":true,"href":"https:\/\/krets.jagareforbundet.se\/munkedallysekil\/wp-json\/wp\/v2\/users\/19"}],"replies":[{"embeddable":true,"href":"https:\/\/krets.jagareforbundet.se\/munkedallysekil\/wp-json\/wp\/v2\/comments?post=79"}],"version-history":[{"count":1,"href":"https:\/\/krets.jagareforbundet.se\/munkedallysekil\/wp-json\/wp\/v2\/pages\/79\/revisions"}],"predecessor-version":[{"id":261,"href":"https:\/\/krets.jagareforbundet.se\/munkedallysekil\/wp-json\/wp\/v2\/pages\/79\/revisions\/261"}],"up":[{"embeddable":true,"href":"https:\/\/krets.jagareforbundet.se\/munkedallysekil\/wp-json\/wp\/v2\/pages\/38"}],"wp:attachment":[{"href":"https:\/\/krets.jagareforbundet.se\/munkedallysekil\/wp-json\/wp\/v2\/media?parent=79"}],"curies":[{"name":"wp","href":"https:\/\/api.w.org\/{rel}","templated":true}]}}