{"id":1071,"date":"2025-01-29T19:36:53","date_gmt":"2025-01-29T18:36:53","guid":{"rendered":"https:\/\/krets.jagareforbundet.se\/nassjo\/?page_id=1071"},"modified":"2025-01-29T19:38:08","modified_gmt":"2025-01-29T18:38:08","slug":"jaqt","status":"publish","type":"page","link":"https:\/\/krets.jagareforbundet.se\/nassjo\/jaqt\/","title":{"rendered":"JAQT"},"content":{"rendered":"<p>JAQT\u00a0 \u00e4r f\u00f6r jaktintresserade kvinnor i alla \u00e5ldrar, d\u00e4r nya och erfarna j\u00e4gare med olika erfarenheter av jakt och viltv\u00e5rd kan tr\u00e4ffas och l\u00e4ra av varandra.<\/p>\n<p>JAQT ska vara ett st\u00f6d och erbjuda mentorskap f\u00f6r nya kvinnliga j\u00e4gare.<\/p>\n<p>JAQT J\u00f6nk\u00f6pings l\u00e4n har regelbundet tr\u00e4ffar p\u00e5 N\u00e4ssj\u00f6 jaktskyttecenter f\u00f6rsta l\u00f6rdagen varje m\u00e5nad under v\u00e5r- och h\u00f6stterminen.<\/p>\n<p>&nbsp;<\/p>\n<p>G\u00e5 g\u00e4rna med i v\u00e5r grupp p\u00e5 facebook <a href=\"https:\/\/www.facebook.com\/groups\/175409682635407\" title=\"JAQT J\u00f6nk\u00f6pings l\u00e4n\" target=\"_blank\"><img decoding=\"async\" src=\"\/wp-content\/themes\/canvas\/functions\/images\/ico-social-facebook.png\" alt=\"JAQT J\u00f6nk\u00f6pings l\u00e4n\" class=\"social-icon social-icon-facebook fl\" \/><\/a>\n<\/p>\n","protected":false},"excerpt":{"rendered":"<p>JAQT\u00a0 \u00e4r f\u00f6r jaktintresserade kvinnor i alla \u00e5ldrar, d\u00e4r nya och erfarna j\u00e4gare med olika erfarenheter av jakt och viltv\u00e5rd kan tr\u00e4ffas och l\u00e4ra av varandra. JAQT ska vara ett st\u00f6d och erbjuda mentorskap f\u00f6r nya kvinnliga j\u00e4gare. JAQT J\u00f6nk\u00f6pings l\u00e4n har regelbundet tr\u00e4ffar p\u00e5 N\u00e4ssj\u00f6 jaktskyttecenter f\u00f6rsta l\u00f6rdagen varje m\u00e5nad under v\u00e5r- och h\u00f6stterminen. [&hellip;]<\/p>\n","protected":false},"author":84,"featured_media":0,"parent":0,"menu_order":0,"comment_status":"closed","ping_status":"closed","template":"","meta":{"footnotes":""},"class_list":["post-1071","page","type-page","status-publish","hentry"],"_links":{"self":[{"href":"https:\/\/krets.jagareforbundet.se\/nassjo\/wp-json\/wp\/v2\/pages\/1071","targetHints":{"allow":["GET"]}}],"collection":[{"href":"https:\/\/krets.jagareforbundet.se\/nassjo\/wp-json\/wp\/v2\/pages"}],"about":[{"href":"https:\/\/krets.jagareforbundet.se\/nassjo\/wp-json\/wp\/v2\/types\/page"}],"author":[{"embeddable":true,"href":"https:\/\/krets.jagareforbundet.se\/nassjo\/wp-json\/wp\/v2\/users\/84"}],"replies":[{"embeddable":true,"href":"https:\/\/krets.jagareforbundet.se\/nassjo\/wp-json\/wp\/v2\/comments?post=1071"}],"version-history":[{"count":1,"href":"https:\/\/krets.jagareforbundet.se\/nassjo\/wp-json\/wp\/v2\/pages\/1071\/revisions"}],"predecessor-version":[{"id":1072,"href":"https:\/\/krets.jagareforbundet.se\/nassjo\/wp-json\/wp\/v2\/pages\/1071\/revisions\/1072"}],"wp:attachment":[{"href":"https:\/\/krets.jagareforbundet.se\/nassjo\/wp-json\/wp\/v2\/media?parent=1071"}],"curies":[{"name":"wp","href":"https:\/\/api.w.org\/{rel}","templated":true}]}}