{"id":1074,"date":"2025-01-29T19:53:33","date_gmt":"2025-01-29T18:53:33","guid":{"rendered":"https:\/\/krets.jagareforbundet.se\/nassjo\/?page_id=1074"},"modified":"2025-01-29T19:53:33","modified_gmt":"2025-01-29T18:53:33","slug":"jaqt-skedhult-2025-01-18","status":"publish","type":"page","link":"https:\/\/krets.jagareforbundet.se\/nassjo\/jaqt\/jaqt-skedhult-2025-01-18\/","title":{"rendered":"JAQT Skedhult 2025-01-18"},"content":{"rendered":"<p>L\u00f6rdagen 18 januari 2025 blev en mycket trevlig jaktdag tillsammans med JAQT J\u00f6nk\u00f6pings l\u00e4n p\u00e5 Skedhult.<\/p>\n<p>Ett tiotal tjejer och hundf\u00f6rare var taggade f\u00f6r \u00e4lg- och vildsvinsjakt. Det var lite l\u00e5ngsamt i starten, men efter ett tag lossnade det f\u00f6r hundarna. Det blev flera upptag p\u00e5 vildsvin, i sista s\u00e5ten sk\u00f6ts en fin brungris.<\/p>\n<p>Mellan s\u00e5terna hann vi med korvgrillning, kaffe och jaktsnack.<\/p>\n<p>Stort tack till Svenska j\u00e4garef\u00f6rbundet och Hans Andersson, Gunnar Lindblad, JAQT, Mona Lusth och hundf\u00f6rarna!<\/p>\n<p>&nbsp;<\/p>\n<div id=\"attachment_1075\" style=\"width: 334px\" class=\"wp-caption alignleft\"><a href=\"https:\/\/krets.jagareforbundet.se\/nassjo\/files\/2025\/01\/IMG_20250128_210700.jpg\"><img loading=\"lazy\" decoding=\"async\" aria-describedby=\"caption-attachment-1075\" class=\"wp-image-1075 \" src=\"https:\/\/krets.jagareforbundet.se\/nassjo\/files\/2025\/01\/IMG_20250128_210700-225x300.jpg\" alt=\"\" width=\"324\" height=\"432\" srcset=\"https:\/\/krets.jagareforbundet.se\/nassjo\/files\/2025\/01\/IMG_20250128_210700-225x300.jpg 225w, https:\/\/krets.jagareforbundet.se\/nassjo\/files\/2025\/01\/IMG_20250128_210700-768x1024.jpg 768w, https:\/\/krets.jagareforbundet.se\/nassjo\/files\/2025\/01\/IMG_20250128_210700-1152x1536.jpg 1152w, https:\/\/krets.jagareforbundet.se\/nassjo\/files\/2025\/01\/IMG_20250128_210700.jpg 1536w\" sizes=\"auto, (max-width: 324px) 100vw, 324px\" \/><\/a><p id=\"caption-attachment-1075\" class=\"wp-caption-text\">Foto: Margareta Bunnfors<\/p><\/div>\n","protected":false},"excerpt":{"rendered":"<p>L\u00f6rdagen 18 januari 2025 blev en mycket trevlig jaktdag tillsammans med JAQT J\u00f6nk\u00f6pings l\u00e4n p\u00e5 Skedhult. Ett tiotal tjejer och hundf\u00f6rare var taggade f\u00f6r \u00e4lg- och vildsvinsjakt. Det var lite l\u00e5ngsamt i starten, men efter ett tag lossnade det f\u00f6r hundarna. Det blev flera upptag p\u00e5 vildsvin, i sista s\u00e5ten sk\u00f6ts en fin brungris. Mellan [&hellip;]<\/p>\n","protected":false},"author":84,"featured_media":0,"parent":1071,"menu_order":0,"comment_status":"closed","ping_status":"closed","template":"","meta":{"footnotes":""},"class_list":["post-1074","page","type-page","status-publish","hentry"],"_links":{"self":[{"href":"https:\/\/krets.jagareforbundet.se\/nassjo\/wp-json\/wp\/v2\/pages\/1074","targetHints":{"allow":["GET"]}}],"collection":[{"href":"https:\/\/krets.jagareforbundet.se\/nassjo\/wp-json\/wp\/v2\/pages"}],"about":[{"href":"https:\/\/krets.jagareforbundet.se\/nassjo\/wp-json\/wp\/v2\/types\/page"}],"author":[{"embeddable":true,"href":"https:\/\/krets.jagareforbundet.se\/nassjo\/wp-json\/wp\/v2\/users\/84"}],"replies":[{"embeddable":true,"href":"https:\/\/krets.jagareforbundet.se\/nassjo\/wp-json\/wp\/v2\/comments?post=1074"}],"version-history":[{"count":3,"href":"https:\/\/krets.jagareforbundet.se\/nassjo\/wp-json\/wp\/v2\/pages\/1074\/revisions"}],"predecessor-version":[{"id":1079,"href":"https:\/\/krets.jagareforbundet.se\/nassjo\/wp-json\/wp\/v2\/pages\/1074\/revisions\/1079"}],"up":[{"embeddable":true,"href":"https:\/\/krets.jagareforbundet.se\/nassjo\/wp-json\/wp\/v2\/pages\/1071"}],"wp:attachment":[{"href":"https:\/\/krets.jagareforbundet.se\/nassjo\/wp-json\/wp\/v2\/media?parent=1074"}],"curies":[{"name":"wp","href":"https:\/\/api.w.org\/{rel}","templated":true}]}}