{"id":1086,"date":"2025-02-21T17:18:14","date_gmt":"2025-02-21T16:18:14","guid":{"rendered":"https:\/\/krets.jagareforbundet.se\/nassjo\/?page_id=1086"},"modified":"2025-11-27T16:11:03","modified_gmt":"2025-11-27T15:11:03","slug":"aktuellt","status":"publish","type":"page","link":"https:\/\/krets.jagareforbundet.se\/nassjo\/aktuellt\/","title":{"rendered":"Aktuellt"},"content":{"rendered":"<p>H\u00e4r l\u00e4ggs information som kommer ifr\u00e5n L\u00e4nsf\u00f6reningen och Svenska J\u00e4garef\u00f6rbundet.<\/p>\n<p>&nbsp;<\/p>\n<p>2025-11-27:<\/p>\n<h1>Var med och bidra till l\u00e4nets rovdjursinventering<\/h1>\n<p class=\"font-semibold\">\n<p>Har du sett en varg eller ett lodjur, hittat sp\u00e5r eller kanske en vargspillning? Din observation kan d\u00e5 vara en viktig pusselbit i l\u00e4nsstyrelsens rovdjursinventering.<\/p>\n<p><strong>Var med och bidra till l\u00e4nets rovdjursinventering<\/strong><\/p>\n<p>Nu p\u00e5g\u00e5r inventering av lodjur och varg i J\u00f6nk\u00f6pings l\u00e4n. L\u00e4nsstyrelsen ansvarar f\u00f6r att varje \u00e5r kartl\u00e4gga f\u00f6rekomsten av stora rovdjur i l\u00e4net. Inventeringsresultaten anv\u00e4nds f\u00f6r att bland annat f\u00f6lja upp rovdjursstammarnas utveckling och ge underlag f\u00f6r beslut om olika f\u00f6rvaltnings\u00e5tg\u00e4rder som jakt, information och f\u00f6rebyggande \u00e5tg\u00e4rder.<br \/>\nBer\u00e4tta vad du sett<\/p>\n<p>Allm\u00e4nhetens engagemang \u00e4r till stor hj\u00e4lp i inventeringen. Meddela g\u00e4rna din observation p\u00e5 webbplatsen Skandobs.se.<br \/>\nD\u00e4r kan du markera plats, beskriva vad du sett och l\u00e4gga till bilder om du har det. Det \u00e4r bra om det finns med en storleksreferens p\u00e5 bilder av sp\u00e5r, exempelvis en m\u00e5ttstock. Kom ih\u00e5g att det alltid \u00e4r bra att meddela s\u00e5 snart som m\u00f6jligt s\u00e5 att inte sp\u00e5ren f\u00f6rsvinner.<\/p>\n<p><strong>Vad \u00e4r det som r\u00e4knas?<\/strong><br \/>\nSyftet med lodjursinventeringen \u00e4r att ta reda p\u00e5 hur m\u00e5nga vuxna honor som f\u00e5tt ungar under sommaren. D\u00e4rf\u00f6r \u00e4r det viktigt att f\u00e5 ta del av observationer som kan bekr\u00e4fta det. Det kan till exempel vara sp\u00e5r fr\u00e5n tv\u00e5 eller fler lodjur som r\u00f6rt sig tillsammans, bilder av lodjursungar eller flera lodjur tillsammans. Varginventeringen inriktas fr\u00e4mst p\u00e5 att ta reda p\u00e5 om nya revir har bildats, om det f\u00f6tts valpar i tidigare k\u00e4nda revir, vilka de revirh\u00e4vdande vargarna \u00e4r och hur revirens utbredning ser ut. Under inventeringsperioden genomf\u00f6r Sveriges Lantbruksuniversitet forskning om vargens bytesval i s\u00f6dra Sverige utifr\u00e5n insamlade spillningar. Spillningar som hittas \u00e4r d\u00e4rf\u00f6r av extra intresse, b\u00e5de f\u00f6r inventeringen och forskningen.<\/p>\n<p>Tack f\u00f6r din medverkan!<\/p>\n<p>Kontakt<br \/>\nVilthandl\u00e4ggarna<br \/>\n<a href=\"mailto:vilt.jonkoping@lansstyrelsen.se\">vilt.jonkoping@lansstyrelsen.se<\/a><\/p>\n<p>Bes\u00f6k l\u00e4nsstyrelsens webbplats f\u00f6r mer information och kontaktuppgifter till f\u00e4ltpersonal.<\/p>\n<p><a href=\"http:\/\/skandobs.se\">skandobs.se<\/a><br \/>\n<a href=\"http:\/\/lansstyrelsen.se\/jonkoping\">lansstyrelsen.se\/jonkoping<\/a><\/p>\n","protected":false},"excerpt":{"rendered":"<p>H\u00e4r l\u00e4ggs information som kommer ifr\u00e5n L\u00e4nsf\u00f6reningen och Svenska J\u00e4garef\u00f6rbundet. &nbsp; 2025-11-27: Var med och bidra till l\u00e4nets rovdjursinventering Har du sett en varg eller ett lodjur, hittat sp\u00e5r eller kanske en vargspillning? Din observation kan d\u00e5 vara en viktig pusselbit i l\u00e4nsstyrelsens rovdjursinventering. Var med och bidra till l\u00e4nets rovdjursinventering Nu p\u00e5g\u00e5r inventering av [&hellip;]<\/p>\n","protected":false},"author":84,"featured_media":0,"parent":0,"menu_order":0,"comment_status":"closed","ping_status":"closed","template":"","meta":{"footnotes":""},"class_list":["post-1086","page","type-page","status-publish","hentry"],"_links":{"self":[{"href":"https:\/\/krets.jagareforbundet.se\/nassjo\/wp-json\/wp\/v2\/pages\/1086","targetHints":{"allow":["GET"]}}],"collection":[{"href":"https:\/\/krets.jagareforbundet.se\/nassjo\/wp-json\/wp\/v2\/pages"}],"about":[{"href":"https:\/\/krets.jagareforbundet.se\/nassjo\/wp-json\/wp\/v2\/types\/page"}],"author":[{"embeddable":true,"href":"https:\/\/krets.jagareforbundet.se\/nassjo\/wp-json\/wp\/v2\/users\/84"}],"replies":[{"embeddable":true,"href":"https:\/\/krets.jagareforbundet.se\/nassjo\/wp-json\/wp\/v2\/comments?post=1086"}],"version-history":[{"count":3,"href":"https:\/\/krets.jagareforbundet.se\/nassjo\/wp-json\/wp\/v2\/pages\/1086\/revisions"}],"predecessor-version":[{"id":1133,"href":"https:\/\/krets.jagareforbundet.se\/nassjo\/wp-json\/wp\/v2\/pages\/1086\/revisions\/1133"}],"wp:attachment":[{"href":"https:\/\/krets.jagareforbundet.se\/nassjo\/wp-json\/wp\/v2\/media?parent=1086"}],"curies":[{"name":"wp","href":"https:\/\/api.w.org\/{rel}","templated":true}]}}