{"id":1088,"date":"2025-02-21T17:29:26","date_gmt":"2025-02-21T16:29:26","guid":{"rendered":"https:\/\/krets.jagareforbundet.se\/nassjo\/?page_id=1088"},"modified":"2025-02-21T17:29:26","modified_gmt":"2025-02-21T16:29:26","slug":"lodjursjakt-2025","status":"publish","type":"page","link":"https:\/\/krets.jagareforbundet.se\/nassjo\/aktuellt\/lodjursjakt-2025\/","title":{"rendered":"Lodjursjakt 2025"},"content":{"rendered":"<p>Snart drar licensjakten p\u00e5 lodjur i g\u00e5ng i J\u00f6nk\u00f6pings l\u00e4n. Inf\u00f6r den ankommande jakten s\u00e5 \u00e4r det viktigt att s\u00e4tta sig in i detaljer och vad lagen s\u00e4ger.<\/p>\n<p>Beslut J\u00f6nk\u00f6ping: Licensjakt efter lodjur i J\u00f6nk\u00f6pings l\u00e4n 2025<\/p>\n<p><i>H\u00f6gst \u00e5tta (8) lodjur f\u00e5r f\u00e4llas inom J\u00f6nk\u00f6pings l\u00e4n. Tilldelningen f\u00f6rdelas p\u00e5 tv\u00e5 jaktomr\u00e5den, vilka avgr\u00e4nsas mot varandra genom riksv\u00e4g 40 (se karta i bilaga 2): Norra: maximalt tv\u00e5 (2) lodjur S\u00f6dra: maximalt sex (6) lodjur Avlysning sker inom respektive jaktomr\u00e5de om kvoten f\u00f6r omr\u00e5det uppn\u00e5tts, eller om nedanst\u00e5ende hondjurskvot uppn\u00e5tts. Maximalt tre (3) reproduktiva honor f\u00e5r f\u00e4llas i l\u00e4net. Avlysning sker f\u00f6r b\u00e5da jaktomr\u00e5dena om hondjurs kvoten f\u00f6r l\u00e4net uppn\u00e5tts.<\/i><\/p>\n<p>&nbsp;<\/p>\n<p style=\"text-align: right\"><a href=\"https:\/\/www.lansstyrelsen.se\/download\/18.671316dc193dec4d4d3a44b4\/1736835338364\/Licensjakt%20efter%20lodjur%20i%20J%C3%B6nk%C3%B6pings%20l%C3%A4n%202025.pdf\">Beslut: Licensjakt efter lodjur J\u00f6nk\u00f6pings l\u00e4n 2025<\/a><\/p>\n<p>&nbsp;<\/p>\n<h2><strong>H\u00e5ll dig uppdaterad:<\/strong><\/h2>\n<p>Obligatorisk anm\u00e4lan till J\u00e4garregistret och frivillig anm\u00e4lan till SMS-tj\u00e4nst. Det \u00e4r viktigt att h\u00e5lla sig uppdaterad om hur m\u00e5nga djur som \u00e5terst\u00e5r av l\u00e4nets tilldelning. Det \u00e4r en skyldighet och de som jagar ska ringa minst en g\u00e5ng i timmen till l\u00e4nsstyrelsens telefonsvarare f\u00f6r information om antal djur som \u00e4r kvar p\u00e5 licensen.<br \/>\n<strong>Telefonnummer J\u00f6nk\u00f6ping 010-223 61 25.<\/strong><\/p>\n<p><b>Etik och viktigt att t\u00e4nka p\u00e5:<\/b><\/p>\n<p>Motorfordon f\u00e5r enbart anv\u00e4ndas i syftet att innan jaktstart s\u00f6ka efter sp\u00e5r f\u00f6r att fastst\u00e4lla djurens ungef\u00e4rliga vistelseplats. Man f\u00e5r inte anv\u00e4nda motorfordon eller ta hj\u00e4lp av \u00e5telkameror n\u00e4r v\u00e4l jakten \u00e4r startad. Jakten kommer att vara uppm\u00e4rksammad och det \u00e4r d\u00e4rf\u00f6r extra viktigt att h\u00e5lla sig uppdaterad vad lagen och f\u00f6reskrifter s\u00e4ger samt h\u00e5lla etiken h\u00f6gt. Det \u00e4r inte till\u00e5tet att st\u00f6ra jakt, om det skulle intr\u00e4ffa s\u00e5 \u00e4r det viktigt att man tar det lugnt och pratar med de som st\u00f6r jakten. Om det inte hj\u00e4lper tillkalla polis. Man f\u00e5r under inga omst\u00e4ndigheter hota eller p\u00e5 annat s\u00e4tt skapa en otrevlig st\u00e4mning.<\/p>\n<p>J\u00e4garef\u00f6rbundet J\u00f6nk\u00f6pings l\u00e4n \u00f6nskar alla lodjursj\u00e4gare en trevlig jakt med m\u00e5nga nya minnen. Passa p\u00e5 att njuta av jakten, h\u00e5ll etiken h\u00f6gt och var v\u00e4nlig mot varandra.<\/p>\n<p>Ordf\u00f6rande. Gunnar Lindblad 073\u20135449366<br \/>\nRovdjursansvarig. Joakim Johansson 076\u20131455722<\/p>\n<p style=\"text-align: right\"><a href=\"https:\/\/jkpg-jagareforbundet.se\/\">J\u00e4garef\u00f6rbundet J\u00f6nk\u00f6pings l\u00e4n<\/a><\/p>\n","protected":false},"excerpt":{"rendered":"<p>Snart drar licensjakten p\u00e5 lodjur i g\u00e5ng i J\u00f6nk\u00f6pings l\u00e4n. Inf\u00f6r den ankommande jakten s\u00e5 \u00e4r det viktigt att s\u00e4tta sig in i detaljer och vad lagen s\u00e4ger. Beslut J\u00f6nk\u00f6ping: Licensjakt efter lodjur i J\u00f6nk\u00f6pings l\u00e4n 2025 H\u00f6gst \u00e5tta (8) lodjur f\u00e5r f\u00e4llas inom J\u00f6nk\u00f6pings l\u00e4n. Tilldelningen f\u00f6rdelas p\u00e5 tv\u00e5 jaktomr\u00e5den, vilka avgr\u00e4nsas mot varandra [&hellip;]<\/p>\n","protected":false},"author":84,"featured_media":1089,"parent":1086,"menu_order":0,"comment_status":"closed","ping_status":"closed","template":"","meta":{"footnotes":""},"class_list":["post-1088","page","type-page","status-publish","has-post-thumbnail","hentry"],"_links":{"self":[{"href":"https:\/\/krets.jagareforbundet.se\/nassjo\/wp-json\/wp\/v2\/pages\/1088","targetHints":{"allow":["GET"]}}],"collection":[{"href":"https:\/\/krets.jagareforbundet.se\/nassjo\/wp-json\/wp\/v2\/pages"}],"about":[{"href":"https:\/\/krets.jagareforbundet.se\/nassjo\/wp-json\/wp\/v2\/types\/page"}],"author":[{"embeddable":true,"href":"https:\/\/krets.jagareforbundet.se\/nassjo\/wp-json\/wp\/v2\/users\/84"}],"replies":[{"embeddable":true,"href":"https:\/\/krets.jagareforbundet.se\/nassjo\/wp-json\/wp\/v2\/comments?post=1088"}],"version-history":[{"count":1,"href":"https:\/\/krets.jagareforbundet.se\/nassjo\/wp-json\/wp\/v2\/pages\/1088\/revisions"}],"predecessor-version":[{"id":1090,"href":"https:\/\/krets.jagareforbundet.se\/nassjo\/wp-json\/wp\/v2\/pages\/1088\/revisions\/1090"}],"up":[{"embeddable":true,"href":"https:\/\/krets.jagareforbundet.se\/nassjo\/wp-json\/wp\/v2\/pages\/1086"}],"wp:featuredmedia":[{"embeddable":true,"href":"https:\/\/krets.jagareforbundet.se\/nassjo\/wp-json\/wp\/v2\/media\/1089"}],"wp:attachment":[{"href":"https:\/\/krets.jagareforbundet.se\/nassjo\/wp-json\/wp\/v2\/media?parent=1088"}],"curies":[{"name":"wp","href":"https:\/\/api.w.org\/{rel}","templated":true}]}}