{"id":1100,"date":"2025-02-28T18:54:52","date_gmt":"2025-02-28T17:54:52","guid":{"rendered":"https:\/\/krets.jagareforbundet.se\/nassjo\/?page_id=1100"},"modified":"2025-02-28T18:57:11","modified_gmt":"2025-02-28T17:57:11","slug":"arsmotesprotokoll-2025","status":"publish","type":"page","link":"https:\/\/krets.jagareforbundet.se\/nassjo\/styrelsen\/arsmotesprotokoll-2025\/","title":{"rendered":"\u00c5rsm\u00f6tesprotokoll 2025"},"content":{"rendered":"<h2>Protokoll f\u00f6r J\u00e4garef\u00f6rbundet N\u00e4ssj\u00f6 \u00e5rsm\u00f6te 2025-02-20<br \/>\nTid: 19.00<br \/>\nPlats: N\u00e4ssj\u00f6 Jaktskyttecenter<\/h2>\n<ul>\n<li><strong>\u00a7 1.<\/strong> Lars Gustafsson \u00f6ppnade m\u00f6tet och h\u00e4lsade samtliga v\u00e4lkomna. P\u00e5 grund av lite teknikstrul fick v\u00e5r g\u00e4stf\u00f6rel\u00e4sare Magnus Rydholm inleda m\u00f6tet med sin f\u00f6rel\u00e4sning.<\/li>\n<li><strong>\u00a7 2<\/strong>. R\u00f6stl\u00e4ngden fastst\u00e4lldes till att det kommit 25 medlemmar.<\/li>\n<li><strong>\u00a7 3.<\/strong> \u00c5rsm\u00f6tesfunktion\u00e4rer valdes enligt f\u00f6ljande.\n<ul>\n<li>Till ordf\u00f6rande f\u00f6r m\u00f6tet valdes Bo Thulin.<\/li>\n<li>Till justerare valdes Veine Claesson och J\u00f6rgen Eklund till lika r\u00f6str\u00e4knare j\u00e4mte ordf\u00f6rande.<\/li>\n<li>\u00a0Till av styrelsen utsedd sekreterare valdes H\u00e5kan Eifel.<\/li>\n<\/ul>\n<\/li>\n<li>\u00a7 4. Det beslutades att \u00e5rsm\u00f6tet blivit stadga enligt utlyst.<\/li>\n<li>\u00a7 5. Dagordningen godk\u00e4ndes i sin helhet. Med till\u00e4gget att punkt 19 utg\u00e5r d\u00e5 Magnus fick inleda m\u00f6tet.<\/li>\n<li>\u00a7 6. Styrelsens verksamhets- och f\u00f6rvaltningsber\u00e4ttelse godk\u00e4ndes efter det att den presenterats b\u00e5de skriftligt och muntligt av Bo Thulin.<\/li>\n<li>\u00a7 7. Henrik Karlsson redogjorde f\u00f6r ekonomin och det beslutades om fastst\u00e4llande av balansr\u00e4kning.<\/li>\n<li>\u00a7 8. Det beslutandes om fastst\u00e4llande av kassarapport enligt f\u00f6ljande<br \/>\n<em>Ing\u00e5ende balans<\/em> 2024-01-01 77542,88 kr<br \/>\n<em>Utg\u00e5ende balans<\/em> 2024-12-31 89892,13 kr<br \/>\n<em>Summa utgift<\/em>: 37938,75 kr och <em>summa inkomst<\/em>: 50288,00 kr f\u00f6r tiden 20240101 &#8212; 20241231.<\/li>\n<li>\u00a7 9. Bo Thulin f\u00f6redrog revisionsber\u00e4ttelsen.<\/li>\n<li>\u00a7 10. Styrelsen beviljades ansvarsfrihet.<\/li>\n<li>\u00a7 11. Det beslutades om ett arvode till ordf\u00f6randen, sekreteraren och kass\u00f6ren p\u00e5 vardera 1500 kr.<\/li>\n<li>\u00a7 12. Frida Nieminen valdes till kretsstyrelsens ordf\u00f6rande f\u00f6r ett \u00e5r.<\/li>\n<li>\u00a7 13. Val av styrelseledam\u00f6ter.\n<ul>\n<li>Till 3 ordinarie styrelseledam\u00f6ter f\u00f6r en tid av 2 \u00e5r. Omval av Mathilda<br \/>\nF\u00e4gerskj\u00f6ld. Nyval p\u00e5 Jonas Johannesson och Magnus Nieminen.<\/li>\n<li>Kvarvarande 3 ordinarie styrelseledam\u00f6ter valda p\u00e5 2 \u00e5r med en kvarst\u00e5ende tid av 1 \u00e5r, kvarst\u00e5r Henrik Karlsson och Mikael \u00c5hman Nyval p\u00e5 Margareta Bunnfors.<\/li>\n<\/ul>\n<\/li>\n<li>\u00a7 14. Till revisorer f\u00f6r en tid om 1 \u00e5r omvaldes Gunnar Pettersson och omval av J\u00f6rgen Svensson. Till suppleanter f\u00f6r en tid av 1 \u00e5r omvaldes Fredrik Fornander och Dennis Claesson.<\/li>\n<li>\u00a7 15. Styrelsen uts\u00e5gs i sin helhet till ombud till l\u00e4nsf\u00f6rbundsst\u00e4mman och att styrelsen utser sig sj\u00e4lv med personliga suppleanter.<\/li>\n<li>\u00a7 16. Till valberedning valdes Greger Ericsson enligt f\u00f6ljande. Nyval f\u00f6r en tid av 3 \u00e5r.\n<ul>\n<li>Kvarvarande ledamot vald p\u00e5 3 \u00e5r med en kvarst\u00e5ende tid av 2 \u00e5r: Lars Sch\u00f6n<\/li>\n<li>Kvarvarande ledamot vald p\u00e5 3 \u00e5r med en kvarst\u00e5ende tid av 1 \u00e5r: Johan Schavon.<\/li>\n<li>16:1 Val av sammankallande Johan Schavon p\u00e5 en tid av 1 \u00e5r.<\/li>\n<\/ul>\n<\/li>\n<li>\u00a7 17. Styrelsens f\u00f6rslag.\n<ul>\n<li>1. Inga beg\u00e4randen om yttranden har inkommit fr\u00e5n l\u00e4nsf\u00f6reningen.<br \/>\n2. Inga motioner har inkommit.<br \/>\n3. Det beslutades att kretsen skall forts\u00e4tta att st\u00f6dja ungdomsskyttet med 6 000 kr.<\/li>\n<\/ul>\n<\/li>\n<li>\u00a7 18. M\u00f6tet besl\u00f6t att h\u00e4nskjuta till styrelsen att utse funktion\u00e4rer f\u00f6r:<br \/>\nUtbildningsansvarig\/ungdomsansvarig, Korrespondent, Hemsida, Skytteansvarig,<br \/>\nHundansvarig, Instrukt\u00f6r krets efters\u00f6k, Trafikefters\u00f6ksansvarig, NVR krets,<br \/>\nVilt\u00f6vervaksansvarig, Viltdata, Rovviltsansvarig, Vildsvinsansvarig samt \u00c4lg\u00e4rendeansvarig.<\/li>\n<li>\u00a7 19. Struken<\/li>\n<li>\u00a7 20. Veine Claesson rapporterade fr\u00e5n hundsektionen.<\/li>\n<li>\u00a7 21. Kjell Mohlin redovisade utbildnings- och ungdomsarbetet.<\/li>\n<li>\u00a7 22. Frida Nieminen redovisade JAQT:s arbete och m\u00f6ten, se deras verksamhetsber\u00e4ttelse.<\/li>\n<li>\u00a7 23. Styrelsen f\u00e5r i uppdrag att jobba vidare p\u00e5 de aktiviteter som \u00e4r planerade sedan tidigare eller l\u00e4gga till om det finns m\u00f6jlighet.<\/li>\n<li>\u00a7 24. Best\u00e4mmande av s\u00e4ttet att kalla till n\u00e4sta \u00e5rsm\u00f6te och eventuellt extra m\u00f6te kommer att ske via Facebook, hemsidan och medlemsmejl.<\/li>\n<li>\u00a7 25. Inga f\u00f6rtj\u00e4nsttecken delades ut i \u00e5r. Lars Gustafsson delade ut medaljer till b\u00e4sta i kretsm\u00e4sterskapen i jaktskytte. 1:a Johan Schavon 2:a Bertil Karlsson och 3:a Anders Johannson.<\/li>\n<li>\u00a7 26. Lars informerade om v\u00e5r nya l\u00e4nsf\u00f6reningslokal i Skillingaryd och att vi l\u00e4mnat Skedhult. Kjell Mohlin informerade om \u00e4lgarnas tillst\u00e5nd och att \u00e4lgen troligen r\u00f6dlistas 2026. Man tror i dagsl\u00e4get att olika parasiter som \u00e4lglusflugan orsakar att vissa djur d\u00f6r. Kjell \u00f6nskar att styrelsen tittar p\u00e5 en motion om att man st\u00f6ttar forskningen om varf\u00f6r vissa \u00e4lgar klarar sig och inte andra mot de \u00f6kade parasit angreppen.<\/li>\n<li>\u00a7 27. Bo Thulin l\u00e4mnade \u00f6ver klubban till Frida Nieminen som tackade Bo Thulin och f\u00f6rklarade m\u00f6tet avslutat. Lars Gustafsson tackade sedan avg\u00e5ende ledam\u00f6ter och \u00f6vriga som varit behj\u00e4lpliga vid m\u00f6tet med en blomma.<\/li>\n<\/ul>\n<p>&nbsp;<\/p>\n","protected":false},"excerpt":{"rendered":"<p>Protokoll f\u00f6r J\u00e4garef\u00f6rbundet N\u00e4ssj\u00f6 \u00e5rsm\u00f6te 2025-02-20 Tid: 19.00 Plats: N\u00e4ssj\u00f6 Jaktskyttecenter \u00a7 1. Lars Gustafsson \u00f6ppnade m\u00f6tet och h\u00e4lsade samtliga v\u00e4lkomna. P\u00e5 grund av lite teknikstrul fick v\u00e5r g\u00e4stf\u00f6rel\u00e4sare Magnus Rydholm inleda m\u00f6tet med sin f\u00f6rel\u00e4sning. \u00a7 2. R\u00f6stl\u00e4ngden fastst\u00e4lldes till att det kommit 25 medlemmar. \u00a7 3. \u00c5rsm\u00f6tesfunktion\u00e4rer valdes enligt f\u00f6ljande. Till ordf\u00f6rande f\u00f6r [&hellip;]<\/p>\n","protected":false},"author":84,"featured_media":0,"parent":124,"menu_order":0,"comment_status":"closed","ping_status":"closed","template":"","meta":{"footnotes":""},"class_list":["post-1100","page","type-page","status-publish","hentry"],"_links":{"self":[{"href":"https:\/\/krets.jagareforbundet.se\/nassjo\/wp-json\/wp\/v2\/pages\/1100","targetHints":{"allow":["GET"]}}],"collection":[{"href":"https:\/\/krets.jagareforbundet.se\/nassjo\/wp-json\/wp\/v2\/pages"}],"about":[{"href":"https:\/\/krets.jagareforbundet.se\/nassjo\/wp-json\/wp\/v2\/types\/page"}],"author":[{"embeddable":true,"href":"https:\/\/krets.jagareforbundet.se\/nassjo\/wp-json\/wp\/v2\/users\/84"}],"replies":[{"embeddable":true,"href":"https:\/\/krets.jagareforbundet.se\/nassjo\/wp-json\/wp\/v2\/comments?post=1100"}],"version-history":[{"count":1,"href":"https:\/\/krets.jagareforbundet.se\/nassjo\/wp-json\/wp\/v2\/pages\/1100\/revisions"}],"predecessor-version":[{"id":1101,"href":"https:\/\/krets.jagareforbundet.se\/nassjo\/wp-json\/wp\/v2\/pages\/1100\/revisions\/1101"}],"up":[{"embeddable":true,"href":"https:\/\/krets.jagareforbundet.se\/nassjo\/wp-json\/wp\/v2\/pages\/124"}],"wp:attachment":[{"href":"https:\/\/krets.jagareforbundet.se\/nassjo\/wp-json\/wp\/v2\/media?parent=1100"}],"curies":[{"name":"wp","href":"https:\/\/api.w.org\/{rel}","templated":true}]}}