{"id":1108,"date":"2025-03-10T17:08:40","date_gmt":"2025-03-10T16:08:40","guid":{"rendered":"https:\/\/krets.jagareforbundet.se\/nassjo\/?page_id=1108"},"modified":"2026-03-02T20:42:49","modified_gmt":"2026-03-02T19:42:49","slug":"bjornpasset","status":"publish","type":"page","link":"https:\/\/krets.jagareforbundet.se\/nassjo\/bjornpasset\/","title":{"rendered":"Bj\u00f6rnpasset"},"content":{"rendered":"<h1>Bj\u00f6rnpasset<\/h1>\n<p>Bj\u00f6rnpasset \u00e4r framtaget f\u00f6r att f\u00f6rb\u00e4ttra de skott som skjuts mot bj\u00f6rn. Idag \u00e4r det m\u00e5nga mark\u00e4gare som har krav p\u00e5 att j\u00e4garna har avlagt Bj\u00f6rnpasset f\u00f6re jakten.<\/p>\n<p><strong>Bj\u00f6rnpasset p\u00e5 N\u00e4ssj\u00f6 jaktskyttecenter skjuts m\u00e5ndag 10\/8-26 kl.17:00 och m\u00e5ndag 17\/8-26 kl.17:00.<\/strong><\/p>\n<p>&nbsp;<\/p>\n<div>\n<div>\n<h2>Skjutmoment vid provtagning<\/h2>\n<h3>Sidofigur 80 meter.<\/h3>\n<p>Krav f\u00f6r godk\u00e4nnande: En serie a&#8217; 4 skott inom 40 sekunder, samtliga skott inom tr\u00e4ffomr\u00e5det. Serien ska genomf\u00f6ras med st\u00f6d, dock inte liggande eller fr\u00e5n skjutb\u00e4nk.<\/p>\n<h3>Sidofigur 40 meter.<\/h3>\n<p>Krav f\u00f6r godk\u00e4nnande: En serie a&#8217; 4 skott inom 40 sekunder, samtliga skott inom tr\u00e4ffomr\u00e5det. Serien f\u00e5r genomf\u00f6ras med st\u00f6d, dock inte liggande eller fr\u00e5n skjutb\u00e4nk.<\/p>\n<h3>Sidofigur och Frontfigur 20 meter.<\/h3>\n<p>Krav f\u00f6r godk\u00e4nnande: En serie a&#8217; 3 skott inom 10 sekunder, samtliga skott inom tr\u00e4ffomr\u00e5dena. F\u00f6rst skjuts tv\u00e5 skott p\u00e5 sidobj\u00f6rnen och sedan ett tredje skott p\u00e5 frontbj\u00f6rnen. Det ska vara 5 meter mellan tavlorna i sidled. Serien f\u00e5r genomf\u00f6ras med st\u00f6d, dock inte liggande eller fr\u00e5n skjutb\u00e4nk.<br \/>\nGodk\u00e4nt resultat skrivs in i foldern &#8221;Mitt skyttebevis&#8221;. Provet ska skjutas med klass 1 vapen.<\/p>\n<p>Med detta skytte vill vi tydligg\u00f6ra behovet av rena sidotr\u00e4ffar vid f\u00f6rsta skottet och att vi i s\u00e5 stor utstr\u00e4ckning som m\u00f6jligt anv\u00e4nder oss av skjutst\u00f6d. Att varje enskild bj\u00f6rnj\u00e4gare avl\u00e4gger detta skytteprov \u00e4r ocks\u00e5 ett kvitto p\u00e5 att vi \u00e4r v\u00e4l f\u00f6rberedda inf\u00f6r bj\u00f6rnjakten.<\/p>\n<\/div>\n<\/div>\n<div class=\"blockarea\"><\/div>\n<div><\/div>\n<div>\n<p><iframe loading=\"lazy\" title=\"Skyttetips f\u00f6r Bj\u00f6rnpasset - nu ocks\u00e5 i Jaktmatchen\" width=\"500\" height=\"281\" src=\"https:\/\/www.youtube.com\/embed\/rrDqOkxOCNQ?list=PLZ_Lnk-Z6DYvxxvmW3P3ZkJS-EULLEGZd\" frameborder=\"0\" allow=\"accelerometer; autoplay; clipboard-write; encrypted-media; gyroscope; picture-in-picture; web-share\" referrerpolicy=\"strict-origin-when-cross-origin\" allowfullscreen><\/iframe><\/p>\n<\/div>\n<div><\/div>\n<div>\n<div class=\"xformBlock\">\n<div class=\"xForm\" id=\"FullRegion_MainRegion_Xform_FormPanel\"><\/div>\n<\/div>\n<h2>Att t\u00e4nka p\u00e5 n\u00e4r du jagar bj\u00f6rn!<\/h2>\n<p>F\u00f6rsta skottet p\u00e5 en oskadad bj\u00f6rn ska alltid ske som rent sidoskott mot det vitala tr\u00e4ffomr\u00e5det (centrala lungpartiet).<\/p>\n<p>Repetera omedelbart in nytt skott.<\/p>\n<p>Om bj\u00f6rnen inte faller i f\u00f6rsta skottet, skjut omedelbart ytterligare ett skott.<br \/>\nAndra skott \u00e4n rena sidoskott ska endast avlossas mot tidigare p\u00e5skjuten eller skadad bj\u00f6rn. Att avlossa skott mot halskotpelare, hj\u00e4rnan eller ryggraden \u00e4r vanskligt och ska bara g\u00f6ras om bj\u00f6rnen redan \u00e4r p\u00e5skjuten och inget annat l\u00e4ge finns.<\/p>\n<p>N\u00e4rma dig inte en f\u00e4lld bj\u00f6rn omedelbart. N\u00e4rma dig om m\u00f6jligt snett bakifr\u00e5n, g\u00e5 med skjutklart vapen. Kasta sten eller annat p\u00e5 andra sidan bj\u00f6rnen f\u00f6r att s\u00e4kerst\u00e4lla att den \u00e4r d\u00f6d innan du g\u00e5r hela v\u00e4gen fram.<\/p>\n<p>Vid os\u00e4kerhet om bj\u00f6rnen \u00e4r d\u00f6d, skjut f\u00e5ngstskott i nacke, \u00f6vre delen av halsen eller \u00f6ronroten.<\/p>\n<p>Bj\u00f6rnhona med unge f\u00e5r inte skjutas. Sm\u00e5 ungar \u00e4r i de flesta fall inom n\u00e5gra f\u00e5 meter fr\u00e5n honan. Vet du inte vad f\u00f6r slags bj\u00f6rn hunden arbetar med m\u00e5ste du sl\u00e4ppa ut en eventuell bj\u00f6rn i pass \u00f6ppet innan du skjuter.<\/p>\n<p>Var mycket uppm\u00e4rksam p\u00e5 var hunden eller hundarna befinner sig innan du skjuter.<\/p>\n<p>Uts\u00e4tt dig inte f\u00f6r on\u00f6dig fara genom att till exempel n\u00e4rma dig st\u00e5ndskall i t\u00e4t vegetation.<\/p>\n<h3>V\u00e4rt att veta:<\/h3>\n<ul>\n<li>Flera mark\u00e4gare och jaktlag st\u00e4ller idag krav p\u00e5 genomf\u00f6rt Bj\u00f6rnpass f\u00f6r att delta i bj\u00f6rnjakt.<\/li>\n<li>Best\u00e4mmelser f\u00f6r bj\u00f6rnjakten meddelas \u00e5rligen i Naturv\u00e5rdsverkets beslut.<\/li>\n<li>Som bj\u00f6rnj\u00e4gare \u00e5ligger det dig att ha k\u00e4nnedom om de best\u00e4mmelser som g\u00e4ller f\u00f6r bj\u00f6rnjakten<\/li>\n<li>Studera bj\u00f6rnens anatomi; hj\u00e4rta och lungor \u00e4r sm\u00e5 och tr\u00e4ffomr\u00e5det ligger l\u00e4gre och l\u00e4ngre bak \u00e4n hos hjortdjur. Tr\u00e4ningsskjut p\u00e5 tavlor med anatomisk baksida och se var du ska tr\u00e4ffa.<\/li>\n<\/ul>\n<p><img decoding=\"async\" src=\"https:\/\/jagareforbundet.se\/contentassets\/5769be23867547b19e08d486c8f24459\/bjornpasset.jpg\" alt=\"\" width=\"100%\" height=\"\" \/><\/p>\n<\/div>\n<p>&nbsp;<\/p>\n<p>F\u00f6r mer information f\u00f6lj <a href=\"https:\/\/jagareforbundet.se\/jakt\/skytte\/Bjornpass\/\">l\u00e4nken till Svenska J\u00e4garef\u00f6rbundet<\/a>.<\/p>\n<p>&nbsp;<\/p>\n","protected":false},"excerpt":{"rendered":"<p>Bj\u00f6rnpasset Bj\u00f6rnpasset \u00e4r framtaget f\u00f6r att f\u00f6rb\u00e4ttra de skott som skjuts mot bj\u00f6rn. Idag \u00e4r det m\u00e5nga mark\u00e4gare som har krav p\u00e5 att j\u00e4garna har avlagt Bj\u00f6rnpasset f\u00f6re jakten. Bj\u00f6rnpasset p\u00e5 N\u00e4ssj\u00f6 jaktskyttecenter skjuts m\u00e5ndag 10\/8-26 kl.17:00 och m\u00e5ndag 17\/8-26 kl.17:00. &nbsp; Skjutmoment vid provtagning Sidofigur 80 meter. Krav f\u00f6r godk\u00e4nnande: En serie a&#8217; 4 [&hellip;]<\/p>\n","protected":false},"author":84,"featured_media":1111,"parent":0,"menu_order":0,"comment_status":"closed","ping_status":"closed","template":"","meta":{"footnotes":""},"class_list":["post-1108","page","type-page","status-publish","has-post-thumbnail","hentry"],"_links":{"self":[{"href":"https:\/\/krets.jagareforbundet.se\/nassjo\/wp-json\/wp\/v2\/pages\/1108","targetHints":{"allow":["GET"]}}],"collection":[{"href":"https:\/\/krets.jagareforbundet.se\/nassjo\/wp-json\/wp\/v2\/pages"}],"about":[{"href":"https:\/\/krets.jagareforbundet.se\/nassjo\/wp-json\/wp\/v2\/types\/page"}],"author":[{"embeddable":true,"href":"https:\/\/krets.jagareforbundet.se\/nassjo\/wp-json\/wp\/v2\/users\/84"}],"replies":[{"embeddable":true,"href":"https:\/\/krets.jagareforbundet.se\/nassjo\/wp-json\/wp\/v2\/comments?post=1108"}],"version-history":[{"count":3,"href":"https:\/\/krets.jagareforbundet.se\/nassjo\/wp-json\/wp\/v2\/pages\/1108\/revisions"}],"predecessor-version":[{"id":1150,"href":"https:\/\/krets.jagareforbundet.se\/nassjo\/wp-json\/wp\/v2\/pages\/1108\/revisions\/1150"}],"wp:featuredmedia":[{"embeddable":true,"href":"https:\/\/krets.jagareforbundet.se\/nassjo\/wp-json\/wp\/v2\/media\/1111"}],"wp:attachment":[{"href":"https:\/\/krets.jagareforbundet.se\/nassjo\/wp-json\/wp\/v2\/media?parent=1108"}],"curies":[{"name":"wp","href":"https:\/\/api.w.org\/{rel}","templated":true}]}}