{"id":1141,"date":"2026-03-02T20:21:09","date_gmt":"2026-03-02T19:21:09","guid":{"rendered":"https:\/\/krets.jagareforbundet.se\/nassjo\/?page_id=1141"},"modified":"2026-03-02T20:21:09","modified_gmt":"2026-03-02T19:21:09","slug":"arsmotesprotokoll-2026","status":"publish","type":"page","link":"https:\/\/krets.jagareforbundet.se\/nassjo\/styrelsen\/arsmotesprotokoll-2026\/","title":{"rendered":"\u00c5rsm\u00f6tesprotokoll 2026"},"content":{"rendered":"<h1 style=\"text-align: center\">Protokoll f\u00f6r J\u00e4garef\u00f6rbundet N\u00e4ssj\u00f6 \u00e5rsm\u00f6te 2025-02-18<\/h1>\n<h2>\u00a0\u00a0 <strong>Tid:\u00a0<\/strong>\u00a0\u00a0\u00a0\u00a0\u00a0\u00a0\u00a0\u00a0\u00a0\u00a0\u00a0\u00a0\u00a0 18.00<\/h2>\n<h2>\u00a0 <strong>Plats:<\/strong> \u00a0\u00a0\u00a0\u00a0\u00a0\u00a0\u00a0\u00a0\u00a0\u00a0\u00a0 N\u00e4ssj\u00f6 Jaktskyttecenter<\/h2>\n<p><strong>\u00a71 M\u00f6tets \u00f6ppnande<\/strong><\/p>\n<p>Frida Nieminen f\u00f6rklarade m\u00f6tet \u00f6ppnat och h\u00e4lsade de n\u00e4rvarande v\u00e4lkomna.<\/p>\n<p><strong>\u00a72 Fastst\u00e4llande av r\u00f6stl\u00e4ngd<\/strong><\/p>\n<p>\u00c5rsm\u00f6tet beslutade att fastst\u00e4lla r\u00f6stl\u00e4ngden till 22 n\u00e4rvarande medlemmar.<\/p>\n<p><strong>\u00a73 Val av \u00e5rsm\u00f6tesfunktion\u00e4rer<\/strong><\/p>\n<p>\u00c5rsm\u00f6tet beslutade<\/p>\n<ul>\n<li>att v\u00e4lja Bo Thulin till m\u00f6tesordf\u00f6rande,<\/li>\n<li>att v\u00e4lja Jan Spjuth och Bengt-Ove Viktorsson till justerare, tillika r\u00f6str\u00e4knare j\u00e4mte ordf\u00f6randen,<\/li>\n<li>samt att v\u00e4lja H\u00e5kan Eifel till m\u00f6tessekreterare.<\/li>\n<\/ul>\n<p><strong>\u00a74 Fr\u00e5ga om m\u00f6tets stadgeenliga utlysande<\/strong><\/p>\n<p>\u00c5rsm\u00f6tet beslutade att \u00e5rsm\u00f6tet hade blivit stadgeenligt utlyst.<\/p>\n<table style=\"height: 73px\" width=\"41\">\n<tbody>\n<tr>\n<td width=\"111\"><\/td>\n<\/tr>\n<tr>\n<td><\/td>\n<td><\/td>\n<\/tr>\n<\/tbody>\n<\/table>\n<p><strong>\u00a75 Fastst\u00e4llande av dagordning<\/strong><\/p>\n<p>\u00c5rsm\u00f6tet beslutade att godk\u00e4nna dagordningen i sin helhet.<\/p>\n<p><strong>\u00a76 Styrelsens verksamhets- och f\u00f6rvaltningsber\u00e4ttelse<\/strong><\/p>\n<p>Bo Thulin presenterade verksamhets- och f\u00f6rvaltningsber\u00e4ttelsen.<br \/>\n\u00c5rsm\u00f6tet beslutade att godk\u00e4nna verksamhets- och f\u00f6rvaltningsber\u00e4ttelsen.<\/p>\n<p><strong>\u00a77 Fastst\u00e4llande av balansr\u00e4kning<\/strong><\/p>\n<p>Henrik Karlsson redogjorde f\u00f6r f\u00f6reningens ekonomi. \u00c5rsm\u00f6tet beslutade att fastst\u00e4lla balansr\u00e4kningen.<\/p>\n<p><strong>\u00a78 Fastst\u00e4llande av kassarapport<\/strong><\/p>\n<p>\u00c5rsm\u00f6tet beslutade att fastst\u00e4lla kassarapporten enligt f\u00f6ljande:<br \/>\n<em>Ing\u00e5ende balans<\/em> <em>2025-01-01:<\/em> 89 892,13 kr<br \/>\n<em>Utg\u00e5ende balans 2025-12-31:<\/em> 99 727,98 kr<br \/>\n<em>Summa utgifter:<\/em> 30 328,15 kr<br \/>\n<em>Summa inkomster:<\/em> 40 164 kr<br \/>\nAvser perioden 2025-01-01-2025-12-31<\/p>\n<p><strong>9\u00a7 Revisionsber\u00e4ttelse<\/strong><\/p>\n<p>Gunnar Pettersson f\u00f6redrog revisionsber\u00e4ttelsen.<\/p>\n<p><strong>10\u00a7 Ansvarsfrihet<\/strong><\/p>\n<p>\u00c5rsm\u00f6tet beslutade att bevilja styrelsen ansvarsfrihet f\u00f6r verksamhets\u00e5ret.<\/p>\n<p><strong>\u00a7 11 Fastst\u00e4llande av arvoden<\/strong><\/p>\n<p>\u00c5rsm\u00f6tet beslutade att bevilja arvode om 1 500 kr vardera till ordf\u00f6randen, sekreteraren och kass\u00f6ren.<\/p>\n<p><strong>\u00a7 12. Val av kretsstyrelsens ordf\u00f6rande<\/strong><\/p>\n<p>\u00c5rsm\u00f6tet beslutade att v\u00e4lja Frida Nieminen till kretsstyrelsens ordf\u00f6rande f\u00f6r en tid av ett \u00e5r.<\/p>\n<p><strong>\u00a7 13 Val av styrelseledam\u00f6ter<\/strong><\/p>\n<p><em>\u00c5rsm\u00f6tet beslutade att till tre ordinarie styrelseledam\u00f6ter f\u00f6r en tid av tv\u00e5 \u00e5r v\u00e4lja:<\/em><br \/>\n\u2014 Mikael Eriksson (nyval)<br \/>\n\u2014 Berthold Wilnerzon-Th\u00f6rn (nyval)<br \/>\n\u2014 Margareta Bunnfors (omval)<\/p>\n<p><em>Kvarvarande ledam\u00f6ter med ett \u00e5rs kvarst\u00e5ende mandattid \u00e4r:<\/em><br \/>\n\u2014 Mathilda F\u00e4gersk\u00f6ld<br \/>\n\u2014 Jonas Johannesson<\/p>\n<p><strong>\u00a7 14 Val av revisorer och revisorssuppleanter<\/strong><\/p>\n<p>Punkten bordlades och \u00e5terupptogs efter \u00a716.<\/p>\n<p><em>\u00c5rsm\u00f6tet beslutade att till revisorer f\u00f6r en tid av ett \u00e5r v\u00e4lja:<\/em><br \/>\n\u2014 Gunnar Pettersson (omval)<br \/>\n\u2014 Fredrik Fornander (nyval)<\/p>\n<p><em>att till revisorssuppleanter f\u00f6r en tid av ett \u00e5r v\u00e4lja:<\/em><br \/>\n\u2014 Peter Fornander (nyval)<br \/>\n\u2014 Dennis Claesson (omval)<\/p>\n<p><strong>\u00a715 Val av ombud till l\u00e4nsf\u00f6rbundsst\u00e4mman<\/strong><\/p>\n<p>\u00c5rsm\u00f6tet beslutade att utse styrelsen i sin helhet till ombud vid l\u00e4nsf\u00f6rbundsst\u00e4mman samt att styrelsen inom sig utser personliga suppleanter.<\/p>\n<p><strong>\u00a716 Val av valberedning <\/strong><\/p>\n<p><em>\u00c5rsm\u00f6tet beslutade att till valberedningen v\u00e4lja:<\/em><br \/>\n\u2014 Henrik Karlsson, tre \u00e5r (nyval)<br \/>\n\u2014 Greger Eriksson, tv\u00e5 \u00e5rs kvarst\u00e5ende mandattid<br \/>\n\u2014 Lars Sch\u00f6n, ett \u00e5rs kvarst\u00e5ende mandattid<\/p>\n<p>M\u00f6tet ajournerades f\u00f6r sm\u00f6rg\u00e5st\u00e5rta<\/p>\n<p><strong>\u00a716:1 Val av sammankallande<\/strong><\/p>\n<p>\u00c5rsm\u00f6tet beslutade att v\u00e4lja Lars Sch\u00f6n till sammankallande f\u00f6r valberedningen f\u00f6r en tid av ett \u00e5r.<\/p>\n<p><strong>\u00a717 Styrelsen f\u00f6rslag<\/strong><\/p>\n<p>\u00c5rsm\u00f6tet konstaterade att inga motioner hade inkommit.<br \/>\n\u00c5rsm\u00f6tet beslutade att kretsen ska forts\u00e4tta st\u00f6dja ungdomsskyttet med 6 000 kr.<\/p>\n<p><strong>\u00a718 Utseende av funktion\u00e4rer<\/strong><\/p>\n<p>\u00c5rsm\u00f6tet beslutade att uppdra \u00e5t styrelsen att utse funktion\u00e4rer f\u00f6r f\u00f6ljande uppdrag:<br \/>\nUtbildningsansvarig\/ungdomsansvarig, korrespondent, hemsidesansvarig, skytteansvarig, hundansvarig, instrukt\u00f6r krets, efters\u00f6k, trafikefters\u00f6ksansvarig, NVR-krets, vilt\u00f6vervakningsansvarig, Viltdata, rovviltansvarig, vildsvinsansvarig, \u00e4lgansvarig samt festkommitt\u00e9.<\/p>\n<p><strong>\u00a719 Information om utbildnings- och ungdomsarbete<\/strong><\/p>\n<p>Kjell Mohlin redogjorde f\u00f6r utbildnings- och ungdomsarbetet.<\/p>\n<p><strong>\u00a720 Information om JAQT<\/strong><\/p>\n<p>Margareta Bunnfors redogjorde f\u00f6r JAQTs arbete och m\u00f6ten.<\/p>\n<p><strong>\u00a721 Planerade aktiviteter<\/strong><\/p>\n<p>\u00c5rsm\u00f6tet beslutade att ge styrelsen i uppdrag att arbeta vidare med tidigare planerade aktiviteter samt vid behov komplettera med ytterligare aktiviteter.<\/p>\n<p><strong>\u00a722 Kallelse till kommande m\u00f6te<\/strong><\/p>\n<p>\u00c5rsm\u00f6tet beslutade att kallelse till n\u00e4sta \u00e5rsm\u00f6te samt eventuellt extra m\u00f6te ska ske via Svensk Jakt, Facebook, hemsidan och medlemsmejl.<\/p>\n<p><strong>\u00a723 F\u00f6rtj\u00e4nsttecken och KM jaktskytte<\/strong><\/p>\n<p>\u00c5rsm\u00f6tet konstaterade att inga f\u00f6rtj\u00e4nsttecken delades ut i \u00e5r.<\/p>\n<p>Prisutdelning genomf\u00f6rdes f\u00f6r KM jaktskytte 2025 enligt f\u00f6ljande:<br \/>\n<em>Veteran:<\/em> Lars Gustavsson, N\u00e4ssj\u00f6, Per \u00c5ke Pettersson, Bodafors<br \/>\n<em>Yngre Oldboys:<\/em> H\u00e5kan Enlund, Bodafors<br \/>\n<em>\u00d6ppen klass:<\/em> Niclas Emilsson, Bodafors, Daniel Askerot, Bodafors<br \/>\n<em>Dam:<\/em> Wilma Emilsson, Bodafors<br \/>\n<em>Junior:<\/em> Emil M\u00f6rberg, Bodafors; Simon Pettersson, Bodafors; Casper Askerot, Bodafors; Jonathan Askerot, Bodafors.<\/p>\n<p><strong>\u00a724 \u00d6vriga fr\u00e5gor<\/strong><\/p>\n<p>Lars informerade om nya viltolycksmark\u00f6rer.<br \/>\nFr\u00e5ga st\u00e4lldes om hur efters\u00f6ksuppdrag genom NVR fungerar.<br \/>\nFr\u00e5ga st\u00e4lldes \u00e4ven om hur valberedningen arbetar med ordf\u00f6randefr\u00e5gan regionalt.<\/p>\n<p><strong>\u00a725 M\u00f6tets avslutande<\/strong><\/p>\n<p>Bo Thulin \u00f6verl\u00e4mnade klubban till Frida Nieminen, som tackade Bo Thulin och f\u00f6rklarade \u00e5rsm\u00f6tet avslutat.<br \/>\nFrida Nieminen tackade d\u00e4refter avg\u00e5ende ledam\u00f6ter och \u00f6vriga som varit behj\u00e4lpliga vid m\u00f6tet med en blomma.<\/p>\n<p>&nbsp;<\/p>\n","protected":false},"excerpt":{"rendered":"<p>Protokoll f\u00f6r J\u00e4garef\u00f6rbundet N\u00e4ssj\u00f6 \u00e5rsm\u00f6te 2025-02-18 \u00a0\u00a0 Tid:\u00a0\u00a0\u00a0\u00a0\u00a0\u00a0\u00a0\u00a0\u00a0\u00a0\u00a0\u00a0\u00a0\u00a0 18.00 \u00a0 Plats: \u00a0\u00a0\u00a0\u00a0\u00a0\u00a0\u00a0\u00a0\u00a0\u00a0\u00a0 N\u00e4ssj\u00f6 Jaktskyttecenter \u00a71 M\u00f6tets \u00f6ppnande Frida Nieminen f\u00f6rklarade m\u00f6tet \u00f6ppnat och h\u00e4lsade de n\u00e4rvarande v\u00e4lkomna. \u00a72 Fastst\u00e4llande av r\u00f6stl\u00e4ngd \u00c5rsm\u00f6tet beslutade att fastst\u00e4lla r\u00f6stl\u00e4ngden till 22 n\u00e4rvarande medlemmar. \u00a73 Val av \u00e5rsm\u00f6tesfunktion\u00e4rer \u00c5rsm\u00f6tet beslutade att v\u00e4lja Bo Thulin till m\u00f6tesordf\u00f6rande, att v\u00e4lja Jan [&hellip;]<\/p>\n","protected":false},"author":84,"featured_media":0,"parent":124,"menu_order":0,"comment_status":"closed","ping_status":"closed","template":"","meta":{"footnotes":""},"class_list":["post-1141","page","type-page","status-publish","hentry"],"_links":{"self":[{"href":"https:\/\/krets.jagareforbundet.se\/nassjo\/wp-json\/wp\/v2\/pages\/1141","targetHints":{"allow":["GET"]}}],"collection":[{"href":"https:\/\/krets.jagareforbundet.se\/nassjo\/wp-json\/wp\/v2\/pages"}],"about":[{"href":"https:\/\/krets.jagareforbundet.se\/nassjo\/wp-json\/wp\/v2\/types\/page"}],"author":[{"embeddable":true,"href":"https:\/\/krets.jagareforbundet.se\/nassjo\/wp-json\/wp\/v2\/users\/84"}],"replies":[{"embeddable":true,"href":"https:\/\/krets.jagareforbundet.se\/nassjo\/wp-json\/wp\/v2\/comments?post=1141"}],"version-history":[{"count":1,"href":"https:\/\/krets.jagareforbundet.se\/nassjo\/wp-json\/wp\/v2\/pages\/1141\/revisions"}],"predecessor-version":[{"id":1142,"href":"https:\/\/krets.jagareforbundet.se\/nassjo\/wp-json\/wp\/v2\/pages\/1141\/revisions\/1142"}],"up":[{"embeddable":true,"href":"https:\/\/krets.jagareforbundet.se\/nassjo\/wp-json\/wp\/v2\/pages\/124"}],"wp:attachment":[{"href":"https:\/\/krets.jagareforbundet.se\/nassjo\/wp-json\/wp\/v2\/media?parent=1141"}],"curies":[{"name":"wp","href":"https:\/\/api.w.org\/{rel}","templated":true}]}}