{"id":124,"date":"2014-02-02T22:18:28","date_gmt":"2014-02-02T21:18:28","guid":{"rendered":"https:\/\/krets.jagareforbundet.se\/nassjo\/?page_id=124"},"modified":"2026-03-02T20:22:17","modified_gmt":"2026-03-02T19:22:17","slug":"styrelsen","status":"publish","type":"page","link":"https:\/\/krets.jagareforbundet.se\/nassjo\/styrelsen\/","title":{"rendered":"Styrelsen 2026"},"content":{"rendered":"<p style=\"text-align: left\"><strong>Styrelsen:<\/strong><\/p>\n<p style=\"text-align: left\"><strong>Frida Andersson Nieminen &#8211; <\/strong>Ordf\u00f6rande<br \/>\n<strong>Margareta Bunnfors<\/strong> &#8211; vice ordf\u00f6rande<br \/>\n<strong>Frida Andersson Nieminen &#8211; <\/strong>sekreterare<br \/>\n<strong>Berthold W Th\u00f6rn<\/strong> &#8211; kass\u00f6r<br \/>\n<strong>Matilda F\u00e4gerskj\u00f6ld &#8211; <\/strong>ledamot<strong><br \/>\n<\/strong><strong>Magnus Nieminen &#8211; <\/strong>ledamot<br \/>\n<strong>Jonas Johannesson<\/strong> &#8211; ledamot<br \/>\n<strong>Mikael Eriksson &#8211; <\/strong>ledamot<br \/>\n<strong>Lars Sch\u00f6n<\/strong> &#8211; valberedning sammankallande<br \/>\n<strong>Greger Ericsson<\/strong> &#8211; valberedning<br \/>\n<strong>Henrik Karlsson <\/strong>&#8211; valberedning<\/p>\n","protected":false},"excerpt":{"rendered":"<p>Styrelsen: Frida Andersson Nieminen &#8211; Ordf\u00f6rande Margareta Bunnfors &#8211; vice ordf\u00f6rande Frida Andersson Nieminen &#8211; sekreterare Berthold W Th\u00f6rn &#8211; kass\u00f6r Matilda F\u00e4gerskj\u00f6ld &#8211; ledamot Magnus Nieminen &#8211; ledamot Jonas Johannesson &#8211; ledamot Mikael Eriksson &#8211; ledamot Lars Sch\u00f6n &#8211; valberedning sammankallande Greger Ericsson &#8211; valberedning Henrik Karlsson &#8211; valberedning<\/p>\n","protected":false},"author":84,"featured_media":0,"parent":0,"menu_order":4,"comment_status":"open","ping_status":"open","template":"","meta":{"footnotes":""},"class_list":["post-124","page","type-page","status-publish","hentry"],"_links":{"self":[{"href":"https:\/\/krets.jagareforbundet.se\/nassjo\/wp-json\/wp\/v2\/pages\/124","targetHints":{"allow":["GET"]}}],"collection":[{"href":"https:\/\/krets.jagareforbundet.se\/nassjo\/wp-json\/wp\/v2\/pages"}],"about":[{"href":"https:\/\/krets.jagareforbundet.se\/nassjo\/wp-json\/wp\/v2\/types\/page"}],"author":[{"embeddable":true,"href":"https:\/\/krets.jagareforbundet.se\/nassjo\/wp-json\/wp\/v2\/users\/84"}],"replies":[{"embeddable":true,"href":"https:\/\/krets.jagareforbundet.se\/nassjo\/wp-json\/wp\/v2\/comments?post=124"}],"version-history":[{"count":3,"href":"https:\/\/krets.jagareforbundet.se\/nassjo\/wp-json\/wp\/v2\/pages\/124\/revisions"}],"predecessor-version":[{"id":1143,"href":"https:\/\/krets.jagareforbundet.se\/nassjo\/wp-json\/wp\/v2\/pages\/124\/revisions\/1143"}],"wp:attachment":[{"href":"https:\/\/krets.jagareforbundet.se\/nassjo\/wp-json\/wp\/v2\/media?parent=124"}],"curies":[{"name":"wp","href":"https:\/\/api.w.org\/{rel}","templated":true}]}}