{"id":2,"date":"2011-09-07T09:28:43","date_gmt":"2011-09-07T09:28:43","guid":{"rendered":"https:\/\/krets.jagareforbundet.se\/template\/?page_id=2"},"modified":"2026-03-02T20:23:29","modified_gmt":"2026-03-02T19:23:29","slug":"exempelsida","status":"publish","type":"page","link":"https:\/\/krets.jagareforbundet.se\/nassjo\/","title":{"rendered":"V\u00e4lkommen till J\u00e4garef\u00f6rbundet N\u00e4ssj\u00f6"},"content":{"rendered":"<div data-tabs=\"timeline\" class=\"fb-page\" data-href=\"https:\/\/www.facebook.com\/NassjoJaktvardskrets\" data-width=\"100\" data-height=\"100\" data-small=\"\" data-adapt-container-width=\"true\" data-hide-cover=\"false\" data-show-facepile=\"false\"><a href=\"https:\/\/www.instagram.com\/jagareforbundetnassjo\/\" title=\"J\u00e4garef\u00f6rbundet N\u00e4ssj\u00f6 instagram\" target=\"_blank\"><img decoding=\"async\" src=\"\/wp-content\/themes\/canvas\/functions\/images\/ico-social-rss.png\" alt=\"J\u00e4garef\u00f6rbundet N\u00e4ssj\u00f6 instagram\" class=\"social-icon social-icon-rss\" \/><\/a>\n<\/div>\n<div data-tabs=\"timeline\" data-href=\"https:\/\/www.facebook.com\/NassjoJaktvardskrets\" data-width=\"100\" data-height=\"100\" data-small=\"\" data-adapt-container-width=\"true\" data-hide-cover=\"false\" data-show-facepile=\"false\"><\/div>\n<div data-tabs=\"timeline\" class=\"fb-page\" data-href=\"https:\/\/www.facebook.com\/NassjoJaktvardskrets\" data-width=\"100\" data-height=\"100\" data-small=\"\" data-adapt-container-width=\"true\" data-hide-cover=\"false\" data-show-facepile=\"false\">\n<p>&nbsp;<\/p>\n<p>N\u00e4ssj\u00f6 jaktv\u00e5rdskrets omfattar N\u00e4ssj\u00f6 kommun och har ca 400 medlemmar.<\/p>\n<\/div>\n<div data-tabs=\"timeline\" data-href=\"https:\/\/www.facebook.com\/NassjoJaktvardskrets\" data-width=\"100\" data-height=\"100\" data-small=\"\" data-adapt-container-width=\"true\" data-hide-cover=\"false\" data-show-facepile=\"false\"><\/div>\n<div data-tabs=\"timeline\" data-href=\"https:\/\/www.facebook.com\/NassjoJaktvardskrets\" data-width=\"100\" data-height=\"100\" data-small=\"\" data-adapt-container-width=\"true\" data-hide-cover=\"false\" data-show-facepile=\"false\">Kretsen anordnar utbildningar, kretsm\u00e4sterskap i skytte och efters\u00f6k och tillhandah\u00e5ller information kring fr\u00e5gor om jakt. Kretsen samordnar efters\u00f6ksverksamheten inom kommunen.<\/div>\n<p>Kretsens m\u00e5l \u00e4r att arbeta lokalt, nationellt och internationellt f\u00f6r den svenska jakttraditionen och f\u00f6r jaktens framtid. Detta genom att verka f\u00f6r utbildning i viltv\u00e5rd och jakt, arbeta f\u00f6r artrika och livskraftiga viltstammar och en jakt som bedrivs utifr\u00e5n god kunskap och h\u00f6g etik.<\/p>\n<p>&nbsp;<\/p>\n<p>Inom kretsen finns 3 lokala f\u00f6reningar<\/p>\n<p><a href=\"http:\/\/www.bodaforsjvf.com\/\">Bodaforsortens jaktv\u00e5rdsf\u00f6rening &#8221;Bodafors skjutbana Guthult&#8221;<\/a><\/p>\n<p><a href=\"http:\/\/nassjojaktskyttecenter.se\/\">N\u00e4ssj\u00f6ortens jaktv\u00e5rdsf\u00f6rening &#8221;N\u00e4ssj\u00f6 jaktskyttecenter&#8221;<\/a><\/p>\n<p><a href=\"http:\/\/nassjojaktskyttecenter.se\/\">Malmb\u00e4cks jaktv\u00e5rdsf\u00f6rening<\/a><\/p>\n<p>&nbsp;<\/p>\n<p>&nbsp;<\/p>\n<p>Aktuellt just nu:<\/p>\n<p>&nbsp;<\/p>\n<header><\/header>\n<section class=\"entry\">\u00a0<\/section>\n","protected":false},"excerpt":{"rendered":"<p>&nbsp; N\u00e4ssj\u00f6 jaktv\u00e5rdskrets omfattar N\u00e4ssj\u00f6 kommun och har ca 400 medlemmar. Kretsen anordnar utbildningar, kretsm\u00e4sterskap i skytte och efters\u00f6k och tillhandah\u00e5ller information kring fr\u00e5gor om jakt. Kretsen samordnar efters\u00f6ksverksamheten inom kommunen. Kretsens m\u00e5l \u00e4r att arbeta lokalt, nationellt och internationellt f\u00f6r den svenska jakttraditionen och f\u00f6r jaktens framtid. Detta genom att verka f\u00f6r utbildning i [&hellip;]<\/p>\n","protected":false},"author":3,"featured_media":851,"parent":0,"menu_order":0,"comment_status":"open","ping_status":"open","template":"","meta":{"footnotes":""},"class_list":["post-2","page","type-page","status-publish","has-post-thumbnail","hentry"],"_links":{"self":[{"href":"https:\/\/krets.jagareforbundet.se\/nassjo\/wp-json\/wp\/v2\/pages\/2","targetHints":{"allow":["GET"]}}],"collection":[{"href":"https:\/\/krets.jagareforbundet.se\/nassjo\/wp-json\/wp\/v2\/pages"}],"about":[{"href":"https:\/\/krets.jagareforbundet.se\/nassjo\/wp-json\/wp\/v2\/types\/page"}],"author":[{"embeddable":true,"href":"https:\/\/krets.jagareforbundet.se\/nassjo\/wp-json\/wp\/v2\/users\/3"}],"replies":[{"embeddable":true,"href":"https:\/\/krets.jagareforbundet.se\/nassjo\/wp-json\/wp\/v2\/comments?post=2"}],"version-history":[{"count":3,"href":"https:\/\/krets.jagareforbundet.se\/nassjo\/wp-json\/wp\/v2\/pages\/2\/revisions"}],"predecessor-version":[{"id":1144,"href":"https:\/\/krets.jagareforbundet.se\/nassjo\/wp-json\/wp\/v2\/pages\/2\/revisions\/1144"}],"wp:featuredmedia":[{"embeddable":true,"href":"https:\/\/krets.jagareforbundet.se\/nassjo\/wp-json\/wp\/v2\/media\/851"}],"wp:attachment":[{"href":"https:\/\/krets.jagareforbundet.se\/nassjo\/wp-json\/wp\/v2\/media?parent=2"}],"curies":[{"name":"wp","href":"https:\/\/api.w.org\/{rel}","templated":true}]}}