{"id":214,"date":"2014-11-06T16:16:40","date_gmt":"2014-11-06T15:16:40","guid":{"rendered":"https:\/\/krets.jagareforbundet.se\/nassjo\/?page_id=214"},"modified":"2016-02-21T20:55:30","modified_gmt":"2016-02-21T19:55:30","slug":"anmalan-av-mail-adress","status":"publish","type":"page","link":"https:\/\/krets.jagareforbundet.se\/nassjo\/anmalan-av-mail-adress\/","title":{"rendered":"Anm\u00e4lan av mail adress"},"content":{"rendered":"<p>Vill du vara s\u00e4ker p\u00e5 att inte missa n\u00e5gra av v\u00e5ra kommande aktiviteter s\u00e5 anm\u00e4l din mail adress h\u00e4r.<\/p>\n<p>&nbsp;<\/p>\n<p>&nbsp;<\/p>\n<p>L\u00f6s matte talet annars funka det inte!<\/p>\n","protected":false},"excerpt":{"rendered":"<p>Vill du vara s\u00e4ker p\u00e5 att inte missa n\u00e5gra av v\u00e5ra kommande aktiviteter s\u00e5 anm\u00e4l din mail adress h\u00e4r. &nbsp; &nbsp; L\u00f6s matte talet annars funka det inte!<\/p>\n","protected":false},"author":84,"featured_media":0,"parent":0,"menu_order":6,"comment_status":"open","ping_status":"open","template":"template-contact.php","meta":{"footnotes":""},"class_list":["post-214","page","type-page","status-publish","hentry"],"_links":{"self":[{"href":"https:\/\/krets.jagareforbundet.se\/nassjo\/wp-json\/wp\/v2\/pages\/214","targetHints":{"allow":["GET"]}}],"collection":[{"href":"https:\/\/krets.jagareforbundet.se\/nassjo\/wp-json\/wp\/v2\/pages"}],"about":[{"href":"https:\/\/krets.jagareforbundet.se\/nassjo\/wp-json\/wp\/v2\/types\/page"}],"author":[{"embeddable":true,"href":"https:\/\/krets.jagareforbundet.se\/nassjo\/wp-json\/wp\/v2\/users\/84"}],"replies":[{"embeddable":true,"href":"https:\/\/krets.jagareforbundet.se\/nassjo\/wp-json\/wp\/v2\/comments?post=214"}],"version-history":[{"count":0,"href":"https:\/\/krets.jagareforbundet.se\/nassjo\/wp-json\/wp\/v2\/pages\/214\/revisions"}],"wp:attachment":[{"href":"https:\/\/krets.jagareforbundet.se\/nassjo\/wp-json\/wp\/v2\/media?parent=214"}],"curies":[{"name":"wp","href":"https:\/\/api.w.org\/{rel}","templated":true}]}}