{"id":386,"date":"2016-02-11T17:32:48","date_gmt":"2016-02-11T16:32:48","guid":{"rendered":"https:\/\/krets.jagareforbundet.se\/nassjo\/?page_id=386"},"modified":"2026-03-02T20:25:16","modified_gmt":"2026-03-02T19:25:16","slug":"hundsektionen","status":"publish","type":"page","link":"https:\/\/krets.jagareforbundet.se\/nassjo\/hundsektionen\/","title":{"rendered":"Hundsektionen"},"content":{"rendered":"<p><strong>Kretsm\u00e4sterskap i efters\u00f6k:<\/strong><\/p>\n<p><strong>17\/5 mer information kommer.<\/strong><\/p>\n<section class=\"entry\">Vid fr\u00e5gor kontakta Margareta Bunnfors p\u00e5 <a href=\"mailto:bunnfors@gmail.com\">bunnfors@gmail.com<\/a><\/p>\n<\/section>\n<p>&nbsp;<\/p>\n<p>&nbsp;<\/p>\n<p>Nedan finns filmer fr\u00e5n tidigare tr\u00e4ffar inom hundsektionen.<\/p>\n<p><iframe loading=\"lazy\" title=\"Fil 2016 11 17 20 52 40\" width=\"500\" height=\"281\" src=\"https:\/\/www.youtube.com\/embed\/7Q1gugF7z1o?feature=oembed\" frameborder=\"0\" allow=\"accelerometer; autoplay; clipboard-write; encrypted-media; gyroscope; picture-in-picture; web-share\" referrerpolicy=\"strict-origin-when-cross-origin\" allowfullscreen><\/iframe><\/p>\n<p><iframe loading=\"lazy\" title=\"17 november 2016\" width=\"500\" height=\"281\" src=\"https:\/\/www.youtube.com\/embed\/O6XW_mHplsE?feature=oembed\" frameborder=\"0\" allow=\"accelerometer; autoplay; clipboard-write; encrypted-media; gyroscope; picture-in-picture; web-share\" referrerpolicy=\"strict-origin-when-cross-origin\" allowfullscreen><\/iframe><\/p>\n<p>Detta \u00e4r en film fr\u00e5n Svensk jakt om sp\u00e5rtr\u00e4ning.<\/p>\n<p><iframe loading=\"lazy\" title=\"Spa\u030artra\u0308ning\" width=\"500\" height=\"281\" src=\"https:\/\/www.youtube.com\/embed\/CaU--TYwIGU?feature=oembed\" frameborder=\"0\" allow=\"accelerometer; autoplay; clipboard-write; encrypted-media; gyroscope; picture-in-picture; web-share\" referrerpolicy=\"strict-origin-when-cross-origin\" allowfullscreen><\/iframe><\/p>\n","protected":false},"excerpt":{"rendered":"<p>Kretsm\u00e4sterskap i efters\u00f6k: 17\/5 mer information kommer. Vid fr\u00e5gor kontakta Margareta Bunnfors p\u00e5 bunnfors@gmail.com &nbsp; &nbsp; Nedan finns filmer fr\u00e5n tidigare tr\u00e4ffar inom hundsektionen. Detta \u00e4r en film fr\u00e5n Svensk jakt om sp\u00e5rtr\u00e4ning.<\/p>\n","protected":false},"author":84,"featured_media":280,"parent":0,"menu_order":0,"comment_status":"closed","ping_status":"closed","template":"","meta":{"footnotes":""},"class_list":["post-386","page","type-page","status-publish","has-post-thumbnail","hentry"],"_links":{"self":[{"href":"https:\/\/krets.jagareforbundet.se\/nassjo\/wp-json\/wp\/v2\/pages\/386","targetHints":{"allow":["GET"]}}],"collection":[{"href":"https:\/\/krets.jagareforbundet.se\/nassjo\/wp-json\/wp\/v2\/pages"}],"about":[{"href":"https:\/\/krets.jagareforbundet.se\/nassjo\/wp-json\/wp\/v2\/types\/page"}],"author":[{"embeddable":true,"href":"https:\/\/krets.jagareforbundet.se\/nassjo\/wp-json\/wp\/v2\/users\/84"}],"replies":[{"embeddable":true,"href":"https:\/\/krets.jagareforbundet.se\/nassjo\/wp-json\/wp\/v2\/comments?post=386"}],"version-history":[{"count":3,"href":"https:\/\/krets.jagareforbundet.se\/nassjo\/wp-json\/wp\/v2\/pages\/386\/revisions"}],"predecessor-version":[{"id":1145,"href":"https:\/\/krets.jagareforbundet.se\/nassjo\/wp-json\/wp\/v2\/pages\/386\/revisions\/1145"}],"wp:featuredmedia":[{"embeddable":true,"href":"https:\/\/krets.jagareforbundet.se\/nassjo\/wp-json\/wp\/v2\/media\/280"}],"wp:attachment":[{"href":"https:\/\/krets.jagareforbundet.se\/nassjo\/wp-json\/wp\/v2\/media?parent=386"}],"curies":[{"name":"wp","href":"https:\/\/api.w.org\/{rel}","templated":true}]}}