{"id":530,"date":"2016-06-25T18:10:16","date_gmt":"2016-06-25T16:10:16","guid":{"rendered":"https:\/\/krets.jagareforbundet.se\/nassjo\/?page_id=530"},"modified":"2024-09-25T13:57:05","modified_gmt":"2024-09-25T11:57:05","slug":"viltvard","status":"publish","type":"page","link":"https:\/\/krets.jagareforbundet.se\/nassjo\/viltvard\/","title":{"rendered":"Viltv\u00e5rd"},"content":{"rendered":"<p>&nbsp;<\/p>\n<p><a href=\"https:\/\/jagareforbundet.se\/vilt\/viltsjukdomar\/\">L\u00e4s ner om &gt;&gt;<\/a><\/p>\n<h1>Aktuella viltsjukdomar<\/h1>\n<p>Aktuellt just nu<\/p>\n<h1>CWD &#8211; Chronic wasting disease<\/h1>\n<p class=\"intro\">Chronic Wasting Disease (CWD), eller avmagringssjuka hos hjortdjur, \u00e4r en smittsam och d\u00f6dlig prionsjukdom som skadar hj\u00e4rnan hos hjortdjur. I Europa konstaterades de f\u00f6rsta CWD-fallen i Norge 2016. Det inneb\u00e4r en risk att sjukdomen finns i Sverige, eller sprids hit.<\/p>\n<h1>Afrikansk svinpest<\/h1>\n<p class=\"intro\">Afrikansk svinpest \u00e4r en virussjukdom som \u00e4r under spridning i Europa. Sjukdomen \u00e4r ett hot mot vildsvinsstammen, jakten och tamgrisbes\u00e4ttningar. Afrikansk svinpest p\u00e5visades f\u00f6r f\u00f6rsta g\u00e5ngen i Sverige den 6 september 2023 hos ett vildsvin som hittats d\u00f6tt i n\u00e4rheten av Fagersta. Drygt ett \u00e5r senare 20 september 2024, friskf\u00f6rklaras Sverige ifr\u00e5n smittan.<\/p>\n","protected":false},"excerpt":{"rendered":"<p>&nbsp; L\u00e4s ner om &gt;&gt; Aktuella viltsjukdomar Aktuellt just nu CWD &#8211; Chronic wasting disease Chronic Wasting Disease (CWD), eller avmagringssjuka hos hjortdjur, \u00e4r en smittsam och d\u00f6dlig prionsjukdom som skadar hj\u00e4rnan hos hjortdjur. I Europa konstaterades de f\u00f6rsta CWD-fallen i Norge 2016. Det inneb\u00e4r en risk att sjukdomen finns i Sverige, eller sprids hit. [&hellip;]<\/p>\n","protected":false},"author":84,"featured_media":270,"parent":0,"menu_order":0,"comment_status":"closed","ping_status":"closed","template":"","meta":{"footnotes":""},"class_list":["post-530","page","type-page","status-publish","has-post-thumbnail","hentry"],"_links":{"self":[{"href":"https:\/\/krets.jagareforbundet.se\/nassjo\/wp-json\/wp\/v2\/pages\/530","targetHints":{"allow":["GET"]}}],"collection":[{"href":"https:\/\/krets.jagareforbundet.se\/nassjo\/wp-json\/wp\/v2\/pages"}],"about":[{"href":"https:\/\/krets.jagareforbundet.se\/nassjo\/wp-json\/wp\/v2\/types\/page"}],"author":[{"embeddable":true,"href":"https:\/\/krets.jagareforbundet.se\/nassjo\/wp-json\/wp\/v2\/users\/84"}],"replies":[{"embeddable":true,"href":"https:\/\/krets.jagareforbundet.se\/nassjo\/wp-json\/wp\/v2\/comments?post=530"}],"version-history":[{"count":3,"href":"https:\/\/krets.jagareforbundet.se\/nassjo\/wp-json\/wp\/v2\/pages\/530\/revisions"}],"predecessor-version":[{"id":1034,"href":"https:\/\/krets.jagareforbundet.se\/nassjo\/wp-json\/wp\/v2\/pages\/530\/revisions\/1034"}],"wp:featuredmedia":[{"embeddable":true,"href":"https:\/\/krets.jagareforbundet.se\/nassjo\/wp-json\/wp\/v2\/media\/270"}],"wp:attachment":[{"href":"https:\/\/krets.jagareforbundet.se\/nassjo\/wp-json\/wp\/v2\/media?parent=530"}],"curies":[{"name":"wp","href":"https:\/\/api.w.org\/{rel}","templated":true}]}}