{"id":585,"date":"2016-11-11T22:53:36","date_gmt":"2016-11-11T21:53:36","guid":{"rendered":"https:\/\/krets.jagareforbundet.se\/nassjo\/?page_id=585"},"modified":"2016-11-14T20:31:30","modified_gmt":"2016-11-14T19:31:30","slug":"traningsskytte","status":"publish","type":"page","link":"https:\/\/krets.jagareforbundet.se\/nassjo\/traningsskytte\/","title":{"rendered":"Tr\u00e4ningsskytte"},"content":{"rendered":"<p>S\u00e4ker vapenhantering<br \/>\n<iframe loading=\"lazy\" title=\"S\u00e4krare Jakt Introduktion Skytte 2\" width=\"500\" height=\"281\" src=\"https:\/\/www.youtube.com\/embed\/10DmjELZ1bQ?feature=oembed\" frameborder=\"0\" allow=\"accelerometer; autoplay; clipboard-write; encrypted-media; gyroscope; picture-in-picture; web-share\" referrerpolicy=\"strict-origin-when-cross-origin\" allowfullscreen><\/iframe><\/p>\n<p>\u00c4lgbanan<br \/>\n<iframe loading=\"lazy\" title=\"Tr\u00e4ffa r\u00e4tt p\u00e5 \u00e4lgbanan!\" width=\"500\" height=\"281\" src=\"https:\/\/www.youtube.com\/embed\/2Kpt2VM6l1Y?feature=oembed\" frameborder=\"0\" allow=\"accelerometer; autoplay; clipboard-write; encrypted-media; gyroscope; picture-in-picture; web-share\" referrerpolicy=\"strict-origin-when-cross-origin\" allowfullscreen><\/iframe><\/p>\n<p>&nbsp;<\/p>\n<p>Vildsvinspasset<br \/>\n<iframe loading=\"lazy\" title=\"S\u00e5 fixar du skyttet till Vildsvinspasset!\" width=\"500\" height=\"281\" src=\"https:\/\/www.youtube.com\/embed\/PR0ufM-Sx7A?feature=oembed\" frameborder=\"0\" allow=\"accelerometer; autoplay; clipboard-write; encrypted-media; gyroscope; picture-in-picture; web-share\" referrerpolicy=\"strict-origin-when-cross-origin\" allowfullscreen><\/iframe><\/p>\n<p>Roligare tr\u00e4ningskytte<br \/>\n<iframe loading=\"lazy\" title=\"S\u00e4krare Jakt Roligare \u00d6vningsskytte 5\" width=\"500\" height=\"281\" src=\"https:\/\/www.youtube.com\/embed\/Z7w8GVZRIaQ?feature=oembed\" frameborder=\"0\" allow=\"accelerometer; autoplay; clipboard-write; encrypted-media; gyroscope; picture-in-picture; web-share\" referrerpolicy=\"strict-origin-when-cross-origin\" allowfullscreen><\/iframe><\/p>\n","protected":false},"excerpt":{"rendered":"<p>S\u00e4ker vapenhantering \u00c4lgbanan &nbsp; Vildsvinspasset Roligare tr\u00e4ningskytte<\/p>\n","protected":false},"author":84,"featured_media":0,"parent":0,"menu_order":0,"comment_status":"closed","ping_status":"closed","template":"","meta":{"footnotes":""},"class_list":["post-585","page","type-page","status-publish","hentry"],"_links":{"self":[{"href":"https:\/\/krets.jagareforbundet.se\/nassjo\/wp-json\/wp\/v2\/pages\/585","targetHints":{"allow":["GET"]}}],"collection":[{"href":"https:\/\/krets.jagareforbundet.se\/nassjo\/wp-json\/wp\/v2\/pages"}],"about":[{"href":"https:\/\/krets.jagareforbundet.se\/nassjo\/wp-json\/wp\/v2\/types\/page"}],"author":[{"embeddable":true,"href":"https:\/\/krets.jagareforbundet.se\/nassjo\/wp-json\/wp\/v2\/users\/84"}],"replies":[{"embeddable":true,"href":"https:\/\/krets.jagareforbundet.se\/nassjo\/wp-json\/wp\/v2\/comments?post=585"}],"version-history":[{"count":1,"href":"https:\/\/krets.jagareforbundet.se\/nassjo\/wp-json\/wp\/v2\/pages\/585\/revisions"}],"predecessor-version":[{"id":595,"href":"https:\/\/krets.jagareforbundet.se\/nassjo\/wp-json\/wp\/v2\/pages\/585\/revisions\/595"}],"wp:attachment":[{"href":"https:\/\/krets.jagareforbundet.se\/nassjo\/wp-json\/wp\/v2\/media?parent=585"}],"curies":[{"name":"wp","href":"https:\/\/api.w.org\/{rel}","templated":true}]}}