{"id":675,"date":"2017-03-01T22:30:48","date_gmt":"2017-03-01T21:30:48","guid":{"rendered":"https:\/\/krets.jagareforbundet.se\/nassjo\/?page_id=675"},"modified":"2019-02-09T16:55:12","modified_gmt":"2019-02-09T15:55:12","slug":"utbildningar-av-intresse-i-var-narhet","status":"publish","type":"page","link":"https:\/\/krets.jagareforbundet.se\/nassjo\/utbildningar-av-intresse-i-var-narhet\/","title":{"rendered":"Utbildningar i v\u00e5r n\u00e4rhet"},"content":{"rendered":"<p>&nbsp;<\/p>\n<p>&nbsp;<\/p>\n<p><a href=\"https:\/\/jagareforbundet.se\/utbildning\/kurser\/\" target=\"_blank\" rel=\"noopener\">Klicka h\u00e4r f\u00f6r att se aktuella utbildningar nationellt<\/a><\/p>\n<p>&nbsp;<\/p>\n<p><a href=\"https:\/\/jagareforbundet.se\/utbildning\/\" target=\"_blank\" rel=\"noopener\">Klicka h\u00e4r f\u00f6r kommande kurser i kalendern<\/a><\/p>\n","protected":false},"excerpt":{"rendered":"<p>&nbsp; &nbsp; Klicka h\u00e4r f\u00f6r att se aktuella utbildningar nationellt &nbsp; Klicka h\u00e4r f\u00f6r kommande kurser i kalendern<\/p>\n","protected":false},"author":84,"featured_media":0,"parent":0,"menu_order":0,"comment_status":"closed","ping_status":"closed","template":"","meta":{"footnotes":""},"class_list":["post-675","page","type-page","status-publish","hentry"],"_links":{"self":[{"href":"https:\/\/krets.jagareforbundet.se\/nassjo\/wp-json\/wp\/v2\/pages\/675","targetHints":{"allow":["GET"]}}],"collection":[{"href":"https:\/\/krets.jagareforbundet.se\/nassjo\/wp-json\/wp\/v2\/pages"}],"about":[{"href":"https:\/\/krets.jagareforbundet.se\/nassjo\/wp-json\/wp\/v2\/types\/page"}],"author":[{"embeddable":true,"href":"https:\/\/krets.jagareforbundet.se\/nassjo\/wp-json\/wp\/v2\/users\/84"}],"replies":[{"embeddable":true,"href":"https:\/\/krets.jagareforbundet.se\/nassjo\/wp-json\/wp\/v2\/comments?post=675"}],"version-history":[{"count":1,"href":"https:\/\/krets.jagareforbundet.se\/nassjo\/wp-json\/wp\/v2\/pages\/675\/revisions"}],"predecessor-version":[{"id":868,"href":"https:\/\/krets.jagareforbundet.se\/nassjo\/wp-json\/wp\/v2\/pages\/675\/revisions\/868"}],"wp:attachment":[{"href":"https:\/\/krets.jagareforbundet.se\/nassjo\/wp-json\/wp\/v2\/media?parent=675"}],"curies":[{"name":"wp","href":"https:\/\/api.w.org\/{rel}","templated":true}]}}