{"id":992,"date":"2024-04-27T19:05:18","date_gmt":"2024-04-27T17:05:18","guid":{"rendered":"https:\/\/krets.jagareforbundet.se\/nassjo\/?page_id=992"},"modified":"2026-03-02T20:41:45","modified_gmt":"2026-03-02T19:41:45","slug":"vildsvinspasset","status":"publish","type":"page","link":"https:\/\/krets.jagareforbundet.se\/nassjo\/vildsvinspasset\/","title":{"rendered":"Vildsvinspasset"},"content":{"rendered":"<p>Vildsvinspasset \u00e4r framtaget f\u00f6r att \u00f6ka j\u00e4garens kunskaper kring vildsvinsjakt. Passet\u00a0skjuts som tre olika moment f\u00f6r att motsvara olika jaktformer.<\/p>\n<p><strong>\u00c5rets omg\u00e5ng av vildsvinspasset k\u00f6rs l\u00f6rdag 27\/6-26 kl. 09:00 &#8212; 13:00 och l\u00f6rdag 29\/8-26 kl. 09:00 &#8212; 13:00 p\u00e5 N\u00e4ssj\u00f6 Jaktskyttecenter.<\/strong><\/p>\n<p>&nbsp;<\/p>\n<p style=\"text-align: center\"><strong>Skjutmoment:<\/strong><\/p>\n<ol>\n<li><em><strong>\u00c5teljakt:<\/strong><\/em> Avst\u00e5nd 50 meter p\u00e5 stillast\u00e5ende vildsvin. H\u00e4r skjuts 4 skott med st\u00f6d, motsvarande jakttorn eller likv\u00e4rdig, d\u00e4r samtliga skott i det anatomiska tr\u00e4ffomr\u00e5det kr\u00e4vs f\u00f6r att f\u00e5 godk\u00e4nt.<\/li>\n<li><em><strong>Smygjakt \/ spannm\u00e5lsjakt:<\/strong><\/em> Avst\u00e5nd 50 meter p\u00e5 stillast\u00e5ende vildsvin. H\u00e4r skjuts 4 skott st\u00e5ende, samtliga skott ska tr\u00e4ffa i det anatomiska tr\u00e4ffomr\u00e5det.<\/li>\n<li><em><strong>Hundjakt \/ drevjakt:<\/strong><\/em> Avst\u00e5nd 30 meter p\u00e5 l\u00f6pande vildsvin. H\u00e4r skjuts 4 skott st\u00e5ende d\u00e4r samtliga ska tr\u00e4ffa inom det anatomiska tr\u00e4ffomr\u00e5det. Ett skott skjuts per l\u00f6p. Det \u00e4r till\u00e5tet att skjuta med skjutk\u00e4pp eller rem \/ midjest\u00f6d. Passet kan skjutas p\u00e5 50 meters viltm\u00e5lsbana i h\u00f6g fart (Godk\u00e4nd f\u00f6r klass 1), eller p\u00e5 en \u00e4lgbana, d\u00e5 ska halva \u00f6ppningen sk\u00e4rmas av, normal hastighet.<\/li>\n<\/ol>\n<p>Vildsvinstavlan som anv\u00e4nds ska vara i storlek motsvarande en \u00e5rsgris med utritat anatomiskt tr\u00e4ffomr\u00e5de. Vapnet ska vara klass 1. Skjutledaren skriver i &#8221;mitt tr\u00e4ningsskytte&#8221; f\u00f6r godk\u00e4nt pass.<\/p>\n<p>F\u00f6lj l\u00e4nken <a href=\"https:\/\/jagareforbundet.se\/jakt\/skytte\/vildsvinspasset\/\">h\u00e4r<\/a> f\u00f6r att l\u00e4sa mer om vildsvinspasset.<\/p>\n<p>Se \u00e4ven klippet fr\u00e5n Svenska J\u00e4garef\u00f6rbundet <a href=\"https:\/\/www.youtube.com\/watch?v=PR0ufM-Sx7A&amp;t=56s\">hur du fixar skyttet till Vildsvinspasset<\/a>!<\/p>\n<p><iframe loading=\"lazy\" title=\"S\u00e5 fixar du skyttet till Vildsvinspasset!\" width=\"500\" height=\"281\" src=\"https:\/\/www.youtube.com\/embed\/PR0ufM-Sx7A?start=56&#038;feature=oembed\" frameborder=\"0\" allow=\"accelerometer; autoplay; clipboard-write; encrypted-media; gyroscope; picture-in-picture; web-share\" referrerpolicy=\"strict-origin-when-cross-origin\" allowfullscreen><\/iframe><\/p>\n","protected":false},"excerpt":{"rendered":"<p>Vildsvinspasset \u00e4r framtaget f\u00f6r att \u00f6ka j\u00e4garens kunskaper kring vildsvinsjakt. Passet\u00a0skjuts som tre olika moment f\u00f6r att motsvara olika jaktformer. \u00c5rets omg\u00e5ng av vildsvinspasset k\u00f6rs l\u00f6rdag 27\/6-26 kl. 09:00 &#8212; 13:00 och l\u00f6rdag 29\/8-26 kl. 09:00 &#8212; 13:00 p\u00e5 N\u00e4ssj\u00f6 Jaktskyttecenter. &nbsp; Skjutmoment: \u00c5teljakt: Avst\u00e5nd 50 meter p\u00e5 stillast\u00e5ende vildsvin. H\u00e4r skjuts 4 skott med [&hellip;]<\/p>\n","protected":false},"author":84,"featured_media":0,"parent":0,"menu_order":0,"comment_status":"closed","ping_status":"closed","template":"","meta":{"footnotes":""},"class_list":["post-992","page","type-page","status-publish","hentry"],"_links":{"self":[{"href":"https:\/\/krets.jagareforbundet.se\/nassjo\/wp-json\/wp\/v2\/pages\/992","targetHints":{"allow":["GET"]}}],"collection":[{"href":"https:\/\/krets.jagareforbundet.se\/nassjo\/wp-json\/wp\/v2\/pages"}],"about":[{"href":"https:\/\/krets.jagareforbundet.se\/nassjo\/wp-json\/wp\/v2\/types\/page"}],"author":[{"embeddable":true,"href":"https:\/\/krets.jagareforbundet.se\/nassjo\/wp-json\/wp\/v2\/users\/84"}],"replies":[{"embeddable":true,"href":"https:\/\/krets.jagareforbundet.se\/nassjo\/wp-json\/wp\/v2\/comments?post=992"}],"version-history":[{"count":3,"href":"https:\/\/krets.jagareforbundet.se\/nassjo\/wp-json\/wp\/v2\/pages\/992\/revisions"}],"predecessor-version":[{"id":1149,"href":"https:\/\/krets.jagareforbundet.se\/nassjo\/wp-json\/wp\/v2\/pages\/992\/revisions\/1149"}],"wp:attachment":[{"href":"https:\/\/krets.jagareforbundet.se\/nassjo\/wp-json\/wp\/v2\/media?parent=992"}],"curies":[{"name":"wp","href":"https:\/\/api.w.org\/{rel}","templated":true}]}}