{"id":122,"date":"2015-05-05T12:30:59","date_gmt":"2015-05-05T10:30:59","guid":{"rendered":"https:\/\/krets.jagareforbundet.se\/norrasormland\/?page_id=122"},"modified":"2015-05-05T12:34:51","modified_gmt":"2015-05-05T10:34:51","slug":"alginventering-2015","status":"publish","type":"page","link":"https:\/\/krets.jagareforbundet.se\/norrasormland\/alginventering-2015\/","title":{"rendered":"\u00c4lginventering 2015"},"content":{"rendered":"<p>Rapport efter genomf\u00f6rd inventering av \u00e4lg f\u00f6r omr\u00e5de Str\u00e4ngn\u00e4s \u00c4SO. Best\u00e4llare av inventeringen var omr\u00e5de \u201dStr\u00e4ngn\u00e4s \u00c4SO\u201d, med delomr\u00e5dena Rekarna, Str\u00e4ngn\u00e4s Norra och Sela\u00f6n. Inventeringen utf\u00f6rdes under tiden 5-7 februari 2015. Inventerat omr\u00e5de \u00e4r totalt ca 37820 ha. En flyginventering \u00e4r en utm\u00e4rkt start f\u00f6r att l\u00e4gga upp en genomt\u00e4nkt strategi f\u00f6r en kommande \u00e4lgf\u00f6rvaltning.<\/p>\n<p>&nbsp;<\/p>\n<p align=\"LEFT\"><strong>Rapport och resultat:<\/strong><\/p>\n<p align=\"LEFT\"><a href=\"https:\/\/krets.jagareforbundet.se\/norrasormland\/files\/2015\/05\/Rapport-Str\u00e4ngn\u00e4s-\u00c4SO-2015-02-14.pdf\">Rapport Str\u00e4ngn\u00e4s \u00c4SO 2015-02-14<\/a><\/p>\n<p align=\"LEFT\"><a href=\"https:\/\/krets.jagareforbundet.se\/norrasormland\/files\/2015\/05\/Resultat-V\u00e4stra-delen.pdf\">Resultat V\u00e4stra delen<\/a><\/p>\n<p align=\"LEFT\"><a href=\"https:\/\/krets.jagareforbundet.se\/norrasormland\/files\/2015\/05\/Resultat-\u00d6stra-delen.pdf\">Resultat \u00d6stra delen<\/a><\/p>\n<p>&nbsp;<\/p>\n<div id=\"attachment_123\" style=\"width: 774px\" class=\"wp-caption alignnone\"><a href=\"https:\/\/krets.jagareforbundet.se\/norrasormland\/files\/2015\/05\/\u00c4lg_hkp.jpg\"><img loading=\"lazy\" decoding=\"async\" aria-describedby=\"caption-attachment-123\" class=\"size-full wp-image-123\" src=\"https:\/\/krets.jagareforbundet.se\/norrasormland\/files\/2015\/05\/\u00c4lg_hkp.jpg\" alt=\"\u00c4lg fr\u00e5n helikopter\" width=\"764\" height=\"450\" srcset=\"https:\/\/krets.jagareforbundet.se\/norrasormland\/files\/2015\/05\/\u00c4lg_hkp.jpg 764w, https:\/\/krets.jagareforbundet.se\/norrasormland\/files\/2015\/05\/\u00c4lg_hkp-300x177.jpg 300w\" sizes=\"auto, (max-width: 764px) 100vw, 764px\" \/><\/a><p id=\"caption-attachment-123\" class=\"wp-caption-text\">\u00c4lg fr\u00e5n helikopter<\/p><\/div>\n<p>\u00c4lgarna \u00e5terfanns ofta i mindre grupper vid inventeringstillf\u00e4llet.<\/p>\n","protected":false},"excerpt":{"rendered":"<p>Rapport efter genomf\u00f6rd inventering av \u00e4lg f\u00f6r omr\u00e5de Str\u00e4ngn\u00e4s \u00c4SO. Best\u00e4llare av inventeringen var omr\u00e5de \u201dStr\u00e4ngn\u00e4s \u00c4SO\u201d, med delomr\u00e5dena Rekarna, Str\u00e4ngn\u00e4s Norra och Sela\u00f6n. Inventeringen utf\u00f6rdes under tiden 5-7 februari 2015. Inventerat omr\u00e5de \u00e4r totalt ca 37820 ha. En flyginventering \u00e4r en utm\u00e4rkt start f\u00f6r att l\u00e4gga upp en genomt\u00e4nkt strategi f\u00f6r en kommande \u00e4lgf\u00f6rvaltning. [&hellip;]<\/p>\n","protected":false},"author":141,"featured_media":0,"parent":0,"menu_order":0,"comment_status":"open","ping_status":"open","template":"","meta":{"footnotes":""},"class_list":["post-122","page","type-page","status-publish","hentry"],"_links":{"self":[{"href":"https:\/\/krets.jagareforbundet.se\/norrasormland\/wp-json\/wp\/v2\/pages\/122","targetHints":{"allow":["GET"]}}],"collection":[{"href":"https:\/\/krets.jagareforbundet.se\/norrasormland\/wp-json\/wp\/v2\/pages"}],"about":[{"href":"https:\/\/krets.jagareforbundet.se\/norrasormland\/wp-json\/wp\/v2\/types\/page"}],"author":[{"embeddable":true,"href":"https:\/\/krets.jagareforbundet.se\/norrasormland\/wp-json\/wp\/v2\/users\/141"}],"replies":[{"embeddable":true,"href":"https:\/\/krets.jagareforbundet.se\/norrasormland\/wp-json\/wp\/v2\/comments?post=122"}],"version-history":[{"count":0,"href":"https:\/\/krets.jagareforbundet.se\/norrasormland\/wp-json\/wp\/v2\/pages\/122\/revisions"}],"wp:attachment":[{"href":"https:\/\/krets.jagareforbundet.se\/norrasormland\/wp-json\/wp\/v2\/media?parent=122"}],"curies":[{"name":"wp","href":"https:\/\/api.w.org\/{rel}","templated":true}]}}